{"id":5904,"date":"2025-10-28T02:37:38","date_gmt":"2025-10-28T02:37:38","guid":{"rendered":"https:\/\/yenhung.com\/?product=keo-loctite-222-250ml"},"modified":"2026-02-11T07:48:29","modified_gmt":"2026-02-11T07:48:29","slug":"keo-loctite-222-250ml","status":"publish","type":"product","link":"https:\/\/yenhung.com\/?product=keo-loctite-222-250ml","title":{"rendered":"Keo Loctite 222 250ml"},"content":{"rendered":"<div class=\"ba-text-fpt\">\n<h2><strong>LOCTITE 222 250ML: Keo Si\u00eau D\u00ednh Ch\u1ecbu Nhi\u1ec7t, Kh\u00e1ng H\u00f3a Ch\u1ea5t<\/strong><\/h2>\n<p>Gi\u1edbi thi\u1ec7u s\u1ea3n ph\u1ea9m<\/p>\n<p><img decoding=\"async\" title=\"loctite-222-250ml-a-1753345964811-1\" src=\"https:\/\/yenhung.com\/wp-content\/uploads\/2025\/10\/loctite-222-250ml-a-1753345964811-1.jpg\" alt=\"Loctite 222 250ml\" data-thumb=\"large\" \/><\/p>\n<p>LOCTITE 222 250ML l\u00e0 keo si\u00eau d\u00ednh \u0111a n\u0103ng, l\u00fd t\u01b0\u1edfng \u0111\u1ec3 s\u1eed d\u1ee5ng trong nhi\u1ec1u \u1ee9ng d\u1ee5ng c\u00f4ng nghi\u1ec7p, d\u00e2n d\u1ee5ng v\u00e0 gia \u0111\u00ecnh. S\u1ea3n ph\u1ea9m \u0111\u01b0\u1ee3c thi\u1ebft k\u1ebf \u0111\u1ec3 li\u00ean k\u1ebft c\u00e1c b\u1ec1 m\u1eb7t kim lo\u1ea1i v\u00e0 nh\u1ef1a m\u1ed9t c\u00e1ch m\u1ea1nh m\u1ebd v\u00e0 l\u00e2u d\u00e0i.<\/p>\n<p>\u0110\u1eb7c \u0111i\u1ec3m v\u00e0 l\u1ee3i \u00edch<\/p>\n<ul>\n<li><strong>Kh\u1ea3 n\u0103ng k\u1ebft d\u00ednh tuy\u1ec7t v\u1eddi:<\/strong> T\u1ea1o th\u00e0nh m\u1ed1i li\u00ean k\u1ebft ch\u1eafc ch\u1eafn v\u00e0 \u0111\u00e1ng tin c\u1eady gi\u1eefa c\u00e1c b\u1ec1 m\u1eb7t kim lo\u1ea1i v\u00e0 nh\u1ef1a.<\/li>\n<li><strong>Ch\u1ecbu nhi\u1ec7t \u0111\u1ed9 cao:<\/strong> C\u00f3 th\u1ec3 ch\u1ecbu \u0111\u01b0\u1ee3c nhi\u1ec7t \u0111\u1ed9 l\u00ean \u0111\u1ebfn 180\u00b0C (356\u00b0F).<\/li>\n<li><strong>Kh\u00e1ng h\u00f3a ch\u1ea5t:<\/strong> Kh\u00f4ng b\u1ecb \u1ea3nh h\u01b0\u1edfng b\u1edfi d\u1ea7u, dung m\u00f4i v\u00e0 h\u1ea7u h\u1ebft c\u00e1c h\u00f3a ch\u1ea5t.<\/li>\n<li><strong>Kh\u1ea3 n\u0103ng l\u1ea5p khe h\u1edf tuy\u1ec7t v\u1eddi:<\/strong> L\u1ea5p \u0111\u1ea7y c\u00e1c khe h\u1edf l\u00ean \u0111\u1ebfn 0,1mm.<\/li>\n<li><strong>D\u1ec5 s\u1eed d\u1ee5ng:<\/strong> C\u00f3 th\u1ec3 d\u1ec5 d\u00e0ng thoa v\u00e0 \u0111\u00f3ng r\u1eafn nhanh \u1edf nhi\u1ec7t \u0111\u1ed9 ph\u00f2ng.<\/li>\n<li><strong>\u0110\u00f3ng r\u1eafn kh\u00f4ng c\u1ea7n gia nhi\u1ec7t:<\/strong> Kh\u00f4ng c\u1ea7n gia nhi\u1ec7t ho\u1eb7c tr\u1ed9n \u0111\u1ec3 \u0111\u00f3ng r\u1eafn.<\/li>\n<\/ul>\n<p>\u1ee8ng d\u1ee5ng<\/p>\n<p><img decoding=\"async\" title=\"loctite-222-250ml-b-1753345964236-1\" src=\"https:\/\/yenhung.com\/wp-content\/uploads\/2025\/10\/loctite-222-250ml-b-1753345964236-1.jpg\" alt=\"Loctite 222 250ml\" data-thumb=\"large\" \/><\/p>\n<p>LOCTITE 222 250ML \u0111\u01b0\u1ee3c s\u1eed d\u1ee5ng r\u1ed9ng r\u00e3i trong c\u00e1c \u1ee9ng d\u1ee5ng sau:<\/p>\n<ul>\n<li>Li\u00ean k\u1ebft c\u00e1c b\u1ed9 ph\u1eadn m\u00e1y m\u00f3c v\u00e0 linh ki\u1ec7n<\/li>\n<li>S\u1eeda ch\u1eefa \u0111\u01b0\u1eddng \u1ed1ng v\u00e0 c\u00e1c h\u1ec7 th\u1ed1ng th\u1ee7y l\u1ef1c<\/li>\n<li>Li\u00ean k\u1ebft c\u00e1c b\u1ec1 m\u1eb7t nh\u1ef1a v\u00e0 kim lo\u1ea1i trong \u00f4 t\u00f4<\/li>\n<li>L\u1eafp r\u00e1p \u0111\u1ed3 \u0111\u1ea1c v\u00e0 \u0111\u1ed3 gia d\u1ee5ng<\/li>\n<li>S\u1eeda ch\u1eefa c\u00e1c thi\u1ebft b\u1ecb gia d\u1ee5ng v\u00e0 d\u1ee5ng c\u1ee5 \u0111i\u1ec7n<\/li>\n<\/ul>\n<p>C\u00e1ch s\u1eed d\u1ee5ng<\/p>\n<ol>\n<li>L\u00e0m s\u1ea1ch v\u00e0 kh\u00f4 c\u00e1c b\u1ec1 m\u1eb7t c\u1ea7n li\u00ean k\u1ebft.<\/li>\n<li>Thoa m\u1ed9t l\u01b0\u1ee3ng nh\u1ecf keo l\u00ean m\u1ed9t b\u1ec1 m\u1eb7t.<\/li>\n<li>Gh\u00e9p c\u00e1c b\u1ec1 m\u1eb7t l\u1ea1i v\u1edbi nhau v\u00e0 nh\u1ea5n m\u1ea1nh.<\/li>\n<li>\u0110\u1ec3 keo \u0111\u00f3ng r\u1eafn trong v\u00f2ng 24 gi\u1edd \u1edf nhi\u1ec7t \u0111\u1ed9 ph\u00f2ng.<\/li>\n<\/ol>\n<p>L\u01b0u \u00fd<\/p>\n<ul>\n<li>Kh\u00f4ng s\u1eed d\u1ee5ng tr\u00ean c\u00e1c b\u1ec1 m\u1eb7t c\u00f3 ti\u1ebfp x\u00fac tr\u1ef1c ti\u1ebfp v\u1edbi th\u1ef1c ph\u1ea9m ho\u1eb7c n\u01b0\u1edbc u\u1ed1ng.<\/li>\n<li>Tr\u00e1nh ti\u1ebfp x\u00fac v\u1edbi da v\u00e0 m\u1eaft.<\/li>\n<li>S\u1eed d\u1ee5ng trong khu v\u1ef1c th\u00f4ng gi\u00f3 t\u1ed1t.<\/li>\n<li>\u0110\u1ec3 xa t\u1ea7m tay tr\u1ebb em.<\/li>\n<\/ul>\n<p>Th\u00f4ng s\u1ed1 k\u1ef9 thu\u1eadt<\/p>\n<p><img decoding=\"async\" title=\"loctite-222-250ml-c-1753345963773-1\" src=\"https:\/\/yenhung.com\/wp-content\/uploads\/2025\/10\/loctite-222-250ml-c-1753345963773-1.jpg\" alt=\"Loctite 222 250ml\" data-thumb=\"large\" \/><\/p>\n<ul>\n<li>Th\u1ec3 t\u00edch: 250ml<\/li>\n<li>\u0110\u1ed9 b\u1ec1n k\u00e9o: &gt;20 N\/mm\u00b2<\/li>\n<li>Nhi\u1ec7t \u0111\u1ed9 ch\u1ecbu \u0111\u01b0\u1ee3c: -40\u00b0C \u0111\u1ebfn +180\u00b0C (-40\u00b0F \u0111\u1ebfn +356\u00b0F)<\/li>\n<li>Th\u1eddi gian \u0111\u00f3ng r\u1eafn: 10-15 ph\u00fat \u1edf nhi\u1ec7t \u0111\u1ed9 ph\u00f2ng<\/li>\n<li>M\u00e0u s\u1eafc: Trong su\u1ed1t<\/li>\n<\/ul>\n<p>K\u1ebft lu\u1eadn<\/p>\n<p>LOCTITE 222 250ML l\u00e0 gi\u1ea3i ph\u00e1p li\u00ean k\u1ebft \u0111\u00e1ng tin c\u1eady v\u00e0 hi\u1ec7u qu\u1ea3 cho nhi\u1ec1u \u1ee9ng d\u1ee5ng. V\u1edbi kh\u1ea3 n\u0103ng k\u1ebft d\u00ednh tuy\u1ec7t v\u1eddi, ch\u1ecbu nhi\u1ec7t \u0111\u1ed9 cao v\u00e0 kh\u1ea3 n\u0103ng ch\u1ed1ng h\u00f3a ch\u1ea5t, s\u1ea3n ph\u1ea9m n\u00e0y l\u00e0 l\u1ef1a ch\u1ecdn l\u00fd t\u01b0\u1edfng \u0111\u1ec3 li\u00ean k\u1ebft c\u00e1c b\u1ec1 m\u1eb7t kim lo\u1ea1i v\u00e0 nh\u1ef1a m\u1ed9t c\u00e1ch nhanh ch\u00f3ng v\u00e0 d\u1ec5 d\u00e0ng.<\/p>\n<\/div>\n","protected":false},"excerpt":{"rendered":"<p><strong>T\u00ean sa\u0309n ph\u00e2\u0309m:<\/strong>LOCTITE 222 250ML<br \/>\n<strong>Li\u00ean H\u1ec7<\/strong>: 0397.433.258<\/p>\n","protected":false},"featured_media":5905,"comment_status":"closed","ping_status":"closed","template":"","meta":[],"product_brand":[],"product_cat":[141],"product_tag":[],"class_list":{"0":"post-5904","1":"product","2":"type-product","3":"status-publish","4":"has-post-thumbnail","6":"product_cat-loctite","8":"first","9":"instock","10":"shipping-taxable","11":"product-type-simple"},"_links":{"self":[{"href":"https:\/\/yenhung.com\/index.php?rest_route=\/wp\/v2\/product\/5904","targetHints":{"allow":["GET"]}}],"collection":[{"href":"https:\/\/yenhung.com\/index.php?rest_route=\/wp\/v2\/product"}],"about":[{"href":"https:\/\/yenhung.com\/index.php?rest_route=\/wp\/v2\/types\/product"}],"replies":[{"embeddable":true,"href":"https:\/\/yenhung.com\/index.php?rest_route=%2Fwp%2Fv2%2Fcomments&post=5904"}],"wp:featuredmedia":[{"embeddable":true,"href":"https:\/\/yenhung.com\/index.php?rest_route=\/wp\/v2\/media\/5905"}],"wp:attachment":[{"href":"https:\/\/yenhung.com\/index.php?rest_route=%2Fwp%2Fv2%2Fmedia&parent=5904"}],"wp:term":[{"taxonomy":"product_brand","embeddable":true,"href":"https:\/\/yenhung.com\/index.php?rest_route=%2Fwp%2Fv2%2Fproduct_brand&post=5904"},{"taxonomy":"product_cat","embeddable":true,"href":"https:\/\/yenhung.com\/index.php?rest_route=%2Fwp%2Fv2%2Fproduct_cat&post=5904"},{"taxonomy":"product_tag","embeddable":true,"href":"https:\/\/yenhung.com\/index.php?rest_route=%2Fwp%2Fv2%2Fproduct_tag&post=5904"}],"curies":[{"name":"wp","href":"https:\/\/api.w.org\/{rel}","templated":true}]}}