{"id":5913,"date":"2025-10-28T02:37:44","date_gmt":"2025-10-28T02:37:44","guid":{"rendered":"https:\/\/yenhung.com\/?product=keo-loctite-243-50ml"},"modified":"2026-02-11T07:47:57","modified_gmt":"2026-02-11T07:47:57","slug":"keo-loctite-243-50ml","status":"publish","type":"product","link":"https:\/\/yenhung.com\/?product=keo-loctite-243-50ml","title":{"rendered":"Keo Loctite 243 50ml"},"content":{"rendered":"<div class=\"ba-text-fpt\">\n<h2><b>Loctite 243 &#8211; Keo Kh\u00f3a Ren Trung B\u00ecnh<\/b><\/h2>\n<p><b>Loctite 243<\/b> l\u00e0 m\u1ed9t lo\u1ea1i keo kh\u00f3a ren <b>c\u01b0\u1eddng \u0111\u1ed9 trung b\u00ecnh<\/b>, m\u00e0u xanh lam, \u0111\u01b0\u1ee3c thi\u1ebft k\u1ebf \u0111\u1ec3 kh\u00f3a v\u00e0 l\u00e0m k\u00edn c\u00e1c m\u1ed1i n\u1ed1i ren kim lo\u1ea1i nh\u01b0 bu l\u00f4ng, \u0111ai \u1ed1c, v\u00e0 \u0111inh t\u00e1n, nh\u1eb1m ng\u0103n ng\u1eeba ch\u00fang b\u1ecb l\u1ecfng ra do rung \u0111\u1ed9ng v\u00e0 s\u1ed1c. \u0110\u00e2y l\u00e0 m\u1ed9t s\u1ea3n ph\u1ea9m r\u1ea5t ph\u1ed5 bi\u1ebfn trong ng\u00e0nh c\u00f4ng nghi\u1ec7p, \u00f4 t\u00f4, v\u00e0 b\u1ea3o tr\u00ec s\u1eeda ch\u1eefa.<\/p>\n<p><img decoding=\"async\" title=\"keo-khoa-ren-loctite-243-250ml-4-jpeg-1752462992638-1\" src=\"https:\/\/yenhung.com\/wp-content\/uploads\/2025\/10\/keo-khoa-ren-loctite-243-250ml-4-jpeg-1752462992638-1.jpg\" alt=\"Loctite 243 50ml\" data-thumb=\"large\" \/><\/p>\n<h3><b>2. \u0110\u1eb7c \u0111i\u1ec3m n\u1ed5i b\u1eadt c\u1ee7a Loctite 243<\/b><\/h3>\n<ul>\n<li><b>C\u01b0\u1eddng \u0111\u1ed9 trung b\u00ecnh:<\/b> Cho ph\u00e9p th\u00e1o r\u1eddi c\u00e1c chi ti\u1ebft b\u1eb1ng d\u1ee5ng c\u1ee5 c\u1ea7m tay ti\u00eau chu\u1ea9n khi c\u1ea7n b\u1ea3o d\u01b0\u1ee1ng ho\u1eb7c s\u1eeda ch\u1eefa.<\/li>\n<li><b>Ch\u1ed1ng rung \u0111\u1ed9ng v\u00e0 s\u1ed1c:<\/b> Ng\u0103n ch\u1eb7n c\u00e1c m\u1ed1i n\u1ed1i ren b\u1ecb t\u1ef1 n\u1edbi l\u1ecfng d\u01b0\u1edbi t\u00e1c \u0111\u1ed9ng c\u1ee7a rung \u0111\u1ed9ng v\u00e0 s\u1ed1c, gi\u00fap t\u0103ng \u0111\u1ed9 tin c\u1eady v\u00e0 an to\u00e0n cho m\u00e1y m\u00f3c.<\/li>\n<li><b>Ho\u1ea1t \u0111\u1ed9ng tr\u00ean m\u1ecdi kim lo\u1ea1i:<\/b> C\u00f3 th\u1ec3 s\u1eed d\u1ee5ng hi\u1ec7u qu\u1ea3 tr\u00ean t\u1ea5t c\u1ea3 c\u00e1c kim lo\u1ea1i, bao g\u1ed3m c\u1ea3 c\u00e1c b\u1ec1 m\u1eb7t th\u1ee5 \u0111\u1ed9ng nh\u01b0 th\u00e9p kh\u00f4ng g\u1ec9, nh\u00f4m v\u00e0 c\u00e1c b\u1ec1 m\u1eb7t m\u1ea1.<\/li>\n<li><img decoding=\"async\" title=\"loctite-243-50ml-b-1752462862604-2\" src=\"https:\/\/yenhung.com\/wp-content\/uploads\/2025\/10\/loctite-243-50ml-b-1752462862604-2.jpg\" alt=\"Loctite 243 50ml\" data-thumb=\"large\" \/><\/li>\n<li><b>Kh\u1ea3 n\u0103ng ch\u1ecbu d\u1ea7u nh\u1eb9:<\/b> \u0110\u01b0\u1ee3c ch\u1ee9ng minh l\u00e0 dung n\u1ea1p \u0111\u01b0\u1ee3c m\u1ed9t l\u01b0\u1ee3ng nh\u1ecf d\u1ea7u c\u00f4ng nghi\u1ec7p tr\u00ean b\u1ec1 m\u1eb7t (v\u00ed d\u1ee5: d\u1ea7u \u0111\u1ed9ng c\u01a1, d\u1ea7u ch\u1ed1ng \u0103n m\u00f2n, d\u1ea7u c\u1eaft g\u1ecdt) m\u00e0 v\u1eabn duy tr\u00ec \u0111\u01b0\u1ee3c hi\u1ec7u su\u1ea5t k\u1ebft d\u00ednh, gi\u00fap gi\u1ea3m b\u1edbt c\u00f4ng \u0111o\u1ea1n l\u00e0m s\u1ea1ch tr\u01b0\u1edbc khi \u1ee9ng d\u1ee5ng.<\/li>\n<li><b>T\u00ednh ch\u1ea5t thixotropic:<\/b> Gi\u00fap gi\u1ea3m thi\u1ec3u s\u1ef1 ch\u1ea3y loang c\u1ee7a s\u1ea3n ph\u1ea9m l\u1ecfng sau khi \u0111\u01b0\u1ee3c b\u00f4i l\u00ean b\u1ec1 m\u1eb7t, gi\u1eef keo \u0111\u00fang v\u1ecb tr\u00ed.<\/li>\n<li><b>\u0110\u00f3ng r\u1eafn k\u1ef5 kh\u00ed (Anaerobic cure):<\/b> Keo \u0111\u00f3ng r\u1eafn khi \u0111\u01b0\u1ee3c gi\u1eef k\u00edn trong m\u00f4i tr\u01b0\u1eddng kh\u00f4ng c\u00f3 kh\u00f4ng kh\u00ed gi\u1eefa hai b\u1ec1 m\u1eb7t kim lo\u1ea1i v\u1eeba kh\u00edt.<\/li>\n<li><b>M\u00e0u xanh lam:<\/b> M\u00e0u \u0111\u1eb7c tr\u01b0ng c\u1ee7a Loctite 243 gi\u00fap d\u1ec5 d\u00e0ng nh\u1eadn bi\u1ebft v\u00e0 ki\u1ec3m tra.<\/li>\n<li><b>Ph\u00e1t quang d\u01b0\u1edbi \u0111\u00e8n UV (Fluorescent):<\/b> C\u00f3 th\u1ec3 ph\u00e1t s\u00e1ng d\u01b0\u1edbi \u00e1nh s\u00e1ng UV, gi\u00fap ki\u1ec3m tra s\u1ef1 hi\u1ec7n di\u1ec7n c\u1ee7a keo sau khi \u1ee9ng d\u1ee5ng.<\/li>\n<li><b>Ph\u1ea1m vi nhi\u1ec7t \u0111\u1ed9 ho\u1ea1t \u0111\u1ed9ng:<\/b> T\u1eeb -55oC \u0111\u1ebfn +180oC (ho\u1eb7c -65oF \u0111\u1ebfn +360oF).<br \/>\n<h3><b>\u1ee8ng d\u1ee5ng ph\u1ed5 bi\u1ebfn c\u1ee7a Loctite 243<\/b><\/h3>\n<p><img decoding=\"async\" title=\"loctite-243-50ml-a-1752462863029-1\" src=\"https:\/\/yenhung.com\/wp-content\/uploads\/2025\/10\/loctite-243-50ml-a-1752462863029-1.jpg\" alt=\"Loctite 243 50ml\" data-thumb=\"large\" \/><\/p>\n<p>Loctite 243 l\u00fd t\u01b0\u1edfng cho c\u00e1c \u1ee9ng d\u1ee5ng c\u1ea7n \u0111\u1ed9 tin c\u1eady cao nh\u01b0ng v\u1eabn c\u1ea7n kh\u1ea3 n\u0103ng th\u00e1o l\u1eafp:<\/li>\n<li><b>Bu l\u00f4ng, \u0111ai \u1ed1c tr\u00ean b\u01a1m, h\u1ed9p s\u1ed1, m\u00e1y \u00e9p:<\/b> Ng\u0103n ng\u1eeba vi\u1ec7c l\u1ecfng ra do rung \u0111\u1ed9ng.<\/li>\n<li><b>Bu l\u00f4ng v\u00e0 \u1ed1c v\u00edt g\u1eafn \u0111\u1ed9ng c\u01a1, thi\u1ebft b\u1ecb:<\/b> \u0110\u1ea3m b\u1ea3o an to\u00e0n v\u00e0 ch\u1ed1ng r\u00f2 r\u1ec9.<\/li>\n<li><b>C\u00e1c chi ti\u1ebft m\u00e1y m\u00f3c chung:<\/b> N\u01a1i c\u1ea7n kh\u00f3a ren \u0111\u1ec3 ch\u1ed1ng t\u1ef1 th\u00e1o v\u00e0 l\u00e0m k\u00edn m\u1ed1i n\u1ed1i.<\/li>\n<\/ul>\n<\/div>\n","protected":false},"excerpt":{"rendered":"<p><strong>T\u00ean sa\u0309n ph\u00e2\u0309m:<\/strong>LOCTITE 243 50ML<br \/>\n<strong>Li\u00ean H\u1ec7<\/strong>: 0397.433.258<\/p>\n","protected":false},"featured_media":5914,"comment_status":"closed","ping_status":"closed","template":"","meta":[],"product_brand":[],"product_cat":[141],"product_tag":[],"class_list":{"0":"post-5913","1":"product","2":"type-product","3":"status-publish","4":"has-post-thumbnail","6":"product_cat-loctite","8":"first","9":"instock","10":"shipping-taxable","11":"product-type-simple"},"_links":{"self":[{"href":"https:\/\/yenhung.com\/index.php?rest_route=\/wp\/v2\/product\/5913","targetHints":{"allow":["GET"]}}],"collection":[{"href":"https:\/\/yenhung.com\/index.php?rest_route=\/wp\/v2\/product"}],"about":[{"href":"https:\/\/yenhung.com\/index.php?rest_route=\/wp\/v2\/types\/product"}],"replies":[{"embeddable":true,"href":"https:\/\/yenhung.com\/index.php?rest_route=%2Fwp%2Fv2%2Fcomments&post=5913"}],"wp:featuredmedia":[{"embeddable":true,"href":"https:\/\/yenhung.com\/index.php?rest_route=\/wp\/v2\/media\/5914"}],"wp:attachment":[{"href":"https:\/\/yenhung.com\/index.php?rest_route=%2Fwp%2Fv2%2Fmedia&parent=5913"}],"wp:term":[{"taxonomy":"product_brand","embeddable":true,"href":"https:\/\/yenhung.com\/index.php?rest_route=%2Fwp%2Fv2%2Fproduct_brand&post=5913"},{"taxonomy":"product_cat","embeddable":true,"href":"https:\/\/yenhung.com\/index.php?rest_route=%2Fwp%2Fv2%2Fproduct_cat&post=5913"},{"taxonomy":"product_tag","embeddable":true,"href":"https:\/\/yenhung.com\/index.php?rest_route=%2Fwp%2Fv2%2Fproduct_tag&post=5913"}],"curies":[{"name":"wp","href":"https:\/\/api.w.org\/{rel}","templated":true}]}}