{"id":5921,"date":"2025-10-28T02:37:51","date_gmt":"2025-10-28T02:37:51","guid":{"rendered":"https:\/\/yenhung.com\/?product=keo-loctite-204-482g"},"modified":"2026-02-11T07:47:44","modified_gmt":"2026-02-11T07:47:44","slug":"keo-loctite-204-482g","status":"publish","type":"product","link":"https:\/\/yenhung.com\/?product=keo-loctite-204-482g","title":{"rendered":"Keo Loctite 204 482g"},"content":{"rendered":"<div class=\"ba-text-fpt\">\n<h2><strong>LOCTITE 204<\/strong><\/h2>\n<h3>Keo ch\u1eb7n ren d\u1ea1ng l\u1ecfng Anaerobic hi\u1ec7u su\u1ea5t cao \u0111\u1ec3 b\u1ea3o v\u1ec7 l\u00e2u d\u00e0i kh\u1ecfi r\u00f2 r\u1ec9<\/h3>\n<section id=\"overview\">\n<h4>T\u1ed5ng quan<\/h4>\n<p><img decoding=\"async\" title=\"loctite-204-482g-c-1753346361630-1\" src=\"https:\/\/yenhung.com\/wp-content\/uploads\/2025\/10\/loctite-204-482g-c-1753346361630-1.jpg\" alt=\"LOCTITE 204\" data-thumb=\"large\" \/><\/p>\n<p>LOCTITE 204 l\u00e0 m\u1ed9t keo ch\u1eb7n ren d\u1ea1ng l\u1ecfng anaerobic, m\u1ed9t th\u00e0nh ph\u1ea7n cung c\u1ea5p kh\u1ea3 n\u0103ng b\u1ea3o v\u1ec7 tuy\u1ec7t v\u1eddi kh\u1ecfi r\u00f2 r\u1ec9 v\u00e0 n\u1edbi l\u1ecfng cho c\u00e1c m\u1ed1i gh\u00e9p ren tr\u00ean kim lo\u1ea1i. C\u00f4ng th\u1ee9c ti\u00ean ti\u1ebfn c\u1ee7a n\u00f3 t\u1ea1o th\u00e0nh m\u1ed9t m\u1ed1i li\u00ean k\u1ebft elastomeric b\u1ec1n b\u1ec9 ch\u1ecbu \u0111\u01b0\u1ee3c t\u1ea3i tr\u1ecdng cao, rung \u0111\u1ed9ng v\u00e0 nhi\u1ec7t \u0111\u1ed9 kh\u1eafc nghi\u1ec7t.<\/p>\n<\/section>\n<section id=\"key-features\">\n<h4>C\u00e1c t\u00ednh n\u0103ng ch\u00ednh<\/h4>\n<ul>\n<li><strong>Ch\u1ed1ng r\u00f2 r\u1ec9 v\u00e0 n\u1edbi l\u1ecfng hi\u1ec7u qu\u1ea3:<\/strong> T\u1ea1o th\u00e0nh l\u1edbp \u0111\u1ec7m ch\u1eb7t ch\u1ebd ng\u0103n ch\u1eb7n s\u1ef1 r\u00f2 r\u1ec9 c\u1ee7a ch\u1ea5t l\u1ecfng v\u00e0 kh\u00ed, \u0111\u1ed3ng th\u1eddi gi\u1eef cho c\u00e1c m\u1ed1i gh\u00e9p ren c\u1ed1 \u0111\u1ecbnh ch\u1eafc ch\u1eafn.<\/li>\n<li><strong>Hi\u1ec7u su\u1ea5t cao:<\/strong> Ch\u1ecbu \u0111\u01b0\u1ee3c t\u1ea3i tr\u1ecdng cao v\u00e0 rung \u0111\u1ed9ng, \u0111\u1ea3m b\u1ea3o kh\u1ea3 n\u0103ng b\u1ea3o v\u1ec7 l\u00e2u d\u00e0i trong c\u00e1c \u1ee9ng d\u1ee5ng quan tr\u1ecdng.<\/li>\n<li><strong>Ch\u1ecbu nhi\u1ec7t \u0111\u1ed9 cao:<\/strong> C\u00f3 kh\u1ea3 n\u0103ng ch\u1ecbu \u0111\u01b0\u1ee3c nhi\u1ec7t \u0111\u1ed9 l\u00ean t\u1edbi 150\u00b0C, th\u00edch h\u1ee3p cho c\u00e1c \u1ee9ng d\u1ee5ng ti\u1ebfp x\u00fac v\u1edbi nhi\u1ec7t.<\/li>\n<li><strong>D\u1ec5 s\u1eed d\u1ee5ng:<\/strong> Ch\u1ec9 c\u1ea7n nh\u1ecf m\u1ed9t l\u01b0\u1ee3ng nh\u1ecf v\u00e0o ren v\u00e0 l\u1eafp r\u00e1p, lo\u1ea1i b\u1ecf s\u1ef1 c\u1ea7n thi\u1ebft c\u1ee7a c\u00e1c th\u1ee7 t\u1ee5c ph\u1ee9c t\u1ea1p ho\u1eb7c thi\u1ebft b\u1ecb chuy\u00ean d\u1ee5ng.<\/li>\n<li><strong>Nhanh kh\u00f4:<\/strong> \u0110\u1ea1t c\u01b0\u1eddng \u0111\u1ed9 cao trong v\u00f2ng 15-20 ph\u00fat, cho ph\u00e9p l\u1eafp r\u00e1p nhanh ch\u00f3ng v\u00e0 hi\u1ec7u qu\u1ea3.<\/li>\n<li><strong>C\u1ee9ng linh ho\u1ea1t:<\/strong> T\u1ea1o th\u00e0nh m\u1ed9t l\u1edbp \u0111\u1ec7m elastomeric c\u00f3 \u0111\u1ed9 b\u1ec1n nh\u01b0ng \u0111\u1ee7 linh ho\u1ea1t \u0111\u1ec3 th\u00edch \u1ee9ng v\u1edbi s\u1ef1 gi\u00e3n n\u1edf nhi\u1ec7t v\u00e0 rung \u0111\u1ed9ng.<\/li>\n<li><strong>Ti\u1ebft ki\u1ec7m th\u1eddi gian v\u00e0 chi ph\u00ed:<\/strong> Lo\u1ea1i b\u1ecf nhu c\u1ea7u s\u1eed d\u1ee5ng c\u00e1c ph\u01b0\u01a1ng ph\u00e1p \u0111\u1ec7m ren truy\u1ec1n th\u1ed1ng, ch\u1eb3ng h\u1ea1n nh\u01b0 b\u0103ng tan ho\u1eb7c keo ch\u00e8n, gi\u00fap ti\u1ebft ki\u1ec7m th\u1eddi gian v\u00e0 chi ph\u00ed.<\/li>\n<\/ul>\n<\/section>\n<section id=\"applications\">\n<h4>\u1ee8ng d\u1ee5ng<\/h4>\n<p><img decoding=\"async\" title=\"loctite-204-482g-a-1753346477106-1\" src=\"https:\/\/yenhung.com\/wp-content\/uploads\/2025\/10\/loctite-204-482g-a-1753346477106-1.jpg\" alt=\"LOCTITE 204\" data-thumb=\"large\" \/><\/p>\n<p>LOCTITE 204 l\u00fd t\u01b0\u1edfng cho m\u1ed9t lo\u1ea1t c\u00e1c \u1ee9ng d\u1ee5ng c\u00f4ng nghi\u1ec7p v\u00e0 \u00f4 t\u00f4, bao g\u1ed3m:<\/p>\n<ul>\n<li>M\u1ed1i gh\u00e9p ren tr\u00ean \u0111\u01b0\u1eddng \u1ed1ng, ph\u1ee5 ki\u1ec7n v\u00e0 van<\/li>\n<li>Bu l\u00f4ng v\u00e0 \u0111ai \u1ed1c trong h\u1ed9p s\u1ed1, m\u00e1y b\u01a1m v\u00e0 \u0111\u1ed9ng c\u01a1<\/li>\n<li>\u0110\u1ebf v\u00f2i phun v\u00e0 \u0111\u1ea7u xi lanh<\/li>\n<li>C\u00e1c \u1ee9ng d\u1ee5ng d\u1ea7u kh\u00ed v\u00e0 n\u0103ng l\u01b0\u1ee3ng<\/li>\n<\/ul>\n<\/section>\n<section id=\"benefits\">\n<h4>L\u1ee3i \u00edch<\/h4>\n<ul>\n<li>Gi\u1ea3m th\u1eddi gian ng\u1eebng ho\u1ea1t \u0111\u1ed9ng v\u00ec r\u00f2 r\u1ec9 ho\u1eb7c n\u1edbi l\u1ecfng<\/li>\n<li>T\u0103ng t\u00ednh to\u00e0n v\u1eb9n c\u1ee7a h\u1ec7 th\u1ed1ng v\u00e0 an to\u00e0n v\u1eadn h\u00e0nh<\/li>\n<li>Ti\u1ebft ki\u1ec7m chi ph\u00ed b\u1ea3o tr\u00ec v\u00e0 s\u1eeda ch\u1eefa<\/li>\n<li>N\u00e2ng cao hi\u1ec7u su\u1ea5t v\u00e0 \u0111\u1ed9 tin c\u1eady c\u1ee7a thi\u1ebft b\u1ecb<\/li>\n<li>Tu\u00e2n th\u1ee7 c\u00e1c ti\u00eau chu\u1ea9n c\u00f4ng nghi\u1ec7p v\u00e0 quy \u0111\u1ecbnh ch\u1ea5t l\u01b0\u1ee3ng<\/li>\n<\/ul>\n<\/section>\n<section id=\"specifications\">\n<h4>Th\u00f4ng s\u1ed1 k\u1ef9 thu\u1eadt<\/h4>\n<ul>\n<li><strong>Lo\u1ea1i s\u1ea3n ph\u1ea9m:<\/strong> Keo ch\u1eb7n ren d\u1ea1ng l\u1ecfng Anaerobic<\/li>\n<li><strong>Th\u00e0nh ph\u1ea7n:<\/strong> Methacrylate ester<\/li>\n<li><strong>M\u00e0u s\u1eafc:<\/strong> Xanh l\u00e1<\/li>\n<li><strong>Th\u1eddi gian kh\u00f4:<\/strong> 15-20 ph\u00fat<\/li>\n<li><strong>C\u01b0\u1eddng \u0111\u1ed9 cao nh\u1ea5t:<\/strong> 24 gi\u1edd<\/li>\n<li><strong>Nhi\u1ec7t \u0111\u1ed9 ho\u1ea1t \u0111\u1ed9ng:<\/strong> -55\u00b0C \u0111\u1ebfn 150\u00b0C<\/li>\n<li><strong>\u0110\u1ed9 nh\u1edbt:<\/strong> 1.000-1.200 mPa\u00b7s<\/li>\n<li><strong>Ch\u1ecbu l\u1ef1c c\u1eaft:<\/strong> 20 N\/mm\u00b2<\/li>\n<li><strong>Ch\u1ecbu l\u1ef1c k\u00e9o:<\/strong> 15 N\/mm\u00b2<\/li>\n<\/ul>\n<\/section>\n<section id=\"usage-instructions\">\n<h4>H\u01b0\u1edbng d\u1eabn s\u1eed d\u1ee5ng<\/h4>\n<ol>\n<li>L\u00e0m s\u1ea1ch v\u00e0 l\u00e0m kh\u00f4 c\u00e1c b\u1ec1 m\u1eb7t ren.<\/li>\n<li>Nh\u1ecf m\u1ed9t l\u01b0\u1ee3ng nh\u1ecf LOCTITE 204 l\u00ean ren \u0111\u1ef1c.<\/li>\n<li>L\u1eafp r\u00e1p v\u00e0 si\u1ebft ch\u1eb7t c\u00e1c th\u00e0nh ph\u1ea7n theo th\u00f4ng s\u1ed1 k\u1ef9 thu\u1eadt.<\/li>\n<li>\u0110\u1ec3 kh\u00f4 v\u00e0 \u0111\u00f3ng r\u1eafn ho\u00e0n to\u00e0n tr\u01b0\u1edbc khi \u0111\u01b0a v\u00e0o s\u1eed d\u1ee5ng.<\/li>\n<\/ol>\n<\/section>\n<section id=\"cautions\">\n<h4>L\u01b0u \u00fd<\/h4>\n<p><img decoding=\"async\" title=\"loctite-204-482g-b-1753346361986-1\" src=\"https:\/\/yenhung.com\/wp-content\/uploads\/2025\/10\/loctite-204-482g-b-1753346361986-1.jpg\" alt=\"LOCTITE 204\" data-thumb=\"large\" \/><\/p>\n<ul>\n<li>Kh\u00f4ng s\u1eed d\u1ee5ng tr\u00ean b\u1ec1 m\u1eb7t nh\u1ef1a ho\u1eb7c v\u1eadt li\u1ec7u kh\u00f4ng x\u1ed1p.<\/li>\n<li>\u0110\u1ea3m b\u1ea3o c\u00e1c b\u1ec1 m\u1eb7t ti\u1ebfp x\u00fac kh\u00f4ng b\u1ecb d\u1ea7u m\u1ee1 ho\u1eb7c ch\u1ea5t b\u1ea9n.<\/li>\n<li>N\u1ebfu keo d\u00ednh v\u00e0o da, h\u00e3y r\u1eeda s\u1ea1ch ngay b\u1eb1ng n\u01b0\u1edbc x\u00e0 ph\u00f2ng \u1ea5m.<\/li>\n<li>Tham kh\u1ea3o b\u1ea3ng d\u1eef li\u1ec7u an to\u00e0n v\u1eadt li\u1ec7u (MSDS) \u0111\u1ec3 bi\u1ebft th\u00eam th\u00f4ng tin v\u1ec1 an to\u00e0n v\u00e0 x\u1eed l\u00fd.<\/li>\n<\/ul>\n<\/section>\n<\/div>\n","protected":false},"excerpt":{"rendered":"<p><strong>T\u00ean sa\u0309n ph\u00e2\u0309m:<\/strong>LOCTITE 204<br \/>\n<strong>Li\u00ean H\u1ec7<\/strong>: 0397.433.258<\/p>\n","protected":false},"featured_media":5922,"comment_status":"closed","ping_status":"closed","template":"","meta":[],"product_brand":[],"product_cat":[141],"product_tag":[],"class_list":{"0":"post-5921","1":"product","2":"type-product","3":"status-publish","4":"has-post-thumbnail","6":"product_cat-loctite","8":"first","9":"instock","10":"shipping-taxable","11":"product-type-simple"},"_links":{"self":[{"href":"https:\/\/yenhung.com\/index.php?rest_route=\/wp\/v2\/product\/5921","targetHints":{"allow":["GET"]}}],"collection":[{"href":"https:\/\/yenhung.com\/index.php?rest_route=\/wp\/v2\/product"}],"about":[{"href":"https:\/\/yenhung.com\/index.php?rest_route=\/wp\/v2\/types\/product"}],"replies":[{"embeddable":true,"href":"https:\/\/yenhung.com\/index.php?rest_route=%2Fwp%2Fv2%2Fcomments&post=5921"}],"wp:featuredmedia":[{"embeddable":true,"href":"https:\/\/yenhung.com\/index.php?rest_route=\/wp\/v2\/media\/5922"}],"wp:attachment":[{"href":"https:\/\/yenhung.com\/index.php?rest_route=%2Fwp%2Fv2%2Fmedia&parent=5921"}],"wp:term":[{"taxonomy":"product_brand","embeddable":true,"href":"https:\/\/yenhung.com\/index.php?rest_route=%2Fwp%2Fv2%2Fproduct_brand&post=5921"},{"taxonomy":"product_cat","embeddable":true,"href":"https:\/\/yenhung.com\/index.php?rest_route=%2Fwp%2Fv2%2Fproduct_cat&post=5921"},{"taxonomy":"product_tag","embeddable":true,"href":"https:\/\/yenhung.com\/index.php?rest_route=%2Fwp%2Fv2%2Fproduct_tag&post=5921"}],"curies":[{"name":"wp","href":"https:\/\/api.w.org\/{rel}","templated":true}]}}