{"id":5954,"date":"2025-10-28T02:46:22","date_gmt":"2025-10-28T02:46:22","guid":{"rendered":"https:\/\/yenhung.com\/?product=xtraseal-keo-the-ron-300gm-750f"},"modified":"2026-02-11T07:45:29","modified_gmt":"2026-02-11T07:45:29","slug":"xtraseal-keo-the-ron-300gm-750f","status":"publish","type":"product","link":"https:\/\/yenhung.com\/?product=xtraseal-keo-the-ron-300gm-750f","title":{"rendered":"X&#8217;traseal Keo th\u1ebf ron 300GM-750F"},"content":{"rendered":"<div class=\"ba-text-fpt\">\n<h2><strong>750\u00baF Grey RTV gasket Keo th\u1ebf ron ch\u1ecbu nhi\u1ec7t<\/strong><\/h2>\n<blockquote><p>l\u00e0 lo\u1ea1i silicone 1 th\u00e0nh ph\u1ea7n, \u0111\u00e1p \u1ee9ng \u0111\u01b0\u1ee3c \u0111\u1ed9 k\u1ebft d\u00ednh t\u1ed1t m\u00e0 khi \u0111\u00f3ng r\u1eafn s\u1ebd t\u1ea1o th\u00e0nh h\u00ecnh d\u00e1ng nh\u01b0 cao su, c\u00f3 kh\u1ea3 n\u0103ng ch\u1ecbu nhi\u1ec7t cho \u1ee9ng d\u1ee5ng b\u1ecbt k\u00edn\/h\u00e0n b\u00edt m\u1ed1i n\u1ed1i.<\/p><\/blockquote>\n<h2><strong>\u0110\u1eb7c t\u00ednh<\/strong><\/h2>\n<ul>\n<li>H\u1ec7 \u0111\u00f3ng r\u1eafn oxime neutral<\/li>\n<li>R\u1ea5t ho\u00e0n h\u1ea3o v\u1edbi nhi\u1ec7t \u0111\u1ed9 cao, s\u1ee9c ch\u1ecbu \u0111\u1ef1ng l\u00ean \u0111\u1ebfn 360\u00b0C<\/li>\n<\/ul>\n<h4><strong>\u0110\u1eb7c t\u00ednh k\u1ef9 thu\u1eadt :<\/strong><\/h4>\n<p>M\u00f9i oxime nh\u1eb9<\/p>\n<p>T\u1ef7 tr\u1ecdng 1.01 \u00b10.02<\/p>\n<p>\u0110\u1ed9 c\u1ee9ng (Shore A) kho\u1ea3ng 24<\/p>\n<p>\u0110\u1ed9 gi\u00e3n n\u1ee9t 400%<\/p>\n<p>\u0110\u1ed9 co gi\u00e3n kho\u1ea3ng 2.80 Mpa<\/p>\n<p>Th\u1eddi gian kh\u00f4 b\u1ec1 m\u1eb7t 8 ph\u00fat<\/p>\n<p>Th\u1eddi gian kh\u00f4ng b\u00f4ng kho\u1ea3ng 30 ph\u00fat<\/p>\n<p>Nhi\u1ec7t \u0111\u1ed9 s\u1eed d\u1ee5ng -20\u00b0C ~ 50\u00b0C<\/p>\n<p>Nhi\u1ec7t \u0111\u1ed9 v\u1eadn h\u00e0nh -40\u00b0C ~ 260\u00b0C<\/p>\n<p>H\u1ea1n s\u1eed d\u1ee5ng 12 th\u00e1ng<\/p>\n<h2><strong>\u1ee8NG D\u1ee4NG:<\/strong><\/h2>\n<ul>\n<li>Ch\u1ecbu \u0111\u1ef1ng nhi\u1ec7t \u0111\u1ed9 cao khi l\u00e0m ron v\u00e0 h\u00e0n b\u00edt m\u1ed1i n\u1ed1i<\/li>\n<li>L\u00e0m Ron m\u00e1y \u00f4 t\u00f4<\/li>\n<li>H\u00e0n k\u00edn cho l\u00f2 c\u00f4ng nghi\u1ec7p<\/li>\n<li>\u1ee8ng d\u1ee5ng cho n\u01a1i t\u1ea1o h\u00ecnh d\u00e1ng l\u00e0m con<\/li>\n<\/ul>\n<p><strong><u data-spm-anchor-id=\"a2o4n.pdp_revamp.product_detail.i0.34ec38565QBONT\">THAO T\u00c1C:<\/u><\/strong><\/p>\n<ul>\n<li>B\u1ec1 m\u1eb7t c\u1ea7n ph\u1ea3i s\u1ea1ch v\u00e0 kh\u00f4 r\u00e1o<\/li>\n<li>\u0110i\u1ec3m n\u1ed1i t\u00f4i thi\u1ec3u : 3mm x 3mm<\/li>\n<li>\u0110i\u1ec3m n\u1ed1i t\u00f4i \u0111a : 20mm x 30mm<\/li>\n<li>Ch\u00f9i s\u1ea1ch ch\u1ea5t th\u1eeba b\u1eb1ng M.E.K. ho\u1eb7c toluen<\/li>\n<\/ul>\n<p><strong>H\u1ea0N CH\u1ebe:<\/strong><\/p>\n<ul>\n<li>Keo t\u1ea1o gio\u0103ng RTV 750\u00b0F Gray kh\u00f4ng th\u1ec3 s\u01a1n ph\u1ee7.<\/li>\n<li>Kh\u00f4ng d\u00f9ng cho: PE, PP, PTFE v\u00e0 b\u1ec1 m\u1eb7t Bitum.<\/li>\n<li>Kh\u00f4ng d\u00f9ng cho: v\u1ecb tr\u00ed ti\u1ebfp x\u00fac tr\u1ef1c ti\u1ebfp v\u1edbi x\u0103ng.<\/li>\n<\/ul>\n<\/div>\n","protected":false},"excerpt":{"rendered":"<p>T\u00ean sa\u0309n ph\u00e2\u0309m:\u00a0X&#8217;traseal-750F 300GM<\/p>\n<p><strong>Li\u00ean H\u1ec7<\/strong>: 0397.433.258<\/p>\n","protected":false},"featured_media":5955,"comment_status":"closed","ping_status":"closed","template":"","meta":[],"product_brand":[],"product_cat":[142],"product_tag":[],"class_list":{"0":"post-5954","1":"product","2":"type-product","3":"status-publish","4":"has-post-thumbnail","6":"product_cat-xtraseal","8":"first","9":"instock","10":"shipping-taxable","11":"product-type-simple"},"_links":{"self":[{"href":"https:\/\/yenhung.com\/index.php?rest_route=\/wp\/v2\/product\/5954","targetHints":{"allow":["GET"]}}],"collection":[{"href":"https:\/\/yenhung.com\/index.php?rest_route=\/wp\/v2\/product"}],"about":[{"href":"https:\/\/yenhung.com\/index.php?rest_route=\/wp\/v2\/types\/product"}],"replies":[{"embeddable":true,"href":"https:\/\/yenhung.com\/index.php?rest_route=%2Fwp%2Fv2%2Fcomments&post=5954"}],"wp:featuredmedia":[{"embeddable":true,"href":"https:\/\/yenhung.com\/index.php?rest_route=\/wp\/v2\/media\/5955"}],"wp:attachment":[{"href":"https:\/\/yenhung.com\/index.php?rest_route=%2Fwp%2Fv2%2Fmedia&parent=5954"}],"wp:term":[{"taxonomy":"product_brand","embeddable":true,"href":"https:\/\/yenhung.com\/index.php?rest_route=%2Fwp%2Fv2%2Fproduct_brand&post=5954"},{"taxonomy":"product_cat","embeddable":true,"href":"https:\/\/yenhung.com\/index.php?rest_route=%2Fwp%2Fv2%2Fproduct_cat&post=5954"},{"taxonomy":"product_tag","embeddable":true,"href":"https:\/\/yenhung.com\/index.php?rest_route=%2Fwp%2Fv2%2Fproduct_tag&post=5954"}],"curies":[{"name":"wp","href":"https:\/\/api.w.org\/{rel}","templated":true}]}}