{"id":5959,"date":"2025-10-28T02:46:29","date_gmt":"2025-10-28T02:46:29","guid":{"rendered":"https:\/\/yenhung.com\/?product=xtraseal-keo-dan-xbond"},"modified":"2026-02-11T07:45:08","modified_gmt":"2026-02-11T07:45:08","slug":"xtraseal-keo-dan-xbond","status":"publish","type":"product","link":"https:\/\/yenhung.com\/?product=xtraseal-keo-dan-xbond","title":{"rendered":"X&#8217;traseal keo d\u00e1n X&#8217;Bond"},"content":{"rendered":"<div class=\"ba-text-fpt\">\n<h2><strong>X&#8217;traseal X&#8217;Bond: Gi\u1ea3i ph\u00e1p hi\u1ec7u qu\u1ea3 cho c\u00e1c \u1ee9ng d\u1ee5ng li\u00ean k\u1ebft<\/strong><\/h2>\n<p><strong>Gi\u1edbi thi\u1ec7u<\/strong><\/p>\n<p>X&#8217;traseal X&#8217;Bond l\u00e0 m\u1ed9t lo\u1ea1i keo d\u00ednh epoxy hai th\u00e0nh ph\u1ea7n hi\u1ec7u su\u1ea5t cao \u0111\u01b0\u1ee3c thi\u1ebft k\u1ebf \u0111\u1eb7c bi\u1ec7t \u0111\u1ec3 \u0111\u00e1p \u1ee9ng nhu c\u1ea7u c\u1ee7a c\u00e1c \u1ee9ng d\u1ee5ng li\u00ean k\u1ebft quan tr\u1ecdng. V\u1edbi \u0111\u1eb7c t\u00ednh li\u00ean k\u1ebft v\u01b0\u1ee3t tr\u1ed9i, \u0111\u1ed9 b\u1ec1n c\u01a1 h\u1ecdc tuy\u1ec7t v\u1eddi v\u00e0 kh\u1ea3 n\u0103ng ch\u1ed1ng ch\u1ecbu h\u00f3a ch\u1ea5t, X&#8217;traseal X&#8217;Bond \u0111\u00e3 tr\u1edf th\u00e0nh l\u1ef1a ch\u1ecdn tin c\u1eady cho nhi\u1ec1u ng\u00e0nh c\u00f4ng nghi\u1ec7p.<\/p>\n<p><strong>\u01afu \u0111i\u1ec3m n\u1ed5i b\u1eadt<\/strong><\/p>\n<p>Li\u00ean k\u1ebft si\u00eau m\u1ea1nh: X&#8217;traseal X&#8217;Bond t\u1ea1o ra li\u00ean k\u1ebft c\u1ef1c k\u1ef3 m\u1ea1nh m\u1ebd v\u00e0 b\u1ec1n, \u0111\u1ea3m b\u1ea3o \u0111\u1ed9 b\u1ec1n v\u00e0 hi\u1ec7u su\u1ea5t l\u00e2u d\u00e0i cho c\u00e1c \u1ee9ng d\u1ee5ng li\u00ean k\u1ebft.<br \/>\n\u0110\u1ed9 b\u1ec1n c\u01a1 h\u1ecdc tuy\u1ec7t v\u1eddi: Keo d\u00ednh c\u00f3 kh\u1ea3 n\u0103ng ch\u1ecbu \u0111\u01b0\u1ee3c \u1ee9ng su\u1ea5t c\u01a1 h\u1ecdc l\u1edbn, bao g\u1ed3m l\u1ef1c c\u1eaft, l\u1ef1c k\u00e9o v\u00e0 l\u1ef1c n\u00e9n, \u0111\u1ea3m b\u1ea3o \u0111\u1ed9 to\u00e0n v\u1eb9n c\u1ee7a li\u00ean k\u1ebft trong c\u00e1c \u0111i\u1ec1u ki\u1ec7n kh\u1eafc nghi\u1ec7t.<br \/>\nKh\u1ea3 n\u0103ng ch\u1ed1ng ch\u1ecbu h\u00f3a ch\u1ea5t v\u01b0\u1ee3t tr\u1ed9i: X&#8217;traseal X&#8217;Bond c\u00f3 kh\u1ea3 n\u0103ng ch\u1ed1ng l\u1ea1i nhi\u1ec1u lo\u1ea1i h\u00f3a ch\u1ea5t, bao g\u1ed3m axit, baz\u01a1, dung m\u00f4i v\u00e0 d\u1ea7u, gi\u00fap duy tr\u00ec hi\u1ec7u su\u1ea5t li\u00ean k\u1ebft ngay c\u1ea3 trong m\u00f4i tr\u01b0\u1eddng kh\u1eafc nghi\u1ec7t.<br \/>\nD\u1ec5 s\u1eed d\u1ee5ng: Keo d\u00ednh \u0111\u01b0\u1ee3c \u0111\u00f3ng g\u00f3i trong c\u00e1c \u1ed1ng tr\u1ed9n s\u1eb5n, gi\u00fap d\u1ec5 d\u00e0ng thoa v\u00e0 tr\u1ed9n. Th\u1eddi gian \u0111\u00f4ng k\u1ebft linh ho\u1ea1t cho ph\u00e9p \u0111i\u1ec1u ch\u1ec9nh \u1ee9ng d\u1ee5ng \u0111\u1ec3 ph\u00f9 h\u1ee3p v\u1edbi y\u00eau c\u1ea7u c\u1ee5 th\u1ec3.<br \/>\nNhi\u1ec7t \u0111\u1ed9 ho\u1ea1t \u0111\u1ed9ng r\u1ed9ng: X&#8217;traseal X&#8217;Bond c\u00f3 th\u1ec3 \u0111\u01b0\u1ee3c s\u1eed d\u1ee5ng trong ph\u1ea1m vi nhi\u1ec7t \u0111\u1ed9 r\u1ed9ng, t\u1eeb -55\u00b0C \u0111\u1ebfn 120\u00b0C, \u0111\u1ea3m b\u1ea3o hi\u1ec7u su\u1ea5t \u0111\u00e1ng tin c\u1eady trong nhi\u1ec1u \u1ee9ng d\u1ee5ng.<\/p>\n<p><strong>\u1ee8ng d\u1ee5ng<\/strong><\/p>\n<p>X&#8217;traseal X&#8217;Bond \u0111\u01b0\u1ee3c s\u1eed d\u1ee5ng r\u1ed9ng r\u00e3i trong nhi\u1ec1u ng\u00e0nh c\u00f4ng nghi\u1ec7p, bao g\u1ed3m:<\/p>\n<p>Li\u00ean k\u1ebft kim lo\u1ea1i v\u1edbi kim lo\u1ea1i, nh\u1ef1a v\u1edbi nh\u1ef1a v\u00e0 c\u00e1c v\u1eadt li\u1ec7u kh\u00e1c nhau<br \/>\nS\u1eeda ch\u1eefa v\u00e0 b\u1ea3o tr\u00ec c\u00e1c b\u1ed9 ph\u1eadn m\u00e1y m\u00f3c v\u00e0 thi\u1ebft b\u1ecb<br \/>\nLi\u00ean k\u1ebft c\u00e1c th\u00e0nh ph\u1ea7n trong x\u00e2y d\u1ef1ng v\u00e0 c\u01a1 s\u1edf h\u1ea1 t\u1ea7ng<br \/>\nLi\u00ean k\u1ebft c\u00e1c v\u1eadt li\u1ec7u composite trong h\u00e0ng kh\u00f4ng v\u0169 tr\u1ee5 v\u00e0 \u00f4 t\u00f4<\/p>\n<p><strong>K\u1ebft lu\u1eadn<\/strong><\/p>\n<p>X&#8217;traseal X&#8217;Bond l\u00e0 gi\u1ea3i ph\u00e1p li\u00ean k\u1ebft \u0111\u00e1ng tin c\u1eady v\u00e0 hi\u1ec7u qu\u1ea3 cho nhi\u1ec1u \u1ee9ng d\u1ee5ng \u0111\u00f2i h\u1ecfi \u0111\u1ed9 b\u1ec1n, kh\u1ea3 n\u0103ng ch\u1ed1ng ch\u1ecbu h\u00f3a ch\u1ea5t v\u00e0 \u0111\u1ed9 tin c\u1eady cao. V\u1edbi \u0111\u1eb7c t\u00ednh li\u00ean k\u1ebft v\u01b0\u1ee3t tr\u1ed9i v\u00e0 d\u1ec5 s\u1eed d\u1ee5ng, X&#8217;traseal X&#8217;Bond l\u00e0 l\u1ef1a ch\u1ecdn l\u00fd t\u01b0\u1edfng cho c\u00e1c chuy\u00ean gia k\u1ef9 thu\u1eadt, th\u1ee3 x\u00e2y d\u1ef1ng v\u00e0 nh\u1eefng ng\u01b0\u1eddi \u0111am m\u00ea DIY t\u00ecm ki\u1ebfm gi\u1ea3i ph\u00e1p li\u00ean k\u1ebft hi\u1ec7u qu\u1ea3.<\/p>\n<\/div>\n","protected":false},"excerpt":{"rendered":"<p>T\u00ean sa\u0309n ph\u00e2\u0309m:\u00a0<strong>X&#8217;traseal X&#8217;Bond<\/strong><\/p>\n<p><strong>Li\u00ean H\u1ec7<\/strong>: 0397.433.258<\/p>\n","protected":false},"featured_media":5960,"comment_status":"closed","ping_status":"closed","template":"","meta":[],"product_brand":[],"product_cat":[142],"product_tag":[],"class_list":{"0":"post-5959","1":"product","2":"type-product","3":"status-publish","4":"has-post-thumbnail","6":"product_cat-xtraseal","8":"first","9":"instock","10":"shipping-taxable","11":"product-type-simple"},"_links":{"self":[{"href":"https:\/\/yenhung.com\/index.php?rest_route=\/wp\/v2\/product\/5959","targetHints":{"allow":["GET"]}}],"collection":[{"href":"https:\/\/yenhung.com\/index.php?rest_route=\/wp\/v2\/product"}],"about":[{"href":"https:\/\/yenhung.com\/index.php?rest_route=\/wp\/v2\/types\/product"}],"replies":[{"embeddable":true,"href":"https:\/\/yenhung.com\/index.php?rest_route=%2Fwp%2Fv2%2Fcomments&post=5959"}],"wp:featuredmedia":[{"embeddable":true,"href":"https:\/\/yenhung.com\/index.php?rest_route=\/wp\/v2\/media\/5960"}],"wp:attachment":[{"href":"https:\/\/yenhung.com\/index.php?rest_route=%2Fwp%2Fv2%2Fmedia&parent=5959"}],"wp:term":[{"taxonomy":"product_brand","embeddable":true,"href":"https:\/\/yenhung.com\/index.php?rest_route=%2Fwp%2Fv2%2Fproduct_brand&post=5959"},{"taxonomy":"product_cat","embeddable":true,"href":"https:\/\/yenhung.com\/index.php?rest_route=%2Fwp%2Fv2%2Fproduct_cat&post=5959"},{"taxonomy":"product_tag","embeddable":true,"href":"https:\/\/yenhung.com\/index.php?rest_route=%2Fwp%2Fv2%2Fproduct_tag&post=5959"}],"curies":[{"name":"wp","href":"https:\/\/api.w.org\/{rel}","templated":true}]}}