{"id":5971,"date":"2025-10-28T02:46:41","date_gmt":"2025-10-28T02:46:41","guid":{"rendered":"https:\/\/yenhung.com\/?product=xtraseal-keo-the-ron-300gm-650f"},"modified":"2026-02-11T07:44:24","modified_gmt":"2026-02-11T07:44:24","slug":"xtraseal-keo-the-ron-300gm-650f","status":"publish","type":"product","link":"https:\/\/yenhung.com\/?product=xtraseal-keo-the-ron-300gm-650f","title":{"rendered":"X&#8217;traseal Keo th\u1ebf ron 300GM-650F"},"content":{"rendered":"<div class=\"ba-text-fpt\">\n<h2><strong>M\u00f4 t\u1ea3 s\u1ea3n ph\u1ea9m<\/strong><\/h2>\n<p><img decoding=\"async\" title=\"x-traseal-rtv-300-1-jpeg\" src=\"https:\/\/yenhung.com\/wp-content\/uploads\/2025\/10\/x-traseal-rtv-300-1-jpeg.jpg\" alt=\"X'traseal 650\u00b0F Red RTV Silicone 300ml\" data-thumb=\"large\" \/><\/p>\n<p>Keo th\u1ebf ron \u0111\u1ecf ch\u1ecbu nhi\u1ec7t 650\u00b0F l\u00e0 lo\u1ea1i silicone 1 th\u00e0nh ph\u1ea7n, \u0111\u00e1p \u1ee9ng \u0111\u01b0\u1ee3c \u0111\u1ed9 k\u1ebft d\u00ednh t\u1ed1t m\u00e0 khi \u0111\u00f3ng r\u1eafn s\u1ebd t\u1ea1o th\u00e0nh h\u00ecnh dng nh\u01b0 cao su, c\u00f3 kh\u1ea3 n\u0103ng ch\u1ecbu nhi\u1ec7t cho \u1ee9ng d\u1ee5ng b\u1ecbt k\u00edn\/h\u00e0n b\u00edt m\u1ed1i n\u1ed1i.<\/p>\n<h2><strong>TH\u00d4NG S\u1ed0 K\u1ef8 THU\u1eacT<\/strong><\/h2>\n<table width=\"400\">\n<tbody>\n<tr>\n<td width=\"193\">H\u1ec7 \u0111\u00f3ng r\u1eafn<\/td>\n<td width=\"140\">Acetoxy<\/td>\n<\/tr>\n<tr>\n<td width=\"193\">Ki\u1ec3u d\u00e1ng<\/td>\n<td width=\"140\">D\u1ea1ng keo s\u1ec7t<\/td>\n<\/tr>\n<tr>\n<td width=\"193\">M\u00f9i<\/td>\n<td width=\"140\">M\u00f9i gi\u1ea5m chua<\/td>\n<\/tr>\n<tr>\n<td width=\"193\">T\u1ef7 tr\u1ecdng<\/td>\n<td width=\"140\">1.01 \u00b1 0.03<\/td>\n<\/tr>\n<tr>\n<td width=\"193\">\u0110\u1ed9 c\u1ee9ng Shore A<\/td>\n<td width=\"140\">&gt;20<\/td>\n<\/tr>\n<tr>\n<td width=\"193\">K\u00e9o gi\u00e3n<\/td>\n<td width=\"140\">&gt;300%<\/td>\n<\/tr>\n<tr>\n<td width=\"193\">\u0110\u1ed9 b\u1ec1n k\u00e9o<\/td>\n<td width=\"140\">&gt;1.00 Mpa<\/td>\n<\/tr>\n<tr>\n<td width=\"193\">Th\u1eddi gian thi c\u00f4ng<\/td>\n<td width=\"140\">5 ph\u00fat<\/td>\n<\/tr>\n<tr>\n<td width=\"193\">Th\u1eddi gian \u1ed5n \u0111\u1ecbnh<\/td>\n<td width=\"140\">30 ph\u00fat<\/td>\n<\/tr>\n<tr>\n<td width=\"193\">Nhi\u1ec7t \u0111\u1ed9 thi c\u00f4ng<\/td>\n<td width=\"140\">-20\u00b0C =&gt; 50\u00b0C<\/td>\n<\/tr>\n<tr>\n<td width=\"193\">Nhi\u1ec7t \u0111\u1ed9 s\u1eed d\u1ee5ng li\u00ean t\u1ee5c<\/td>\n<td width=\"140\">-40\u00b0C =&gt; 343\u00b0C<\/td>\n<\/tr>\n<tr>\n<td width=\"193\">Nhi\u1ec7t \u0111\u1ed9 s\u1eed d\u1ee5ng gi\u00e1n \u0111o\u1ea1n<\/td>\n<td width=\"140\">-40\u00b0C =&gt; 343\u00b0C<\/td>\n<\/tr>\n<tr>\n<td width=\"193\">H\u1ea1n s\u1eed d\u1ee5ng<\/td>\n<td width=\"140\">12 th\u00e1ng<\/td>\n<\/tr>\n<\/tbody>\n<\/table>\n<h2><strong>\u0110\u1eb7c t\u00ednh<\/strong><\/h2>\n<p><strong><img decoding=\"async\" src=\"https:\/\/bizweb.dktcdn.net\/thumb\/large\/100\/510\/748\/products\/x-traseal-rtv-300-2-jpeg.jpg?v=1714104681407\" alt=\"X'traseal 650\u00b0F Red RTV Silicone 300ml\" data-thumb=\"large\" \/><\/strong><\/p>\n<p>\u2013 H\u1ec7 \u0111\u00f3ng r\u1eafn acetoxy acid c\u1ee7a keo th\u1ebf ron ch\u1ecbu nhi\u1ec7t 650\u00baF Red RTV gasket<\/p>\n<p>\u2013 R\u1ea5t ho\u00e0n h\u1ea3o v\u1edbi nhi\u1ec7t \u0111\u1ed9 cao, c\u00f3 s\u1ee9c ch\u1ecbu \u0111\u1ef1ng nhi\u1ec7t l\u00ean \u0111\u1ebfn 343\u00b0C<\/p>\n<p>\u2013 K\u1ebft d\u00ednh kh\u00f4ng c\u1ea7n l\u1ed1p l\u00f3t \u0111\u1ed1i v\u1edbi h\u1ea7u h\u1ebft c\u00e1c v\u1eadt li\u1ec7u<\/p>\n<h2><strong>\u1ee8ng d\u1ee5ng Keo th\u1ebf ron \u0111\u1ecf ch\u1ecbu nhi\u1ec7t 650\u00b0F<\/strong><\/h2>\n<p>\u2013 Ch\u1ecbu \u0111\u1ef1ng nhi\u1ec7t \u0111\u1ed9 cao khi l\u00e0m ron(keo t\u1ea1o ron) v\u00e0 h\u00e0n b\u00edt m\u1ed1i n\u1ed1i<\/p>\n<p>\u2013 Keo th\u1ebf ron ch\u1ecbu nhi\u1ec7t H\u00e0n k\u00edn cho l\u00f2 c\u00f4ng nghi\u1ec7p<\/p>\n<p>\u2013 \u1ee8ng d\u1ee5ng cho n\u01a1i t\u1ea1o h\u00ecnh d\u00e1ng l\u00e0m ron(keo t\u1ea1o ron ch\u1ecbu nhi\u1ec7t \u0111\u1ed9 cao)<\/p>\n<p>\u2013 L\u1eafp r\u00e1p cho k\u00ednh, s\u1ee9, b\u1ec1 m\u1eb7t kim lo\u1ea1i \u0111\u00e3 ho\u00e0n thi\u1ec7n, g\u1ed7 \u0111\u00e3 ho\u00e0n thi\u1ec7n, Inox, t\u1ea5m epoxy v\u1edbi polyester, polystyrene, nh\u00f4m anodized.<\/p>\n<p>\u2013 H\u00e0n b\u00edt\/ch\u1ed1ng th\u1ea5m t\u1ed5ng h\u1ee3p : Kim lo\u1ea1i t\u1ea5m, tr\u1ea7n nh\u00e0(m\u00e1i l\u1ea5y s\u00e1ng), m\u00e1i th\u00f4ng gi\u00f3(c\u1ea7u h\u00fat nhi\u1ec7t), m\u00e1y l\u1ea1nh, h\u1ed3 c\u00e1.<\/p>\n<p><img decoding=\"async\" src=\"https:\/\/bizweb.dktcdn.net\/thumb\/large\/100\/510\/748\/products\/x-traseal-rtv-300-jpeg.jpg?v=1714104677027\" alt=\"X'traseal 650\u00b0F Red RTV Silicone 300ml\" data-thumb=\"large\" \/><\/p>\n<p><strong>C\u00d4NG D\u1ee4NG:<\/strong><\/p>\n<ul>\n<li>L\u00e0m gio\u0103ng, v\u00f2ng \u0111\u1ec7m v\u00e0 b\u00edt k\u00edn t\u1ea1i c\u00e1c v\u1ecb tr\u00ed ch\u1ecbu nhi\u1ec7t \u0111\u1ed9 cao.<\/li>\n<li>B\u00edt k\u00edn, tr\u00e1m c\u00e1c lo\u1ea1i l\u00f2 c\u00f4ng nghi\u1ec7p.<\/li>\n<li>L\u00e0m gio\u0103ng c\u00e1c b\u00ecnh kh\u00ed c\u00f4ng nghi\u1ec7p.<\/li>\n<li>L\u1eafp r\u00e1p k\u00ednh, b\u1ecdc s\u1ee9 kim lo\u1ea1i, Epoxy v\u00e0 t\u1ea5m Polyester, Polystyrene, nh\u00f4m anod, b\u1ec1 kim lo\u1ea1i \u0111\u00e3 ho\u00e0n thi\u1ec7n v\u00e0 g\u1ed7 \u0111\u00e3 ho\u00e0n thi\u1ec7n.<\/li>\n<\/ul>\n<p><strong>H\u1ea0N CH\u1ebe:<\/strong><\/p>\n<ul>\n<li>Keo t\u1ea1o gio\u0103ng RTV 650\u00b0F Red l\u00e0 m\u1ed9t lo\u1ea1i ch\u1ea5t tr\u00e1m h\u1ec7 \u0111\u00f3ng r\u1eafn axit acetic n\u00ean n\u00f3 kh\u00f4ng ph\u00f9 h\u1ee3p s\u1eed d\u1ee5ng \u1edf nh\u1eefng v\u1ecb tr\u00ed m\u00e0 th\u00e0nh ph\u1ea7n axit acetic c\u00f3 th\u1ec3 \u0103n m\u00f2n v\u1eadt li\u1ec7u c\u01a1 b\u1ea3n.<\/li>\n<li>Keo t\u1ea1o gio\u0103ng RTV 650\u00b0F Red kh\u00f4ng th\u1ec3 s\u01a1n ph\u1ee7.<\/li>\n<li>Kh\u00f4ng d\u00f9ng cho: PE, PP, PTFE v\u00e0 b\u1ec1 m\u1eb7t Bitum.<\/li>\n<li>Kh\u00f4ng d\u00f9ng cho: v\u1ecb tr\u00ed ti\u1ebfp x\u00fac tr\u1ef1c ti\u1ebfp v\u1edbi x\u0103ng.<\/li>\n<\/ul>\n<p><strong>S\u1eec D\u1ee4NG:<\/strong><\/p>\n<ul>\n<li>Lo\u1ea1i b\u1ecf l\u1edbp keo c\u0169 kh\u1ecfi b\u1ec1 m\u1eb7t.<\/li>\n<li>V\u1ec7 sinh b\u1eb1ng dung m\u00f4i v\u00e0 \u0111\u1ec3 kh\u00f4 b\u1ec1 m\u1eb7t tr\u01b0\u1edbc khi thi c\u00f4ng.<\/li>\n<li>C\u1eaft v\u00f2i phun theo k\u00edch th\u01b0\u1edbc nh\u01b0 mong mu\u1ed1n.<\/li>\n<li>\u0110\u00f9n keo \u0111\u1ed3ng \u0111\u1ec1u c\u00e1c v\u1ecb tr\u00ed v\u00e0 xung quanh c\u00e1c l\u1ed7 bu l\u00f4ng.<\/li>\n<li>L\u1eafp r\u00e1p trong v\u00f2ng 5 ph\u00fat.<\/li>\n<li>Si\u1ebft ch\u1eb7t t\u1edbi m\u1ee9c \u0111\u1ea1t y\u00eau c\u1ea7u, kh\u00f4ng si\u1ebft ch\u1eb7t qu\u00e1 m\u1ee9c.<\/li>\n<li>L\u00e0m s\u1ea1ch ph\u1ea7n keo th\u1eeba b\u1eb1ng M.E.K ho\u1eb7c Toluene.<\/li>\n<\/ul>\n<p><strong>TH\u1edcI GIAN KH\u00d4:<\/strong><\/p>\n<p>Keo t\u1ea1o gio\u0103ng Silicone RTV 650\u00b0F Red \u0111\u1ea1t \u0111\u1ed9 \u1ed5n \u0111\u1ecbnh sau th\u1eddi gian x\u1ea5p x\u1ec9 30 ph\u00fat v\u00e0 kh\u00f4 ho\u00e0n to\u00e0n t\u1edbi \u0111\u1ed9 d\u00e0y 10mm trong v\u00f2ng 7 ng\u00e0y. Th\u1eddi gian kh\u00f4 th\u1ef1c t\u1ebf kh\u00e1c nhau t\u00f9y thu\u1ed9c th\u1eddi ti\u1ebft v\u00e0 \u0111\u1ed9 \u1ea9m t\u1eebng khu v\u1ef1c.<\/p>\n<\/div>\n","protected":false},"excerpt":{"rendered":"<p><strong>T\u00ean sa\u0309n ph\u00e2\u0309m:<\/strong>\u00a0X&#8217;traseal 650\u00b0F Red RTV Silicone<\/p>\n<p><strong>Li\u00ean H\u1ec7<\/strong>: 0397.433.258<\/p>\n","protected":false},"featured_media":5972,"comment_status":"closed","ping_status":"closed","template":"","meta":[],"product_brand":[],"product_cat":[142],"product_tag":[],"class_list":{"0":"post-5971","1":"product","2":"type-product","3":"status-publish","4":"has-post-thumbnail","6":"product_cat-xtraseal","8":"first","9":"instock","10":"shipping-taxable","11":"product-type-simple"},"_links":{"self":[{"href":"https:\/\/yenhung.com\/index.php?rest_route=\/wp\/v2\/product\/5971","targetHints":{"allow":["GET"]}}],"collection":[{"href":"https:\/\/yenhung.com\/index.php?rest_route=\/wp\/v2\/product"}],"about":[{"href":"https:\/\/yenhung.com\/index.php?rest_route=\/wp\/v2\/types\/product"}],"replies":[{"embeddable":true,"href":"https:\/\/yenhung.com\/index.php?rest_route=%2Fwp%2Fv2%2Fcomments&post=5971"}],"wp:featuredmedia":[{"embeddable":true,"href":"https:\/\/yenhung.com\/index.php?rest_route=\/wp\/v2\/media\/5972"}],"wp:attachment":[{"href":"https:\/\/yenhung.com\/index.php?rest_route=%2Fwp%2Fv2%2Fmedia&parent=5971"}],"wp:term":[{"taxonomy":"product_brand","embeddable":true,"href":"https:\/\/yenhung.com\/index.php?rest_route=%2Fwp%2Fv2%2Fproduct_brand&post=5971"},{"taxonomy":"product_cat","embeddable":true,"href":"https:\/\/yenhung.com\/index.php?rest_route=%2Fwp%2Fv2%2Fproduct_cat&post=5971"},{"taxonomy":"product_tag","embeddable":true,"href":"https:\/\/yenhung.com\/index.php?rest_route=%2Fwp%2Fv2%2Fproduct_tag&post=5971"}],"curies":[{"name":"wp","href":"https:\/\/api.w.org\/{rel}","templated":true}]}}