{"id":6031,"date":"2025-10-28T02:51:17","date_gmt":"2025-10-28T02:51:17","guid":{"rendered":"https:\/\/yenhung.com\/?product=chat-chong-dinh-khuon-silicon-shin-etsu-ks61-100-100g"},"modified":"2026-02-11T07:38:36","modified_gmt":"2026-02-11T07:38:36","slug":"chat-chong-dinh-khuon-silicon-shin-etsu-ks61-100-100g","status":"publish","type":"product","link":"https:\/\/yenhung.com\/?product=chat-chong-dinh-khuon-silicon-shin-etsu-ks61-100-100g","title":{"rendered":"Ch\u1ea5t ch\u1ed1ng d\u00ednh khu\u00f4n silicon Shin-Etsu KS61-100 100g"},"content":{"rendered":"<div class=\"ba-text-fpt\">\n<h2 style=\"margin-bottom: 11px;\"><strong>Ch\u1ea5t ch\u1ed1ng d\u00ednh khu\u00f4n silicon Shin-Etsu KS61-100 100g<\/strong><\/h2>\n<p style=\"margin-bottom: 11px;\"><span style=\"font-size: 11pt;\"><span style=\"line-height: normal;\"><span style=\"font-family: Calibri,sans-serif;\"><span style=\"font-size: 12.0pt;\"><span style=\"font-family: 'Times New Roman',serif;\">Ch\u1ea5t ch\u1ed1ng d\u00ednh khu\u00f4n silicon Shin-Etsu KS61-100 l\u00e0 m\u1ed9t lo\u1ea1i m\u1ee1 silicone (silicone grease) cao c\u1ea5p, \u0111\u01b0\u1ee3c s\u1ea3n xu\u1ea5t b\u1edfi Shin-Etsu Chemical (Nh\u1eadt B\u1ea3n). S\u1ea3n ph\u1ea9m n\u00e0y kh\u00f4ng ch\u1ec9 \u0111\u01b0\u1ee3c s\u1eed d\u1ee5ng l\u00e0m ch\u1ea5t ch\u1ed1ng d\u00ednh khu\u00f4n m\u00e0 c\u00f2n c\u00f3 nhi\u1ec1u \u1ee9ng d\u1ee5ng kh\u00e1c nh\u1edd v\u00e0o c\u00e1c \u0111\u1eb7c t\u00ednh \u01b0u vi\u1ec7t c\u1ee7a n\u00f3.<\/span><\/span><\/span><\/span><\/span><\/p>\n<p style=\"margin-bottom: 11px;\"><span style=\"font-size: 11pt;\"><span style=\"line-height: normal;\"><span style=\"font-family: Calibri,sans-serif;\"><span style=\"font-size: 12.0pt;\"><span style=\"font-family: 'Times New Roman',serif;\"><img decoding=\"async\" title=\"chat-chong-dinh-khuon-silicon-shin-etsu-ks61-100-b-1754293627602-1\" src=\"https:\/\/yenhung.com\/wp-content\/uploads\/2025\/10\/chat-chong-dinh-khuon-silicon-shin-etsu-ks61-100-b-1754293627602-1.jpg\" alt=\"Ch\u1ea5t ch\u1ed1ng d\u00ednh khu\u00f4n silicon Shin-Etsu KS61-100 100g\" data-thumb=\"large\" \/><\/span><\/span><\/span><\/span><\/span><\/p>\n<p style=\"margin-bottom: 11px;\"><span style=\"font-size: 11pt;\"><span style=\"line-height: normal;\"><span style=\"font-family: Calibri,sans-serif;\"><b><span style=\"font-size: 13.5pt;\"><span style=\"font-family: 'Times New Roman',serif;\">\u0110\u1eb7c \u0111i\u1ec3m v\u00e0 C\u1ea5u t\u1ea1o <\/span><\/span><\/b><span style=\"font-size: 12.0pt;\"><span style=\"font-family: 'Times New Roman',serif;\">Ch\u1ea5t ch\u1ed1ng d\u00ednh khu\u00f4n silicon Shin-Etsu KS61-100<\/span><\/span><\/span><\/span><\/span><\/p>\n<ul>\n<li style=\"margin-bottom: 11px;\"><span style=\"font-size: 11pt;\"><span style=\"line-height: normal;\"><span style=\"tab-stops: list 36.0pt;\"><span style=\"font-family: Calibri,sans-serif;\"><b><span style=\"font-size: 12.0pt;\"><span style=\"font-family: 'Times New Roman',serif;\">D\u1ea1ng ch\u1ea5t:<\/span><\/span><\/b><span style=\"font-size: 12.0pt;\"><span style=\"font-family: 'Times New Roman',serif;\"> KS61-100 c\u00f3 d\u1ea1ng kem ho\u1eb7c m\u1ee1 \u0111\u1eb7c, kh\u00f4ng ph\u1ea3i d\u1ea1ng l\u1ecfng nh\u01b0 d\u1ea7u silicone th\u00f4ng th\u01b0\u1eddng. \u0110i\u1ec1u n\u00e0y gi\u00fap s\u1ea3n ph\u1ea9m b\u00e1m d\u00ednh t\u1ed1t h\u01a1n tr\u00ean b\u1ec1 m\u1eb7t khu\u00f4n v\u00e0 k\u00e9o d\u00e0i hi\u1ec7u qu\u1ea3.<\/span><\/span><\/span><\/span><\/span><\/span><\/li>\n<li style=\"margin-bottom: 11px;\"><span style=\"font-size: 11pt;\"><span style=\"line-height: normal;\"><span style=\"tab-stops: list 36.0pt;\"><span style=\"font-family: Calibri,sans-serif;\"><b><span style=\"font-size: 12.0pt;\"><span style=\"font-family: 'Times New Roman',serif;\">Th\u00e0nh ph\u1ea7n ch\u00ednh:<\/span><\/span><\/b><span style=\"font-size: 12.0pt;\"><span style=\"font-family: 'Times New Roman',serif;\"> S\u1ea3n ph\u1ea9m \u0111\u01b0\u1ee3c pha ch\u1ebf t\u1eeb d\u1ea7u silicone dimethyl v\u00e0 silica d\u1ea1ng b\u1ed9t m\u1ecbn.<\/span><\/span><\/span><\/span><\/span><\/span><\/li>\n<li style=\"margin-bottom: 11px;\"><span style=\"font-size: 11pt;\"><span style=\"line-height: normal;\"><span style=\"tab-stops: list 36.0pt;\"><span style=\"font-family: Calibri,sans-serif;\"><span style=\"font-size: 12.0pt;\"><span style=\"font-family: 'Times New Roman',serif;\"><img decoding=\"async\" title=\"chat-chong-dinh-khuon-silicon-shin-etsu-ks61-100-c-1754293626956-1\" src=\"https:\/\/yenhung.com\/wp-content\/uploads\/2025\/10\/chat-chong-dinh-khuon-silicon-shin-etsu-ks61-100-c-1754293626956-1.jpg\" alt=\"Ch\u1ea5t ch\u1ed1ng d\u00ednh khu\u00f4n silicon Shin-Etsu KS61-100 100g\" data-thumb=\"large\" \/><\/span><\/span><\/span><\/span><\/span><\/span><\/li>\n<li style=\"margin-bottom: 11px;\"><span style=\"font-size: 11pt;\"><span style=\"line-height: normal;\"><span style=\"tab-stops: list 36.0pt;\"><span style=\"font-family: Calibri,sans-serif;\"><b><span style=\"font-size: 12.0pt;\"><span style=\"font-family: 'Times New Roman',serif;\">Kh\u1ea3 n\u0103ng ch\u1ed1ng d\u00ednh khu\u00f4n v\u01b0\u1ee3t tr\u1ed9i:<\/span><\/span><\/b><span style=\"font-size: 12.0pt;\"><span style=\"font-family: 'Times New Roman',serif;\"> Do c\u00f3 s\u1ee9c c\u0103ng b\u1ec1 m\u1eb7t th\u1ea5p v\u00e0 \u0111\u1ed9 tr\u01a1 h\u00f3a h\u1ecdc cao, KS61-100 cung c\u1ea5p kh\u1ea3 n\u0103ng t\u00e1ch khu\u00f4n tuy\u1ec7t v\u1eddi. N\u00f3 d\u1ec5 d\u00e0ng th\u1ea5m \u01b0\u1edbt v\u00e0 b\u00e1m v\u00e0o c\u00e1c b\u1ec1 m\u1eb7t m\u1ecbn ho\u1eb7c kh\u00f4ng \u0111\u1ec1u, gi\u00fap s\u1ea3n ph\u1ea9m \u0111\u00fac d\u1ec5 d\u00e0ng t\u00e1ch ra m\u00e0 kh\u00f4ng b\u1ecb h\u01b0 h\u1ea1i.<\/span><\/span><\/span><\/span><\/span><\/span><\/li>\n<li style=\"margin-bottom: 11px;\"><span style=\"font-size: 11pt;\"><span style=\"line-height: normal;\"><span style=\"tab-stops: list 36.0pt;\"><span style=\"font-family: Calibri,sans-serif;\"><b><span style=\"font-size: 12.0pt;\"><span style=\"font-family: 'Times New Roman',serif;\">Ch\u1ecbu nhi\u1ec7t v\u00e0 l\u1ea1nh:<\/span><\/span><\/b><span style=\"font-size: 12.0pt;\"><span style=\"font-family: 'Times New Roman',serif;\"> \u0110\u00e2y l\u00e0 m\u1ed9t trong nh\u1eefng \u01b0u \u0111i\u1ec3m n\u1ed5i b\u1eadt nh\u1ea5t. KS61-100 duy tr\u00ec hi\u1ec7u su\u1ea5t \u1ed5n \u0111\u1ecbnh trong ph\u1ea1m vi nhi\u1ec7t \u0111\u1ed9 r\u1ed9ng, th\u01b0\u1eddng t\u1eeb <b>-50\u00b0C \u0111\u1ebfn +200\u00b0C<\/b>. \u0110i\u1ec1u n\u00e0y l\u00e0m cho n\u00f3 tr\u1edf th\u00e0nh l\u1ef1a ch\u1ecdn l\u00fd t\u01b0\u1edfng cho c\u00e1c \u1ee9ng d\u1ee5ng trong m\u00f4i tr\u01b0\u1eddng kh\u1eafc nghi\u1ec7t.<\/span><\/span><\/span><\/span><\/span><\/span><\/li>\n<li style=\"margin-bottom: 11px;\"><span style=\"font-size: 11pt;\"><span style=\"line-height: normal;\"><span style=\"tab-stops: list 36.0pt;\"><span style=\"font-family: Calibri,sans-serif;\"><b><span style=\"font-size: 12.0pt;\"><span style=\"font-family: 'Times New Roman',serif;\">\u0110\u1ed9 b\u1ec1n cao:<\/span><\/span><\/b><span style=\"font-size: 12.0pt;\"><span style=\"font-family: 'Times New Roman',serif;\"> S\u1ea3n ph\u1ea9m c\u00f3 kh\u1ea3 n\u0103ng ch\u1ed1ng l\u00e3o h\u00f3a, ch\u1ed1ng m\u00e0i m\u00f2n v\u00e0 ch\u1ecbu \u0111\u01b0\u1ee3c t\u00e1c \u0111\u1ed9ng c\u1ee7a th\u1eddi ti\u1ebft, gi\u00fap k\u00e9o d\u00e0i tu\u1ed5i th\u1ecd c\u1ee7a c\u1ea3 khu\u00f4n v\u00e0 s\u1ea3n ph\u1ea9m.<\/span><\/span><\/span><\/span><\/span><\/span><\/li>\n<li style=\"margin-bottom: 11px;\"><span style=\"font-size: 11pt;\"><span style=\"line-height: normal;\"><span style=\"tab-stops: list 36.0pt;\"><span style=\"font-family: Calibri,sans-serif;\"><b><span style=\"font-size: 12.0pt;\"><span style=\"font-family: 'Times New Roman',serif;\">T\u00ednh tr\u01a1 h\u00f3a h\u1ecdc:<\/span><\/span><\/b><span style=\"font-size: 12.0pt;\"><span style=\"font-family: 'Times New Roman',serif;\"> KS61-100 kh\u00f4ng ph\u1ea3n \u1ee9ng v\u1edbi h\u1ea7u h\u1ebft c\u00e1c v\u1eadt li\u1ec7u, do \u0111\u00f3 n\u00f3 kh\u00f4ng g\u00e2y \u0103n m\u00f2n, gi\u00e3n n\u1edf ho\u1eb7c bi\u1ebfn d\u1ea1ng khu\u00f4n v\u00e0 s\u1ea3n ph\u1ea9m.<\/span><\/span><\/span><\/span><\/span><\/span><\/li>\n<li style=\"margin-bottom: 11px;\"><span style=\"font-size: 11pt;\"><span style=\"line-height: normal;\"><span style=\"tab-stops: list 36.0pt;\"><span style=\"font-family: Calibri,sans-serif;\"><b><span style=\"font-size: 12.0pt;\"><span style=\"font-family: 'Times New Roman',serif;\">M\u00e0u s\u1eafc:<\/span><\/span><\/b><span style=\"font-size: 12.0pt;\"><span style=\"font-family: 'Times New Roman',serif;\"> S\u1ea3n ph\u1ea9m c\u00f3 m\u00e0u tr\u1eafng.<\/span><\/span><\/span><\/span><\/span><\/span><\/li>\n<li style=\"margin-bottom: 11px;\"><span style=\"font-size: 11pt;\"><span style=\"line-height: normal;\"><span style=\"tab-stops: list 36.0pt;\"><span style=\"font-family: Calibri,sans-serif;\"><span style=\"font-size: 12.0pt;\"><span style=\"font-family: 'Times New Roman',serif;\"><img decoding=\"async\" title=\"chat-chong-dinh-khuon-silicon-shin-etsu-ks61-100-a-1754293627948-1\" src=\"https:\/\/yenhung.com\/wp-content\/uploads\/2025\/10\/chat-chong-dinh-khuon-silicon-shin-etsu-ks61-100-a-1754293627948-1.jpg\" alt=\"Ch\u1ea5t ch\u1ed1ng d\u00ednh khu\u00f4n silicon Shin-Etsu KS61-100 100g\" data-thumb=\"large\" \/><\/span><\/span><\/span><\/span><\/span><\/span><\/li>\n<\/ul>\n<p style=\"margin-bottom: 11px;\"><span style=\"font-size: 11pt;\"><span style=\"line-height: normal;\"><span style=\"font-family: Calibri,sans-serif;\"><b><span style=\"font-size: 13.5pt;\"><span style=\"font-family: 'Times New Roman',serif;\">\u1ee8ng d\u1ee5ng ph\u1ed5 bi\u1ebfn c\u1ee7a <\/span><\/span><\/b><span style=\"font-size: 12.0pt;\"><span style=\"font-family: 'Times New Roman',serif;\">Ch\u1ea5t ch\u1ed1ng d\u00ednh khu\u00f4n silicon Shin-Etsu KS61-100<\/span><\/span><\/span><\/span><\/span><\/p>\n<p style=\"margin-bottom: 11px;\"><span style=\"font-size: 11pt;\"><span style=\"line-height: normal;\"><span style=\"font-family: Calibri,sans-serif;\"><span style=\"font-size: 12.0pt;\"><span style=\"font-family: 'Times New Roman',serif;\">V\u1edbi c\u00e1c \u0111\u1eb7c t\u00ednh \u0111a n\u0103ng, Shin-Etsu KS61-100 \u0111\u01b0\u1ee3c s\u1eed d\u1ee5ng trong nhi\u1ec1u ng\u00e0nh c\u00f4ng nghi\u1ec7p:<\/span><\/span><\/span><\/span><\/span><\/p>\n<ul>\n<li style=\"margin-bottom: 11px;\"><span style=\"font-size: 11pt;\"><span style=\"line-height: normal;\"><span style=\"tab-stops: list 36.0pt;\"><span style=\"font-family: Calibri,sans-serif;\"><b><span style=\"font-size: 12.0pt;\"><span style=\"font-family: 'Times New Roman',serif;\">L\u00e0m ch\u1ea5t ch\u1ed1ng d\u00ednh khu\u00f4n:<\/span><\/span><\/b><span style=\"font-size: 12.0pt;\"><span style=\"font-family: 'Times New Roman',serif;\"> S\u1eed d\u1ee5ng trong ng\u00e0nh cao su, nh\u1ef1a, \u0111\u00fac khu\u00f4n kim lo\u1ea1i v\u00e0 c\u00f4ng nghi\u1ec7p th\u1ef1c ph\u1ea9m \u0111\u1ec3 \u0111\u1ea3m b\u1ea3o s\u1ea3n ph\u1ea9m d\u1ec5 d\u00e0ng t\u00e1ch ra kh\u1ecfi khu\u00f4n.<\/span><\/span><\/span><\/span><\/span><\/span><\/li>\n<li style=\"margin-bottom: 11px;\"><span style=\"font-size: 11pt;\"><span style=\"line-height: normal;\"><span style=\"tab-stops: list 36.0pt;\"><span style=\"font-family: Calibri,sans-serif;\"><b><span style=\"font-size: 12.0pt;\"><span style=\"font-family: 'Times New Roman',serif;\">B\u00f4i tr\u01a1n:<\/span><\/span><\/b><span style=\"font-size: 12.0pt;\"><span style=\"font-family: 'Times New Roman',serif;\"> B\u00f4i tr\u01a1n c\u00e1c b\u1ed9 ph\u1eadn chuy\u1ec3n \u0111\u1ed9ng b\u1eb1ng nh\u1ef1a v\u00e0 cao su, \u0111\u1eb7c bi\u1ec7t l\u00e0 trong \u0111i\u1ec1u ki\u1ec7n nhi\u1ec7t \u0111\u1ed9 kh\u1eafc nghi\u1ec7t, gi\u00fap gi\u1ea3m ma s\u00e1t v\u00e0 m\u00e0i m\u00f2n.<\/span><\/span><\/span><\/span><\/span><\/span><\/li>\n<li style=\"margin-bottom: 11px;\"><span style=\"font-size: 11pt;\"><span style=\"line-height: normal;\"><span style=\"tab-stops: list 36.0pt;\"><span style=\"font-family: Calibri,sans-serif;\"><b><span style=\"font-size: 12.0pt;\"><span style=\"font-family: 'Times New Roman',serif;\">C\u00e1ch \u0111i\u1ec7n v\u00e0 l\u00e0m k\u00edn:<\/span><\/span><\/b><span style=\"font-size: 12.0pt;\"><span style=\"font-family: 'Times New Roman',serif;\"> D\u00f9ng \u0111\u1ec3 c\u00e1ch \u0111i\u1ec7n v\u00e0 l\u00e0m k\u00edn c\u00e1c thi\u1ebft b\u1ecb \u0111i\u1ec7n v\u00e0 \u0111i\u1ec7n t\u1eed, b\u1ea3o v\u1ec7 ch\u00fang kh\u1ecfi \u1ea9m \u01b0\u1edbt v\u00e0 s\u1ef1 \u0103n m\u00f2n.<\/span><\/span><\/span><\/span><\/span><\/span><\/li>\n<li style=\"margin-bottom: 11px;\"><span style=\"font-size: 11pt;\"><span style=\"line-height: normal;\"><span style=\"tab-stops: list 36.0pt;\"><span style=\"font-family: Calibri,sans-serif;\"><b><span style=\"font-size: 12.0pt;\"><span style=\"font-family: 'Times New Roman',serif;\">B\u1ea3o v\u1ec7:<\/span><\/span><\/b><span style=\"font-size: 12.0pt;\"><span style=\"font-family: 'Times New Roman',serif;\"> Ng\u0103n ng\u1eeba r\u1ec9 s\u00e9t v\u00e0 \u0103n m\u00f2n cho c\u00e1c chi ti\u1ebft kim lo\u1ea1i.<\/span><\/span><\/span><\/span><\/span><\/span><\/li>\n<\/ul>\n<\/div>\n","protected":false},"excerpt":{"rendered":"<p>T\u00ean sa\u0309n ph\u00e2\u0309m:\u00a0Ch\u1ea5t ch\u1ed1ng d\u00ednh khu\u00f4n silicon Shin-Etsu KS61-100 100g<\/p>\n<p><strong>Li\u00ean H\u1ec7<\/strong>: 0397.433.258<\/p>\n","protected":false},"featured_media":6032,"comment_status":"closed","ping_status":"closed","template":"","meta":[],"product_brand":[],"product_cat":[144],"product_tag":[],"class_list":{"0":"post-6031","1":"product","2":"type-product","3":"status-publish","4":"has-post-thumbnail","6":"product_cat-shin-etsu","8":"first","9":"instock","10":"shipping-taxable","11":"product-type-simple"},"_links":{"self":[{"href":"https:\/\/yenhung.com\/index.php?rest_route=\/wp\/v2\/product\/6031","targetHints":{"allow":["GET"]}}],"collection":[{"href":"https:\/\/yenhung.com\/index.php?rest_route=\/wp\/v2\/product"}],"about":[{"href":"https:\/\/yenhung.com\/index.php?rest_route=\/wp\/v2\/types\/product"}],"replies":[{"embeddable":true,"href":"https:\/\/yenhung.com\/index.php?rest_route=%2Fwp%2Fv2%2Fcomments&post=6031"}],"wp:featuredmedia":[{"embeddable":true,"href":"https:\/\/yenhung.com\/index.php?rest_route=\/wp\/v2\/media\/6032"}],"wp:attachment":[{"href":"https:\/\/yenhung.com\/index.php?rest_route=%2Fwp%2Fv2%2Fmedia&parent=6031"}],"wp:term":[{"taxonomy":"product_brand","embeddable":true,"href":"https:\/\/yenhung.com\/index.php?rest_route=%2Fwp%2Fv2%2Fproduct_brand&post=6031"},{"taxonomy":"product_cat","embeddable":true,"href":"https:\/\/yenhung.com\/index.php?rest_route=%2Fwp%2Fv2%2Fproduct_cat&post=6031"},{"taxonomy":"product_tag","embeddable":true,"href":"https:\/\/yenhung.com\/index.php?rest_route=%2Fwp%2Fv2%2Fproduct_tag&post=6031"}],"curies":[{"name":"wp","href":"https:\/\/api.w.org\/{rel}","templated":true}]}}