{"id":6062,"date":"2025-10-28T02:52:20","date_gmt":"2025-10-28T02:52:20","guid":{"rendered":"https:\/\/yenhung.com\/?product=binh-xit-chong-dinh-khuon-shin-etsu-ks-707-300ml"},"modified":"2026-02-11T07:36:47","modified_gmt":"2026-02-11T07:36:47","slug":"binh-xit-chong-dinh-khuon-shin-etsu-ks-707-300ml","status":"publish","type":"product","link":"https:\/\/yenhung.com\/?product=binh-xit-chong-dinh-khuon-shin-etsu-ks-707-300ml","title":{"rendered":"B\u00ecnh x\u1ecbt ch\u1ed1ng d\u00ednh khu\u00f4n Shin-Etsu KS-707 300ml"},"content":{"rendered":"<div class=\"ba-text-fpt\">\n<h2><strong>B\u00ecnh x\u1ecbt ch\u1ed1ng d\u00ednh khu\u00f4n Shin-Etsu KS-707 300ml<\/strong><\/h2>\n<p>B\u00ecnh x\u1ecbt ch\u1ed1ng d\u00ednh khu\u00f4n Shin-Etsu KS-707 300ml l\u00e0 m\u1ed9t s\u1ea3n ph\u1ea9m <b>ch\u1ea5t th\u00e1o khu\u00f4n g\u1ed1c silicone d\u1ea1ng dung m\u00f4i<\/b>, \u0111\u01b0\u1ee3c s\u1ea3n xu\u1ea5t b\u1edfi Shin-Etsu Chemical.<\/p>\n<p><b>\u0110\u1eb7c \u0111i\u1ec3m ch\u00ednh:<\/b><\/p>\n<p><b><img decoding=\"async\" title=\"ks707-300-2-2\" src=\"https:\/\/yenhung.com\/wp-content\/uploads\/2025\/10\/ks707-300-2-2.jpg\" alt=\"B\u00ecnh x\u1ecbt ch\u1ed1ng d\u00ednh khu\u00f4n Shin-Etsu KS-707 300ml\" data-thumb=\"large\" \/><\/b><\/p>\n<ul>\n<li><b>Ch\u1ea5t n\u1ec1n silicone:<\/b> S\u1eed d\u1ee5ng d\u1ea7u silicone dimethyl l\u00e0m th\u00e0nh ph\u1ea7n ch\u00ednh.<\/li>\n<li><b>D\u1ea1ng b\u00ecnh x\u1ecbt:<\/b> D\u1ec5 d\u00e0ng s\u1eed d\u1ee5ng v\u00e0 bao ph\u1ee7 \u0111\u1ec1u tr\u00ean b\u1ec1 m\u1eb7t khu\u00f4n.<\/li>\n<li><b>Dung t\u00edch 300ml:<\/b> K\u00edch th\u01b0\u1edbc ti\u1ec7n l\u1ee3i cho nhi\u1ec1u \u1ee9ng d\u1ee5ng.<\/li>\n<li><b>G\u1ed1c dung m\u00f4i:<\/b> S\u1eed d\u1ee5ng toluene l\u00e0m dung m\u00f4i.<\/li>\n<li><b>Kh\u1ea3 n\u0103ng th\u1ea5m \u01b0\u1edbt t\u1ed1t:<\/b> Do c\u00f3 s\u1ee9c c\u0103ng b\u1ec1 m\u1eb7t th\u1ea5p, gi\u00fap bao ph\u1ee7 t\u1ed1t c\u00e1c b\u1ec1 m\u1eb7t ph\u1ee9c t\u1ea1p v\u00e0 nh\u1ecf.<\/li>\n<li><b>T\u00ednh tr\u01a1 h\u00f3a h\u1ecdc:<\/b> Kh\u00f4ng g\u00e2y \u0103n m\u00f2n, s\u01b0ng ho\u1eb7c bi\u1ebfn d\u1ea1ng khu\u00f4n v\u00e0 v\u1eadt li\u1ec7u \u0111\u00fac.<\/li>\n<li><b>Ch\u1ecbu nhi\u1ec7t v\u00e0 l\u1ea1nh t\u1ed1t:<\/b> Hi\u1ec7u su\u1ea5t \u1ed5n \u0111\u1ecbnh trong ph\u1ea1m vi nhi\u1ec7t \u0111\u1ed9 r\u1ed9ng, th\u01b0\u1eddng t\u1eeb <b>-50\u00b0C \u0111\u1ebfn 180\u00b0C<\/b>.<\/li>\n<li><b>T\u00ednh b\u00f4i tr\u01a1n t\u1ed1t:<\/b> Gi\u00fap s\u1ea3n ph\u1ea9m d\u1ec5 d\u00e0ng t\u00e1ch ra kh\u1ecfi khu\u00f4n.<\/li>\n<li><b>Hi\u1ec7u su\u1ea5t \u1ed5n \u0111\u1ecbnh:<\/b> \u0110\u1ea3m b\u1ea3o qu\u00e1 tr\u00ecnh th\u00e1o khu\u00f4n di\u1ec5n ra su\u00f4n s\u1ebb v\u00e0 nh\u1ea5t qu\u00e1n.<\/li>\n<li><b>S\u1eed d\u1ee5ng cho nhi\u1ec1u lo\u1ea1i v\u1eadt li\u1ec7u:<\/b> C\u00f3 th\u1ec3 d\u00f9ng v\u1edbi h\u1ea7u h\u1ebft c\u00e1c v\u1eadt li\u1ec7u l\u00e0m khu\u00f4n.<\/li>\n<li><b>\u0110\u01b0\u1ee3c khuy\u1ebfn ngh\u1ecb cho:<\/b>\n<ul>\n<li><b>C\u00f4ng nghi\u1ec7p cao su.<\/b><\/li>\n<li><b>C\u00f4ng nghi\u1ec7p nh\u1ef1a nhi\u1ec7t r\u1eafn.<\/b><\/li>\n<li><b>\u0110\u00fac khu\u00f4n (Die casting).<\/b><\/li>\n<li><b>X\u1eed l\u00fd b\u1ec1 m\u1eb7t.<\/b><\/li>\n<li><b>S\u1ee3i t\u1ed5ng h\u1ee3p.<\/b><\/li>\n<\/ul>\n<\/li>\n<\/ul>\n<p><b>Th\u00e0nh ph\u1ea7n:<\/b><\/p>\n<p><b><img decoding=\"async\" title=\"ks-707-2-1\" src=\"https:\/\/yenhung.com\/wp-content\/uploads\/2025\/10\/ks-707-2-1.jpg\" alt=\"B\u00ecnh x\u1ecbt ch\u1ed1ng d\u00ednh khu\u00f4n Shin-Etsu KS-707\" data-thumb=\"large\" \/><\/b><\/p>\n<ul>\n<li>Th\u00e0nh ph\u1ea7n hi\u1ec7u qu\u1ea3: KS-707 (dimethyl silicone fluid base)<\/li>\n<li>Dung m\u00f4i: Toluene<\/li>\n<li>Kh\u00ed \u0111\u1ea9y: LPG<\/li>\n<\/ul>\n<p><b>H\u01b0\u1edbng d\u1eabn s\u1eed d\u1ee5ng:<\/b><\/p>\n<ol start=\"1\">\n<li><b>L\u1eafc \u0111\u1ec1u b\u00ecnh x\u1ecbt<\/b> tr\u01b0\u1edbc khi s\u1eed d\u1ee5ng.<\/li>\n<li><b>X\u1ecbt m\u1ed9t l\u1edbp m\u1ecfng v\u00e0 \u0111\u1ec1u<\/b> l\u00ean b\u1ec1 m\u1eb7t khu\u00f4n c\u1ea7n ch\u1ed1ng d\u00ednh t\u1eeb kho\u1ea3ng c\u00e1ch th\u00edch h\u1ee3p.<\/li>\n<li><b>\u0110\u1ec3 dung m\u00f4i bay h\u01a1i<\/b> tr\u01b0\u1edbc khi ti\u1ebfn h\u00e0nh qu\u00e1 tr\u00ecnh \u0111\u00fac ho\u1eb7c \u00e9p.<\/li>\n<\/ol>\n<p><b>L\u01b0u \u00fd quan tr\u1ecdng:<\/b><\/p>\n<p><b><img decoding=\"async\" title=\"ks-707-1-1\" src=\"https:\/\/yenhung.com\/wp-content\/uploads\/2025\/10\/ks-707-1-1.jpg\" alt=\"B\u00ecnh x\u1ecbt ch\u1ed1ng d\u00ednh khu\u00f4n Shin-Etsu KS-707\" data-thumb=\"large\" \/><\/b><\/p>\n<ul>\n<li>Shin-Etsu KS-707 l\u00e0 ch\u1ea5t d\u1ec5 ch\u00e1y do ch\u1ee9a toluene. C\u1ea7n tu\u00e2n th\u1ee7 c\u00e1c bi\u1ec7n ph\u00e1p an to\u00e0n khi s\u1eed d\u1ee5ng v\u00e0 b\u1ea3o qu\u1ea3n.<\/li>\n<li>Tr\u00e1nh ti\u1ebfp x\u00fac v\u1edbi m\u1eaft v\u00e0 da.<\/li>\n<li>S\u1eed d\u1ee5ng \u1edf n\u01a1i th\u00f4ng tho\u00e1ng.<\/li>\n<\/ul>\n<\/div>\n","protected":false},"excerpt":{"rendered":"<p>T\u00ean sa\u0309n ph\u00e2\u0309m:\u00a0B\u00ecnh x\u1ecbt ch\u1ed1ng d\u00ednh khu\u00f4n Shin-Etsu KS-707 300ml<\/p>\n<p><strong>Li\u00ean H\u1ec7<\/strong>: 0397.433.258<\/p>\n","protected":false},"featured_media":6063,"comment_status":"closed","ping_status":"closed","template":"","meta":[],"product_brand":[],"product_cat":[144],"product_tag":[],"class_list":{"0":"post-6062","1":"product","2":"type-product","3":"status-publish","4":"has-post-thumbnail","6":"product_cat-shin-etsu","8":"first","9":"instock","10":"shipping-taxable","11":"product-type-simple"},"_links":{"self":[{"href":"https:\/\/yenhung.com\/index.php?rest_route=\/wp\/v2\/product\/6062","targetHints":{"allow":["GET"]}}],"collection":[{"href":"https:\/\/yenhung.com\/index.php?rest_route=\/wp\/v2\/product"}],"about":[{"href":"https:\/\/yenhung.com\/index.php?rest_route=\/wp\/v2\/types\/product"}],"replies":[{"embeddable":true,"href":"https:\/\/yenhung.com\/index.php?rest_route=%2Fwp%2Fv2%2Fcomments&post=6062"}],"wp:featuredmedia":[{"embeddable":true,"href":"https:\/\/yenhung.com\/index.php?rest_route=\/wp\/v2\/media\/6063"}],"wp:attachment":[{"href":"https:\/\/yenhung.com\/index.php?rest_route=%2Fwp%2Fv2%2Fmedia&parent=6062"}],"wp:term":[{"taxonomy":"product_brand","embeddable":true,"href":"https:\/\/yenhung.com\/index.php?rest_route=%2Fwp%2Fv2%2Fproduct_brand&post=6062"},{"taxonomy":"product_cat","embeddable":true,"href":"https:\/\/yenhung.com\/index.php?rest_route=%2Fwp%2Fv2%2Fproduct_cat&post=6062"},{"taxonomy":"product_tag","embeddable":true,"href":"https:\/\/yenhung.com\/index.php?rest_route=%2Fwp%2Fv2%2Fproduct_tag&post=6062"}],"curies":[{"name":"wp","href":"https:\/\/api.w.org\/{rel}","templated":true}]}}