{"id":6086,"date":"2025-10-28T02:52:37","date_gmt":"2025-10-28T02:52:37","guid":{"rendered":"https:\/\/yenhung.com\/?product=keo-silicon-shin-etsu-ke20-1kg"},"modified":"2026-02-11T07:34:47","modified_gmt":"2026-02-11T07:34:47","slug":"keo-silicon-shin-etsu-ke20-1kg","status":"publish","type":"product","link":"https:\/\/yenhung.com\/?product=keo-silicon-shin-etsu-ke20-1kg","title":{"rendered":"Keo silicon Shin-Etsu KE20 1kg"},"content":{"rendered":"<div class=\"ba-text-fpt\">\n<h2 data-sourcepos=\"1:1-1:167\"><strong>Keo silicon Shin-Etsu KE20 1kg<\/strong><\/h2>\n<h2 data-sourcepos=\"1:1-1:167\"><strong><img decoding=\"async\" title=\"shin-etsu-chemical-ke20-2\" src=\"https:\/\/yenhung.com\/wp-content\/uploads\/2025\/10\/shin-etsu-chemical-ke20-2.jpg\" alt=\"Keo silicon Shin-Etsu KE20 1kg\" data-thumb=\"grande\" \/><\/strong><\/h2>\n<p data-sourcepos=\"1:1-1:167\">Shin-Etsu KE20 l\u00e0 m\u1ed9t lo\u1ea1i keo silicone hai th\u00e0nh ph\u1ea7n, th\u01b0\u1eddng \u0111\u01b0\u1ee3c s\u1eed d\u1ee5ng trong c\u00e1c \u1ee9ng d\u1ee5ng khu\u00f4n m\u1eabu v\u00e0 \u0111\u00fac. D\u01b0\u1edbi \u0111\u00e2y l\u00e0 m\u1ed9t s\u1ed1 th\u00f4ng tin chi ti\u1ebft v\u1ec1 s\u1ea3n ph\u1ea9m n\u00e0y:<\/p>\n<p data-sourcepos=\"3:1-3:21\"><strong>\u0110\u1eb7c \u0111i\u1ec3m n\u1ed5i b\u1eadt:<\/strong><\/p>\n<p data-sourcepos=\"3:1-3:21\"><strong><img decoding=\"async\" title=\"ke20-3-1\" src=\"https:\/\/yenhung.com\/wp-content\/uploads\/2025\/10\/ke20-3-1.jpg\" alt=\"Keo silicon Shin-Etsu KE20 1kg\" data-thumb=\"large\" \/><\/strong><\/p>\n<ul data-sourcepos=\"5:1-15:0\">\n<li data-sourcepos=\"5:1-7:44\"><strong>Keo silicone hai th\u00e0nh ph\u1ea7n:<\/strong>\n<ul data-sourcepos=\"6:5-7:44\">\n<li data-sourcepos=\"6:5-6:75\">C\u1ea7n pha tr\u1ed9n hai th\u00e0nh ph\u1ea7n (nh\u1ef1a v\u00e0 ch\u1ea5t x\u00fac t\u00e1c) tr\u01b0\u1edbc khi s\u1eed d\u1ee5ng.<\/li>\n<li data-sourcepos=\"7:5-7:44\">\u0110\u00f4ng c\u1ee9ng th\u00f4ng qua ph\u1ea3n \u1ee9ng ng\u01b0ng t\u1ee5.<\/li>\n<\/ul>\n<\/li>\n<li data-sourcepos=\"8:1-10:68\"><strong>\u1ee8ng d\u1ee5ng khu\u00f4n m\u1eabu:<\/strong>\n<ul data-sourcepos=\"9:5-10:68\">\n<li data-sourcepos=\"9:5-9:60\">Th\u01b0\u1eddng \u0111\u01b0\u1ee3c s\u1eed d\u1ee5ng \u0111\u1ec3 t\u1ea1o khu\u00f4n cho c\u00e1c s\u1ea3n ph\u1ea9m \u0111\u00fac.<\/li>\n<li data-sourcepos=\"10:5-10:68\">Ph\u00f9 h\u1ee3p cho c\u00e1c \u1ee9ng d\u1ee5ng y\u00eau c\u1ea7u \u0111\u1ed9 ch\u00ednh x\u00e1c v\u00e0 chi ti\u1ebft cao.<\/li>\n<\/ul>\n<\/li>\n<li data-sourcepos=\"11:1-15:0\"><strong>\u0110\u1eb7c t\u00ednh:<\/strong>\n<ul data-sourcepos=\"12:5-15:0\">\n<li data-sourcepos=\"12:5-12:55\">T\u1ea1o ra v\u1eadt li\u1ec7u cao su silicone linh ho\u1ea1t v\u00e0 b\u1ec1n.<\/li>\n<li data-sourcepos=\"13:5-13:33\">C\u00f3 kh\u1ea3 n\u0103ng ch\u1ed1ng r\u00e1ch t\u1ed1t.<\/li>\n<li data-sourcepos=\"14:5-15:0\">M\u00e0u x\u00e1m nh\u1ea1t.<\/li>\n<\/ul>\n<\/li>\n<\/ul>\n<p data-sourcepos=\"16:1-16:13\"><strong>\u1ee8ng d\u1ee5ng:<\/strong><\/p>\n<ul data-sourcepos=\"18:1-21:0\">\n<li data-sourcepos=\"18:1-18:56\">T\u1ea1o khu\u00f4n cho c\u00e1c s\u1ea3n ph\u1ea9m \u0111\u00fac nh\u1ef1a, kim lo\u1ea1i, g\u1ed1m s\u1ee9.<\/li>\n<li data-sourcepos=\"19:1-19:64\">S\u1ea3n xu\u1ea5t khu\u00f4n m\u1eabu cho c\u00e1c \u1ee9ng d\u1ee5ng c\u00f4ng nghi\u1ec7p v\u00e0 ngh\u1ec7 thu\u1eadt.<\/li>\n<li data-sourcepos=\"20:1-21:0\">Moulage(l\u1ea5y khu\u00f4n).<\/li>\n<\/ul>\n<p data-sourcepos=\"22:1-22:12\"><strong>\u01afu \u0111i\u1ec3m:<\/strong><\/p>\n<p data-sourcepos=\"22:1-22:12\"><strong><img decoding=\"async\" title=\"ke20-2-1\" src=\"https:\/\/yenhung.com\/wp-content\/uploads\/2025\/10\/ke20-2-1.png\" alt=\"Keo silicon Shin-Etsu KE20 1kg\" data-thumb=\"large\" \/><\/strong><\/p>\n<ul data-sourcepos=\"24:1-27:0\">\n<li data-sourcepos=\"24:1-24:31\">\u0110\u1ed9 ch\u00ednh x\u00e1c v\u00e0 chi ti\u1ebft cao.<\/li>\n<li data-sourcepos=\"25:1-25:36\">\u0110\u1ed9 b\u1ec1n v\u00e0 kh\u1ea3 n\u0103ng ch\u1ed1ng r\u00e1ch t\u1ed1t.<\/li>\n<li data-sourcepos=\"26:1-27:0\">D\u1ec5 s\u1eed d\u1ee5ng.<\/li>\n<\/ul>\n<p data-sourcepos=\"28:1-28:22\"><strong>L\u01b0u \u00fd khi s\u1eed d\u1ee5ng:<\/strong><\/p>\n<ul data-sourcepos=\"30:1-35:0\">\n<li data-sourcepos=\"30:1-30:74\">Pha tr\u1ed9n hai th\u00e0nh ph\u1ea7n theo t\u1ef7 l\u1ec7 ch\u00ednh x\u00e1c \u0111\u01b0\u1ee3c nh\u00e0 s\u1ea3n xu\u1ea5t quy \u0111\u1ecbnh.<\/li>\n<li data-sourcepos=\"31:1-31:50\">L\u00e0m s\u1ea1ch b\u1ec1 m\u1eb7t c\u1ea7n t\u1ea1o khu\u00f4n tr\u01b0\u1edbc khi s\u1eed d\u1ee5ng.<\/li>\n<li data-sourcepos=\"32:1-32:36\">\u0110\u1ea3m b\u1ea3o th\u00f4ng gi\u00f3 t\u1ed1t khi s\u1eed d\u1ee5ng.<\/li>\n<li data-sourcepos=\"33:1-33:69\">\u0110\u1ecdc k\u1ef9 h\u01b0\u1edbng d\u1eabn s\u1eed d\u1ee5ng v\u00e0 c\u00e1c bi\u1ec7n ph\u00e1p an to\u00e0n c\u1ee7a nh\u00e0 s\u1ea3n xu\u1ea5t.<\/li>\n<li data-sourcepos=\"34:1-35:0\">S\u1ea3n ph\u1ea9m n\u00e0y l\u00e0 s\u1ea3n ph\u1ea9m ch\u1ec9 b\u00e1n n\u1ed9i \u0111\u1ecba Nh\u1eadt B\u1ea3n.<\/li>\n<\/ul>\n<p data-sourcepos=\"36:1-36:130\">Shin-Etsu KE20 l\u00e0 m\u1ed9t s\u1ea3n ph\u1ea9m keo silicone chuy\u00ean d\u1ee5ng, \u0111\u01b0\u1ee3c \u0111\u00e1nh gi\u00e1 cao v\u1ec1 ch\u1ea5t l\u01b0\u1ee3ng v\u00e0 hi\u1ec7u qu\u1ea3 trong c\u00e1c \u1ee9ng d\u1ee5ng khu\u00f4n m\u1eabu.<\/p>\n<\/div>\n","protected":false},"excerpt":{"rendered":"<p>T\u00ean sa\u0309n ph\u00e2\u0309m:\u00a0Shin-Etsu KE20<\/p>\n<p><strong>Li\u00ean H\u1ec7<\/strong>: 0397.433.258<\/p>\n","protected":false},"featured_media":6087,"comment_status":"closed","ping_status":"closed","template":"","meta":[],"product_brand":[],"product_cat":[144],"product_tag":[],"class_list":{"0":"post-6086","1":"product","2":"type-product","3":"status-publish","4":"has-post-thumbnail","6":"product_cat-shin-etsu","8":"first","9":"instock","10":"shipping-taxable","11":"product-type-simple"},"_links":{"self":[{"href":"https:\/\/yenhung.com\/index.php?rest_route=\/wp\/v2\/product\/6086","targetHints":{"allow":["GET"]}}],"collection":[{"href":"https:\/\/yenhung.com\/index.php?rest_route=\/wp\/v2\/product"}],"about":[{"href":"https:\/\/yenhung.com\/index.php?rest_route=\/wp\/v2\/types\/product"}],"replies":[{"embeddable":true,"href":"https:\/\/yenhung.com\/index.php?rest_route=%2Fwp%2Fv2%2Fcomments&post=6086"}],"wp:featuredmedia":[{"embeddable":true,"href":"https:\/\/yenhung.com\/index.php?rest_route=\/wp\/v2\/media\/6087"}],"wp:attachment":[{"href":"https:\/\/yenhung.com\/index.php?rest_route=%2Fwp%2Fv2%2Fmedia&parent=6086"}],"wp:term":[{"taxonomy":"product_brand","embeddable":true,"href":"https:\/\/yenhung.com\/index.php?rest_route=%2Fwp%2Fv2%2Fproduct_brand&post=6086"},{"taxonomy":"product_cat","embeddable":true,"href":"https:\/\/yenhung.com\/index.php?rest_route=%2Fwp%2Fv2%2Fproduct_cat&post=6086"},{"taxonomy":"product_tag","embeddable":true,"href":"https:\/\/yenhung.com\/index.php?rest_route=%2Fwp%2Fv2%2Fproduct_tag&post=6086"}],"curies":[{"name":"wp","href":"https:\/\/api.w.org\/{rel}","templated":true}]}}