{"id":6119,"date":"2025-10-28T02:53:08","date_gmt":"2025-10-28T02:53:08","guid":{"rendered":"https:\/\/yenhung.com\/?product=keo-silicone-shin-etsu-ke-4895-w-100g"},"modified":"2026-02-11T07:33:22","modified_gmt":"2026-02-11T07:33:22","slug":"keo-silicone-shin-etsu-ke-4895-w-100g","status":"publish","type":"product","link":"https:\/\/yenhung.com\/?product=keo-silicone-shin-etsu-ke-4895-w-100g","title":{"rendered":"Keo Silicone Shin-Etsu KE-4895-W 100g"},"content":{"rendered":"<div class=\"ba-text-fpt\">\n<h2 data-sourcepos=\"1:1-1:270\"><strong>Shin-Etsu KE-4895-W<\/strong><\/h2>\n<h2 data-sourcepos=\"1:1-1:270\"><strong><img decoding=\"async\" title=\"shin-etsu-chemical-ke-4895-w-2\" src=\"https:\/\/yenhung.com\/wp-content\/uploads\/2025\/10\/shin-etsu-chemical-ke-4895-w-2.jpg\" alt=\"Shin-Etsu KE-4895-W\" data-thumb=\"large\" \/><\/strong><\/h2>\n<p data-sourcepos=\"1:1-1:270\">Shin-Etsu KE-4895-W l\u00e0 m\u1ed9t lo\u1ea1i keo silicone RTV (Room Temperature Vulcanizing &#8211; l\u01b0u h\u00f3a \u1edf nhi\u1ec7t \u0111\u1ed9 ph\u00f2ng) m\u1ed9t th\u00e0nh ph\u1ea7n, \u0111\u01b0\u1ee3c thi\u1ebft k\u1ebf \u0111\u1eb7c bi\u1ec7t cho c\u00e1c \u1ee9ng d\u1ee5ng y\u00eau c\u1ea7u \u0111\u1ed9 tinh khi\u1ebft cao v\u00e0 t\u00ednh ch\u1ea5t kh\u00f4ng \u0103n m\u00f2n. D\u01b0\u1edbi \u0111\u00e2y l\u00e0 m\u1ed9t s\u1ed1 th\u00f4ng tin chi ti\u1ebft v\u1ec1 s\u1ea3n ph\u1ea9m n\u00e0y:<\/p>\n<p data-sourcepos=\"3:1-3:21\"><strong>\u0110\u1eb7c \u0111i\u1ec3m n\u1ed5i b\u1eadt:<\/strong><\/p>\n<ul data-sourcepos=\"5:1-21:0\">\n<li data-sourcepos=\"5:1-6:37\"><strong>M\u1ed9t th\u00e0nh ph\u1ea7n:<\/strong>\n<ul data-sourcepos=\"6:5-6:37\">\n<li data-sourcepos=\"6:5-6:37\">D\u1ec5 s\u1eed d\u1ee5ng, kh\u00f4ng c\u1ea7n pha tr\u1ed9n.<\/li>\n<\/ul>\n<\/li>\n<li data-sourcepos=\"7:1-8:55\"><strong>L\u01b0u h\u00f3a \u1edf nhi\u1ec7t \u0111\u1ed9 ph\u00f2ng (RTV):<\/strong>\n<ul data-sourcepos=\"8:5-8:55\">\n<li data-sourcepos=\"8:5-8:55\">\u0110\u00f4ng c\u1ee9ng khi ti\u1ebfp x\u00fac v\u1edbi \u0111\u1ed9 \u1ea9m trong kh\u00f4ng kh\u00ed.<\/li>\n<\/ul>\n<\/li>\n<li data-sourcepos=\"9:1-10:75\"><strong>T\u00ednh ch\u1ea5t kh\u00f4ng \u0103n m\u00f2n:<\/strong>\n<ul data-sourcepos=\"10:5-10:75\">\n<li data-sourcepos=\"10:5-10:75\">Kh\u00f4ng g\u00e2y \u0103n m\u00f2n kim lo\u1ea1i, ph\u00f9 h\u1ee3p cho c\u00e1c \u1ee9ng d\u1ee5ng \u0111i\u1ec7n t\u1eed nh\u1ea1y c\u1ea3m.<\/li>\n<\/ul>\n<\/li>\n<li data-sourcepos=\"11:1-12:68\"><strong>\u0110\u1ed9 tinh khi\u1ebft cao:<\/strong>\n<ul data-sourcepos=\"12:5-12:68\">\n<li data-sourcepos=\"12:5-12:68\">H\u00e0m l\u01b0\u1ee3ng siloxane ph\u00e2n t\u1eed th\u1ea5p, gi\u1ea3m thi\u1ec3u nguy c\u01a1 nhi\u1ec5m b\u1ea9n.<\/li>\n<\/ul>\n<\/li>\n<li data-sourcepos=\"13:1-14:81\"><strong>\u0110\u1ed9 b\u00e1m d\u00ednh t\u1ed1t:<\/strong>\n<ul data-sourcepos=\"14:5-14:81\">\n<li data-sourcepos=\"14:5-14:81\">B\u00e1m d\u00ednh t\u1ed1t tr\u00ean nhi\u1ec1u lo\u1ea1i v\u1eadt li\u1ec7u, bao g\u1ed3m kim lo\u1ea1i, nh\u1ef1a v\u00e0 th\u1ee7y tinh.<\/li>\n<\/ul>\n<\/li>\n<li data-sourcepos=\"15:1-16:16\"><strong>M\u00e0u s\u1eafc:<\/strong>\n<ul data-sourcepos=\"16:5-16:16\">\n<li data-sourcepos=\"16:5-16:16\">M\u00e0u tr\u1eafng.<\/li>\n<\/ul>\n<\/li>\n<li data-sourcepos=\"17:1-21:0\"><strong>\u1ee8ng d\u1ee5ng:<\/strong>\n<ul data-sourcepos=\"18:5-21:0\">\n<li data-sourcepos=\"18:5-18:53\">L\u00e0m k\u00edn v\u00e0 k\u1ebft d\u00ednh trong c\u00e1c thi\u1ebft b\u1ecb \u0111i\u1ec7n t\u1eed.<\/li>\n<li data-sourcepos=\"19:5-19:44\">B\u1ea3o v\u1ec7 c\u00e1c linh ki\u1ec7n \u0111i\u1ec7n t\u1eed nh\u1ea1y c\u1ea3m.<\/li>\n<li data-sourcepos=\"20:5-21:0\">L\u00e0m k\u00edn trong c\u00e1c \u1ee9ng d\u1ee5ng y\u00eau c\u1ea7u \u0111\u1ed9 tinh khi\u1ebft cao.<\/li>\n<\/ul>\n<\/li>\n<\/ul>\n<p data-sourcepos=\"22:1-22:13\"><strong>\u1ee8ng d\u1ee5ng:<\/strong><\/p>\n<ul data-sourcepos=\"24:1-27:0\">\n<li data-sourcepos=\"24:1-24:42\">S\u1eed d\u1ee5ng trong s\u1ea3n xu\u1ea5t thi\u1ebft b\u1ecb \u0111i\u1ec7n t\u1eed.<\/li>\n<li data-sourcepos=\"25:1-25:36\">D\u00f9ng trong ng\u00e0nh c\u00f4ng nghi\u1ec7p \u00f4 t\u00f4.<\/li>\n<li data-sourcepos=\"26:1-27:0\">\u1ee8ng d\u1ee5ng trong c\u00e1c l\u0129nh v\u1ef1c y\u00eau c\u1ea7u \u0111\u1ed9 tinh khi\u1ebft cao.<\/li>\n<\/ul>\n<p data-sourcepos=\"28:1-28:12\"><strong>\u01afu \u0111i\u1ec3m:<\/strong><\/p>\n<ul data-sourcepos=\"30:1-34:0\">\n<li data-sourcepos=\"30:1-30:56\">T\u00ednh ch\u1ea5t kh\u00f4ng \u0103n m\u00f2n, an to\u00e0n cho linh ki\u1ec7n \u0111i\u1ec7n t\u1eed.<\/li>\n<li data-sourcepos=\"31:1-31:50\">\u0110\u1ed9 tinh khi\u1ebft cao, gi\u1ea3m thi\u1ec3u nguy c\u01a1 nhi\u1ec5m b\u1ea9n.<\/li>\n<li data-sourcepos=\"32:1-32:13\">D\u1ec5 s\u1eed d\u1ee5ng.<\/li>\n<li data-sourcepos=\"33:1-34:0\">\u0110\u1ed9 b\u00e1m d\u00ednh t\u1ed1t.<\/li>\n<\/ul>\n<p data-sourcepos=\"35:1-35:22\"><strong>L\u01b0u \u00fd khi s\u1eed d\u1ee5ng:<\/strong><\/p>\n<ul data-sourcepos=\"37:1-40:0\">\n<li data-sourcepos=\"37:1-37:44\">L\u00e0m s\u1ea1ch b\u1ec1 m\u1eb7t c\u1ea7n d\u00e1n tr\u01b0\u1edbc khi s\u1eed d\u1ee5ng.<\/li>\n<li data-sourcepos=\"38:1-38:36\">\u0110\u1ea3m b\u1ea3o th\u00f4ng gi\u00f3 t\u1ed1t khi s\u1eed d\u1ee5ng.<\/li>\n<li data-sourcepos=\"39:1-40:0\">\u0110\u1ecdc k\u1ef9 h\u01b0\u1edbng d\u1eabn s\u1eed d\u1ee5ng c\u1ee7a nh\u00e0 s\u1ea3n xu\u1ea5t.<\/li>\n<\/ul>\n<p data-sourcepos=\"41:1-41:123\">Shin-Etsu KE-4895-W l\u00e0 m\u1ed9t s\u1ea3n ph\u1ea9m keo silicone chuy\u00ean d\u1ee5ng, \u0111\u01b0\u1ee3c \u0111\u00e1nh gi\u00e1 cao v\u1ec1 \u0111\u1ed9 tinh khi\u1ebft v\u00e0 t\u00ednh ch\u1ea5t kh\u00f4ng \u0103n m\u00f2n.<\/p>\n<p>&nbsp;<\/p>\n<\/div>\n","protected":false},"excerpt":{"rendered":"<p>T\u00ean sa\u0309n ph\u00e2\u0309m:\u00a0Shin-Etsu KE-4895-W<\/p>\n<p><strong>Li\u00ean H\u1ec7<\/strong>: 0397.433.258<\/p>\n","protected":false},"featured_media":6120,"comment_status":"closed","ping_status":"closed","template":"","meta":[],"product_brand":[],"product_cat":[144],"product_tag":[],"class_list":{"0":"post-6119","1":"product","2":"type-product","3":"status-publish","4":"has-post-thumbnail","6":"product_cat-shin-etsu","8":"first","9":"instock","10":"shipping-taxable","11":"product-type-simple"},"_links":{"self":[{"href":"https:\/\/yenhung.com\/index.php?rest_route=\/wp\/v2\/product\/6119","targetHints":{"allow":["GET"]}}],"collection":[{"href":"https:\/\/yenhung.com\/index.php?rest_route=\/wp\/v2\/product"}],"about":[{"href":"https:\/\/yenhung.com\/index.php?rest_route=\/wp\/v2\/types\/product"}],"replies":[{"embeddable":true,"href":"https:\/\/yenhung.com\/index.php?rest_route=%2Fwp%2Fv2%2Fcomments&post=6119"}],"wp:featuredmedia":[{"embeddable":true,"href":"https:\/\/yenhung.com\/index.php?rest_route=\/wp\/v2\/media\/6120"}],"wp:attachment":[{"href":"https:\/\/yenhung.com\/index.php?rest_route=%2Fwp%2Fv2%2Fmedia&parent=6119"}],"wp:term":[{"taxonomy":"product_brand","embeddable":true,"href":"https:\/\/yenhung.com\/index.php?rest_route=%2Fwp%2Fv2%2Fproduct_brand&post=6119"},{"taxonomy":"product_cat","embeddable":true,"href":"https:\/\/yenhung.com\/index.php?rest_route=%2Fwp%2Fv2%2Fproduct_cat&post=6119"},{"taxonomy":"product_tag","embeddable":true,"href":"https:\/\/yenhung.com\/index.php?rest_route=%2Fwp%2Fv2%2Fproduct_tag&post=6119"}],"curies":[{"name":"wp","href":"https:\/\/api.w.org\/{rel}","templated":true}]}}