{"id":6133,"date":"2025-10-28T02:53:32","date_gmt":"2025-10-28T02:53:32","guid":{"rendered":"https:\/\/yenhung.com\/?product=keo-silicon-mau-den-shin-etsu-ke45-b-100g"},"modified":"2026-02-11T07:18:24","modified_gmt":"2026-02-11T07:18:24","slug":"keo-silicon-mau-den-shin-etsu-ke45-b-100g","status":"publish","type":"product","link":"https:\/\/yenhung.com\/?product=keo-silicon-mau-den-shin-etsu-ke45-b-100g","title":{"rendered":"Keo silicon m\u00e0u \u0111en Shin-Etsu KE45 B-100g"},"content":{"rendered":"<div class=\"ba-text-fpt\">\n<h2 data-sourcepos=\"1:1-1:242\"><strong>Keo silicon m\u00e0u \u0111en Shin-Etsu KE-45B-100g<\/strong><\/h2>\n<h2 data-sourcepos=\"1:1-1:242\"><strong><img decoding=\"async\" title=\"shin-etsu-ke-45b-1-jpeg-1\" src=\"https:\/\/yenhung.com\/wp-content\/uploads\/2025\/10\/shin-etsu-ke-45b-1-jpeg-1.jpg\" alt=\"Keo silicon m\u00e0u \u0111en Shin-Etsu KE-45B-100g\" data-thumb=\"large\" \/><\/strong><\/h2>\n<p data-sourcepos=\"1:1-1:242\">Shin-Etsu KE-45B l\u00e0 m\u1ed9t lo\u1ea1i keo silicone RTV (Room Temperature Vulcanizing &#8211; l\u01b0u h\u00f3a \u1edf nhi\u1ec7t \u0111\u1ed9 ph\u00f2ng) m\u1ed9t th\u00e0nh ph\u1ea7n, \u0111\u01b0\u1ee3c s\u1eed d\u1ee5ng r\u1ed9ng r\u00e3i trong nhi\u1ec1u \u1ee9ng d\u1ee5ng c\u00f4ng nghi\u1ec7p v\u00e0 d\u00e2n d\u1ee5ng. D\u01b0\u1edbi \u0111\u00e2y l\u00e0 m\u1ed9t s\u1ed1 th\u00f4ng tin chi ti\u1ebft v\u1ec1 s\u1ea3n ph\u1ea9m n\u00e0y:<\/p>\n<p data-sourcepos=\"3:1-3:21\"><strong>\u0110\u1eb7c \u0111i\u1ec3m n\u1ed5i b\u1eadt:<\/strong><\/p>\n<p data-sourcepos=\"3:1-3:21\"><strong><img decoding=\"async\" title=\"shin-etsu-ke-45b-jpeg-2\" src=\"https:\/\/yenhung.com\/wp-content\/uploads\/2025\/10\/shin-etsu-ke-45b-jpeg-2.jpg\" alt=\"Keo silicon m\u00e0u \u0111en Shin-Etsu KE-45B-100g\" data-thumb=\"large\" \/><\/strong><\/p>\n<ul data-sourcepos=\"5:1-19:0\">\n<li data-sourcepos=\"5:1-6:37\"><strong>M\u1ed9t th\u00e0nh ph\u1ea7n:<\/strong>\n<ul data-sourcepos=\"6:5-6:37\">\n<li data-sourcepos=\"6:5-6:37\">D\u1ec5 s\u1eed d\u1ee5ng, kh\u00f4ng c\u1ea7n pha tr\u1ed9n.<\/li>\n<\/ul>\n<\/li>\n<li data-sourcepos=\"7:1-8:55\"><strong>L\u01b0u h\u00f3a \u1edf nhi\u1ec7t \u0111\u1ed9 ph\u00f2ng (RTV):<\/strong>\n<ul data-sourcepos=\"8:5-8:55\">\n<li data-sourcepos=\"8:5-8:55\">\u0110\u00f4ng c\u1ee9ng khi ti\u1ebfp x\u00fac v\u1edbi \u0111\u1ed9 \u1ea9m trong kh\u00f4ng kh\u00ed.<\/li>\n<\/ul>\n<\/li>\n<li data-sourcepos=\"9:1-12:32\"><strong>T\u00ednh ch\u1ea5t:<\/strong>\n<ul data-sourcepos=\"10:5-12:32\">\n<li data-sourcepos=\"10:5-10:29\">\u00cdt m\u00f9i v\u00e0 kh\u00f4ng \u0103n m\u00f2n.<\/li>\n<li data-sourcepos=\"11:5-11:92\">\u0110\u1ed9 b\u00e1m d\u00ednh t\u1ed1t tr\u00ean nhi\u1ec1u lo\u1ea1i v\u1eadt li\u1ec7u, bao g\u1ed3m kim lo\u1ea1i, nh\u1ef1a, th\u1ee7y tinh v\u00e0 g\u1ed1m s\u1ee9.<\/li>\n<li data-sourcepos=\"12:5-12:32\">T\u1ea1o ra l\u1edbp \u0111\u00e0n h\u1ed3i b\u1ec1n b\u1ec9.<\/li>\n<\/ul>\n<\/li>\n<li data-sourcepos=\"13:1-14:14\"><strong>M\u00e0u s\u1eafc:<\/strong>\n<ul data-sourcepos=\"14:5-14:14\">\n<li data-sourcepos=\"14:5-14:14\">M\u00e0u \u0111en.<\/li>\n<\/ul>\n<\/li>\n<li data-sourcepos=\"15:1-19:0\"><strong>\u1ee8ng d\u1ee5ng \u0111a d\u1ea1ng:<\/strong>\n<ul data-sourcepos=\"16:5-19:0\">\n<li data-sourcepos=\"16:5-16:14\">L\u00e0m k\u00edn.<\/li>\n<li data-sourcepos=\"17:5-17:15\">K\u1ebft d\u00ednh.<\/li>\n<li data-sourcepos=\"18:5-19:0\">C\u00e1ch \u0111i\u1ec7n.<\/li>\n<\/ul>\n<\/li>\n<\/ul>\n<p data-sourcepos=\"20:1-20:13\"><strong>\u1ee8ng d\u1ee5ng:<\/strong><\/p>\n<p data-sourcepos=\"20:1-20:13\"><strong><img decoding=\"async\" title=\"ke45b-1-1\" src=\"https:\/\/yenhung.com\/wp-content\/uploads\/2025\/10\/ke45b-1-1.jpg\" alt=\"Shin-Etsu KE-45B\" data-thumb=\"large\" \/><\/strong><\/p>\n<ul data-sourcepos=\"22:1-26:0\">\n<li data-sourcepos=\"22:1-22:62\">D\u00f9ng trong ng\u00e0nh \u0111i\u1ec7n t\u1eed \u0111\u1ec3 g\u1eafn k\u1ebft v\u00e0 b\u1ea3o v\u1ec7 c\u00e1c linh ki\u1ec7n.<\/li>\n<li data-sourcepos=\"23:1-23:53\">L\u00e0m k\u00edn c\u00e1c m\u1ed1i n\u1ed1i trong thi\u1ebft b\u1ecb \u0111i\u1ec7n v\u00e0 \u0111i\u1ec7n t\u1eed.<\/li>\n<li data-sourcepos=\"24:1-24:74\">S\u1eed d\u1ee5ng trong ng\u00e0nh c\u00f4ng nghi\u1ec7p \u00f4 t\u00f4 \u0111\u1ec3 l\u00e0m k\u00edn v\u00e0 k\u1ebft d\u00ednh c\u00e1c b\u1ed9 ph\u1eadn.<\/li>\n<li data-sourcepos=\"25:1-26:0\">D\u00f9ng trong c\u00e1c \u1ee9ng d\u1ee5ng DIY v\u00e0 s\u1eeda ch\u1eefa gia d\u1ee5ng.<\/li>\n<\/ul>\n<p data-sourcepos=\"27:1-27:12\"><strong>\u01afu \u0111i\u1ec3m:<\/strong><\/p>\n<ul data-sourcepos=\"29:1-33:0\">\n<li data-sourcepos=\"29:1-29:13\">D\u1ec5 s\u1eed d\u1ee5ng.<\/li>\n<li data-sourcepos=\"30:1-30:18\">\u0110\u1ed9 b\u00e1m d\u00ednh t\u1ed1t.<\/li>\n<li data-sourcepos=\"31:1-31:38\">Kh\u1ea3 n\u0103ng ch\u1ecbu nhi\u1ec7t v\u00e0 h\u00f3a ch\u1ea5t t\u1ed1t.<\/li>\n<li data-sourcepos=\"32:1-33:0\">T\u00ednh linh ho\u1ea1t v\u00e0 \u0111\u1ed9 b\u1ec1n cao.<\/li>\n<\/ul>\n<p data-sourcepos=\"34:1-34:22\"><strong>L\u01b0u \u00fd khi s\u1eed d\u1ee5ng:<\/strong><\/p>\n<ul data-sourcepos=\"36:1-40:0\">\n<li data-sourcepos=\"36:1-36:44\">\u0110\u1ea3m b\u1ea3o b\u1ec1 m\u1eb7t c\u1ea7n d\u00e1n s\u1ea1ch s\u1ebd v\u00e0 kh\u00f4 r\u00e1o.<\/li>\n<li data-sourcepos=\"37:1-37:44\">\u0110\u1ecdc k\u1ef9 h\u01b0\u1edbng d\u1eabn s\u1eed d\u1ee5ng c\u1ee7a nh\u00e0 s\u1ea3n xu\u1ea5t.<\/li>\n<li data-sourcepos=\"38:1-38:36\">\u0110\u1ea3m b\u1ea3o th\u00f4ng gi\u00f3 t\u1ed1t khi s\u1eed d\u1ee5ng.<\/li>\n<li data-sourcepos=\"39:1-40:0\">B\u1ea3o qu\u1ea3n n\u01a1i kh\u00f4 r\u00e1o tho\u00e1ng m\u00e1t.<\/li>\n<\/ul>\n<p data-sourcepos=\"41:1-41:99\">Shin-Etsu KE-45B l\u00e0 m\u1ed9t s\u1ea3n ph\u1ea9m keo silicone \u0111a n\u0103ng, \u0111\u01b0\u1ee3c \u0111\u00e1nh gi\u00e1 cao v\u1ec1 ch\u1ea5t l\u01b0\u1ee3ng v\u00e0 hi\u1ec7u qu\u1ea3.<\/p>\n<\/div>\n","protected":false},"excerpt":{"rendered":"<p>T\u00ean sa\u0309n ph\u00e2\u0309m:\u00a0Shin-Etsu KE-45B<\/p>\n<p><strong>Li\u00ean h\u1ec7:<\/strong> 0397.433.258<\/p>\n","protected":false},"featured_media":6134,"comment_status":"closed","ping_status":"closed","template":"","meta":[],"product_brand":[],"product_cat":[144],"product_tag":[],"class_list":{"0":"post-6133","1":"product","2":"type-product","3":"status-publish","4":"has-post-thumbnail","6":"product_cat-shin-etsu","8":"first","9":"instock","10":"shipping-taxable","11":"product-type-simple"},"_links":{"self":[{"href":"https:\/\/yenhung.com\/index.php?rest_route=\/wp\/v2\/product\/6133","targetHints":{"allow":["GET"]}}],"collection":[{"href":"https:\/\/yenhung.com\/index.php?rest_route=\/wp\/v2\/product"}],"about":[{"href":"https:\/\/yenhung.com\/index.php?rest_route=\/wp\/v2\/types\/product"}],"replies":[{"embeddable":true,"href":"https:\/\/yenhung.com\/index.php?rest_route=%2Fwp%2Fv2%2Fcomments&post=6133"}],"wp:featuredmedia":[{"embeddable":true,"href":"https:\/\/yenhung.com\/index.php?rest_route=\/wp\/v2\/media\/6134"}],"wp:attachment":[{"href":"https:\/\/yenhung.com\/index.php?rest_route=%2Fwp%2Fv2%2Fmedia&parent=6133"}],"wp:term":[{"taxonomy":"product_brand","embeddable":true,"href":"https:\/\/yenhung.com\/index.php?rest_route=%2Fwp%2Fv2%2Fproduct_brand&post=6133"},{"taxonomy":"product_cat","embeddable":true,"href":"https:\/\/yenhung.com\/index.php?rest_route=%2Fwp%2Fv2%2Fproduct_cat&post=6133"},{"taxonomy":"product_tag","embeddable":true,"href":"https:\/\/yenhung.com\/index.php?rest_route=%2Fwp%2Fv2%2Fproduct_tag&post=6133"}],"curies":[{"name":"wp","href":"https:\/\/api.w.org\/{rel}","templated":true}]}}