{"id":6149,"date":"2025-10-28T02:53:45","date_gmt":"2025-10-28T02:53:45","guid":{"rendered":"https:\/\/yenhung.com\/?product=mo-silicon-shin-etsu-silicone-g-501-80g"},"modified":"2026-02-11T07:18:15","modified_gmt":"2026-02-11T07:18:15","slug":"mo-silicon-shin-etsu-silicone-g-501-80g","status":"publish","type":"product","link":"https:\/\/yenhung.com\/?product=mo-silicon-shin-etsu-silicone-g-501-80g","title":{"rendered":"M\u1ee1 silicon Shin-Etsu Silicone G-501 80g"},"content":{"rendered":"<div class=\"ba-text-fpt\">\n<h2 data-sourcepos=\"1:1-1:176\"><strong>M\u1ee1 silicon Shin-Etsu Silicone G-501 80g<\/strong><\/h2>\n<h2 data-sourcepos=\"1:1-1:176\"><strong><img decoding=\"async\" title=\"shin-etsu-silicone-g-501-1-jpeg-1\" src=\"https:\/\/yenhung.com\/wp-content\/uploads\/2025\/10\/shin-etsu-silicone-g-501-1-jpeg-1.jpg\" data-thumb=\"large\" \/><\/strong><\/h2>\n<p data-sourcepos=\"1:1-1:176\">Shin-Etsu Silicone G-501 l\u00e0 m\u1ed9t lo\u1ea1i m\u1ee1 silicone \u0111\u1eb7c bi\u1ec7t, \u0111\u01b0\u1ee3c thi\u1ebft k\u1ebf \u0111\u1ec3 b\u00f4i tr\u01a1n v\u00e0 gi\u1ea3m ti\u1ebfng \u1ed3n cho c\u00e1c b\u1ed9 ph\u1eadn b\u1eb1ng nh\u1ef1a. D\u01b0\u1edbi \u0111\u00e2y l\u00e0 th\u00f4ng tin chi ti\u1ebft v\u1ec1 s\u1ea3n ph\u1ea9m n\u00e0y:<\/p>\n<p data-sourcepos=\"3:1-3:21\"><strong>\u0110\u1eb7c \u0111i\u1ec3m n\u1ed5i b\u1eadt:<\/strong><\/p>\n<ul data-sourcepos=\"5:1-16:0\">\n<li data-sourcepos=\"5:1-7:117\"><strong>Chuy\u00ean d\u1ee5ng cho nh\u1ef1a:<\/strong>\n<ul data-sourcepos=\"6:5-7:117\">\n<li data-sourcepos=\"6:5-6:99\">G-501 \u0111\u01b0\u1ee3c thi\u1ebft k\u1ebf \u0111\u1eb7c bi\u1ec7t \u0111\u1ec3 b\u00f4i tr\u01a1n c\u00e1c b\u1ed9 ph\u1eadn b\u1eb1ng nh\u1ef1a, gi\u00fap gi\u1ea3m ma s\u00e1t v\u00e0 ti\u1ebfng \u1ed3n.<\/li>\n<li data-sourcepos=\"7:5-7:117\">\u00cdt g\u00e2y n\u1ee9t v\u1ee1 \u1ee9ng su\u1ea5t cho c\u00e1c lo\u1ea1i nh\u1ef1a nh\u01b0 polycarbonate (PC), polyacetal (POM), ABS v\u00e0 nhi\u1ec1u lo\u1ea1i nh\u1ef1a kh\u00e1c.<\/li>\n<\/ul>\n<\/li>\n<li data-sourcepos=\"8:1-10:61\"><strong>B\u00f4i tr\u01a1n hi\u1ec7u qu\u1ea3 v\u00e0 gi\u1ea3m ti\u1ebfng \u1ed3n:<\/strong>\n<ul data-sourcepos=\"9:5-10:61\">\n<li data-sourcepos=\"9:5-9:89\">Cung c\u1ea5p kh\u1ea3 n\u0103ng b\u00f4i tr\u01a1n tuy\u1ec7t v\u1eddi, gi\u00fap c\u00e1c b\u1ed9 ph\u1eadn ho\u1ea1t \u0111\u1ed9ng tr\u01a1n tru v\u00e0 \u00eam \u00e1i.<\/li>\n<li data-sourcepos=\"10:5-10:61\">Gi\u1ea3m thi\u1ec3u ti\u1ebfng \u1ed3n ph\u00e1t sinh trong qu\u00e1 tr\u00ecnh v\u1eadn h\u00e0nh.<\/li>\n<\/ul>\n<\/li>\n<li data-sourcepos=\"11:1-12:74\"><strong>Ch\u1ecbu nhi\u1ec7t \u0111\u1ed9 r\u1ed9ng:<\/strong>\n<ul data-sourcepos=\"12:5-12:74\">\n<li data-sourcepos=\"12:5-12:74\">Ho\u1ea1t \u0111\u1ed9ng hi\u1ec7u qu\u1ea3 trong ph\u1ea1m vi nhi\u1ec7t \u0111\u1ed9 r\u1ed9ng, t\u1eeb -50\u00b0C \u0111\u1ebfn +150\u00b0C.<\/li>\n<\/ul>\n<\/li>\n<li data-sourcepos=\"13:1-16:0\"><strong>T\u00ednh ch\u1ea5t v\u1eadt l\u00fd:<\/strong>\n<ul data-sourcepos=\"14:5-16:0\">\n<li data-sourcepos=\"14:5-14:15\">D\u1ea1ng: M\u1ee1.<\/li>\n<li data-sourcepos=\"15:5-16:0\">M\u00e0u s\u1eafc: Tr\u1eafng.<\/li>\n<\/ul>\n<\/li>\n<\/ul>\n<p data-sourcepos=\"17:1-17:13\"><strong>\u1ee8ng d\u1ee5ng:<\/strong><\/p>\n<p data-sourcepos=\"17:1-17:13\"><strong><img decoding=\"async\" title=\"shin-etsu-silicone-g-501-2-2\" src=\"https:\/\/yenhung.com\/wp-content\/uploads\/2025\/10\/shin-etsu-silicone-g-501-2-2.jpg\" alt=\"Shin-Etsu Silicone G-501\" data-thumb=\"large\" \/><\/strong><\/p>\n<ul data-sourcepos=\"19:1-22:0\">\n<li data-sourcepos=\"19:1-19:24\">B\u00f4i tr\u01a1n v\u00f2ng bi qu\u1ea1t.<\/li>\n<li data-sourcepos=\"20:1-20:111\">B\u00f4i tr\u01a1n c\u00e1c b\u1ed9 ph\u1eadn nh\u1ef1a trong thi\u1ebft b\u1ecb gia d\u1ee5ng, thi\u1ebft b\u1ecb v\u0103n ph\u00f2ng, \u00f4 t\u00f4 v\u00e0 c\u00e1c thi\u1ebft b\u1ecb c\u01a1 kh\u00ed ch\u00ednh x\u00e1c.<\/li>\n<li data-sourcepos=\"21:1-22:0\">C\u00e1c b\u1ed9 ph\u1eadn nh\u1ef1a d\u00e2n d\u1ee5ng \u0111\u1ed3 d\u00f9ng gia \u0111\u00ecnh, ph\u1ee5 t\u00f9ng thi\u1ebft b\u1ecb v\u0103n ph\u00f2ng, ph\u1ee5 t\u00f9ng \u00f4 t\u00f4, v\u00f2ng bi chi ti\u1ebft c\u01a1 khi ch\u00ednh x\u00e1c.<\/li>\n<\/ul>\n<p data-sourcepos=\"23:1-23:12\"><strong>\u01afu \u0111i\u1ec3m:<\/strong><\/p>\n<p data-sourcepos=\"23:1-23:12\"><strong><img decoding=\"async\" title=\"shin-etsu-silicone-g-501-1\" src=\"https:\/\/yenhung.com\/wp-content\/uploads\/2025\/10\/shin-etsu-silicone-g-501-1.jpg\" alt=\"M\u1ee1 silicon Shin-Etsu Silicone G-501 80g\" data-thumb=\"large\" \/><\/strong><\/p>\n<ul data-sourcepos=\"25:1-29:0\">\n<li data-sourcepos=\"25:1-25:46\">B\u00f4i tr\u01a1n hi\u1ec7u qu\u1ea3 cho c\u00e1c b\u1ed9 ph\u1eadn b\u1eb1ng nh\u1ef1a.<\/li>\n<li data-sourcepos=\"26:1-26:22\">Gi\u1ea3m thi\u1ec3u ti\u1ebfng \u1ed3n.<\/li>\n<li data-sourcepos=\"27:1-27:26\">Ch\u1ecbu \u0111\u01b0\u1ee3c nhi\u1ec7t \u0111\u1ed9 r\u1ed9ng.<\/li>\n<li data-sourcepos=\"28:1-29:0\">\u00cdt g\u00e2y \u1ea3nh h\u01b0\u1edfng \u0111\u1ebfn nh\u1ef1a.<\/li>\n<\/ul>\n<p data-sourcepos=\"30:1-30:22\"><strong>L\u01b0u \u00fd khi s\u1eed d\u1ee5ng:<\/strong><\/p>\n<ul data-sourcepos=\"32:1-34:0\">\n<li data-sourcepos=\"32:1-32:59\">\u0110\u1ecdc k\u1ef9 h\u01b0\u1edbng d\u1eabn s\u1eed d\u1ee5ng c\u1ee7a nh\u00e0 s\u1ea3n xu\u1ea5t tr\u01b0\u1edbc khi d\u00f9ng.<\/li>\n<li data-sourcepos=\"33:1-34:0\">C\u1ea7n ki\u1ec3m tra k\u1ef9 l\u01b0\u1ee1ng s\u1ef1 ph\u00f9 h\u1ee3p c\u1ee7a s\u1ea3n ph\u1ea9m v\u1edbi \u1ee9ng d\u1ee5ng c\u1ee5 th\u1ec3.<\/li>\n<\/ul>\n<p data-sourcepos=\"35:1-35:116\">Shin-Etsu Silicone G-501 l\u00e0 m\u1ed9t s\u1ea3n ph\u1ea9m ch\u1ea5t l\u01b0\u1ee3ng cao, \u0111\u01b0\u1ee3c tin d\u00f9ng trong nhi\u1ec1u \u1ee9ng d\u1ee5ng c\u00f4ng nghi\u1ec7p v\u00e0 d\u00e2n d\u1ee5ng.<\/p>\n<\/div>\n","protected":false},"excerpt":{"rendered":"<p>T\u00ean sa\u0309n ph\u00e2\u0309m:\u00a0Shin-Etsu Silicone G-501<\/p>\n","protected":false},"featured_media":6150,"comment_status":"closed","ping_status":"closed","template":"","meta":[],"product_brand":[],"product_cat":[144],"product_tag":[],"class_list":{"0":"post-6149","1":"product","2":"type-product","3":"status-publish","4":"has-post-thumbnail","6":"product_cat-shin-etsu","8":"first","9":"instock","10":"shipping-taxable","11":"product-type-simple"},"_links":{"self":[{"href":"https:\/\/yenhung.com\/index.php?rest_route=\/wp\/v2\/product\/6149","targetHints":{"allow":["GET"]}}],"collection":[{"href":"https:\/\/yenhung.com\/index.php?rest_route=\/wp\/v2\/product"}],"about":[{"href":"https:\/\/yenhung.com\/index.php?rest_route=\/wp\/v2\/types\/product"}],"replies":[{"embeddable":true,"href":"https:\/\/yenhung.com\/index.php?rest_route=%2Fwp%2Fv2%2Fcomments&post=6149"}],"wp:featuredmedia":[{"embeddable":true,"href":"https:\/\/yenhung.com\/index.php?rest_route=\/wp\/v2\/media\/6150"}],"wp:attachment":[{"href":"https:\/\/yenhung.com\/index.php?rest_route=%2Fwp%2Fv2%2Fmedia&parent=6149"}],"wp:term":[{"taxonomy":"product_brand","embeddable":true,"href":"https:\/\/yenhung.com\/index.php?rest_route=%2Fwp%2Fv2%2Fproduct_brand&post=6149"},{"taxonomy":"product_cat","embeddable":true,"href":"https:\/\/yenhung.com\/index.php?rest_route=%2Fwp%2Fv2%2Fproduct_cat&post=6149"},{"taxonomy":"product_tag","embeddable":true,"href":"https:\/\/yenhung.com\/index.php?rest_route=%2Fwp%2Fv2%2Fproduct_tag&post=6149"}],"curies":[{"name":"wp","href":"https:\/\/api.w.org\/{rel}","templated":true}]}}