{"id":6165,"date":"2025-10-28T02:53:57","date_gmt":"2025-10-28T02:53:57","guid":{"rendered":"https:\/\/yenhung.com\/?product=mo-silicon-shin-etsu-g40-m-100g%e3%80%80"},"modified":"2026-02-11T07:16:08","modified_gmt":"2026-02-11T07:16:08","slug":"mo-silicon-shin-etsu-g40-m-100g%e3%80%80","status":"publish","type":"product","link":"https:\/\/yenhung.com\/?product=mo-silicon-shin-etsu-g40-m-100g%e3%80%80","title":{"rendered":"M\u1ee1 Silicon Shin-Etsu G40 M 100g\u3000"},"content":{"rendered":"<div class=\"ba-text-fpt\">\n<h2 data-sourcepos=\"1:1-1:264\"><strong>M\u1ee1 Silicon Shin-Etsu G40 M 100g\u3000<\/strong><\/h2>\n<h2 data-sourcepos=\"1:1-1:264\"><img decoding=\"async\" title=\"mo-silicon-shin-etsu-g40-m-100g-1-1\" src=\"https:\/\/yenhung.com\/wp-content\/uploads\/2025\/10\/mo-silicon-shin-etsu-g40-m-100g-1-1.jpg\" alt=\"M\u1ee1 Silicon Shin-Etsu G40 M 100g\u3000\" data-thumb=\"large\" \/><\/h2>\n<p data-sourcepos=\"1:1-1:264\">Shin-Etsu G40 M l\u00e0 m\u1ed9t lo\u1ea1i m\u1ee1 b\u00f4i tr\u01a1n silicone \u0111\u01b0\u1ee3c s\u1ea3n xu\u1ea5t b\u1edfi Shin-Etsu Chemical. \u0110\u00e2y l\u00e0 m\u1ed9t s\u1ea3n ph\u1ea9m \u0111\u01b0\u1ee3c thi\u1ebft k\u1ebf cho c\u00e1c \u1ee9ng d\u1ee5ng y\u00eau c\u1ea7u kh\u1ea3 n\u0103ng b\u00f4i tr\u01a1n trong ph\u1ea1m vi nhi\u1ec7t \u0111\u1ed9 r\u1ed9ng v\u00e0 kh\u1ea3 n\u0103ng ch\u1ed1ng \u1ea9m cao. D\u01b0\u1edbi \u0111\u00e2y l\u00e0 m\u1ed9t s\u1ed1 \u0111i\u1ec3m ch\u00ednh v\u1ec1 s\u1ea3n ph\u1ea9m n\u00e0y:<\/p>\n<p data-sourcepos=\"3:1-3:19\"><strong>\u0110\u1eb7c \u0111i\u1ec3m ch\u00ednh:<\/strong><\/p>\n<p data-sourcepos=\"3:1-3:19\"><strong><img decoding=\"async\" title=\"mo-silicon-shin-etsu-g40-m-100g-2-1\" src=\"https:\/\/yenhung.com\/wp-content\/uploads\/2025\/10\/mo-silicon-shin-etsu-g40-m-100g-2-1.jpg\" alt=\"M\u1ee1 Silicon Shin-Etsu G40 M 100g\" data-thumb=\"large\" \/><\/strong><\/p>\n<ul data-sourcepos=\"5:1-13:0\">\n<li data-sourcepos=\"5:1-6:118\"><strong>Kh\u1ea3 n\u0103ng ch\u1ecbu nhi\u1ec7t cao:<\/strong>\n<ul data-sourcepos=\"6:5-6:118\">\n<li data-sourcepos=\"6:5-6:118\">Shin-Etsu G40 M \u0111\u01b0\u1ee3c thi\u1ebft k\u1ebf \u0111\u1ec3 ho\u1ea1t \u0111\u1ed9ng hi\u1ec7u qu\u1ea3 trong m\u1ed9t ph\u1ea1m vi nhi\u1ec7t \u0111\u1ed9 r\u1ed9ng, th\u01b0\u1eddng t\u1eeb -30\u00b0C \u0111\u1ebfn +200\u00b0C.<\/li>\n<\/ul>\n<\/li>\n<li data-sourcepos=\"7:1-8:105\"><strong>Ch\u1ed1ng \u1ea9m t\u1ed1t:<\/strong>\n<ul data-sourcepos=\"8:5-8:105\">\n<li data-sourcepos=\"8:5-8:105\">S\u1ea3n ph\u1ea9m n\u00e0y c\u00f3 kh\u1ea3 n\u0103ng ch\u1ed1ng \u1ea9m cao, l\u00e0m cho n\u00f3 ph\u00f9 h\u1ee3p cho c\u00e1c \u1ee9ng d\u1ee5ng trong m\u00f4i tr\u01b0\u1eddng \u1ea9m \u01b0\u1edbt.<\/li>\n<\/ul>\n<\/li>\n<li data-sourcepos=\"9:1-10:83\"><strong>\u0110\u1ed9 \u1ed5n \u0111\u1ecbnh oxy h\u00f3a nhi\u1ec7t cao:<\/strong>\n<ul data-sourcepos=\"10:5-10:83\">\n<li data-sourcepos=\"10:5-10:83\">G40 M c\u00f3 \u0111\u1ed9 \u1ed5n \u0111\u1ecbnh oxy h\u00f3a nhi\u1ec7t cao, gi\u00fap k\u00e9o d\u00e0i tu\u1ed5i th\u1ecd c\u1ee7a m\u1ee1 b\u00f4i tr\u01a1n.<\/li>\n<\/ul>\n<\/li>\n<li data-sourcepos=\"11:1-13:0\"><strong>\u1ee8ng d\u1ee5ng \u0111a d\u1ea1ng:<\/strong>\n<ul data-sourcepos=\"12:5-13:0\">\n<li data-sourcepos=\"12:5-13:0\">S\u1ea3n ph\u1ea9m n\u00e0y \u0111\u01b0\u1ee3c s\u1eed d\u1ee5ng trong nhi\u1ec1u \u1ee9ng d\u1ee5ng, bao g\u1ed3m b\u00f4i tr\u01a1n v\u00f2ng bi, b\u00e1nh r\u0103ng v\u00e0 c\u00e1c b\u1ed9 ph\u1eadn chuy\u1ec3n \u0111\u1ed9ng kh\u00e1c trong thi\u1ebft b\u1ecb \u0111i\u1ec7n t\u1eed, \u00f4 t\u00f4 v\u00e0 c\u00e1c thi\u1ebft b\u1ecb c\u00f4ng nghi\u1ec7p kh\u00e1c.<\/li>\n<\/ul>\n<\/li>\n<\/ul>\n<p data-sourcepos=\"14:1-14:23\"><strong>\u1ee8ng d\u1ee5ng ti\u00eau bi\u1ec3u:<\/strong><\/p>\n<p data-sourcepos=\"14:1-14:23\"><strong><img decoding=\"async\" title=\"silicon-shin-etsu-g40-m-100g-jpeg-1\" src=\"https:\/\/yenhung.com\/wp-content\/uploads\/2025\/10\/silicon-shin-etsu-g40-m-100g-jpeg-1.jpg\" alt=\"M\u1ee1 Silicon Shin-Etsu G40 M 100g\u3000\" data-thumb=\"large\" \/><\/strong><\/p>\n<ul data-sourcepos=\"16:1-20:0\">\n<li data-sourcepos=\"16:1-16:45\">B\u00f4i tr\u01a1n thi\u1ebft b\u1ecb ho\u1ea1t \u0111\u1ed9ng \u1edf nhi\u1ec7t \u0111\u1ed9 cao.<\/li>\n<li data-sourcepos=\"17:1-17:54\">B\u00f4i tr\u01a1n c\u00e1c b\u1ed9 ph\u1eadn trong thi\u1ebft b\u1ecb \u0111i\u1ec7n t\u1eed v\u00e0 \u0111i\u1ec7n.<\/li>\n<li data-sourcepos=\"18:1-18:43\">B\u00f4i tr\u01a1n c\u00e1c b\u1ed9 ph\u1eadn trong thi\u1ebft b\u1ecb \u00f4 t\u00f4.<\/li>\n<li data-sourcepos=\"19:1-20:0\">B\u00f4i tr\u01a1n c\u00e1c b\u1ed9 ph\u1eadn trong c\u00e1c thi\u1ebft b\u1ecb ch\u00ednh x\u00e1c.<\/li>\n<\/ul>\n<p data-sourcepos=\"21:1-21:22\"><strong>Th\u00f4ng tin b\u1ed5 sung:<\/strong><\/p>\n<ul data-sourcepos=\"23:1-26:0\">\n<li data-sourcepos=\"23:1-23:146\">S\u1ea3n ph\u1ea9m n\u00e0y th\u01b0\u1eddng \u0111\u01b0\u1ee3c t\u00ecm th\u1ea5y trong c\u00e1c \u1ee9ng d\u1ee5ng li\u00ean quan \u0111\u1ebfn thi\u1ebft b\u1ecb \u0111i\u1ec7n t\u1eed, n\u01a1i m\u00e0 \u0111\u1ed9 \u1ed5n \u0111\u1ecbnh v\u00e0 kh\u1ea3 n\u0103ng ch\u1ecbu nhi\u1ec7t l\u00e0 r\u1ea5t quan tr\u1ecdng.<\/li>\n<li data-sourcepos=\"24:1-24:31\">It is a silicon based grease.<\/li>\n<li data-sourcepos=\"25:1-26:0\">It is produced in Japan.<\/li>\n<\/ul>\n<\/div>\n","protected":false},"excerpt":{"rendered":"<p>T\u00ean sa\u0309n ph\u00e2\u0309m: Silicon Shin-Etsu G40 M 100g<\/p>\n<p><strong>Li\u00ean h\u1ec7:<\/strong> 0397.433.258<\/p>\n","protected":false},"featured_media":6166,"comment_status":"closed","ping_status":"closed","template":"","meta":[],"product_brand":[],"product_cat":[144],"product_tag":[],"class_list":{"0":"post-6165","1":"product","2":"type-product","3":"status-publish","4":"has-post-thumbnail","6":"product_cat-shin-etsu","8":"first","9":"instock","10":"shipping-taxable","11":"product-type-simple"},"_links":{"self":[{"href":"https:\/\/yenhung.com\/index.php?rest_route=\/wp\/v2\/product\/6165","targetHints":{"allow":["GET"]}}],"collection":[{"href":"https:\/\/yenhung.com\/index.php?rest_route=\/wp\/v2\/product"}],"about":[{"href":"https:\/\/yenhung.com\/index.php?rest_route=\/wp\/v2\/types\/product"}],"replies":[{"embeddable":true,"href":"https:\/\/yenhung.com\/index.php?rest_route=%2Fwp%2Fv2%2Fcomments&post=6165"}],"wp:featuredmedia":[{"embeddable":true,"href":"https:\/\/yenhung.com\/index.php?rest_route=\/wp\/v2\/media\/6166"}],"wp:attachment":[{"href":"https:\/\/yenhung.com\/index.php?rest_route=%2Fwp%2Fv2%2Fmedia&parent=6165"}],"wp:term":[{"taxonomy":"product_brand","embeddable":true,"href":"https:\/\/yenhung.com\/index.php?rest_route=%2Fwp%2Fv2%2Fproduct_brand&post=6165"},{"taxonomy":"product_cat","embeddable":true,"href":"https:\/\/yenhung.com\/index.php?rest_route=%2Fwp%2Fv2%2Fproduct_cat&post=6165"},{"taxonomy":"product_tag","embeddable":true,"href":"https:\/\/yenhung.com\/index.php?rest_route=%2Fwp%2Fv2%2Fproduct_tag&post=6165"}],"curies":[{"name":"wp","href":"https:\/\/api.w.org\/{rel}","templated":true}]}}