{"id":6225,"date":"2025-10-28T07:27:43","date_gmt":"2025-10-28T07:27:43","guid":{"rendered":"https:\/\/yenhung.com\/?product=mo-boi-tron-super-lube-41160-400g"},"modified":"2026-02-11T07:10:00","modified_gmt":"2026-02-11T07:10:00","slug":"mo-boi-tron-super-lube-41160-400g","status":"publish","type":"product","link":"https:\/\/yenhung.com\/?product=mo-boi-tron-super-lube-41160-400g","title":{"rendered":"M\u1ee1 b\u00f4i tr\u01a1n super lube 41160-400G"},"content":{"rendered":"<div class=\"ba-text-fpt\">\n<h2 data-sourcepos=\"3:1-3:80\"><strong>M\u1ee1 b\u00f4i tr\u01a1n super lube 41160-400G<\/strong><\/h2>\n<p data-sourcepos=\"3:1-3:80\">\u0110\u00e2y l\u00e0 m\u1ed9t s\u1ea3n ph\u1ea9m r\u1ea5t ph\u1ed5 bi\u1ebfn v\u00e0 \u0111\u01b0\u1ee3c \u0111\u00e1nh gi\u00e1 cao c\u1ee7a th\u01b0\u01a1ng hi\u1ec7u Super Lube\u00ae, c\u1ee5 th\u1ec3 l\u00e0 Multi-Purpose Synthetic Grease with Syncolon\u00ae (PTFE), \u0111\u00f3ng g\u00f3i trong lon (canister) ho\u1eb7c \u1ed1ng cartridge dung t\u00edch 14.1 oz (t\u01b0\u01a1ng \u0111\u01b0\u01a1ng kho\u1ea3ng 400 gram)<\/p>\n<p data-sourcepos=\"3:1-3:80\"><img decoding=\"async\" title=\"mo-boi-tron-super-lube-41160-400g-a-2\" src=\"https:\/\/yenhung.com\/wp-content\/uploads\/2025\/10\/mo-boi-tron-super-lube-41160-400g-a-2.jpg\" alt=\"M\u1ee1 b\u00f4i tr\u01a1n super lube 41160-400G\" data-thumb=\"large\" \/><\/p>\n<p style=\"margin-bottom: 11px;\"><span style=\"font-size: 11pt;\"><span style=\"line-height: normal;\"><span style=\"font-family: Calibri,sans-serif;\"><b><span style=\"font-size: 13.5pt;\"><span style=\"font-family: 'Times New Roman',serif;\">\u0110\u1eb7c \u0111i\u1ec3m n\u1ed5i b\u1eadt c\u1ee7a Super Lube 41160<\/span><\/span><\/b><\/span><\/span><\/span><\/p>\n<p style=\"margin-bottom: 11px;\"><span style=\"font-size: 11pt;\"><span style=\"line-height: normal;\"><span style=\"font-family: Calibri,sans-serif;\"><span style=\"font-size: 12.0pt;\"><span style=\"font-family: 'Times New Roman',serif;\">Super Lube 41160 l\u00e0 m\u1ed9t lo\u1ea1i m\u1ee1 t\u1ed5ng h\u1ee3p \u0111a n\u0103ng, ch\u1ea5t l\u01b0\u1ee3ng cao, n\u1ed5i ti\u1ebfng v\u1edbi nh\u1eefng \u01b0u \u0111i\u1ec3m sau:<\/span><\/span><\/span><\/span><\/span><\/p>\n<ul>\n<li style=\"margin-bottom: 11px;\"><span style=\"font-size: 11pt;\"><span style=\"line-height: normal;\"><span style=\"tab-stops: list 36.0pt;\"><span style=\"font-family: Calibri,sans-serif;\"><b><span style=\"font-size: 12.0pt;\"><span style=\"font-family: 'Times New Roman',serif;\">D\u1ea7u g\u1ed1c t\u1ed5ng h\u1ee3p v\u00e0 PTFE (Teflon):<\/span><\/span><\/b><\/span><\/span><\/span><\/span>\n<ul style=\"list-style-type: circle;\">\n<li style=\"margin-bottom: 11px;\"><span style=\"font-size: 11pt;\"><span style=\"line-height: normal;\"><span style=\"tab-stops: list 72.0pt;\"><span style=\"font-family: Calibri,sans-serif;\"><span style=\"font-size: 12.0pt;\"><span style=\"font-family: 'Times New Roman',serif;\">S\u1ea3n ph\u1ea9m \u0111\u01b0\u1ee3c ch\u1ebf t\u1ea1o t\u1eeb d\u1ea7u g\u1ed1c t\u1ed5ng h\u1ee3p cao c\u1ea5p k\u1ebft h\u1ee3p v\u1edbi b\u1ed9t PTFE (Polytetrafluoroethylene) si\u00eau nh\u1ecf. PTFE ho\u1ea1t \u0111\u1ed9ng nh\u01b0 m\u1ed9t ch\u1ea5t b\u00f4i tr\u01a1n r\u1eafn, l\u00e0m gi\u1ea3m ma s\u00e1t \u0111\u00e1ng k\u1ec3 v\u00e0 t\u0103ng c\u01b0\u1eddng kh\u1ea3 n\u0103ng ch\u1ed1ng m\u00e0i m\u00f2n.<\/span><\/span><\/span><\/span><\/span><\/span><\/li>\n<li style=\"margin-bottom: 11px;\"><span style=\"font-size: 11pt;\"><span style=\"line-height: normal;\"><span style=\"tab-stops: list 72.0pt;\"><span style=\"font-family: Calibri,sans-serif;\"><span style=\"font-size: 12.0pt;\"><span style=\"font-family: 'Times New Roman',serif;\">S\u1ef1 k\u1ebft h\u1ee3p n\u00e0y gi\u00fap m\u1ee1 t\u1ea1o th\u00e0nh m\u1ed9t l\u1edbp m\u00e0ng b\u00f4i tr\u01a1n b\u1ec1n v\u1eefng, k\u00e9o d\u00e0i tu\u1ed5i th\u1ecd cho c\u00e1c b\u1ed9 ph\u1eadn.<\/span><\/span><\/span><\/span><\/span><\/span><\/li>\n<\/ul>\n<\/li>\n<li style=\"margin-bottom: 11px;\"><span style=\"font-size: 11pt;\"><span style=\"line-height: normal;\"><span style=\"tab-stops: list 36.0pt;\"><span style=\"font-family: Calibri,sans-serif;\"><b><span style=\"font-size: 12.0pt;\"><span style=\"font-family: 'Times New Roman',serif;\">\u0110a n\u0103ng (Multi-Purpose):<\/span><\/span><\/b> <\/span><\/span><\/span><\/span>\n<ul style=\"list-style-type: circle;\">\n<li style=\"margin-bottom: 11px;\"><span style=\"font-size: 11pt;\"><span style=\"line-height: normal;\"><span style=\"tab-stops: list 72.0pt;\"><span style=\"font-family: Calibri,sans-serif;\"><span style=\"font-size: 12.0pt;\"><span style=\"font-family: 'Times New Roman',serif;\">Ph\u00f9 h\u1ee3p cho nhi\u1ec1u \u1ee9ng d\u1ee5ng kh\u00e1c nhau, t\u1eeb gia \u0111\u00ecnh, \u00f4 t\u00f4, xe m\u00e1y \u0111\u1ebfn c\u00e1c ng\u00e0nh c\u00f4ng nghi\u1ec7p.<\/span><\/span><\/span><\/span><\/span><\/span><\/li>\n<li style=\"margin-bottom: 11px;\"><span style=\"font-size: 11pt;\"><span style=\"line-height: normal;\"><span style=\"tab-stops: list 72.0pt;\"><span style=\"font-family: Calibri,sans-serif;\"><span style=\"font-size: 12.0pt;\"><span style=\"font-family: 'Times New Roman',serif;\"><img decoding=\"async\" title=\"mo-boi-tron-super-lube-41160-400g-b-1\" src=\"https:\/\/yenhung.com\/wp-content\/uploads\/2025\/10\/mo-boi-tron-super-lube-41160-400g-b-1.jpg\" alt=\"M\u1ee1 b\u00f4i tr\u01a1n super lube 41160-400G\" data-thumb=\"large\" \/><\/span><\/span><\/span><\/span><\/span><\/span><\/li>\n<li style=\"margin-bottom: 11px;\"><span style=\"font-size: 11pt;\"><span style=\"line-height: normal;\"><span style=\"tab-stops: list 72.0pt;\"><span style=\"font-family: Calibri,sans-serif;\"><span style=\"font-size: 12.0pt;\"><span style=\"font-family: 'Times New Roman',serif;\">Gi\u00fap gi\u1ea3m thi\u1ec3u vi\u1ec7c ph\u1ea3i l\u01b0u tr\u1eef nhi\u1ec1u lo\u1ea1i m\u1ee1 kh\u00e1c nhau.<\/span><\/span><\/span><\/span><\/span><\/span><\/li>\n<\/ul>\n<\/li>\n<li style=\"margin-bottom: 11px;\"><span style=\"font-size: 11pt;\"><span style=\"line-height: normal;\"><span style=\"tab-stops: list 36.0pt;\"><span style=\"font-family: Calibri,sans-serif;\"><b><span style=\"font-size: 12.0pt;\"><span style=\"font-family: 'Times New Roman',serif;\">Ph\u1ea1m vi nhi\u1ec7t \u0111\u1ed9 ho\u1ea1t \u0111\u1ed9ng r\u1ed9ng:<\/span><\/span><\/b> <\/span><\/span><\/span><\/span>\n<ul style=\"list-style-type: circle;\">\n<li style=\"margin-bottom: 11px;\"><span style=\"font-size: 11pt;\"><span style=\"line-height: normal;\"><span style=\"tab-stops: list 72.0pt;\"><span style=\"font-family: Calibri,sans-serif;\"><span style=\"font-size: 12.0pt;\"><span style=\"font-family: 'Times New Roman',serif;\">Ho\u1ea1t \u0111\u1ed9ng hi\u1ec7u qu\u1ea3 trong kho\u1ea3ng nhi\u1ec7t \u0111\u1ed9 r\u1ea5t r\u1ed9ng, t\u1eeb <b>-45\u00b0C \u0111\u1ebfn 232\u00b0C (-49\u00b0F \u0111\u1ebfn 450\u00b0F)<\/b>. \u0110i\u1ec1u n\u00e0y l\u00e0m cho n\u00f3 l\u00fd t\u01b0\u1edfng cho c\u1ea3 m\u00f4i tr\u01b0\u1eddng l\u1ea1nh kh\u1eafc nghi\u1ec7t v\u00e0 c\u00e1c \u1ee9ng d\u1ee5ng ch\u1ecbu nhi\u1ec7t cao.<\/span><\/span><\/span><\/span><\/span><\/span><\/li>\n<\/ul>\n<\/li>\n<li style=\"margin-bottom: 11px;\"><span style=\"font-size: 11pt;\"><span style=\"line-height: normal;\"><span style=\"tab-stops: list 36.0pt;\"><span style=\"font-family: Calibri,sans-serif;\"><b><span style=\"font-size: 12.0pt;\"><span style=\"font-family: 'Times New Roman',serif;\">Ch\u1ed1ng n\u01b0\u1edbc v\u00e0 \u0103n m\u00f2n v\u01b0\u1ee3t tr\u1ed9i:<\/span><\/span><\/b> <\/span><\/span><\/span><\/span>\n<ul style=\"list-style-type: circle;\">\n<li style=\"margin-bottom: 11px;\"><span style=\"font-size: 11pt;\"><span style=\"line-height: normal;\"><span style=\"tab-stops: list 72.0pt;\"><span style=\"font-family: Calibri,sans-serif;\"><span style=\"font-size: 12.0pt;\"><span style=\"font-family: 'Times New Roman',serif;\">Kh\u00f4ng b\u1ecb r\u1eeda tr\u00f4i b\u1edfi n\u01b0\u1edbc, h\u01a1i n\u01b0\u1edbc ho\u1eb7c n\u01b0\u1edbc mu\u1ed1i, r\u1ea5t ph\u00f9 h\u1ee3p cho c\u00e1c \u1ee9ng d\u1ee5ng trong m\u00f4i tr\u01b0\u1eddng \u1ea9m \u01b0\u1edbt ho\u1eb7c ti\u1ebfp x\u00fac v\u1edbi n\u01b0\u1edbc.<\/span><\/span><\/span><\/span><\/span><\/span><\/li>\n<li style=\"margin-bottom: 11px;\"><span style=\"font-size: 11pt;\"><span style=\"line-height: normal;\"><span style=\"tab-stops: list 72.0pt;\"><span style=\"font-family: Calibri,sans-serif;\"><span style=\"font-size: 12.0pt;\"><span style=\"font-family: 'Times New Roman',serif;\">B\u1ea3o v\u1ec7 kim lo\u1ea1i kh\u1ecfi r\u1ec9 s\u00e9t v\u00e0 \u0103n m\u00f2n hi\u1ec7u qu\u1ea3.<\/span><\/span><\/span><\/span><\/span><\/span><\/li>\n<\/ul>\n<\/li>\n<li style=\"margin-bottom: 11px;\"><span style=\"font-size: 11pt;\"><span style=\"line-height: normal;\"><span style=\"tab-stops: list 36.0pt;\"><span style=\"font-family: Calibri,sans-serif;\"><b><span style=\"font-size: 12.0pt;\"><span style=\"font-family: 'Times New Roman',serif;\">An to\u00e0n v\u00e0 s\u1ea1ch s\u1ebd:<\/span><\/span><\/b> <\/span><\/span><\/span><\/span>\n<ul style=\"list-style-type: circle;\">\n<li style=\"margin-bottom: 11px;\"><span style=\"font-size: 11pt;\"><span style=\"line-height: normal;\"><span style=\"tab-stops: list 72.0pt;\"><span style=\"font-family: Calibri,sans-serif;\"><b><span style=\"font-size: 12.0pt;\"><span style=\"font-family: 'Times New Roman',serif;\">M\u00e0u tr\u1eafng trong, kh\u00f4ng m\u00f9i, kh\u00f4ng \u0111\u1ed9c h\u1ea1i.<\/span><\/span><\/b><\/span><\/span><\/span><\/span><\/li>\n<li style=\"margin-bottom: 11px;\"><span style=\"font-size: 11pt;\"><span style=\"line-height: normal;\"><span style=\"tab-stops: list 72.0pt;\"><span style=\"font-family: Calibri,sans-serif;\"><b><span style=\"font-size: 12.0pt;\"><span style=\"font-family: 'Times New Roman',serif;\">\u0110\u01b0\u1ee3c ch\u1ee9ng nh\u1eadn NSF H1:<\/span><\/span><\/b><span style=\"font-size: 12.0pt;\"><span style=\"font-family: 'Times New Roman',serif;\"> \u0110\u00e2y l\u00e0 m\u1ed9t trong nh\u1eefng \u0111i\u1ec3m n\u1ed5i b\u1eadt nh\u1ea5t. Ch\u1ee9ng nh\u1eadn H1 c\u00f3 ngh\u0129a l\u00e0 m\u1ee1 an to\u00e0n cho vi\u1ec7c s\u1eed d\u1ee5ng trong c\u00e1c nh\u00e0 m\u00e1y ch\u1ebf bi\u1ebfn th\u1ef1c ph\u1ea9m, n\u01a1i c\u00f3 kh\u1ea3 n\u0103ng ti\u1ebfp x\u00fac ng\u1eabu nhi\u00ean v\u1edbi th\u1ef1c ph\u1ea9m.<\/span><\/span><\/span><\/span><\/span><\/span><\/li>\n<li style=\"margin-bottom: 11px;\"><span style=\"font-size: 11pt;\"><span style=\"line-height: normal;\"><span style=\"tab-stops: list 72.0pt;\"><span style=\"font-family: Calibri,sans-serif;\"><span style=\"font-size: 12.0pt;\"><span style=\"font-family: 'Times New Roman',serif;\">L\u00e0 ch\u1ea5t \u0111i\u1ec7n m\u00f4i (dielectric), an to\u00e0n cho c\u00e1c \u1ee9ng d\u1ee5ng \u0111i\u1ec7n.<\/span><\/span><\/span><\/span><\/span><\/span><\/li>\n<\/ul>\n<\/li>\n<li style=\"margin-bottom: 11px;\"><span style=\"font-size: 11pt;\"><span style=\"line-height: normal;\"><span style=\"tab-stops: list 36.0pt;\"><span style=\"font-family: Calibri,sans-serif;\"><b><span style=\"font-size: 12.0pt;\"><span style=\"font-family: 'Times New Roman',serif;\">\u1ed4n \u0111\u1ecbnh v\u00e0 b\u1ec1n b\u1ec9:<\/span><\/span><\/b> <\/span><\/span><\/span><\/span>\n<ul style=\"list-style-type: circle;\">\n<li style=\"margin-bottom: 11px;\"><span style=\"font-size: 11pt;\"><span style=\"line-height: normal;\"><span style=\"tab-stops: list 72.0pt;\"><span style=\"font-family: Calibri,sans-serif;\"><span style=\"font-size: 12.0pt;\"><span style=\"font-family: 'Times New Roman',serif;\">C\u00f3 \u0111\u1ed9 \u1ed5n \u0111\u1ecbnh c\u01a1 h\u1ecdc t\u1ed1t, kh\u00f4ng b\u1ecb ph\u00e2n h\u1ee7y, ch\u1ea3y l\u1ecfng hay \u0111\u00f4ng c\u1ee9ng theo th\u1eddi gian.<\/span><\/span><\/span><\/span><\/span><\/span><\/li>\n<li style=\"margin-bottom: 11px;\"><span style=\"font-size: 11pt;\"><span style=\"line-height: normal;\"><span style=\"tab-stops: list 72.0pt;\"><span style=\"font-family: Calibri,sans-serif;\"><span style=\"font-size: 12.0pt;\"><span style=\"font-family: 'Times New Roman',serif;\">Kh\u00f4ng bay h\u01a1i, kh\u00f4ng t\u1ea1o c\u1eb7n ho\u1eb7c v\u1ec7t d\u00ednh.<\/span><\/span><\/span><\/span><\/span><\/span><\/li>\n<li style=\"margin-bottom: 11px;\"><span style=\"font-size: 11pt;\"><span style=\"line-height: normal;\"><span style=\"tab-stops: list 72.0pt;\"><span style=\"font-family: Calibri,sans-serif;\"><span style=\"font-size: 12.0pt;\"><span style=\"font-family: 'Times New Roman',serif;\">C\u00f3 th\u1ec3 k\u00e9o d\u00e0i tu\u1ed5i th\u1ecd b\u00f4i tr\u01a1n g\u1ea5p 3-4 l\u1ea7n so v\u1edbi c\u00e1c lo\u1ea1i m\u1ee1 g\u1ed1c d\u1ea7u m\u1ecf th\u00f4ng th\u01b0\u1eddng.<\/span><\/span><\/span><\/span><\/span><\/span><\/li>\n<\/ul>\n<\/li>\n<li style=\"margin-bottom: 11px;\"><span style=\"font-size: 11pt;\"><span style=\"line-height: normal;\"><span style=\"tab-stops: list 36.0pt;\"><span style=\"font-family: Calibri,sans-serif;\"><b><span style=\"font-size: 12.0pt;\"><span style=\"font-family: 'Times New Roman',serif;\">Quy c\u00e1ch \u0111\u00f3ng g\u00f3i:<\/span><\/span><\/b><span style=\"font-size: 12.0pt;\"><span style=\"font-family: 'Times New Roman',serif;\"> Lon (canister) ho\u1eb7c \u1ed1ng cartridge 14.1 oz (kho\u1ea3ng 400g\/400ml), ti\u1ec7n l\u1ee3i \u0111\u1ec3 s\u1eed d\u1ee5ng v\u1edbi s\u00fang b\u01a1m m\u1ee1 ho\u1eb7c d\u00f9ng th\u1ee7 c\u00f4ng.<\/span><\/span><\/span><\/span><\/span><\/span>\n<p style=\"margin-bottom: 11px;\"><span style=\"font-size: 11pt;\"><span style=\"line-height: normal;\"><span style=\"font-family: Calibri,sans-serif;\"><b><span style=\"font-size: 13.5pt;\"><span style=\"font-family: 'Times New Roman',serif;\">\u1ee8ng d\u1ee5ng c\u1ee7a Super Lube 41160<\/span><\/span><\/b><\/span><\/span><\/span><\/p>\n<p style=\"margin-bottom: 11px;\"><span style=\"font-size: 11pt;\"><span style=\"line-height: normal;\"><span style=\"font-family: Calibri,sans-serif;\"><span style=\"font-size: 12.0pt;\"><span style=\"font-family: 'Times New Roman',serif;\">Super Lube 41160 \u0111\u01b0\u1ee3c \u1ee9ng d\u1ee5ng r\u1ed9ng r\u00e3i nh\u1edd t\u00ednh \u0111a n\u0103ng v\u00e0 an to\u00e0n:<\/span><\/span><\/span><\/span><\/span><\/p>\n<\/li>\n<li style=\"margin-bottom: 11px;\">\n<p style=\"margin-bottom: 11px;\"><span style=\"font-size: 11pt;\"><span style=\"line-height: normal;\"><span style=\"font-family: Calibri,sans-serif;\"><span style=\"font-size: 12.0pt;\"><span style=\"font-family: 'Times New Roman',serif;\"><img decoding=\"async\" title=\"mo-boi-tron-super-lube-41160-400g-c-1\" src=\"https:\/\/yenhung.com\/wp-content\/uploads\/2025\/10\/mo-boi-tron-super-lube-41160-400g-c-1.jpg\" alt=\"M\u1ee1 b\u00f4i tr\u01a1n super lube 41160-400G\" data-thumb=\"large\" \/><\/span><\/span><\/span><\/span><\/span><\/p>\n<\/li>\n<li style=\"margin-bottom: 11px;\"><span style=\"font-size: 11pt;\"><span style=\"line-height: normal;\"><span style=\"tab-stops: list 36.0pt;\"><span style=\"font-family: Calibri,sans-serif;\"><b><span style=\"font-size: 12.0pt;\"><span style=\"font-family: 'Times New Roman',serif;\">C\u00f4ng nghi\u1ec7p:<\/span><\/span><\/b> <\/span><\/span><\/span><\/span>\n<ul style=\"list-style-type: circle;\">\n<li style=\"margin-bottom: 11px;\"><span style=\"font-size: 11pt;\"><span style=\"line-height: normal;\"><span style=\"tab-stops: list 72.0pt;\"><span style=\"font-family: Calibri,sans-serif;\"><span style=\"font-size: 12.0pt;\"><span style=\"font-family: 'Times New Roman',serif;\">V\u00f2ng bi, b\u1ea1c \u0111\u1ea1n, b\u00e1nh r\u0103ng, kh\u1edbp n\u1ed1i, con l\u0103n, b\u0103ng t\u1ea3i trong c\u00e1c m\u00e1y m\u00f3c c\u00f4ng nghi\u1ec7p.<\/span><\/span><\/span><\/span><\/span><\/span><\/li>\n<li style=\"margin-bottom: 11px;\"><span style=\"font-size: 11pt;\"><span style=\"line-height: normal;\"><span style=\"tab-stops: list 72.0pt;\"><span style=\"font-family: Calibri,sans-serif;\"><span style=\"font-size: 12.0pt;\"><span style=\"font-family: 'Times New Roman',serif;\">\u0110\u1eb7c bi\u1ec7t ph\u00f9 h\u1ee3p cho m\u00e1y m\u00f3c trong ng\u00e0nh th\u1ef1c ph\u1ea9m, \u0111\u1ed3 u\u1ed1ng, d\u01b0\u1ee3c ph\u1ea9m (do ch\u1ee9ng nh\u1eadn NSF H1).<\/span><\/span><\/span><\/span><\/span><\/span><\/li>\n<li style=\"margin-bottom: 11px;\"><span style=\"font-size: 11pt;\"><span style=\"line-height: normal;\"><span style=\"tab-stops: list 72.0pt;\"><span style=\"font-family: Calibri,sans-serif;\"><span style=\"font-size: 12.0pt;\"><span style=\"font-family: 'Times New Roman',serif;\">Thi\u1ebft b\u1ecb ho\u1ea1t \u0111\u1ed9ng trong m\u00f4i tr\u01b0\u1eddng nhi\u1ec7t \u0111\u1ed9 cao ho\u1eb7c th\u1ea5p, \u1ea9m \u01b0\u1edbt.<\/span><\/span><\/span><\/span><\/span><\/span><\/li>\n<\/ul>\n<\/li>\n<li style=\"margin-bottom: 11px;\"><span style=\"font-size: 11pt;\"><span style=\"line-height: normal;\"><span style=\"tab-stops: list 36.0pt;\"><span style=\"font-family: Calibri,sans-serif;\"><b><span style=\"font-size: 12.0pt;\"><span style=\"font-family: 'Times New Roman',serif;\">\u00d4 t\u00f4 &amp; Xe m\u00e1y:<\/span><\/span><\/b> <\/span><\/span><\/span><\/span>\n<ul style=\"list-style-type: circle;\">\n<li style=\"margin-bottom: 11px;\"><span style=\"font-size: 11pt;\"><span style=\"line-height: normal;\"><span style=\"tab-stops: list 72.0pt;\"><span style=\"font-family: Calibri,sans-serif;\"><span style=\"font-size: 12.0pt;\"><span style=\"font-family: 'Times New Roman',serif;\">V\u00f2ng bi b\u00e1nh xe, kh\u1edbp c\u1ea7u, b\u1ea3n l\u1ec1 c\u1eeda, kh\u00f3a, chassi, c\u00e1c b\u1ed9 ph\u1eadn chuy\u1ec3n \u0111\u1ed9ng.<\/span><\/span><\/span><\/span><\/span><\/span><\/li>\n<li style=\"margin-bottom: 11px;\"><span style=\"font-size: 11pt;\"><span style=\"line-height: normal;\"><span style=\"tab-stops: list 72.0pt;\"><span style=\"font-family: Calibri,sans-serif;\"><span style=\"font-size: 12.0pt;\"><span style=\"font-family: 'Times New Roman',serif;\">H\u1ec7 th\u1ed1ng \u0111i\u1ec7n (do t\u00ednh ch\u1ea5t \u0111i\u1ec7n m\u00f4i).<\/span><\/span><\/span><\/span><\/span><\/span><\/li>\n<\/ul>\n<\/li>\n<li style=\"margin-bottom: 11px;\"><span style=\"font-size: 11pt;\"><span style=\"line-height: normal;\"><span style=\"tab-stops: list 36.0pt;\"><span style=\"font-family: Calibri,sans-serif;\"><b><span style=\"font-size: 12.0pt;\"><span style=\"font-family: 'Times New Roman',serif;\">Gia \u0111\u00ecnh:<\/span><\/span><\/b> <\/span><\/span><\/span><\/span>\n<ul style=\"list-style-type: circle;\">\n<li style=\"margin-bottom: 11px;\"><span style=\"font-size: 11pt;\"><span style=\"line-height: normal;\"><span style=\"tab-stops: list 72.0pt;\"><span style=\"font-family: Calibri,sans-serif;\"><span style=\"font-size: 12.0pt;\"><span style=\"font-family: 'Times New Roman',serif;\">B\u1ea3n l\u1ec1 c\u1eeda, kh\u00f3a, ray tr\u01b0\u1ee3t ng\u0103n k\u00e9o, thi\u1ebft b\u1ecb t\u1eadp th\u1ec3 d\u1ee5c, qu\u1ea1t, d\u1ee5ng c\u1ee5 l\u00e0m v\u01b0\u1eddn.<\/span><\/span><\/span><\/span><\/span><\/span><\/li>\n<li style=\"margin-bottom: 11px;\"><span style=\"font-size: 11pt;\"><span style=\"line-height: normal;\"><span style=\"tab-stops: list 72.0pt;\"><span style=\"font-family: Calibri,sans-serif;\"><span style=\"font-size: 12.0pt;\"><span style=\"font-family: 'Times New Roman',serif;\">C\u00e1c thi\u1ebft b\u1ecb nh\u00e0 b\u1ebfp, m\u00e1y pha c\u00e0 ph\u00ea (an to\u00e0n th\u1ef1c ph\u1ea9m).<\/span><\/span><\/span><\/span><\/span><\/span><\/li>\n<\/ul>\n<\/li>\n<li style=\"margin-bottom: 11px;\"><span style=\"font-size: 11pt;\"><span style=\"line-height: normal;\"><span style=\"tab-stops: list 36.0pt;\"><span style=\"font-family: Calibri,sans-serif;\"><b><span style=\"font-size: 12.0pt;\"><span style=\"font-family: 'Times New Roman',serif;\">C\u00e1c \u1ee9ng d\u1ee5ng kh\u00e1c:<\/span><\/span><\/b> <\/span><\/span><\/span><\/span>\n<ul style=\"list-style-type: circle;\">\n<li style=\"margin-bottom: 11px;\"><span style=\"font-size: 11pt;\"><span style=\"line-height: normal;\"><span style=\"tab-stops: list 72.0pt;\"><span style=\"font-family: Calibri,sans-serif;\"><span style=\"font-size: 12.0pt;\"><span style=\"font-family: 'Times New Roman',serif;\">D\u1ee5ng c\u1ee5 th\u1ec3 thao, xe \u0111\u1ea1p, thi\u1ebft b\u1ecb c\u00e2u c\u00e1, c\u00e1c chi ti\u1ebft b\u1eb1ng nh\u1ef1a v\u00e0 cao su (do t\u01b0\u01a1ng th\u00edch t\u1ed1t v\u1edbi nhi\u1ec1u lo\u1ea1i v\u1eadt li\u1ec7u).<\/span><\/span><\/span><\/span><\/span><\/span><\/li>\n<\/ul>\n<\/li>\n<\/ul>\n<\/div>\n","protected":false},"excerpt":{"rendered":"<p>T\u00ean sa\u0309n ph\u00e2\u0309m:\u00a0Suber Lube 41160<\/p>\n<p><strong>Li\u00ean h\u1ec7:<\/strong> 0397.433.258<\/p>\n","protected":false},"featured_media":6226,"comment_status":"closed","ping_status":"closed","template":"","meta":[],"product_brand":[],"product_cat":[149],"product_tag":[],"class_list":{"0":"post-6225","1":"product","2":"type-product","3":"status-publish","4":"has-post-thumbnail","6":"product_cat-super-lube","8":"first","9":"instock","10":"shipping-taxable","11":"product-type-simple"},"_links":{"self":[{"href":"https:\/\/yenhung.com\/index.php?rest_route=\/wp\/v2\/product\/6225","targetHints":{"allow":["GET"]}}],"collection":[{"href":"https:\/\/yenhung.com\/index.php?rest_route=\/wp\/v2\/product"}],"about":[{"href":"https:\/\/yenhung.com\/index.php?rest_route=\/wp\/v2\/types\/product"}],"replies":[{"embeddable":true,"href":"https:\/\/yenhung.com\/index.php?rest_route=%2Fwp%2Fv2%2Fcomments&post=6225"}],"wp:featuredmedia":[{"embeddable":true,"href":"https:\/\/yenhung.com\/index.php?rest_route=\/wp\/v2\/media\/6226"}],"wp:attachment":[{"href":"https:\/\/yenhung.com\/index.php?rest_route=%2Fwp%2Fv2%2Fmedia&parent=6225"}],"wp:term":[{"taxonomy":"product_brand","embeddable":true,"href":"https:\/\/yenhung.com\/index.php?rest_route=%2Fwp%2Fv2%2Fproduct_brand&post=6225"},{"taxonomy":"product_cat","embeddable":true,"href":"https:\/\/yenhung.com\/index.php?rest_route=%2Fwp%2Fv2%2Fproduct_cat&post=6225"},{"taxonomy":"product_tag","embeddable":true,"href":"https:\/\/yenhung.com\/index.php?rest_route=%2Fwp%2Fv2%2Fproduct_tag&post=6225"}],"curies":[{"name":"wp","href":"https:\/\/api.w.org\/{rel}","templated":true}]}}