{"id":6241,"date":"2025-10-28T07:27:56","date_gmt":"2025-10-28T07:27:56","guid":{"rendered":"https:\/\/yenhung.com\/?product=dau-boi-tron-super-lube-12040-1gallon"},"modified":"2026-02-11T07:13:02","modified_gmt":"2026-02-11T07:13:02","slug":"dau-boi-tron-super-lube-12040-1gallon","status":"publish","type":"product","link":"https:\/\/yenhung.com\/?product=dau-boi-tron-super-lube-12040-1gallon","title":{"rendered":"D\u1ea7u b\u00f4i tr\u01a1n super lube 12040-1gallon"},"content":{"rendered":"<div class=\"ba-text-fpt\">\n<h2 data-sourcepos=\"1:1-1:80\"><strong>D\u1ea7u b\u00f4i tr\u01a1n Super Lube 12040: Gi\u1ea3i ph\u00e1p ho\u00e0n h\u1ea3o cho d\u1ee5ng c\u1ee5 kh\u00ed n\u00e9n c\u1ee7a b\u1ea1n<\/strong><\/h2>\n<p><strong><img decoding=\"async\" title=\"12040-3\" src=\"https:\/\/yenhung.com\/wp-content\/uploads\/2025\/10\/12040-3.png\" alt=\"D\u1ea7u b\u00f4i tr\u01a1n Super lube 12040\" data-thumb=\"large\" \/><\/strong><\/p>\n<p data-sourcepos=\"3:1-3:266\"><strong>Super Lube 12040<\/strong> l\u00e0 d\u1ea7u b\u00f4i tr\u01a1n t\u1ed5ng h\u1ee3p \u0111a d\u1ee5ng \u0111\u01b0\u1ee3c thi\u1ebft k\u1ebf \u0111\u1eb7c bi\u1ec7t cho c\u00e1c d\u1ee5ng c\u1ee5 kh\u00ed n\u00e9n. S\u1ea3n ph\u1ea9m n\u00e0y mang \u0111\u1ebfn hi\u1ec7u su\u1ea5t b\u00f4i tr\u01a1n v\u01b0\u1ee3t tr\u1ed9i, b\u1ea3o v\u1ec7 t\u1ed1i \u01b0u v\u00e0 \u0111\u1ed9 b\u1ec1n l\u00e2u cho c\u00e1c d\u1ee5ng c\u1ee5 c\u1ee7a b\u1ea1n, gi\u00fap b\u1ea1n ho\u00e0n th\u00e0nh c\u00f4ng vi\u1ec7c m\u1ed9t c\u00e1ch hi\u1ec7u qu\u1ea3 v\u00e0 an to\u00e0n.<\/p>\n<h2 data-sourcepos=\"5:1-5:22\"><strong>T\u00ednh n\u0103ng n\u1ed5i b\u1eadt:<\/strong><\/h2>\n<p><img decoding=\"async\" title=\"12040-1-2\" src=\"https:\/\/yenhung.com\/wp-content\/uploads\/2025\/10\/12040-1-2.png\" alt=\"D\u1ea7u b\u00f4i tr\u01a1n Super lube 12040\" data-thumb=\"large\" \/><\/p>\n<ul data-sourcepos=\"7:1-12:0\">\n<li data-sourcepos=\"7:1-7:178\"><strong>Hi\u1ec7u su\u1ea5t b\u00f4i tr\u01a1n v\u01b0\u1ee3t tr\u1ed9i:<\/strong>\u00a0Super Lube 12040 t\u1ea1o m\u00e0ng phim b\u00f4i tr\u01a1n d\u00e0y, b\u00e1m d\u00ednh cao, gi\u00fap gi\u1ea3m thi\u1ec3u ma s\u00e1t v\u00e0 m\u00e0i m\u00f2n, cho ph\u00e9p d\u1ee5ng c\u1ee5 v\u1eadn h\u00e0nh \u00eam \u00e1i v\u00e0 tr\u01a1n tru h\u01a1n.<\/li>\n<li data-sourcepos=\"8:1-8:135\"><strong>B\u1ea3o v\u1ec7 t\u1ed1i \u01b0u:<\/strong>\u00a0S\u1ea3n ph\u1ea9m n\u00e0y b\u1ea3o v\u1ec7 d\u1ee5ng c\u1ee5 kh\u1ecfi s\u1ef1 r\u1ec9 s\u00e9t, \u0103n m\u00f2n, n\u01b0\u1edbc v\u00e0 b\u1ee5i b\u1ea9n, k\u00e9o d\u00e0i tu\u1ed5i th\u1ecd v\u00e0 t\u0103ng hi\u1ec7u su\u1ea5t ho\u1ea1t \u0111\u1ed9ng.<\/li>\n<li data-sourcepos=\"9:1-9:146\"><strong>Ch\u1ecbu nhi\u1ec7t \u0111\u1ed9 cao:<\/strong>\u00a0Super Lube 12040 c\u00f3 th\u1ec3 ch\u1ecbu \u0111\u01b0\u1ee3c nhi\u1ec7t \u0111\u1ed9 t\u1eeb -40\u00b0C \u0111\u1ebfn 204\u00b0C, ph\u00f9 h\u1ee3p s\u1eed d\u1ee5ng trong nhi\u1ec1u m\u00f4i tr\u01b0\u1eddng l\u00e0m vi\u1ec7c kh\u00e1c nhau.<\/li>\n<li data-sourcepos=\"10:1-10:172\"><strong>An to\u00e0n cho th\u1ef1c ph\u1ea9m:<\/strong>\u00a0S\u1ea3n ph\u1ea9m \u0111\u01b0\u1ee3c NSF H1 ch\u1ee9ng nh\u1eadn an to\u00e0n cho th\u1ef1c ph\u1ea9m ng\u1eabu nhi\u00ean, n\u00ean c\u00f3 th\u1ec3 s\u1eed d\u1ee5ng trong c\u00e1c ng\u00e0nh c\u00f4ng nghi\u1ec7p ch\u1ebf bi\u1ebfn th\u1ef1c ph\u1ea9m v\u00e0 \u0111\u1ed3 u\u1ed1ng.<\/li>\n<li data-sourcepos=\"11:1-12:0\"><strong>\u0110a d\u1ee5ng:<\/strong>\u00a0Super Lube 12040 c\u00f3 th\u1ec3 s\u1eed d\u1ee5ng cho nhi\u1ec1u lo\u1ea1i d\u1ee5ng c\u1ee5 kh\u00ed n\u00e9n kh\u00e1c nhau, bao g\u1ed3m m\u00e1y khoan, m\u00e1y \u0111\u1ee5c, m\u00e1y ch\u00e0 nh\u00e1m, v.v.<\/li>\n<\/ul>\n<h2 data-sourcepos=\"13:1-13:12\"><strong>L\u1ee3i \u00edch:<\/strong><\/h2>\n<p><img decoding=\"async\" title=\"12040-2-1\" src=\"https:\/\/yenhung.com\/wp-content\/uploads\/2025\/10\/12040-2-1.png\" alt=\"D\u1ea7u b\u00f4i tr\u01a1n Super lube 12040\" data-thumb=\"large\" \/><\/p>\n<ul data-sourcepos=\"15:1-19:0\">\n<li data-sourcepos=\"15:1-15:141\"><strong>T\u0103ng hi\u1ec7u su\u1ea5t l\u00e0m vi\u1ec7c:<\/strong>\u00a0D\u1ee5ng c\u1ee5 \u0111\u01b0\u1ee3c b\u00f4i tr\u01a1n t\u1ed1t s\u1ebd ho\u1ea1t \u0111\u1ed9ng hi\u1ec7u qu\u1ea3 h\u01a1n, gi\u00fap b\u1ea1n ho\u00e0n th\u00e0nh c\u00f4ng vi\u1ec7c nhanh ch\u00f3ng v\u00e0 d\u1ec5 d\u00e0ng h\u01a1n.<\/li>\n<li data-sourcepos=\"16:1-16:140\"><strong>K\u00e9o d\u00e0i tu\u1ed5i th\u1ecd d\u1ee5ng c\u1ee5:<\/strong>\u00a0B\u1ea3o v\u1ec7 kh\u1ecfi r\u1ec9 s\u00e9t, \u0103n m\u00f2n v\u00e0 m\u00e0i m\u00f2n gi\u00fap d\u1ee5ng c\u1ee5 c\u1ee7a b\u1ea1n ho\u1ea1t \u0111\u1ed9ng b\u1ec1n b\u1ec9 h\u01a1n, ti\u1ebft ki\u1ec7m chi ph\u00ed thay th\u1ebf.<\/li>\n<li data-sourcepos=\"17:1-17:133\"><strong>Gi\u1ea3m ti\u1ebfng \u1ed3n:<\/strong>\u00a0Super Lube 12040 gi\u00fap gi\u1ea3m ti\u1ebfng \u1ed3n do d\u1ee5ng c\u1ee5 kh\u00ed n\u00e9n t\u1ea1o ra, t\u1ea1o m\u00f4i tr\u01b0\u1eddng l\u00e0m vi\u1ec7c an to\u00e0n v\u00e0 tho\u1ea3i m\u00e1i h\u01a1n.<\/li>\n<li data-sourcepos=\"18:1-19:0\"><strong>An to\u00e0n cho s\u1ee9c kh\u1ecfe:<\/strong>\u00a0S\u1ea3n ph\u1ea9m \u0111\u01b0\u1ee3c l\u00e0m t\u1eeb c\u00e1c th\u00e0nh ph\u1ea7n an to\u00e0n, kh\u00f4ng \u0111\u1ed9c h\u1ea1i, kh\u00f4ng g\u00e2y h\u1ea1i cho s\u1ee9c kh\u1ecfe con ng\u01b0\u1eddi.<\/li>\n<\/ul>\n<p data-sourcepos=\"20:1-20:17\"><strong>C\u00e1ch s\u1eed d\u1ee5ng:<\/strong><\/p>\n<ol data-sourcepos=\"22:1-25:0\">\n<li data-sourcepos=\"22:1-22:43\">V\u1ec7 sinh s\u1ea1ch d\u1ee5ng c\u1ee5 tr\u01b0\u1edbc khi b\u00f4i tr\u01a1n.<\/li>\n<li data-sourcepos=\"23:1-23:59\">Nh\u1ecf v\u00e0i gi\u1ecdt Super Lube 12040 v\u00e0o c\u00e1c \u0111i\u1ec3m c\u1ea7n b\u00f4i tr\u01a1n.<\/li>\n<li data-sourcepos=\"24:1-25:0\">B\u1eadt d\u1ee5ng c\u1ee5 v\u00e0 \u0111\u1ec3 d\u1ea7u b\u00f4i tr\u01a1n ph\u00e2n t\u00e1n \u0111\u1ec1u.<\/li>\n<\/ol>\n<p data-sourcepos=\"26:1-26:10\"><strong>L\u01b0u \u00fd:<\/strong><\/p>\n<ul data-sourcepos=\"28:1-31:0\">\n<li data-sourcepos=\"28:1-28:77\">Tr\u00e1nh ti\u1ebfp x\u00fac tr\u1ef1c ti\u1ebfp v\u1edbi m\u1eaft. N\u1ebfu d\u00ednh v\u00e0o m\u1eaft, h\u00e3y r\u1eeda s\u1ea1ch b\u1eb1ng n\u01b0\u1edbc.<\/li>\n<li data-sourcepos=\"29:1-29:35\">B\u1ea3o qu\u1ea3n n\u01a1i kh\u00f4 r\u00e1o, tho\u00e1ng m\u00e1t.<\/li>\n<li data-sourcepos=\"30:1-31:0\">Tr\u00e1nh xa t\u1ea7m tay tr\u1ebb em.<\/li>\n<\/ul>\n<p data-sourcepos=\"32:1-32:258\"><strong>Super Lube 12040<\/strong> l\u00e0 l\u1ef1a ch\u1ecdn ho\u00e0n h\u1ea3o cho nh\u1eefng ai \u0111ang t\u00ecm ki\u1ebfm d\u1ea7u b\u00f4i tr\u01a1n ch\u1ea5t l\u01b0\u1ee3ng cao cho d\u1ee5ng c\u1ee5 kh\u00ed n\u00e9n. S\u1ea3n ph\u1ea9m n\u00e0y mang \u0111\u1ebfn hi\u1ec7u su\u1ea5t b\u00f4i tr\u01a1n v\u01b0\u1ee3t tr\u1ed9i, b\u1ea3o v\u1ec7 t\u1ed1i \u01b0u v\u00e0 \u0111\u1ed9 b\u1ec1n l\u00e2u, gi\u00fap b\u1ea1n ho\u00e0n th\u00e0nh c\u00f4ng vi\u1ec7c m\u1ed9t c\u00e1ch hi\u1ec7u qu\u1ea3 v\u00e0 an to\u00e0n.<\/p>\n<p>&nbsp;<\/p>\n<p data-sourcepos=\"32:1-32:258\">\n<\/div>\n","protected":false},"excerpt":{"rendered":"<p><strong>T\u00ean sa\u0309n ph\u00e2\u0309m: Super lube 12040<\/strong><\/p>\n<p><strong>Li\u00ean h\u1ec7:<\/strong> 0397.433.258<\/p>\n","protected":false},"featured_media":6242,"comment_status":"closed","ping_status":"closed","template":"","meta":[],"product_brand":[],"product_cat":[149],"product_tag":[],"class_list":{"0":"post-6241","1":"product","2":"type-product","3":"status-publish","4":"has-post-thumbnail","6":"product_cat-super-lube","8":"first","9":"instock","10":"shipping-taxable","11":"product-type-simple"},"_links":{"self":[{"href":"https:\/\/yenhung.com\/index.php?rest_route=\/wp\/v2\/product\/6241","targetHints":{"allow":["GET"]}}],"collection":[{"href":"https:\/\/yenhung.com\/index.php?rest_route=\/wp\/v2\/product"}],"about":[{"href":"https:\/\/yenhung.com\/index.php?rest_route=\/wp\/v2\/types\/product"}],"replies":[{"embeddable":true,"href":"https:\/\/yenhung.com\/index.php?rest_route=%2Fwp%2Fv2%2Fcomments&post=6241"}],"wp:featuredmedia":[{"embeddable":true,"href":"https:\/\/yenhung.com\/index.php?rest_route=\/wp\/v2\/media\/6242"}],"wp:attachment":[{"href":"https:\/\/yenhung.com\/index.php?rest_route=%2Fwp%2Fv2%2Fmedia&parent=6241"}],"wp:term":[{"taxonomy":"product_brand","embeddable":true,"href":"https:\/\/yenhung.com\/index.php?rest_route=%2Fwp%2Fv2%2Fproduct_brand&post=6241"},{"taxonomy":"product_cat","embeddable":true,"href":"https:\/\/yenhung.com\/index.php?rest_route=%2Fwp%2Fv2%2Fproduct_cat&post=6241"},{"taxonomy":"product_tag","embeddable":true,"href":"https:\/\/yenhung.com\/index.php?rest_route=%2Fwp%2Fv2%2Fproduct_tag&post=6241"}],"curies":[{"name":"wp","href":"https:\/\/api.w.org\/{rel}","templated":true}]}}