{"id":6249,"date":"2025-10-28T07:28:04","date_gmt":"2025-10-28T07:28:04","guid":{"rendered":"https:\/\/yenhung.com\/?product=dau-boi-tron-super-lube-31110-11oz"},"modified":"2026-02-11T07:13:22","modified_gmt":"2026-02-11T07:13:22","slug":"dau-boi-tron-super-lube-31110-11oz","status":"publish","type":"product","link":"https:\/\/yenhung.com\/?product=dau-boi-tron-super-lube-31110-11oz","title":{"rendered":"D\u1ea7u b\u00f4i tr\u01a1n super lube 31110-11oz"},"content":{"rendered":"<div class=\"ba-text-fpt\">\n<h2 data-sourcepos=\"1:1-1:59\"><strong>Super Lube 31110: Ch\u1ea5t b\u00f4i tr\u01a1n \u0111a n\u0103ng t\u1ed5ng h\u1ee3p cao c\u1ea5p<\/strong><\/h2>\n<p data-sourcepos=\"3:1-3:246\"><img decoding=\"async\" title=\"31110-jpeg-2\" src=\"https:\/\/yenhung.com\/wp-content\/uploads\/2025\/10\/31110-jpeg-2.jpg\" alt=\"D\u1ea7u b\u00f4i tr\u01a1n Super lube 31110\" data-thumb=\"large\" \/><\/p>\n<p data-sourcepos=\"3:1-3:246\"><strong>Super Lube 31110<\/strong> l\u00e0 ch\u1ea5t b\u00f4i tr\u01a1n t\u1ed5ng h\u1ee3p \u0111a n\u0103ng \u1edf d\u1ea1ng x\u1ecbt, an to\u00e0n khi s\u1eed d\u1ee5ng tr\u00ean b\u1ea5t k\u1ef3 b\u1ed9 ph\u1eadn tr\u01b0\u1ee3t, xoay, l\u0103n ho\u1eb7c k\u00eau n\u00e0o. S\u1ea3n ph\u1ea9m \u0111\u01b0\u1ee3c \u0111\u00e1nh gi\u00e1 cao b\u1edfi hi\u1ec7u su\u1ea5t v\u01b0\u1ee3t tr\u1ed9i v\u00e0 t\u00ednh \u1ee9ng d\u1ee5ng r\u1ed9ng r\u00e3i trong nhi\u1ec1u l\u0129nh v\u1ef1c kh\u00e1c nhau.<\/p>\n<h2 data-sourcepos=\"5:1-5:21\"><strong>\u0110\u1eb7c \u0111i\u1ec3m n\u1ed5i b\u1eadt:<\/strong><\/h2>\n<p><img decoding=\"async\" title=\"31110-2-jpeg-1\" src=\"https:\/\/yenhung.com\/wp-content\/uploads\/2025\/10\/31110-2-jpeg-1.jpg\" alt=\"D\u1ea7u b\u00f4i tr\u01a1n Super lube 31110\" data-thumb=\"large\" \/><\/p>\n<ul data-sourcepos=\"7:1-12:0\">\n<li data-sourcepos=\"7:1-7:207\"><strong>Kh\u1ea3 n\u0103ng b\u00f4i tr\u01a1n v\u00e0 ch\u1ed1ng m\u00e0i m\u00f2n:<\/strong>\u00a0Super Lube 31110 ch\u1ee9a Syncolon\u00ae (PTFE), m\u1ed9t ch\u1ea5t r\u1eafn b\u00f4i tr\u01a1n ti\u00ean ti\u1ebfn gi\u00fap gi\u1ea3m ma s\u00e1t v\u00e0 b\u1ea3o v\u1ec7 c\u00e1c b\u1ec1 m\u1eb7t kh\u1ecfi m\u00e0i m\u00f2n, k\u00e9o d\u00e0i tu\u1ed5i th\u1ecd c\u1ee7a m\u00e1y m\u00f3c v\u00e0 thi\u1ebft b\u1ecb.<\/li>\n<li data-sourcepos=\"8:1-8:168\"><strong>Ch\u1ecbu nhi\u1ec7t \u0111\u1ed9 cao:<\/strong>\u00a0S\u1ea3n ph\u1ea9m c\u00f3 th\u1ec3 ho\u1ea1t \u0111\u1ed9ng trong ph\u1ea1m vi nhi\u1ec7t \u0111\u1ed9 r\u1ed9ng t\u1eeb -45\u00b0F \u0111\u1ebfn 450\u00b0F (-43\u00b0C \u0111\u1ebfn 232\u00b0C), th\u00edch h\u1ee3p cho nhi\u1ec1u \u0111i\u1ec1u ki\u1ec7n m\u00f4i tr\u01b0\u1eddng kh\u00e1c nhau.<\/li>\n<li data-sourcepos=\"9:1-9:155\"><strong>Kh\u1ea3 n\u0103ng ch\u1ed1ng n\u01b0\u1edbc v\u00e0 ch\u1ed1ng g\u1ec9:<\/strong>\u00a0Super Lube 31110 t\u1ea1o ra l\u1edbp m\u00e0ng b\u1ea3o v\u1ec7 hi\u1ec7u qu\u1ea3, ng\u0103n ng\u1eeba g\u1ec9 s\u00e9t v\u00e0 \u0103n m\u00f2n do t\u00e1c \u0111\u1ed9ng c\u1ee7a n\u01b0\u1edbc, mu\u1ed1i v\u00e0 h\u00f3a ch\u1ea5t.<\/li>\n<li data-sourcepos=\"10:1-10:146\"><strong>T\u01b0\u01a1ng th\u00edch r\u1ed9ng r\u00e3i:<\/strong>\u00a0S\u1ea3n ph\u1ea9m t\u01b0\u01a1ng th\u00edch v\u1edbi h\u1ea7u h\u1ebft c\u00e1c lo\u1ea1i ch\u1ea5t b\u00f4i tr\u01a1n kh\u00e1c, an to\u00e0n cho kim lo\u1ea1i, nh\u1ef1a, cao su v\u00e0 c\u00e1c v\u1eadt li\u1ec7u kh\u00e1c.<\/li>\n<li data-sourcepos=\"11:1-12:0\"><strong>\u0110\u1ed9 an to\u00e0n:<\/strong>\u00a0Super Lube 31110 \u0111\u01b0\u1ee3c NSF H1 ch\u1ee9ng nh\u1eadn an to\u00e0n cho th\u1ef1c ph\u1ea9m ng\u1eabu nhi\u00ean, ph\u00f9 h\u1ee3p s\u1eed d\u1ee5ng trong ng\u00e0nh c\u00f4ng nghi\u1ec7p th\u1ef1c ph\u1ea9m v\u00e0 \u0111\u1ed3 u\u1ed1ng.<\/li>\n<\/ul>\n<h2 data-sourcepos=\"13:1-13:13\"><strong>\u1ee8ng d\u1ee5ng:<\/strong><\/h2>\n<p><img decoding=\"async\" title=\"31110-1-jpeg-1\" src=\"https:\/\/yenhung.com\/wp-content\/uploads\/2025\/10\/31110-1-jpeg-1.jpg\" alt=\"D\u1ea7u b\u00f4i tr\u01a1n Super lube 31110\" data-thumb=\"large\" \/><\/p>\n<ul data-sourcepos=\"15:1-19:0\">\n<li data-sourcepos=\"15:1-15:80\"><strong>C\u00f4ng nghi\u1ec7p:<\/strong>\u00a0V\u00f2ng bi, kh\u1edbp n\u1ed1i, x\u00edch, b\u00e1nh r\u0103ng h\u1edf, thanh tr\u01b0\u1ee3t d\u1eabn h\u01b0\u1edbng.<\/li>\n<li data-sourcepos=\"16:1-16:65\"><strong>Xe c\u1ed9:<\/strong>\u00a0\u1ed4 kh\u00f3a, b\u1ea3n l\u1ec1 c\u1eeda, kh\u1edbp n\u1ed1i, ch\u1ed1t th\u00e2n xe, \u0103ng-ten.<\/li>\n<li data-sourcepos=\"17:1-17:63\"><strong>H\u00e0ng h\u1ea3i:<\/strong>\u00a0N\u00fat b\u1ea5m, d\u00e2y k\u00e9o, con l\u0103n, \u0111\u01b0\u1eddng ray c\u00e1nh bu\u1ed3m.<\/li>\n<li data-sourcepos=\"18:1-19:0\"><strong>Gia d\u1ee5ng:<\/strong>\u00a0C\u1eeda s\u1ed5, \u1ed5 kh\u00f3a, c\u1eeda nh\u00e0 \u0111\u1ec3 xe, d\u1ee5ng c\u1ee5 c\u00e2u c\u00e1, xe \u0111\u1ea1p, gi\u00e0y tr\u01b0\u1ee3t patin.<\/li>\n<\/ul>\n<p data-sourcepos=\"20:1-20:194\"><strong>Super Lube 31110<\/strong> l\u00e0 gi\u1ea3i ph\u00e1p b\u00f4i tr\u01a1n hi\u1ec7u qu\u1ea3 v\u00e0 \u0111a n\u0103ng cho nhi\u1ec1u nhu c\u1ea7u kh\u00e1c nhau. S\u1ea3n ph\u1ea9m gi\u00fap b\u1ea3o v\u1ec7 m\u00e1y m\u00f3c, thi\u1ebft b\u1ecb ho\u1ea1t \u0111\u1ed9ng tr\u01a1n tru, t\u0103ng tu\u1ed5i th\u1ecd v\u00e0 ti\u1ebft ki\u1ec7m chi ph\u00ed b\u1ea3o tr\u00ec.<\/p>\n<p data-sourcepos=\"24:1-24:10\"><strong>L\u01b0u \u00fd:<\/strong><\/p>\n<ul data-sourcepos=\"26:1-29:0\">\n<li data-sourcepos=\"26:1-26:45\">Tham kh\u1ea3o h\u01b0\u1edbng d\u1eabn s\u1eed d\u1ee5ng tr\u01b0\u1edbc khi d\u00f9ng.<\/li>\n<li data-sourcepos=\"27:1-27:41\">Tr\u00e1nh ti\u1ebfp x\u00fac tr\u1ef1c ti\u1ebfp v\u1edbi m\u1eaft v\u00e0 da.<\/li>\n<li data-sourcepos=\"28:1-29:0\">B\u1ea3o qu\u1ea3n n\u01a1i kh\u00f4 r\u00e1o, tho\u00e1ng m\u00e1t.<\/li>\n<\/ul>\n<\/div>\n","protected":false},"excerpt":{"rendered":"<p><strong>T\u00ean sa\u0309n ph\u00e2\u0309m:\u00a0<\/strong>D\u1ea7u b\u00f4i tr\u01a1n Super lube 31110<\/p>\n<p><strong>Li\u00ean h\u1ec7:<\/strong> 0397.433.258<\/p>\n","protected":false},"featured_media":6250,"comment_status":"closed","ping_status":"closed","template":"","meta":[],"product_brand":[],"product_cat":[149],"product_tag":[],"class_list":{"0":"post-6249","1":"product","2":"type-product","3":"status-publish","4":"has-post-thumbnail","6":"product_cat-super-lube","8":"first","9":"instock","10":"shipping-taxable","11":"product-type-simple"},"_links":{"self":[{"href":"https:\/\/yenhung.com\/index.php?rest_route=\/wp\/v2\/product\/6249","targetHints":{"allow":["GET"]}}],"collection":[{"href":"https:\/\/yenhung.com\/index.php?rest_route=\/wp\/v2\/product"}],"about":[{"href":"https:\/\/yenhung.com\/index.php?rest_route=\/wp\/v2\/types\/product"}],"replies":[{"embeddable":true,"href":"https:\/\/yenhung.com\/index.php?rest_route=%2Fwp%2Fv2%2Fcomments&post=6249"}],"wp:featuredmedia":[{"embeddable":true,"href":"https:\/\/yenhung.com\/index.php?rest_route=\/wp\/v2\/media\/6250"}],"wp:attachment":[{"href":"https:\/\/yenhung.com\/index.php?rest_route=%2Fwp%2Fv2%2Fmedia&parent=6249"}],"wp:term":[{"taxonomy":"product_brand","embeddable":true,"href":"https:\/\/yenhung.com\/index.php?rest_route=%2Fwp%2Fv2%2Fproduct_brand&post=6249"},{"taxonomy":"product_cat","embeddable":true,"href":"https:\/\/yenhung.com\/index.php?rest_route=%2Fwp%2Fv2%2Fproduct_cat&post=6249"},{"taxonomy":"product_tag","embeddable":true,"href":"https:\/\/yenhung.com\/index.php?rest_route=%2Fwp%2Fv2%2Fproduct_tag&post=6249"}],"curies":[{"name":"wp","href":"https:\/\/api.w.org\/{rel}","templated":true}]}}