{"id":6257,"date":"2025-10-28T07:28:10","date_gmt":"2025-10-28T07:28:10","guid":{"rendered":"https:\/\/yenhung.com\/?product=mo-boi-tron-super-lube-93016-400g"},"modified":"2026-02-11T07:08:04","modified_gmt":"2026-02-11T07:08:04","slug":"mo-boi-tron-super-lube-93016-400g","status":"publish","type":"product","link":"https:\/\/yenhung.com\/?product=mo-boi-tron-super-lube-93016-400g","title":{"rendered":"M\u1ee1 b\u00f4i tr\u01a1n super lube 93016-400g"},"content":{"rendered":"<div class=\"ba-text-fpt\">\n<h2><strong>M\u00d4 T\u1ea2 S\u1ea2N PH\u1ea8M O-RING SILICONE GREASE \u2013 93016 \u2013 M\u1ee1 silicon<\/strong><\/h2>\n<p><img decoding=\"async\" title=\"93016-1-jpeg-1\" src=\"https:\/\/yenhung.com\/wp-content\/uploads\/2025\/10\/93016-1-jpeg-1.jpg\" alt=\"M\u1ee1 b\u00f4i tr\u01a1n Super lube 93016-400G\" data-thumb=\"large\" \/><\/p>\n<p>M\u1ee1 silicon Super Lube\u00ae O-Ring l\u00e0 m\u1ed9t h\u1ee3p ch\u1ea5t silicon kh\u00f4ng l\u01b0u h\u00f3a c\u00f3 c\u00f4ng th\u1ee9c \u0111\u1eb7c bi\u1ec7t \u0111\u01b0\u1ee3c thi\u1ebft k\u1ebf \u0111\u1ec3 b\u00f4i tr\u01a1n, b\u1ecbt k\u00edn v\u00e0 \u0111i\u1ec1u h\u00f2a c\u00e1c v\u00f2ng ch\u1eef O c\u0169ng nh\u01b0 c\u00e1c b\u1ed9 ph\u1eadn \u0111i\u1ec1u ch\u1ec9nh, ch\u00e2n kh\u00f4ng v\u00e0 h\u1ec7 th\u1ed1ng van kh\u00e1c. N\u00f3 t\u01b0\u01a1ng th\u00edch v\u1edbi h\u1ea7u h\u1ebft c\u00e1c lo\u1ea1i nh\u1ef1a v\u00e0 cao su. Ngo\u00e0i ra, s\u1ea3n ph\u1ea9m c\u00f2n c\u00f3 kh\u1ea3 n\u0103ng ch\u1ed1ng th\u1ea5m n\u01b0\u1edbc, ch\u1ed1ng \u1ea9m, ch\u1ed1ng oxy h\u00f3a v\u00e0 \u1ed5n \u0111\u1ecbnh nhi\u1ec7t.<\/p>\n<p>S\u1eed d\u1ee5ng M\u1ee1 silicon Super Lube\u00ae O-Ring trong qu\u00e1 tr\u00ecnh l\u1eafp \u0111\u1eb7t gi\u00fap b\u1ea3o v\u1ec7 v\u00f2ng ch\u1eef O kh\u1ecfi b\u1ecb h\u01b0 h\u1ecfng do m\u00e0i m\u00f2n, k\u1eb9p ho\u1eb7c c\u1eaft. N\u00f3 c\u0169ng gi\u00fap \u0111\u1eb7t v\u00f2ng ch\u1eef O \u0111\u00fang c\u00e1ch, t\u0103ng t\u1ed1c ho\u1ea1t \u0111\u1ed9ng l\u1eafp r\u00e1p v\u00e0 c\u1ea3i thi\u1ec7n vi\u1ec7c l\u1eafp r\u00e1p t\u1ef1 \u0111\u1ed9ng.<\/p>\n<p>B\u00f4i tr\u01a1n v\u00f2ng ch\u1eef O b\u1eb1ng M\u1ee1 silicone Super Lube\u00ae O-Ring trong c\u00e1c \u1ee9ng d\u1ee5ng \u0111\u1ed9ng, kh\u00ed n\u00e9n s\u1ebd k\u00e9o d\u00e0i tu\u1ed5i th\u1ecd c\u1ee7a thi\u1ebft b\u1ecb.<\/p>\n<p>M\u1ee1 silicon Super Lube\u00ae O-Ring s\u1ebd gi\u00fap gi\u1ea3m t\u1ef7 l\u1ec7 r\u00f2 r\u1ec9 t\u1ed5ng th\u1ec3 trong c\u00e1c \u1ee9ng d\u1ee5ng ch\u00e2n kh\u00f4ng b\u1eb1ng c\u00e1ch l\u1ea5p \u0111\u1ea7y c\u00e1c kho\u1ea3ng tr\u1ed1ng tr\u00ean b\u1ec1 m\u1eb7t c\u1ee7a tuy\u1ebfn v\u00e0 gi\u1ea3m t\u1ed1c \u0111\u1ed9 th\u1ea9m th\u1ea5u c\u1ee7a ch\u1ea5t \u0111\u00e0n h\u1ed3i.<\/p>\n<p>Super Lube\u00ae O-Ring Silicone Grease l\u00e0 ch\u1ea5t b\u00f4i tr\u01a1n c\u1ea5p th\u1ef1c ph\u1ea9m \u0111\u00e3 \u0111\u0103ng k\u00fd NSF, \u0111\u01b0\u1ee3c x\u1ebfp h\u1ea1ng H1 khi ti\u1ebfp x\u00fac ng\u1eabu nhi\u00ean v\u1edbi th\u1ef1c ph\u1ea9m. \u0110\u00e1p \u1ee9ng c\u00e1c h\u01b0\u1edbng d\u1eabn tr\u01b0\u1edbc \u0111\u00e2y c\u1ee7a USDA (H1).<\/p>\n<h2><strong>\u0110\u1eb6C TR\u01afNG O-RING SILICONE GREASE \u2013 93016 \u2013 M\u1ee1 silicon<\/strong><\/h2>\n<p><strong><img decoding=\"async\" title=\"93016-jpeg-2\" src=\"https:\/\/yenhung.com\/wp-content\/uploads\/2025\/10\/93016-jpeg-2.jpg\" alt=\"M\u1ee1 b\u00f4i tr\u01a1n Super lube 93016-400G\" data-thumb=\"original\" \/><\/strong><\/p>\n<p>\uf076 L\u00e0m s\u1ea1ch ch\u1ea5t b\u00f4i tr\u01a1n v\u00f2ng ch\u1eef O<\/p>\n<p>\uf076 \u1ee8ng d\u1ee5ng ch\u00e2n kh\u00f4ng<\/p>\n<p>\uf076 C\u1ea5p th\u1ef1c ph\u1ea9m<\/p>\n<p>\uf076 Ph\u1ea1m vi nhi\u1ec7t \u0111\u1ed9 r\u1ed9ng<\/p>\n<p>\uf076 Ng\u0103n ch\u1eb7n \u0111\u1ed9 \u1ea9m<\/p>\n<p>\uf076 An to\u00e0n trong n\u01b0\u1edbc u\u1ed1ng \u0111\u01b0\u1ee3c<\/p>\n<p>\uf076 \u0110\u1ed9 b\u1ec1n \u0111i\u1ec7n m\u00f4i cao<\/p>\n<p>\uf076 \u1ed4n \u0111\u1ecbnh nhi\u1ec7t<\/p>\n<p>\uf076 Kh\u1ea3 n\u0103ng ch\u1ed1ng n\u01b0\u1edbc r\u1eeda tr\u00f4i tuy\u1ec7t v\u1eddi<\/p>\n<p>\uf076 Ch\u1ea5t b\u1ecbt k\u00edn bu\u1ed3ng ch\u00e2n kh\u00f4ng<\/p>\n<p>\uf076 T\u00ednh nh\u1ea5t qu\u00e1n cao<\/p>\n<p>\uf076 B\u1ea3o qu\u1ea3n v\u00e0 b\u00f4i tr\u01a1n cao su v\u00e0 nh\u1ef1a<\/p>\n<p>\uf076 T\u01b0\u01a1ng th\u00edch v\u1edbi h\u1ea7u h\u1ebft c\u00e1c h\u1ee3p ch\u1ea5t cao su v\u00e0 nh\u1ef1a<\/p>\n<p>\uf076 Th\u00e2n thi\u1ec7n v\u1edbi m\u00f4i tr\u01b0\u1eddng<\/p>\n<p>\uf076 Ch\u1ee9ng nh\u1eadn Kosher<\/p>\n<p>\uf076 \u0110\u00e3 \u0111\u0103ng k\u00fd NSF (H1), #156444<\/p>\n<h2><strong>TYPICAL APPLICATIONS O-RING SILICONE GREASE \u2013 93016 \u2013 M\u1ee1 silicon<\/strong><\/h2>\n<ul>\n<li>O-Rings \u2013 Static and dynamic<\/li>\n<li>Vacuum\/chamber sealant<\/li>\n<li>Valves<\/li>\n<\/ul>\n<h2><strong>BI\u1ec2U \u0110\u1ed2 T\u01af\u01a0NG TH\u00cdCH M\u1ee1 silicon O-RING \u2013 93016 \u2013 Silicon c\u1ee1 l\u1edbn<\/strong><\/h2>\n<p><strong><img decoding=\"async\" title=\"93016-2-jpeg-1\" src=\"https:\/\/yenhung.com\/wp-content\/uploads\/2025\/10\/93016-2-jpeg-1.jpg\" alt=\"M\u1ee1 b\u00f4i tr\u01a1n Super lube 93016-400G\" data-thumb=\"original\" \/><\/strong><\/p>\n<p>Thi\u1ebft b\u1ecb ch\u1ebf bi\u1ebfn th\u1ef1c ph\u1ea9m<\/p>\n<p>H\u1ec7 th\u1ed1ng kh\u00ed n\u00e9n<\/p>\n<p>Van c\u1eafm \u00e1p su\u1ea5t<\/p>\n<p>B\u1ed9 l\u00e0m m\u1ec1m n\u01b0\u1edbc v\u00e0 van v\u00f2i<\/p>\n<table>\n<tbody>\n<tr>\n<td colspan=\"2\" width=\"623\"><strong><u>RATING KEY<\/u><\/strong><\/p>\n<p><strong>E \u2013 Compatibility Excellent G \u2013 Compatibility Good NC \u2013 Not Compatible<\/strong><\/td>\n<\/tr>\n<tr>\n<td width=\"549\"><strong>Polymer (plastics) Constant Strain Tensile Testing<\/strong><\/td>\n<td width=\"74\"><strong>Rating<\/strong><\/td>\n<\/tr>\n<tr>\n<td width=\"549\">Acryonitrile Butadiene Styrene (ABS)<\/td>\n<td width=\"74\">E<\/td>\n<\/tr>\n<tr>\n<td width=\"549\">Cellulose acetate (CA)<\/td>\n<td width=\"74\">E<\/td>\n<\/tr>\n<tr>\n<td width=\"549\">Polyamide (PA) (Nylon)<\/td>\n<td width=\"74\">E<\/td>\n<\/tr>\n<tr>\n<td width=\"549\">Polycarbonate (PC)<\/td>\n<td width=\"74\">E<\/td>\n<\/tr>\n<tr>\n<td width=\"549\">Polyethylene (PE)<\/td>\n<td width=\"74\">E<\/td>\n<\/tr>\n<tr>\n<td width=\"549\">*ultra high molecular mass (PE-UHMW)<\/td>\n<td width=\"74\">E<\/td>\n<\/tr>\n<tr>\n<td width=\"549\">*low density (PE-LD)<\/td>\n<td width=\"74\">E<\/td>\n<\/tr>\n<tr>\n<td width=\"549\">Polyethylene-\/polybutylenetherephthalat (PET \/ PBT)<\/td>\n<td width=\"74\">E<\/td>\n<\/tr>\n<tr>\n<td width=\"549\">Polyoxymethylene, Polyacetate (POM) (Delrin)<\/td>\n<td width=\"74\">G<\/td>\n<\/tr>\n<tr>\n<td width=\"549\">Polypropylene (PP)<\/td>\n<td width=\"74\">E<\/td>\n<\/tr>\n<tr>\n<td width=\"549\">Polyphenylene oxide (PPO)<\/td>\n<td width=\"74\">E<\/td>\n<\/tr>\n<tr>\n<td width=\"549\">Polyphenylene suphide (PPS)<\/td>\n<td width=\"74\">G<\/td>\n<\/tr>\n<tr>\n<td width=\"549\">Polystyrene (PS)<\/td>\n<td width=\"74\">E<\/td>\n<\/tr>\n<tr>\n<td width=\"549\">Polytetrafluoroethylene (PTFE)<\/td>\n<td width=\"74\">E<\/td>\n<\/tr>\n<tr>\n<td width=\"549\">Polyurethane (PUR)<\/td>\n<td width=\"74\">E<\/td>\n<\/tr>\n<tr>\n<td width=\"549\">Polyvinylchloride (PVC)<\/td>\n<td width=\"74\">E<\/td>\n<\/tr>\n<tr>\n<td width=\"549\">Thermoplastic elastomer (TPE)<\/td>\n<td width=\"74\">E<\/td>\n<\/tr>\n<tr>\n<td width=\"549\"><strong>Elastomer (rubber)<\/strong><\/td>\n<td width=\"74\"><strong>Rating<\/strong><\/td>\n<\/tr>\n<tr>\n<td width=\"549\">Acrylic rubber (ACM)<\/td>\n<td width=\"74\">E<\/td>\n<\/tr>\n<tr>\n<td width=\"549\">Buna S<\/td>\n<td width=\"74\">E<\/td>\n<\/tr>\n<tr>\n<td width=\"549\">Butyl (IIR)<\/td>\n<td width=\"74\">E<\/td>\n<\/tr>\n<tr>\n<td width=\"549\">Polychloroprene rubber (CR)<\/td>\n<td width=\"74\">E<\/td>\n<\/tr>\n<tr>\n<td width=\"549\">Chlorosulphonated PE-rubber (CSM)<\/td>\n<td width=\"74\">E<\/td>\n<\/tr>\n<tr>\n<td width=\"549\">Ethylene-propylene-diene rubber (EPDM)<\/td>\n<td width=\"74\">E<\/td>\n<\/tr>\n<\/tbody>\n<\/table>\n<table>\n<tbody>\n<tr>\n<td width=\"174\"><strong>Part No.<\/strong><\/td>\n<td width=\"300\"><strong>Description<\/strong><\/td>\n<\/tr>\n<tr>\n<td width=\"174\"><strong>93003<\/strong><\/td>\n<td width=\"300\">3 oz. Tube<\/td>\n<\/tr>\n<tr>\n<td width=\"174\"><strong>93016<\/strong><\/td>\n<td width=\"300\">400 gram Canister<\/td>\n<\/tr>\n<tr>\n<td width=\"174\"><strong>93030<\/strong><\/td>\n<td width=\"300\">30 lb. Pail<\/td>\n<\/tr>\n<tr>\n<td width=\"174\"><strong>93400<\/strong><\/td>\n<td width=\"300\">400 lb. Drum<\/td>\n<\/tr>\n<\/tbody>\n<\/table>\n<table>\n<tbody>\n<tr>\n<td width=\"200\"><strong>NLGI Grade:<\/strong><\/td>\n<td width=\"222\">ASTM D1092<\/td>\n<td width=\"206\">2<\/td>\n<\/tr>\n<tr>\n<td width=\"200\"><strong>Color:<\/strong><\/td>\n<td width=\"222\"><\/td>\n<td width=\"206\">Translucent white<\/td>\n<\/tr>\n<tr>\n<td width=\"200\"><strong>Temperature Range:<\/strong><\/td>\n<td width=\"222\"><\/td>\n<td width=\"206\">-40\u00b0F to 500\u00b0F (-40\u00b0C to 260\u00b0C)<\/td>\n<\/tr>\n<tr>\n<td width=\"200\"><strong>Viscosity (Base Oil)<\/strong><\/p>\n<p><strong>cSt @ 25\u00b0C:<\/strong><\/td>\n<td width=\"222\">ASTM D445<\/td>\n<td width=\"206\">5000<\/td>\n<\/tr>\n<tr>\n<td width=\"200\"><strong>Specific Gravity<\/strong><\/p>\n<p><strong>@ 25\u00b0C (77\u00b0F):<\/strong><\/td>\n<td width=\"222\">ASTM D1298<\/td>\n<td width=\"206\">1.11<\/td>\n<\/tr>\n<tr>\n<td width=\"200\"><strong>Penetration,<\/strong><\/p>\n<p><strong>Worked 60 strokes:<\/strong><\/td>\n<td width=\"222\">ASTM D217<\/td>\n<td width=\"206\">265 \u2013 295<\/td>\n<\/tr>\n<tr>\n<td width=\"200\"><strong>Vapor Pressure @ 200\u00b0C<\/strong><\/p>\n<p><strong>(Pascal):<\/strong><\/td>\n<td width=\"222\"><\/td>\n<td width=\"206\">1.33<\/td>\n<\/tr>\n<tr>\n<td width=\"200\"><strong>Dielectric Strength<\/strong><\/p>\n<p><strong>(Volts\/mil, 50 mil gap):<\/strong><\/td>\n<td width=\"222\">CTM 0114<\/td>\n<td width=\"206\">400<\/td>\n<\/tr>\n<tr>\n<td width=\"200\"><strong>Dielectric Loss:<\/strong><\/td>\n<td width=\"222\">ASTM D924<\/td>\n<td width=\"206\">1.2 x 10<sup>12<\/sup><\/td>\n<\/tr>\n<tr>\n<td width=\"200\"><strong>Oil Separation,<\/strong><\/p>\n<p><strong>21 hrs. \/ 100\u00b0C:<\/strong><\/td>\n<td width=\"222\">ASTM D6184<\/td>\n<td width=\"206\">0%<\/td>\n<\/tr>\n<tr>\n<td width=\"200\"><strong>Evaporation Loss<\/strong><\/p>\n<p><strong>22 hrs. @ 212\u00b0F (100\u00b0C)<\/strong><\/td>\n<td width=\"222\">ASTM D972<\/td>\n<td width=\"206\">0.4%<\/td>\n<\/tr>\n<tr>\n<td width=\"200\"><strong>Melting Point:<\/strong><\/td>\n<td width=\"222\"><\/td>\n<td width=\"206\">No Melt<\/td>\n<\/tr>\n<tr>\n<td width=\"200\"><strong>Water Washout:<\/strong><\/td>\n<td width=\"222\">ASTM D1264<\/td>\n<td width=\"206\">&lt; 1%<\/td>\n<\/tr>\n<\/tbody>\n<\/table>\n<h2><strong>H\u01af\u1edaNG D\u1eaaN\u00a0<\/strong><strong>O-RING SILICONE GREASE \u2013 93016 \u2013 M\u1ee1 silicon<\/strong><\/h2>\n<p>\u2022 L\u00e0m s\u1ea1ch b\u1ec1 m\u1eb7t ti\u1ebfp x\u00fac.<\/p>\n<p>\u2022 Thoa \u0111\u1ec1u l\u00ean c\u00e1c b\u1ec1 m\u1eb7t.<\/p>\n<p>\u2022 Kh\u00f4ng tr\u1ed9n l\u1eabn v\u1edbi c\u00e1c lo\u1ea1i m\u1ee1 kh\u00e1c<\/p>\n<\/div>\n","protected":false},"excerpt":{"rendered":"<p><strong>T\u00ean sa\u0309n ph\u00e2\u0309m:\u00a0<\/strong><strong>O-RING SILICONE GREASE \u2013 93016 \u2013\u00a0<\/strong><\/p>\n<p><strong>Li\u00ean h\u1ec7:<\/strong> 0397.433.258<\/p>\n","protected":false},"featured_media":6258,"comment_status":"closed","ping_status":"closed","template":"","meta":[],"product_brand":[],"product_cat":[149],"product_tag":[],"class_list":{"0":"post-6257","1":"product","2":"type-product","3":"status-publish","4":"has-post-thumbnail","6":"product_cat-super-lube","8":"first","9":"instock","10":"shipping-taxable","11":"product-type-simple"},"_links":{"self":[{"href":"https:\/\/yenhung.com\/index.php?rest_route=\/wp\/v2\/product\/6257","targetHints":{"allow":["GET"]}}],"collection":[{"href":"https:\/\/yenhung.com\/index.php?rest_route=\/wp\/v2\/product"}],"about":[{"href":"https:\/\/yenhung.com\/index.php?rest_route=\/wp\/v2\/types\/product"}],"replies":[{"embeddable":true,"href":"https:\/\/yenhung.com\/index.php?rest_route=%2Fwp%2Fv2%2Fcomments&post=6257"}],"wp:featuredmedia":[{"embeddable":true,"href":"https:\/\/yenhung.com\/index.php?rest_route=\/wp\/v2\/media\/6258"}],"wp:attachment":[{"href":"https:\/\/yenhung.com\/index.php?rest_route=%2Fwp%2Fv2%2Fmedia&parent=6257"}],"wp:term":[{"taxonomy":"product_brand","embeddable":true,"href":"https:\/\/yenhung.com\/index.php?rest_route=%2Fwp%2Fv2%2Fproduct_brand&post=6257"},{"taxonomy":"product_cat","embeddable":true,"href":"https:\/\/yenhung.com\/index.php?rest_route=%2Fwp%2Fv2%2Fproduct_cat&post=6257"},{"taxonomy":"product_tag","embeddable":true,"href":"https:\/\/yenhung.com\/index.php?rest_route=%2Fwp%2Fv2%2Fproduct_tag&post=6257"}],"curies":[{"name":"wp","href":"https:\/\/api.w.org\/{rel}","templated":true}]}}