{"id":6268,"date":"2025-11-10T07:09:26","date_gmt":"2025-11-10T07:09:26","guid":{"rendered":"https:\/\/yenhung.com\/?product=mo-thuc-pham-molygraph-safol-fgg-552"},"modified":"2026-02-11T07:07:33","modified_gmt":"2026-02-11T07:07:33","slug":"mo-thuc-pham-molygraph-safol-fgg-552","status":"publish","type":"product","link":"https:\/\/yenhung.com\/?product=mo-thuc-pham-molygraph-safol-fgg-552","title":{"rendered":"M\u1ee1 th\u1ef1c ph\u1ea9m Molygraph Safol FGG 552"},"content":{"rendered":"<div class=\"ba-text-fpt\">\n<h2 data-sourcepos=\"1:1-1:203\"><strong>M\u1ee1 th\u1ef1c ph\u1ea9m Molygraph Safol FGG 552<\/strong><\/h2>\n<p><strong><img decoding=\"async\" title=\"molygraph-safol-fgg-552-2\" src=\"https:\/\/yenhung.com\/wp-content\/uploads\/2025\/11\/molygraph-safol-fgg-552-2.jpg\" alt=\"M\u1ee1 th\u1ef1c ph\u1ea9m Molygraph Safol FGG 552\" data-thumb=\"large\" \/><\/strong><\/p>\n<p data-sourcepos=\"1:1-1:203\">Molygraph Safol FGG 552 l\u00e0 m\u1ed9t lo\u1ea1i m\u1ee1 b\u00f4i tr\u01a1n an to\u00e0n th\u1ef1c ph\u1ea9m, hi\u1ec7u su\u1ea5t cao, \u0111\u01b0\u1ee3c thi\u1ebft k\u1ebf \u0111\u1eb7c bi\u1ec7t cho ng\u00e0nh c\u00f4ng nghi\u1ec7p th\u1ef1c ph\u1ea9m v\u00e0 \u0111\u1ed3 u\u1ed1ng. D\u01b0\u1edbi \u0111\u00e2y l\u00e0 m\u1ed9t s\u1ed1 th\u00f4ng tin chi ti\u1ebft v\u1ec1 s\u1ea3n ph\u1ea9m n\u00e0y:<\/p>\n<p data-sourcepos=\"3:1-3:30\"><strong>\u0110\u1eb7c \u0111i\u1ec3m v\u00e0 l\u1ee3i \u00edch ch\u00ednh:<\/strong><\/p>\n<ul data-sourcepos=\"5:1-18:0\">\n<li data-sourcepos=\"5:1-7:50\"><strong>An to\u00e0n th\u1ef1c ph\u1ea9m:<\/strong>\n<ul data-sourcepos=\"6:5-7:50\">\n<li data-sourcepos=\"6:5-6:230\">Molygraph Safol FGG 552 \u0111\u01b0\u1ee3c ch\u1ee9ng nh\u1eadn NSF H1, c\u00f3 ngh\u0129a l\u00e0 n\u00f3 an to\u00e0n cho vi\u1ec7c ti\u1ebfp x\u00fac ng\u1eabu nhi\u00ean v\u1edbi th\u1ef1c ph\u1ea9m. \u0110i\u1ec1u n\u00e0y l\u00e0m cho n\u00f3 tr\u1edf n\u00ean l\u00fd t\u01b0\u1edfng cho c\u00e1c \u1ee9ng d\u1ee5ng trong ng\u00e0nh c\u00f4ng nghi\u1ec7p ch\u1ebf bi\u1ebfn v\u00e0 \u0111\u00f3ng g\u00f3i th\u1ef1c ph\u1ea9m.<\/li>\n<li data-sourcepos=\"7:5-7:50\">\u0110\u1ea1t ch\u1ee9ng nh\u1eadn HALAL v\u00e0 ch\u1ee9ng nh\u1eadn Allergen.<\/li>\n<\/ul>\n<\/li>\n<li data-sourcepos=\"8:1-11:26\"><strong>Hi\u1ec7u su\u1ea5t b\u00f4i tr\u01a1n cao:<\/strong>\n<ul data-sourcepos=\"9:5-11:26\">\n<li data-sourcepos=\"9:5-9:69\">S\u1ea3n ph\u1ea9m n\u00e0y c\u00f3 kh\u1ea3 n\u0103ng ch\u1ecbu t\u1ea3i v\u00e0 t\u1ea1o m\u00e0ng b\u00f4i tr\u01a1n r\u1ea5t t\u1ed1t.<\/li>\n<li data-sourcepos=\"10:5-10:39\">Kh\u1ea3 n\u0103ng ch\u1ed1ng n\u01b0\u1edbc n\u00f3ng v\u00e0 l\u1ea1nh.<\/li>\n<li data-sourcepos=\"11:5-11:26\">B\u1ea3o v\u1ec7 ch\u1ed1ng \u0103n m\u00f2n.<\/li>\n<\/ul>\n<\/li>\n<li data-sourcepos=\"12:1-13:154\"><strong>\u0110a n\u0103ng:<\/strong>\n<ul data-sourcepos=\"13:5-13:154\">\n<li data-sourcepos=\"13:5-13:154\">Molygraph Safol FGG 552 c\u00f3 th\u1ec3 \u0111\u01b0\u1ee3c s\u1eed d\u1ee5ng cho nhi\u1ec1u \u1ee9ng d\u1ee5ng kh\u00e1c nhau, bao g\u1ed3m b\u00f4i tr\u01a1n v\u00f2ng bi, x\u00edch, b\u00e1nh r\u0103ng v\u00e0 c\u00e1c b\u1ed9 ph\u1eadn chuy\u1ec3n \u0111\u1ed9ng kh\u00e1c.<\/li>\n<\/ul>\n<\/li>\n<li data-sourcepos=\"14:1-15:34\"><strong>Kh\u1ea3 n\u0103ng ch\u1ecbu nhi\u1ec7t t\u1ed1t:<\/strong>\n<ul data-sourcepos=\"15:5-15:34\">\n<li data-sourcepos=\"15:5-15:34\">D\u1ea3i nhi\u1ec7t \u0111\u1ed9 ho\u1ea1t \u0111\u1ed9ng r\u1ed9ng.<\/li>\n<\/ul>\n<\/li>\n<li data-sourcepos=\"16:1-18:0\"><strong>Kh\u00f4ng m\u00e0u, kh\u00f4ng m\u00f9i:<\/strong>\n<ul data-sourcepos=\"17:5-18:0\">\n<li data-sourcepos=\"17:5-18:0\">Kh\u00f4ng \u1ea3nh h\u01b0\u1edfng \u0111\u1ebfn ch\u1ea5t l\u01b0\u1ee3ng c\u1ee7a th\u1ef1c ph\u1ea9m n\u1ebfu v\u00f4 t\u00ecnh ti\u1ebfp x\u00fac.<\/li>\n<\/ul>\n<\/li>\n<\/ul>\n<p data-sourcepos=\"19:1-19:13\"><strong>\u1ee8ng d\u1ee5ng:<\/strong><\/p>\n<p data-sourcepos=\"19:1-19:13\"><strong><img decoding=\"async\" title=\"molygraph-safol-fgg-552-1-2\" src=\"https:\/\/yenhung.com\/wp-content\/uploads\/2025\/11\/molygraph-safol-fgg-552-1-2.jpg\" alt=\"M\u1ee1 th\u1ef1c ph\u1ea9m Molygraph Safol FGG 552\" data-thumb=\"large\" \/><\/strong><\/p>\n<ul data-sourcepos=\"21:1-27:0\">\n<li data-sourcepos=\"21:1-21:50\">Ng\u00e0nh c\u00f4ng nghi\u1ec7p ch\u1ebf bi\u1ebfn th\u1ef1c ph\u1ea9m v\u00e0 \u0111\u1ed3 u\u1ed1ng.<\/li>\n<li data-sourcepos=\"22:1-22:105\">B\u00f4i tr\u01a1n v\u00f2ng bi b\u1ea1c \u0111\u1ea1n, c\u00e1c b\u1ed9 ph\u1eadn tr\u01b0\u1ee3t trong m\u00e1y gia c\u00f4ng, m\u00e1y chi\u1ebft r\u00f3t v\u00e0 m\u00e1y \u0111\u00f3ng bao b\u00ec.<\/li>\n<li data-sourcepos=\"23:1-23:16\">B\u1ea3o v\u1ec7 cao su.<\/li>\n<li data-sourcepos=\"24:1-24:75\">B\u00f4i tr\u01a1n c\u00e1c b\u1ed9 ph\u1eadn b\u1eb1ng cao su, nh\u1ef1a chuy\u1ec3n \u0111\u1ed9ng d\u01b0\u1edbi \u0111i\u1ec1u ki\u1ec7n \u1ea9m \u01b0\u1edbt.<\/li>\n<li data-sourcepos=\"25:1-25:89\">B\u00f4i tr\u01a1n van, th\u00e2n, \u1ed1ng d\u1eabn v\u00e0 ph\u00edch c\u1eafm trong h\u1ec7 th\u1ed1ng \u0111\u01b0\u1eddng \u1ed1ng d\u1eabn th\u1ef1c ph\u1ea9m.<sup data-turn-source-index=\"1\">\u00a0<\/sup><\/li>\n<li data-sourcepos=\"26:1-27:0\">C\u00e1c \u1ee9ng d\u1ee5ng kh\u00e1c y\u00eau c\u1ea7u m\u1ee1 b\u00f4i tr\u01a1n an to\u00e0n cho th\u1ef1c ph\u1ea9m.<\/li>\n<\/ul>\n<p data-sourcepos=\"28:1-28:28\"><strong>Th\u00f4ng s\u1ed1 k\u1ef9 thu\u1eadt ch\u00ednh:<\/strong><\/p>\n<p data-sourcepos=\"28:1-28:28\"><strong><img decoding=\"async\" title=\"molygraph-safol-fgg-552-1-1\" src=\"https:\/\/yenhung.com\/wp-content\/uploads\/2025\/11\/molygraph-safol-fgg-552-1-1.png\" alt=\"M\u1ee1 th\u1ef1c ph\u1ea9m Molygraph Safol FGG 552\" data-thumb=\"large\" \/><\/strong><\/p>\n<ul data-sourcepos=\"30:1-34:0\">\n<li data-sourcepos=\"30:1-30:32\">G\u1ed1c l\u00e0m \u0111\u1eb7c: Aluminium Complex<\/li>\n<li data-sourcepos=\"31:1-31:19\">D\u1ea7u g\u1ed1c: T\u1ed5ng h\u1ee3p<\/li>\n<li data-sourcepos=\"32:1-32:10\">NLGI: #2<\/li>\n<li data-sourcepos=\"33:1-34:0\">\u0110i\u1ec3m nh\u1ecf gi\u1ecdt: +270 \u00b0C<\/li>\n<\/ul>\n<p data-sourcepos=\"35:1-35:22\"><strong>L\u01b0u \u00fd khi s\u1eed d\u1ee5ng:<\/strong><\/p>\n<ul data-sourcepos=\"37:1-39:0\">\n<li data-sourcepos=\"37:1-37:63\">\u0110\u1ecdc k\u1ef9 h\u01b0\u1edbng d\u1eabn s\u1eed d\u1ee5ng tr\u00ean bao b\u00ec s\u1ea3n ph\u1ea9m tr\u01b0\u1edbc khi d\u00f9ng.<\/li>\n<li data-sourcepos=\"38:1-39:0\">Tu\u00e2n th\u1ee7 c\u00e1c quy \u0111\u1ecbnh v\u1ec1 an to\u00e0n th\u1ef1c ph\u1ea9m khi s\u1eed d\u1ee5ng s\u1ea3n ph\u1ea9m trong m\u00f4i tr\u01b0\u1eddng ch\u1ebf bi\u1ebfn th\u1ef1c ph\u1ea9m.<\/li>\n<\/ul>\n<\/div>\n","protected":false},"excerpt":{"rendered":"<p>T\u00ean sa\u0309n ph\u00e2\u0309m:\u00a0Molygraph Safol FGG 552<\/p>\n<p><strong>Li\u00ean h\u1ec7:<\/strong> 0397.433.258<\/p>\n","protected":false},"featured_media":6269,"comment_status":"closed","ping_status":"closed","template":"","meta":[],"product_brand":[],"product_cat":[151],"product_tag":[],"class_list":{"0":"post-6268","1":"product","2":"type-product","3":"status-publish","4":"has-post-thumbnail","6":"product_cat-molygraph","8":"first","9":"instock","10":"shipping-taxable","11":"product-type-simple"},"_links":{"self":[{"href":"https:\/\/yenhung.com\/index.php?rest_route=\/wp\/v2\/product\/6268","targetHints":{"allow":["GET"]}}],"collection":[{"href":"https:\/\/yenhung.com\/index.php?rest_route=\/wp\/v2\/product"}],"about":[{"href":"https:\/\/yenhung.com\/index.php?rest_route=\/wp\/v2\/types\/product"}],"replies":[{"embeddable":true,"href":"https:\/\/yenhung.com\/index.php?rest_route=%2Fwp%2Fv2%2Fcomments&post=6268"}],"wp:featuredmedia":[{"embeddable":true,"href":"https:\/\/yenhung.com\/index.php?rest_route=\/wp\/v2\/media\/6269"}],"wp:attachment":[{"href":"https:\/\/yenhung.com\/index.php?rest_route=%2Fwp%2Fv2%2Fmedia&parent=6268"}],"wp:term":[{"taxonomy":"product_brand","embeddable":true,"href":"https:\/\/yenhung.com\/index.php?rest_route=%2Fwp%2Fv2%2Fproduct_brand&post=6268"},{"taxonomy":"product_cat","embeddable":true,"href":"https:\/\/yenhung.com\/index.php?rest_route=%2Fwp%2Fv2%2Fproduct_cat&post=6268"},{"taxonomy":"product_tag","embeddable":true,"href":"https:\/\/yenhung.com\/index.php?rest_route=%2Fwp%2Fv2%2Fproduct_tag&post=6268"}],"curies":[{"name":"wp","href":"https:\/\/api.w.org\/{rel}","templated":true}]}}