{"id":6298,"date":"2025-11-10T07:09:52","date_gmt":"2025-11-10T07:09:52","guid":{"rendered":"https:\/\/yenhung.com\/?product=mo-boi-tron-molygraph-hvg-28-1kg-thung"},"modified":"2026-02-11T07:05:16","modified_gmt":"2026-02-11T07:05:16","slug":"mo-boi-tron-molygraph-hvg-28-1kg-thung","status":"publish","type":"product","link":"https:\/\/yenhung.com\/?product=mo-boi-tron-molygraph-hvg-28-1kg-thung","title":{"rendered":"M\u1ee1 b\u00f4i tr\u01a1n molygraph hvg 28 (1kg\/th\u00f9ng)"},"content":{"rendered":"<div class=\"ba-text-fpt\">\n<h2><strong>M\u1ee1 b\u00f4i tr\u01a1n molygraph hvg 28 (1kg\/th\u00f9ng)<\/strong><\/h2>\n<p><img decoding=\"async\" title=\"molygraph-hvg-28-b-1752562361537-2\" src=\"https:\/\/yenhung.com\/wp-content\/uploads\/2025\/11\/molygraph-hvg-28-b-1752562361537-2.jpg\" alt=\"M\u1ee1 b\u00f4i tr\u01a1n molygraph hvg 28 (1kg\/th\u00f9ng)\" data-thumb=\"large\" \/><\/p>\n<p>\u0110\u00e2y l\u00e0 m\u1ed9t lo\u1ea1i m\u1ee1 Silicone cao c\u1ea5p, chuy\u00ean d\u1ee5ng c\u1ee7a h\u00e3ng Molygraph (\u1ea4n \u0110\u1ed9), n\u1ed5i ti\u1ebfng v\u1edbi kh\u1ea3 n\u0103ng b\u00f4i tr\u01a1n cho c\u00e1c b\u1ed9 ph\u1eadn b\u1eb1ng cao su v\u00e0 nh\u1ef1a, c\u0169ng nh\u01b0 c\u00e1c \u1ee9ng d\u1ee5ng y\u00eau c\u1ea7u an to\u00e0n th\u1ef1c ph\u1ea9m.<\/p>\n<h3 data-sourcepos=\"5:1-5:56\">\u0110\u1eb7c \u0111i\u1ec3m n\u1ed5i b\u1eadt c\u1ee7a M\u1ee1 b\u00f4i tr\u01a1n Molygraph HVG 28<\/h3>\n<p data-sourcepos=\"7:1-7:84\">Molygraph HVG 28 l\u00e0 m\u1ed9t lo\u1ea1i m\u1ee1 Silicone hi\u1ec7u su\u1ea5t cao v\u1edbi nh\u1eefng \u0111\u1eb7c t\u00ednh v\u01b0\u1ee3t tr\u1ed9i:<\/p>\n<ul data-sourcepos=\"9:1-19:0\">\n<li data-sourcepos=\"9:1-9:169\"><strong>G\u1ed1c Silicone:<\/strong> \u0110\u01b0\u1ee3c pha ch\u1ebf t\u1eeb d\u1ea7u g\u1ed1c Silicone ch\u1ea5t l\u01b0\u1ee3ng cao, gi\u00fap m\u1ee1 c\u00f3 \u0111\u1ed9 \u1ed5n \u0111\u1ecbnh tuy\u1ec7t v\u1eddi \u1edf nhi\u1ec7t \u0111\u1ed9 cao v\u00e0 th\u1ea5p, kh\u00f4ng b\u1ecb c\u1ee9ng l\u1ea1i hay kh\u00f4 \u0111i theo th\u1eddi gian.<\/li>\n<li data-sourcepos=\"10:1-10:372\"><strong>Kh\u00f4ng \u0111\u1ed9c h\u1ea1i, an to\u00e0n th\u1ef1c ph\u1ea9m (Food Grade):<\/strong> Molygraph HVG 28 \u0111\u01b0\u1ee3c ch\u1ee9ng nh\u1eadn an to\u00e0n th\u1ef1c ph\u1ea9m (NSF H2 &#8211; m\u1ed9t s\u1ed1 ngu\u1ed3n ghi H1, c\u1ea7n ki\u1ec3m tra l\u1ea1i th\u00f4ng tin chi ti\u1ebft t\u1eeb nh\u00e0 cung c\u1ea5p ch\u00ednh th\u1ee9c, tuy nhi\u00ean m\u1ee1 silicon th\u01b0\u1eddng \u0111\u01b0\u1ee3c d\u00f9ng cho c\u00e1c \u1ee9ng d\u1ee5ng c\u00f3 th\u1ec3 ti\u1ebfp x\u00fac th\u1ef1c ph\u1ea9m). \u0110i\u1ec1u n\u00e0y l\u00e0m cho n\u00f3 l\u00fd t\u01b0\u1edfng cho c\u00e1c \u1ee9ng d\u1ee5ng trong ng\u00e0nh th\u1ef1c ph\u1ea9m, d\u01b0\u1ee3c ph\u1ea9m v\u00e0 \u0111\u1ed3 u\u1ed1ng.<\/li>\n<\/ul>\n<p><img decoding=\"async\" title=\"molygraph-hvg-28-a-1752562362485-1\" src=\"https:\/\/yenhung.com\/wp-content\/uploads\/2025\/11\/molygraph-hvg-28-a-1752562362485-1.jpg\" alt=\"M\u1ee1 b\u00f4i tr\u01a1n molygraph hvg 28 (1kg\/th\u00f9ng)\" data-thumb=\"large\" \/><\/p>\n<ul>\n<li data-sourcepos=\"11:1-11:161\"><strong>Ph\u1ea1m vi nhi\u1ec7t \u0111\u1ed9 ho\u1ea1t \u0111\u1ed9ng r\u1ed9ng:<\/strong> C\u00f3 t\u00ednh \u1ed5n \u0111\u1ecbnh cao trong kho\u1ea3ng nhi\u1ec7t \u0111\u1ed9 r\u1ed9ng, t\u1eeb <strong>-40\u00b0C \u0111\u1ebfn +260\u00b0C<\/strong>, ph\u00f9 h\u1ee3p v\u1edbi nhi\u1ec1u m\u00f4i tr\u01b0\u1eddng ho\u1ea1t \u0111\u1ed9ng kh\u00e1c nhau.<\/li>\n<li data-sourcepos=\"12:1-12:243\"><strong>Kh\u1ea3 n\u0103ng ch\u1ecbu dung m\u00f4i t\u1ed1t:<\/strong> C\u00f3 kh\u1ea3 n\u0103ng ch\u1ed1ng ch\u1ecbu t\u1ed1t v\u1edbi nhi\u1ec1u lo\u1ea1i dung m\u00f4i nh\u01b0 Methanol, Isopropanol, Acetone, Methyl Ethyl Ketone, Diethylene Glycol, Ethanol, gi\u00fap duy tr\u00ec hi\u1ec7u qu\u1ea3 b\u00f4i tr\u01a1n ngay c\u1ea3 khi ti\u1ebfp x\u00fac v\u1edbi c\u00e1c h\u00f3a ch\u1ea5t n\u00e0y.<\/li>\n<li data-sourcepos=\"13:1-13:148\"><strong>Ch\u1ed1ng n\u01b0\u1edbc (n\u00f3ng v\u00e0 l\u1ea1nh):<\/strong> Ch\u1ecbu \u0111\u01b0\u1ee3c c\u1ea3 n\u01b0\u1edbc n\u00f3ng v\u00e0 n\u01b0\u1edbc l\u1ea1nh, kh\u00f4ng b\u1ecb r\u1eeda tr\u00f4i, \u0111\u1ea3m b\u1ea3o kh\u1ea3 n\u0103ng b\u00f4i tr\u01a1n li\u00ean t\u1ee5c trong m\u00f4i tr\u01b0\u1eddng \u1ea9m \u01b0\u1edbt.<\/li>\n<li data-sourcepos=\"14:1-14:212\"><strong>An to\u00e0n v\u1edbi v\u1eadt li\u1ec7u nh\u1ef1a v\u00e0 cao su:<\/strong> \u0110\u1eb7c bi\u1ec7t quan tr\u1ecdng, m\u1ee1 n\u00e0y kh\u00f4ng g\u00e2y h\u01b0 h\u1ea1i, kh\u00f4ng l\u00e0m tr\u01b0\u01a1ng n\u1edf hay ph\u00e1 h\u1ee7y c\u00e1c v\u1eadt li\u1ec7u nh\u1ef1a v\u00e0 cao su (O-rings, seal, gio\u0103ng ph\u1edbt, v.v.), k\u00e9o d\u00e0i tu\u1ed5i th\u1ecd c\u1ee7a ch\u00fang.<\/li>\n<li data-sourcepos=\"15:1-15:136\"><strong>\u0110\u1ed9 b\u00e1m d\u00ednh c\u1ef1c t\u1ed1t:<\/strong> C\u00f3 \u0111\u1ed9 b\u00e1m d\u00ednh cao v\u00e0o c\u00e1c b\u1ec1 m\u1eb7t, \u0111\u1eb7c bi\u1ec7t l\u00e0 c\u00e1c seal, gi\u00fap t\u1ea1o ra l\u1edbp b\u1ecbt k\u00edn hi\u1ec7u qu\u1ea3 v\u00e0 ng\u0103n ng\u1eeba r\u00f2 r\u1ec9.<\/li>\n<li data-sourcepos=\"16:1-16:154\"><strong>Kh\u00f4ng n\u00f3ng ch\u1ea3y (Non-melting):<\/strong> Ch\u1ea5t l\u00e0m \u0111\u1eb7c kh\u00f4ng x\u00e0 ph\u00f2ng gi\u00fap m\u1ee1 kh\u00f4ng b\u1ecb tan ch\u1ea3y ngay c\u1ea3 \u1edf nhi\u1ec7t \u0111\u1ed9 cao, duy tr\u00ec c\u1ea5u tr\u00fac v\u00e0 hi\u1ec7u su\u1ea5t b\u00f4i tr\u01a1n.<\/li>\n<li data-sourcepos=\"17:1-17:69\"><strong>M\u00e0u s\u1eafc:<\/strong> Th\u01b0\u1eddng c\u00f3 m\u00e0u tr\u1eafng m\u1edd (translucent white) ho\u1eb7c tr\u1eafng.<\/li>\n<li data-sourcepos=\"18:1-19:0\"><strong>NLGI Grade 3:<\/strong> \u0110\u00e2y l\u00e0 \u0111\u1ed9 \u0111\u1eb7c c\u1ee7a m\u1ee1, h\u01a1i \u0111\u1eb7c h\u01a1n so v\u1edbi m\u1ee1 \u0111a n\u0103ng th\u00f4ng th\u01b0\u1eddng (NLGI 2), cho th\u1ea5y kh\u1ea3 n\u0103ng gi\u1eef v\u1eefng v\u1ecb tr\u00ed t\u1ed1t h\u01a1n.<\/li>\n<\/ul>\n<p><img decoding=\"async\" title=\"molygraph-hvg-28-c-1752562360567-1\" src=\"https:\/\/yenhung.com\/wp-content\/uploads\/2025\/11\/molygraph-hvg-28-c-1752562360567-1.jpg\" alt=\"M\u1ee1 b\u00f4i tr\u01a1n molygraph hvg 28 (1kg\/th\u00f9ng)\" data-thumb=\"large\" \/><\/p>\n<ul>\n<li>\n<h3 data-sourcepos=\"22:1-22:48\">\u1ee8ng d\u1ee5ng c\u1ee7a M\u1ee1 b\u00f4i tr\u01a1n Molygraph HVG 28<\/h3>\n<p data-sourcepos=\"24:1-24:91\">V\u1edbi nh\u1eefng \u0111\u1eb7c t\u00ednh v\u01b0\u1ee3t tr\u1ed9i, Molygraph HVG 28 \u0111\u01b0\u1ee3c \u1ee9ng d\u1ee5ng r\u1ed9ng r\u00e3i trong nhi\u1ec1u l\u0129nh v\u1ef1c:<\/p>\n<\/li>\n<li data-sourcepos=\"26:1-26:183\"><strong>B\u00f4i tr\u01a1n van, v\u00f2i v\u00e0 \u0111\u01b0\u1eddng \u1ed1ng:<\/strong> \u0110\u1eb7c bi\u1ec7t l\u00e0 van, v\u00f2i s\u1eed d\u1ee5ng trong ng\u00e0nh c\u00f4ng nghi\u1ec7p h\u00f3a ch\u1ea5t, \u0111\u01b0\u1eddng \u1ed1ng d\u1eabn n\u01b0\u1edbc n\u00f3ng v\u00e0 l\u1ea1nh (bao g\u1ed3m c\u1ea3 c\u00e1c \u1ee9ng d\u1ee5ng d\u00e2n d\u1ee5ng v\u00e0 c\u00f4ng nghi\u1ec7p).<\/li>\n<li data-sourcepos=\"27:1-29:49\"><strong>B\u00f4i tr\u01a1n v\u1eadt li\u1ec7u nh\u1ef1a v\u00e0 cao su:<\/strong>\n<ul data-sourcepos=\"28:5-29:49\">\n<li data-sourcepos=\"28:5-28:97\">B\u1ea3o v\u1ec7 v\u00e0 b\u00f4i tr\u01a1n O-rings, c\u00e1c seal cao su, gio\u0103ng ph\u1edbt cao su v\u00e0 c\u00e1c b\u1ed9 ph\u1eadn cao su kh\u00e1c.<\/li>\n<li data-sourcepos=\"29:5-29:49\">B\u00f4i tr\u01a1n c\u00e1c b\u00e1nh r\u0103ng, chi ti\u1ebft b\u1eb1ng nh\u1ef1a.<\/li>\n<\/ul>\n<\/li>\n<li data-sourcepos=\"30:1-30:161\"><strong>Ng\u00e0nh th\u1ef1c ph\u1ea9m v\u00e0 \u0111\u1ed3 u\u1ed1ng:<\/strong> C\u00e1c thi\u1ebft b\u1ecb, m\u00e1y m\u00f3c c\u00f3 ti\u1ebfp x\u00fac ng\u1eabu nhi\u00ean v\u1edbi th\u1ef1c ph\u1ea9m ho\u1eb7c y\u00eau c\u1ea7u v\u1ec7 sinh cao, nh\u01b0 m\u00e1y pha ch\u1ebf, thi\u1ebft b\u1ecb x\u1eed l\u00fd n\u01b0\u1edbc, v.v.<\/li>\n<li data-sourcepos=\"31:1-31:101\"><strong>Thi\u1ebft b\u1ecb kh\u00ed n\u00e9n (Pneumatic Equipment):<\/strong> B\u00f4i tr\u01a1n v\u00e0 l\u00e0m k\u00edn c\u00e1c b\u1ed9 ph\u1eadn trong h\u1ec7 th\u1ed1ng kh\u00ed n\u00e9n.<\/li>\n<li data-sourcepos=\"32:1-32:120\"><strong>\u0110i\u1ec7n v\u00e0 \u0110i\u1ec7n t\u1eed:<\/strong> B\u00f4i tr\u01a1n c\u00e1c \u0111i\u1ec3m ti\u1ebfp x\u00fac \u0111i\u1ec7n, b\u1ea3o v\u1ec7 ch\u1ed1ng \u1ea9m (do t\u00ednh ch\u1ea5t \u0111i\u1ec7n m\u00f4i t\u1ed1t c\u1ee7a silicone grease).<\/li>\n<li data-sourcepos=\"33:1-34:0\"><strong>Phanh \u00f4 t\u00f4 (\u1eafc th\u1eafng):<\/strong> M\u1ed9t s\u1ed1 ngu\u1ed3n c\u0169ng \u0111\u1ec1 c\u1eadp \u0111\u1ebfn vi\u1ec7c s\u1eed d\u1ee5ng cho \u1eafc phanh \u0111\u1ec3 ch\u1ed1ng n\u1edf ph\u1edbt cao su.<\/li>\n<\/ul>\n<\/div>\n","protected":false},"excerpt":{"rendered":"<p><strong>T\u00ean sa\u0309n ph\u00e2\u0309m:<\/strong>\u00a0M\u1ee1 Silicon Molygraph HVG 28<\/p>\n<p><strong>Li\u00ean h\u1ec7:<\/strong> 0397.433.258<\/p>\n","protected":false},"featured_media":6299,"comment_status":"closed","ping_status":"closed","template":"","meta":[],"product_brand":[],"product_cat":[151],"product_tag":[],"class_list":{"0":"post-6298","1":"product","2":"type-product","3":"status-publish","4":"has-post-thumbnail","6":"product_cat-molygraph","8":"first","9":"instock","10":"shipping-taxable","11":"product-type-simple"},"_links":{"self":[{"href":"https:\/\/yenhung.com\/index.php?rest_route=\/wp\/v2\/product\/6298","targetHints":{"allow":["GET"]}}],"collection":[{"href":"https:\/\/yenhung.com\/index.php?rest_route=\/wp\/v2\/product"}],"about":[{"href":"https:\/\/yenhung.com\/index.php?rest_route=\/wp\/v2\/types\/product"}],"replies":[{"embeddable":true,"href":"https:\/\/yenhung.com\/index.php?rest_route=%2Fwp%2Fv2%2Fcomments&post=6298"}],"wp:featuredmedia":[{"embeddable":true,"href":"https:\/\/yenhung.com\/index.php?rest_route=\/wp\/v2\/media\/6299"}],"wp:attachment":[{"href":"https:\/\/yenhung.com\/index.php?rest_route=%2Fwp%2Fv2%2Fmedia&parent=6298"}],"wp:term":[{"taxonomy":"product_brand","embeddable":true,"href":"https:\/\/yenhung.com\/index.php?rest_route=%2Fwp%2Fv2%2Fproduct_brand&post=6298"},{"taxonomy":"product_cat","embeddable":true,"href":"https:\/\/yenhung.com\/index.php?rest_route=%2Fwp%2Fv2%2Fproduct_cat&post=6298"},{"taxonomy":"product_tag","embeddable":true,"href":"https:\/\/yenhung.com\/index.php?rest_route=%2Fwp%2Fv2%2Fproduct_tag&post=6298"}],"curies":[{"name":"wp","href":"https:\/\/api.w.org\/{rel}","templated":true}]}}