{"id":6306,"date":"2025-11-10T07:12:48","date_gmt":"2025-11-10T07:12:48","guid":{"rendered":"https:\/\/yenhung.com\/?product=hoa-chat-bao-duong-oks-2661-600ml"},"modified":"2026-02-11T07:02:41","modified_gmt":"2026-02-11T07:02:41","slug":"hoa-chat-bao-duong-oks-2661-600ml","status":"publish","type":"product","link":"https:\/\/yenhung.com\/?product=hoa-chat-bao-duong-oks-2661-600ml","title":{"rendered":"H\u00f3a ch\u1ea5t b\u1ea3o d\u01b0\u1ee1ng &#8211; OKS 2661, 600ML"},"content":{"rendered":"<div class=\"ba-text-fpt\">\n<h2 data-sourcepos=\"1:1-1:117\"><strong>H\u00f3a ch\u1ea5t b\u1ea3o d\u01b0\u1ee1ng &#8211; OKS 2661, 600ml\u00a0<\/strong><\/h2>\n<p><img decoding=\"async\" title=\"oks-2662-a-1751596958174-2\" src=\"https:\/\/yenhung.com\/wp-content\/uploads\/2025\/11\/oks-2662-a-1751596958174-2.jpg\" alt=\"H\u00f3a ch\u1ea5t b\u1ea3o d\u01b0\u1ee1ng - OKS 2661, 600ML\" data-thumb=\"large\" \/><\/p>\n<p data-sourcepos=\"3:1-3:206\">\u0110\u00e2y l\u00e0 m\u1ed9t lo\u1ea1i <strong>ch\u1ea5t t\u1ea9y r\u1eeda nhanh<\/strong> d\u1ea1ng b\u00ecnh x\u1ecbt c\u1ee7a OKS Spezialschmierstoffe GmbH (\u0110\u1ee9c), \u0111\u01b0\u1ee3c s\u1eed d\u1ee5ng \u0111\u1ec3 <strong>l\u00e0m s\u1ea1ch nhanh ch\u00f3ng v\u00e0 hi\u1ec7u qu\u1ea3 c\u00e1c b\u1ed9 ph\u1eadn m\u00e1y m\u00f3c v\u00e0 b\u1ec1 m\u1eb7t v\u1eadt li\u1ec7u<\/strong> m\u00e0 kh\u00f4ng \u0111\u1ec3 l\u1ea1i c\u1eb7n.<\/p>\n<p data-sourcepos=\"5:1-5:83\"><strong>C\u00e1c \u0111\u1eb7c \u0111i\u1ec3m v\u00e0 \u1ee9ng d\u1ee5ng ch\u00ednh v\u1eabn t\u01b0\u01a1ng t\u1ef1 nh\u01b0 s\u1ea3n ph\u1ea9m OKS 2661 th\u00f4ng th\u01b0\u1eddng:<\/strong><\/p>\n<p data-sourcepos=\"5:1-5:83\"><img decoding=\"async\" title=\"oks-2661-b-1751596957755-1\" src=\"https:\/\/yenhung.com\/wp-content\/uploads\/2025\/11\/oks-2661-b-1751596957755-1.jpg\" alt=\"H\u00f3a ch\u1ea5t b\u1ea3o d\u01b0\u1ee1ng - OKS 2661, 600ML\" data-thumb=\"large\" \/><\/p>\n<ul data-sourcepos=\"7:1-16:0\">\n<li data-sourcepos=\"7:1-7:97\"><strong>L\u00e0m s\u1ea1ch nhanh ch\u00f3ng v\u00e0 kh\u00f4ng \u0111\u1ec3 l\u1ea1i c\u1eb7n:<\/strong> Lo\u1ea1i b\u1ecf d\u1ea7u m\u1ee1, b\u1ee5i b\u1ea9n v\u00e0 c\u00e1c ch\u1ea5t \u00f4 nhi\u1ec5m kh\u00e1c.<\/li>\n<li data-sourcepos=\"8:1-8:56\"><strong>Hi\u1ec7u qu\u1ea3 cao:<\/strong> Ch\u1ee9a c\u00e1c ho\u1ea1t ch\u1ea5t l\u00e0m s\u1ea1ch m\u1ea1nh m\u1ebd.<\/li>\n<li data-sourcepos=\"9:1-9:55\"><strong>G\u1ed1c dung m\u00f4i:<\/strong> Ch\u1ea5t t\u1ea9y r\u1eeda hi\u1ec7n \u0111\u1ea1i g\u1ed1c dung m\u00f4i.<\/li>\n<li data-sourcepos=\"10:1-10:100\"><strong>D\u1ea1ng b\u00ecnh x\u1ecbt 600ml:<\/strong> Ti\u1ec7n l\u1ee3i khi s\u1eed d\u1ee5ng v\u00e0 c\u00f3 dung t\u00edch l\u1edbn h\u01a1n so v\u1edbi c\u00e1c b\u00ecnh x\u1ecbt nh\u1ecf h\u01a1n.<\/li>\n<li data-sourcepos=\"11:1-16:0\"><strong>\u1ee8ng d\u1ee5ng:<\/strong><\/li>\n<li data-sourcepos=\"11:1-16:0\"><img decoding=\"async\" title=\"oks-2661-c-1751596956996-1\" src=\"https:\/\/yenhung.com\/wp-content\/uploads\/2025\/11\/oks-2661-c-1751596956996-1.jpg\" alt=\"H\u00f3a ch\u1ea5t b\u1ea3o d\u01b0\u1ee1ng - OKS 2661, 600ML\" data-thumb=\"large\" \/>\n<ul data-sourcepos=\"12:5-16:0\">\n<li data-sourcepos=\"12:5-12:125\">T\u1ea9y d\u1ea7u m\u1ee1 tr\u00ean t\u1ea5t c\u1ea3 c\u00e1c b\u1ec1 m\u1eb7t v\u00e0 b\u1ed9 ph\u1eadn l\u00e0m t\u1eeb v\u1eadt li\u1ec7u kh\u00f4ng th\u1ea5m h\u00fat nh\u01b0 kim lo\u1ea1i, g\u1ed1m s\u1ee9, nh\u1ef1a v\u00e0 ch\u1ea5t \u0111\u00e0n h\u1ed3i.<\/li>\n<li data-sourcepos=\"13:5-13:64\">L\u00e0m s\u1ea1ch b\u1ec1 m\u1eb7t tr\u01b0\u1edbc khi d\u00e1n keo, s\u01a1n ph\u1ee7 ho\u1eb7c tr\u00e1m tr\u00e9t.<\/li>\n<li data-sourcepos=\"14:5-14:77\">L\u00e0m s\u1ea1ch c\u00e1c b\u1ec1 m\u1eb7t ma s\u00e1t nh\u01b0 m\u00e1 phanh v\u00e0 ly h\u1ee3p (ch\u1ea5t t\u1ea9y r\u1eeda phanh).<\/li>\n<li data-sourcepos=\"15:5-16:0\">Lo\u1ea1i b\u1ecf c\u1eb7n d\u1ea7u m\u1ee1 c\u0169, b\u1ecb chai c\u1ee9ng, c\u1eb7n d\u1ea7u phanh, silicone v\u00e0 c\u00e1c l\u1edbp ph\u1ee7, keo d\u00e1n, ch\u1ea5t tr\u00e1m tr\u00e9t \u0111\u01a1n gi\u1ea3n.<\/li>\n<\/ul>\n<\/li>\n<\/ul>\n<\/div>\n","protected":false},"excerpt":{"rendered":"<p>T\u00ean sa\u0309n ph\u00e2\u0309m:\u00a0H\u00f3a ch\u1ea5t b\u1ea3o d\u01b0\u1ee1ng &#8211; OKS 2661, 600ML<\/p>\n<p><strong>Li\u00ean h\u1ec7:<\/strong> 0397.433.258<\/p>\n","protected":false},"featured_media":6307,"comment_status":"closed","ping_status":"closed","template":"","meta":[],"product_brand":[],"product_cat":[154],"product_tag":[],"class_list":{"0":"post-6306","1":"product","2":"type-product","3":"status-publish","4":"has-post-thumbnail","6":"product_cat-oks","8":"first","9":"instock","10":"shipping-taxable","11":"product-type-simple"},"_links":{"self":[{"href":"https:\/\/yenhung.com\/index.php?rest_route=\/wp\/v2\/product\/6306","targetHints":{"allow":["GET"]}}],"collection":[{"href":"https:\/\/yenhung.com\/index.php?rest_route=\/wp\/v2\/product"}],"about":[{"href":"https:\/\/yenhung.com\/index.php?rest_route=\/wp\/v2\/types\/product"}],"replies":[{"embeddable":true,"href":"https:\/\/yenhung.com\/index.php?rest_route=%2Fwp%2Fv2%2Fcomments&post=6306"}],"wp:featuredmedia":[{"embeddable":true,"href":"https:\/\/yenhung.com\/index.php?rest_route=\/wp\/v2\/media\/6307"}],"wp:attachment":[{"href":"https:\/\/yenhung.com\/index.php?rest_route=%2Fwp%2Fv2%2Fmedia&parent=6306"}],"wp:term":[{"taxonomy":"product_brand","embeddable":true,"href":"https:\/\/yenhung.com\/index.php?rest_route=%2Fwp%2Fv2%2Fproduct_brand&post=6306"},{"taxonomy":"product_cat","embeddable":true,"href":"https:\/\/yenhung.com\/index.php?rest_route=%2Fwp%2Fv2%2Fproduct_cat&post=6306"},{"taxonomy":"product_tag","embeddable":true,"href":"https:\/\/yenhung.com\/index.php?rest_route=%2Fwp%2Fv2%2Fproduct_tag&post=6306"}],"curies":[{"name":"wp","href":"https:\/\/api.w.org\/{rel}","templated":true}]}}