{"id":6314,"date":"2025-11-10T07:12:56","date_gmt":"2025-11-10T07:12:56","guid":{"rendered":"https:\/\/yenhung.com\/?product=mo-lap-rap-oks-220-1kg-hop"},"modified":"2026-02-11T07:02:31","modified_gmt":"2026-02-11T07:02:31","slug":"mo-lap-rap-oks-220-1kg-hop","status":"publish","type":"product","link":"https:\/\/yenhung.com\/?product=mo-lap-rap-oks-220-1kg-hop","title":{"rendered":"M\u1ee1 l\u1eafp r\u00e1p OKS 220 &#8211; 1kg\/h\u1ed9p"},"content":{"rendered":"<div class=\"ba-text-fpt\">\n<h2><strong>M\u1ee1 l\u1eafp r\u00e1p OKS 220 &#8211; 1kg\/h\u1ed9p<\/strong><\/h2>\n<p><img decoding=\"async\" title=\"oks-220-1kg-b-1\" src=\"https:\/\/yenhung.com\/wp-content\/uploads\/2025\/11\/oks-220-1kg-b-1.jpg\" alt=\"M\u1ee1 l\u1eafp r\u00e1p OKS 220 - 1kg\/h\u1ed9p\" data-thumb=\"large\" \/><\/p>\n<p>OKS 220 l\u00e0 m\u1ed9t lo\u1ea1i m\u1ee1 b\u00f4i tr\u01a1n \u0111\u1eb7c bi\u1ec7t v\u1edbi h\u00e0m l\u01b0\u1ee3ng cao MoS\u2082 (Molybdenum disulfide). D\u01b0\u1edbi \u0111\u00e2y l\u00e0 m\u1ed9t s\u1ed1 th\u00f4ng tin chi ti\u1ebft v\u1ec1 s\u1ea3n ph\u1ea9m n\u00e0y:<\/p>\n<p><b>\u1ee8ng d\u1ee5ng:<\/b><\/p>\n<p>OKS 220 \u0111\u01b0\u1ee3c thi\u1ebft k\u1ebf \u0111\u1ec3:<\/p>\n<ul>\n<li><b>L\u1eafp r\u00e1p:<\/b> B\u00f4i tr\u01a1n cho qu\u00e1 tr\u00ecnh l\u1eafp r\u00e1p c\u00e1c chi ti\u1ebft \u00e9p ch\u1eb7t nh\u01b0 b\u00e1nh r\u0103ng, tr\u1ee5c, l\u1ed1p xe, v\u00f2ng bi, gi\u00fap ng\u0103n ng\u1eeba k\u1eb9t d\u00ednh.<\/li>\n<li><b>Ch\u1ea1y r\u00e0:<\/b> B\u00f4i tr\u01a1n c\u00e1c b\u1ec1 m\u1eb7t tr\u01b0\u1ee3t ch\u1ecbu t\u1ea3i tr\u1ecdng cao nh\u01b0 \u1ed5 tr\u01b0\u1ee3t, b\u00e1nh r\u0103ng, tr\u1ee5c khu\u1ef7u trong giai \u0111o\u1ea1n ch\u1ea1y r\u00e0, gi\u00fap ch\u1ed1ng m\u00e0i m\u00f2n v\u00e0 k\u1eb9t.<\/li>\n<li><b>Gia c\u00f4ng \u0111\u1ecbnh h\u00ecnh:<\/b> H\u1ed7 tr\u1ee3 c\u00e1c qu\u00e1 tr\u00ecnh gia c\u00f4ng \u0111\u1ecbnh h\u00ecnh kh\u00f4ng c\u1eaft nh\u01b0 \u0111\u1ed9t d\u1eadp, \u00e9p, d\u1eadp n\u1ed5i, gi\u00fap tr\u00e1nh ti\u1ebfp x\u00fac kim lo\u1ea1i tr\u1ef1c ti\u1ebfp v\u00e0 h\u00e0n d\u00ednh.<\/li>\n<li><b>L\u1edbp l\u00f3t ch\u1ed1ng d\u00ednh:<\/b> S\u1eed d\u1ee5ng nh\u01b0 m\u1ed9t l\u1edbp l\u00f3t cho c\u00e1c m\u1ed1i ren, thanh d\u1eabn, r\u00e3nh tr\u01b0\u1ee3t \u0111\u1ec3 ng\u0103n ng\u1eeba hi\u1ec7n t\u01b0\u1ee3ng d\u00ednh tr\u01b0\u1ee3t v\u00e0 m\u00e0i m\u00f2n.<\/li>\n<\/ul>\n<p><b>T\u00ednh n\u0103ng v\u00e0 \u01b0u \u0111i\u1ec3m:<\/b><\/p>\n<p><b><img decoding=\"async\" title=\"oks-220-2\" src=\"https:\/\/yenhung.com\/wp-content\/uploads\/2025\/11\/oks-220-2.jpg\" alt=\"OKS 220\" data-thumb=\"large\" \/><\/b><\/p>\n<ul>\n<li><b>B\u1ea3o v\u1ec7 t\u1ee9c th\u00ec:<\/b> Ch\u1ed1ng \u0103n m\u00f2n, m\u00e0i m\u00f2n v\u00e0 d\u00ednh tr\u01b0\u1ee3t hi\u1ec7u qu\u1ea3 ngay c\u1ea3 trong \u0111i\u1ec1u ki\u1ec7n t\u1ea3i tr\u1ecdng cao.<\/li>\n<li><b>Hi\u1ec7u qu\u1ea3 cao:<\/b> Nh\u1edd \u00e1i l\u1ef1c m\u1ea1nh c\u1ee7a MoS\u2082 v\u1edbi kim lo\u1ea1i.<\/li>\n<li><b>Ma s\u00e1t th\u1ea5p:<\/b> Gi\u1ea3m ma s\u00e1t t\u1ed1i \u0111a ngay c\u1ea3 \u1edf kh\u1ea3 n\u0103ng ch\u1ecbu t\u1ea3i cao nh\u1ea5t.<\/li>\n<li><b>T\u0103ng \u0111\u1ed9 tin c\u1eady:<\/b> C\u1ea3i thi\u1ec7n \u0111\u1ed9 tin c\u1eady c\u1ee7a c\u00e1c b\u1ed9 ph\u1eadn chuy\u1ec3n \u0111\u1ed9ng nh\u1edd kh\u1ea3 n\u0103ng ch\u1ed1ng k\u1eb9t.<\/li>\n<li><b>C\u1ea3i thi\u1ec7n hi\u1ec7u su\u1ea5t:<\/b> Nh\u1edd c\u00e1c h\u1ee3p ch\u1ea5t ph\u1ee9c h\u1ee3p molypden h\u1eefu c\u01a1.<\/li>\n<li><b>D\u1ec5 s\u1eed d\u1ee5ng:<\/b> Kh\u00f4ng c\u1ea7n ph\u1ea3i xoa \u0111\u1ec1u l\u00ean b\u1ec1 m\u1eb7t.<\/li>\n<li><b>Ch\u1ecbu nhi\u1ec7t t\u1ed1t:<\/b> D\u1ea3i nhi\u1ec7t \u0111\u1ed9 ho\u1ea1t \u0111\u1ed9ng r\u1ed9ng t\u1eeb -35\u00b0C \u0111\u1ebfn +450\u00b0C (ch\u1ec9 t\u00e1c d\u1ee5ng t\u00e1ch l\u1edbp).<\/li>\n<\/ul>\n<p><b>Th\u00f4ng s\u1ed1 k\u1ef9 thu\u1eadt:<\/b><\/p>\n<ul>\n<li><b>M\u00e0u s\u1eafc:<\/b> \u0110en<\/li>\n<li><b>T\u1ef7 tr\u1ecdng (\u1edf 20\u00b0C):<\/b> Kho\u1ea3ng 1.5 g\/cm\u00b3<\/li>\n<li><b>\u0110\u1ed9 xuy\u00ean kim:<\/b> NLGI 1-2<\/li>\n<li><b>Th\u1eed nghi\u1ec7m Press-fit (\u00b5):<\/b> 0.05 (kh\u00f4ng g\u00e2y ti\u1ebfng \u1ed3n)<\/li>\n<li><b>T\u1ea3i tr\u1ecdng h\u00e0n (th\u00ed nghi\u1ec7m 4 bi):<\/b> 4200 N<\/li>\n<\/ul>\n<p><b>C\u00e1ch s\u1eed d\u1ee5ng:<\/b><\/p>\n<p><img decoding=\"async\" title=\"oks220-1kg-a-1\" src=\"https:\/\/yenhung.com\/wp-content\/uploads\/2025\/11\/oks220-1kg-a-1.jpg\" alt=\"M\u1ee1 l\u1eafp r\u00e1p OKS 220 - 1kg\/h\u1ed9p\" data-thumb=\"large\" \/><\/p>\n<ol start=\"1\">\n<li>L\u00e0m s\u1ea1ch b\u1ee5i b\u1ea9n v\u00e0 c\u00e1c ch\u1ea5t b\u00f4i tr\u01a1n kh\u00e1c kh\u1ecfi b\u1ec1 m\u1eb7t c\u1ea7n b\u00f4i tr\u01a1n \u0111\u1ec3 \u0111\u1ea1t \u0111\u1ed9 b\u00e1m d\u00ednh t\u1ed1t nh\u1ea5t. C\u00f3 th\u1ec3 d\u00f9ng b\u00e0n ch\u1ea3i s\u1eaft v\u00e0 sau \u0111\u00f3 d\u00f9ng ch\u1ea5t t\u1ea9y r\u1eeda \u0111a n\u0103ng nh\u01b0 OKS 2610\/OKS 2611.<\/li>\n<li>Thoa m\u1ed9t l\u1edbp m\u1ecfng v\u00e0 \u0111\u1ec1u OKS 220 l\u00ean b\u1ec1 m\u1eb7t b\u1eb1ng c\u1ecd ho\u1eb7c \u0448\u043f\u0430\u0442\u0435\u043b\u044c (dao g\u1ea1t).<\/li>\n<li>Lo\u1ea1i b\u1ecf ph\u1ea7n m\u1ee1 th\u1eeba.<\/li>\n<\/ol>\n<p><b>L\u01b0u \u00fd quan tr\u1ecdng:<\/b><\/p>\n<ul>\n<li>Kh\u00f4ng s\u1eed d\u1ee5ng OKS 220 thay th\u1ebf cho m\u1ee1 b\u00f4i tr\u01a1n th\u00f4ng th\u01b0\u1eddng.<\/li>\n<li>Ch\u1ec9 tr\u1ed9n v\u1edbi c\u00e1c lo\u1ea1i ch\u1ea5t b\u00f4i tr\u01a1n ph\u00f9 h\u1ee3p.<\/li>\n<\/ul>\n<\/div>\n","protected":false},"excerpt":{"rendered":"<p>T\u00ean sa\u0309n ph\u00e2\u0309m:\u00a0OKS 220<\/p>\n<p><strong>Li\u00ean h\u1ec7:<\/strong> 0397.433.258<\/p>\n","protected":false},"featured_media":6315,"comment_status":"closed","ping_status":"closed","template":"","meta":[],"product_brand":[],"product_cat":[154],"product_tag":[],"class_list":{"0":"post-6314","1":"product","2":"type-product","3":"status-publish","4":"has-post-thumbnail","6":"product_cat-oks","8":"first","9":"instock","10":"shipping-taxable","11":"product-type-simple"},"_links":{"self":[{"href":"https:\/\/yenhung.com\/index.php?rest_route=\/wp\/v2\/product\/6314","targetHints":{"allow":["GET"]}}],"collection":[{"href":"https:\/\/yenhung.com\/index.php?rest_route=\/wp\/v2\/product"}],"about":[{"href":"https:\/\/yenhung.com\/index.php?rest_route=\/wp\/v2\/types\/product"}],"replies":[{"embeddable":true,"href":"https:\/\/yenhung.com\/index.php?rest_route=%2Fwp%2Fv2%2Fcomments&post=6314"}],"wp:featuredmedia":[{"embeddable":true,"href":"https:\/\/yenhung.com\/index.php?rest_route=\/wp\/v2\/media\/6315"}],"wp:attachment":[{"href":"https:\/\/yenhung.com\/index.php?rest_route=%2Fwp%2Fv2%2Fmedia&parent=6314"}],"wp:term":[{"taxonomy":"product_brand","embeddable":true,"href":"https:\/\/yenhung.com\/index.php?rest_route=%2Fwp%2Fv2%2Fproduct_brand&post=6314"},{"taxonomy":"product_cat","embeddable":true,"href":"https:\/\/yenhung.com\/index.php?rest_route=%2Fwp%2Fv2%2Fproduct_cat&post=6314"},{"taxonomy":"product_tag","embeddable":true,"href":"https:\/\/yenhung.com\/index.php?rest_route=%2Fwp%2Fv2%2Fproduct_tag&post=6314"}],"curies":[{"name":"wp","href":"https:\/\/api.w.org\/{rel}","templated":true}]}}