{"id":6322,"date":"2025-11-10T07:13:02","date_gmt":"2025-11-10T07:13:02","guid":{"rendered":"https:\/\/yenhung.com\/?product=mo-dac-biet-oks-424-5kg-synthetic-high-temperature-grease"},"modified":"2026-02-11T07:02:18","modified_gmt":"2026-02-11T07:02:18","slug":"mo-dac-biet-oks-424-5kg-synthetic-high-temperature-grease","status":"publish","type":"product","link":"https:\/\/yenhung.com\/?product=mo-dac-biet-oks-424-5kg-synthetic-high-temperature-grease","title":{"rendered":"M\u1ee1 \u0110\u1eb7c Bi\u1ec7t &#8211; OKS 424, 5kg, Synthetic High-Temperature Grease"},"content":{"rendered":"<div class=\"ba-text-fpt\">\n<h2 data-sourcepos=\"1:1-1:171\"><strong>M\u1ee1 OKS 424 &#8211; 5Kg<\/strong><\/h2>\n<h2 data-sourcepos=\"1:1-1:171\"><strong><img decoding=\"async\" title=\"mo-oks-424-5kg-2\" src=\"https:\/\/yenhung.com\/wp-content\/uploads\/2025\/11\/mo-oks-424-5kg-2.jpg\" alt=\"M\u1ee1 OKS 424 - 5Kg\" data-thumb=\"large\" \/><\/strong><\/h2>\n<p data-sourcepos=\"1:1-1:171\">M\u1ee1 OKS 424 l\u00e0 m\u1ed9t lo\u1ea1i m\u1ee1 b\u00f4i tr\u01a1n t\u1ed5ng h\u1ee3p ch\u1ecbu nhi\u1ec7t \u0111\u1ed9 cao, \u0111\u01b0\u1ee3c s\u1eed d\u1ee5ng r\u1ed9ng r\u00e3i trong c\u00e1c \u1ee9ng d\u1ee5ng c\u00f4ng nghi\u1ec7p. D\u01b0\u1edbi \u0111\u00e2y l\u00e0 m\u1ed9t s\u1ed1 th\u00f4ng tin chi ti\u1ebft v\u1ec1 s\u1ea3n ph\u1ea9m n\u00e0y:<\/p>\n<p data-sourcepos=\"3:1-3:21\"><strong>\u0110\u1eb7c \u0111i\u1ec3m n\u1ed5i b\u1eadt:<\/strong><\/p>\n<ul data-sourcepos=\"5:1-15:0\">\n<li data-sourcepos=\"5:1-6:86\"><strong>Ch\u1ecbu nhi\u1ec7t \u0111\u1ed9 cao:<\/strong>\n<ul data-sourcepos=\"6:5-6:86\">\n<li data-sourcepos=\"6:5-6:86\">M\u1ee1 OKS 424 c\u00f3 kh\u1ea3 n\u0103ng ch\u1ecbu nhi\u1ec7t \u0111\u1ed9 ho\u1ea1t \u0111\u1ed9ng r\u1ed9ng, th\u01b0\u1eddng t\u1eeb -40\u00b0C \u0111\u1ebfn +200\u00b0C.<\/li>\n<\/ul>\n<\/li>\n<li data-sourcepos=\"7:1-8:71\"><strong>B\u00f4i tr\u01a1n hi\u1ec7u qu\u1ea3:<\/strong>\n<ul data-sourcepos=\"8:5-8:71\">\n<li data-sourcepos=\"8:5-8:71\">Gi\u1ea3m ma s\u00e1t v\u00e0 m\u00e0i m\u00f2n, k\u00e9o d\u00e0i tu\u1ed5i th\u1ecd c\u1ee7a c\u00e1c b\u1ed9 ph\u1eadn m\u00e1y m\u00f3c.<\/li>\n<\/ul>\n<\/li>\n<li data-sourcepos=\"9:1-10:47\"><strong>Ch\u1ed1ng \u0103n m\u00f2n t\u1ed1t:<\/strong>\n<ul data-sourcepos=\"10:5-10:47\">\n<li data-sourcepos=\"10:5-10:47\">B\u1ea3o v\u1ec7 c\u00e1c b\u1ed9 ph\u1eadn kh\u1ecfi r\u1ec9 s\u00e9t v\u00e0 \u0103n m\u00f2n.<\/li>\n<\/ul>\n<\/li>\n<li data-sourcepos=\"11:1-12:51\"><strong>Kh\u1ea3 n\u0103ng t\u01b0\u01a1ng th\u00edch:<\/strong>\n<ul data-sourcepos=\"12:5-12:51\">\n<li data-sourcepos=\"12:5-12:51\">T\u01b0\u01a1ng th\u00edch t\u1ed1t v\u1edbi nh\u1ef1a v\u00e0 v\u1eadt li\u1ec7u \u0111\u00e0n h\u1ed3i.<\/li>\n<\/ul>\n<\/li>\n<li data-sourcepos=\"13:1-15:0\"><strong>Ch\u1ed1ng n\u01b0\u1edbc v\u00e0 \u1ea3nh h\u01b0\u1edfng m\u00f4i tr\u01b0\u1eddng:<\/strong>\n<ul data-sourcepos=\"14:5-15:0\">\n<li data-sourcepos=\"14:5-15:0\">Kh\u1ea3 n\u0103ng ch\u1ed1ng ch\u1ecbu t\u1ed1t v\u1edbi \u1ea3nh h\u01b0\u1edfng c\u1ee7a n\u01b0\u1edbc v\u00e0 c\u00e1c \u1ea3nh h\u01b0\u1edfng t\u00edch c\u1ef1c t\u1eeb m\u00f4i tr\u01b0\u1eddng.<\/li>\n<\/ul>\n<\/li>\n<\/ul>\n<p data-sourcepos=\"16:1-16:13\"><strong>\u1ee8ng d\u1ee5ng:<\/strong><\/p>\n<p data-sourcepos=\"16:1-16:13\"><strong><img decoding=\"async\" title=\"mo-oks-424-5kg-4-1\" src=\"https:\/\/yenhung.com\/wp-content\/uploads\/2025\/11\/mo-oks-424-5kg-4-1.jpg\" alt=\"M\u1ee1 OKS 424 - 5Kg\" data-thumb=\"large\" \/><\/strong>\n<\/p>\n<ul data-sourcepos=\"18:1-26:0\">\n<li data-sourcepos=\"18:1-19:72\"><strong>B\u00f4i tr\u01a1n \u1ed5 l\u0103n v\u00e0 \u1ed5 ma s\u00e1t:<\/strong>\n<ul data-sourcepos=\"19:5-19:72\">\n<li data-sourcepos=\"19:5-19:72\">S\u1eed d\u1ee5ng trong c\u00e1c \u1ee9ng d\u1ee5ng ch\u1ecbu nhi\u1ec7t \u0111\u1ed9 cao v\u00e0 m\u00f4i tr\u01b0\u1eddng \u0103n m\u00f2n.<\/li>\n<\/ul>\n<\/li>\n<li data-sourcepos=\"20:1-21:56\"><strong>H\u1ec7 th\u1ed1ng l\u00f2, b\u1ec7 l\u00e0m m\u00e1t v\u00e0 b\u0103ng t\u1ea3i:<\/strong>\n<ul data-sourcepos=\"21:5-21:56\">\n<li data-sourcepos=\"21:5-21:56\">B\u00f4i tr\u01a1n c\u00e1c \u0111i\u1ec3m ch\u1ecbu l\u1ef1c trong c\u00e1c h\u1ec7 th\u1ed1ng n\u00e0y.<\/li>\n<\/ul>\n<\/li>\n<li data-sourcepos=\"22:1-23:70\"><strong>\u0110\u1ed9ng c\u01a1 v\u00e0 qu\u1ea1t gi\u00f3 n\u00f3ng:<\/strong>\n<ul data-sourcepos=\"23:5-23:70\">\n<li data-sourcepos=\"23:5-23:70\">Th\u00edch h\u1ee3p \u0111\u1ec3 b\u00f4i tr\u01a1n trong c\u00e1c \u1ee9ng d\u1ee5ng ch\u1ecbu \u1ee9ng su\u1ea5t nhi\u1ec7t \u0111\u1ed9.<\/li>\n<\/ul>\n<\/li>\n<li data-sourcepos=\"24:1-26:0\"><strong>Qu\u1ea1t kh\u00ed th\u1ea3i:<\/strong>\n<ul data-sourcepos=\"25:5-26:0\">\n<li data-sourcepos=\"25:5-26:0\">Th\u00edch h\u1ee3p cho b\u00f4i tr\u01a1n qu\u1ea1t kh\u00ed th\u1ea3i.<\/li>\n<\/ul>\n<\/li>\n<\/ul>\n<p data-sourcepos=\"27:1-27:28\"><strong>Th\u00f4ng s\u1ed1 k\u1ef9 thu\u1eadt ch\u00ednh:<\/strong><\/p>\n<p data-sourcepos=\"27:1-27:28\"><strong><img decoding=\"async\" title=\"mo-oks-424-5kg-3-1\" src=\"https:\/\/yenhung.com\/wp-content\/uploads\/2025\/11\/mo-oks-424-5kg-3-1.jpg\" alt=\"M\u1ee1 OKS 424 - 5Kg\" data-thumb=\"large\" \/><\/strong><\/p>\n<ul data-sourcepos=\"29:1-39:0\">\n<li data-sourcepos=\"29:1-30:23\"><strong>Nhi\u1ec7t \u0111\u1ed9 ho\u1ea1t \u0111\u1ed9ng:<\/strong>\n<ul data-sourcepos=\"30:5-30:23\">\n<li data-sourcepos=\"30:5-30:23\">-40\u00b0C \u0111\u1ebfn +200\u00b0C.<\/li>\n<\/ul>\n<\/li>\n<li data-sourcepos=\"31:1-32:15\"><strong>\u0110\u1ed9 c\u1ee9ng:<\/strong>\n<ul data-sourcepos=\"32:5-32:15\">\n<li data-sourcepos=\"32:5-32:15\">NLGI 1-2.<\/li>\n<\/ul>\n<\/li>\n<li data-sourcepos=\"33:1-34:22\"><strong>H\u1ec7 s\u1ed1 DN (dm x n):<\/strong>\n<ul data-sourcepos=\"34:5-34:22\">\n<li data-sourcepos=\"34:5-34:22\">500.000 mm\/ph\u00fat.<\/li>\n<\/ul>\n<\/li>\n<li data-sourcepos=\"35:1-36:16\"><strong>\u0110\u1ed9 nh\u1edbt d\u1ea7u g\u1ed1c (40\u00b0C):<\/strong>\n<ul data-sourcepos=\"36:5-36:16\">\n<li data-sourcepos=\"36:5-36:16\">400 mm\u00b2\/s.<\/li>\n<\/ul>\n<\/li>\n<li data-sourcepos=\"37:1-39:0\"><strong>Quy c\u00e1ch \u0111\u00f3ng g\u00f3i:<\/strong>\n<ul data-sourcepos=\"38:5-39:0\">\n<li data-sourcepos=\"38:5-39:0\">Tu\u00fdp 8ml, 80ml, th\u00f9ng 250g, th\u00f9ng 1kg, th\u00f9ng 5kg, th\u00f9ng 25kg.<\/li>\n<\/ul>\n<\/li>\n<\/ul>\n<p data-sourcepos=\"40:1-40:22\"><strong>L\u01b0u \u00fd khi s\u1eed d\u1ee5ng:<\/strong><\/p>\n<ul data-sourcepos=\"42:1-52:0\">\n<li data-sourcepos=\"42:1-43:67\"><strong>Chu\u1ea9n b\u1ecb b\u1ec1 m\u1eb7t:<\/strong>\n<ul data-sourcepos=\"43:5-43:67\">\n<li data-sourcepos=\"43:5-43:67\">Lo\u1ea1i b\u1ecf c\u1eb7n b\u1ea9n v\u00e0 c\u00e1c ch\u1ea5t b\u00f4i tr\u01a1n kh\u00e1c tr\u01b0\u1edbc khi thi c\u00f4ng.<\/li>\n<\/ul>\n<\/li>\n<li data-sourcepos=\"44:1-45:65\"><strong>Thi c\u00f4ng:<\/strong>\n<ul data-sourcepos=\"45:5-45:65\">\n<li data-sourcepos=\"45:5-45:65\">Phun \u0111\u1ec1u tay \u0111\u1ec3 c\u00f3 l\u1edbp ph\u1ee7 m\u1ecfng \u0111\u1ec1u (\u0111\u1ed1i v\u1edbi m\u1ee1 d\u1ea1ng phun).<\/li>\n<\/ul>\n<\/li>\n<li data-sourcepos=\"46:1-49:42\"><strong>B\u1ea3o qu\u1ea3n:<\/strong>\n<ul data-sourcepos=\"47:5-49:42\">\n<li data-sourcepos=\"47:5-47:50\">B\u1ea3o qu\u1ea3n \u1edf n\u01a1i kh\u00f4 r\u00e1o, m\u00e1t v\u00e0 th\u00f4ng tho\u00e1ng.<\/li>\n<li data-sourcepos=\"48:5-48:35\">\u0110\u00f3ng k\u00edn h\u1ed9p sau khi s\u1eed d\u1ee5ng.<\/li>\n<li data-sourcepos=\"49:5-49:42\">Kh\u00f4ng tr\u1ed9n l\u1eabn v\u1edbi c\u00e1c lo\u1ea1i m\u1ee1 kh\u00e1c.<\/li>\n<\/ul>\n<\/li>\n<li data-sourcepos=\"50:1-52:0\"><strong>An to\u00e0n:<\/strong>\n<ul data-sourcepos=\"51:5-52:0\">\n<li data-sourcepos=\"51:5-52:0\">R\u1eeda s\u1ea1ch tay v\u00e0 c\u00e1c v\u00f9ng da ti\u1ebfp x\u00fac tr\u1ef1c ti\u1ebfp sau khi s\u1eed d\u1ee5ng.<\/li>\n<\/ul>\n<\/li>\n<\/ul>\n<\/div>\n","protected":false},"excerpt":{"rendered":"<p>T\u00ean sa\u0309n ph\u00e2\u0309m: M\u1ee1 OKS 424 &#8211; 5Kg<\/p>\n<p><strong>Li\u00ean h\u1ec7:<\/strong> 0397.433.258<\/p>\n","protected":false},"featured_media":6323,"comment_status":"closed","ping_status":"closed","template":"","meta":[],"product_brand":[],"product_cat":[154],"product_tag":[],"class_list":{"0":"post-6322","1":"product","2":"type-product","3":"status-publish","4":"has-post-thumbnail","6":"product_cat-oks","8":"first","9":"instock","10":"shipping-taxable","11":"product-type-simple"},"_links":{"self":[{"href":"https:\/\/yenhung.com\/index.php?rest_route=\/wp\/v2\/product\/6322","targetHints":{"allow":["GET"]}}],"collection":[{"href":"https:\/\/yenhung.com\/index.php?rest_route=\/wp\/v2\/product"}],"about":[{"href":"https:\/\/yenhung.com\/index.php?rest_route=\/wp\/v2\/types\/product"}],"replies":[{"embeddable":true,"href":"https:\/\/yenhung.com\/index.php?rest_route=%2Fwp%2Fv2%2Fcomments&post=6322"}],"wp:featuredmedia":[{"embeddable":true,"href":"https:\/\/yenhung.com\/index.php?rest_route=\/wp\/v2\/media\/6323"}],"wp:attachment":[{"href":"https:\/\/yenhung.com\/index.php?rest_route=%2Fwp%2Fv2%2Fmedia&parent=6322"}],"wp:term":[{"taxonomy":"product_brand","embeddable":true,"href":"https:\/\/yenhung.com\/index.php?rest_route=%2Fwp%2Fv2%2Fproduct_brand&post=6322"},{"taxonomy":"product_cat","embeddable":true,"href":"https:\/\/yenhung.com\/index.php?rest_route=%2Fwp%2Fv2%2Fproduct_cat&post=6322"},{"taxonomy":"product_tag","embeddable":true,"href":"https:\/\/yenhung.com\/index.php?rest_route=%2Fwp%2Fv2%2Fproduct_tag&post=6322"}],"curies":[{"name":"wp","href":"https:\/\/api.w.org\/{rel}","templated":true}]}}