{"id":6330,"date":"2025-11-10T07:13:08","date_gmt":"2025-11-10T07:13:08","guid":{"rendered":"https:\/\/yenhung.com\/?product=dau-boi-tron-xich-oks-371-400ml-oks"},"modified":"2026-02-11T07:01:56","modified_gmt":"2026-02-11T07:01:56","slug":"dau-boi-tron-xich-oks-371-400ml-oks","status":"publish","type":"product","link":"https:\/\/yenhung.com\/?product=dau-boi-tron-xich-oks-371-400ml-oks","title":{"rendered":"D\u1ea7u b\u00f4i tr\u01a1n x\u00edch &#8211; OKS 371, 400ml, OKS"},"content":{"rendered":"<div class=\"ba-text-fpt\">\n<h2 data-sourcepos=\"1:1-1:150\"><strong>D\u1ea7u b\u00f4i tr\u01a1n x\u00edch &#8211; OKS 371, 400ml, OKS<\/strong><\/h2>\n<p data-sourcepos=\"1:1-1:150\">OKS 371 l\u00e0 m\u1ed9t lo\u1ea1i d\u1ea7u \u0111a n\u0103ng \u0111\u01b0\u1ee3c thi\u1ebft k\u1ebf \u0111\u1eb7c bi\u1ec7t cho ng\u00e0nh c\u00f4ng nghi\u1ec7p ch\u1ebf bi\u1ebfn th\u1ef1c ph\u1ea9m. D\u01b0\u1edbi \u0111\u00e2y l\u00e0 nh\u1eefng th\u00f4ng tin chi ti\u1ebft v\u1ec1 s\u1ea3n ph\u1ea9m n\u00e0y:<\/p>\n<p data-sourcepos=\"3:1-3:21\"><strong>\u0110\u1eb7c \u0111i\u1ec3m n\u1ed5i b\u1eadt:<\/strong><\/p>\n<p data-sourcepos=\"3:1-3:21\"><strong><img decoding=\"async\" title=\"oks-371-jpeg-1\" src=\"https:\/\/yenhung.com\/wp-content\/uploads\/2025\/11\/oks-371-jpeg-1.jpg\" alt=\"D\u1ea7u b\u00f4i tr\u01a1n x\u00edch - OKS 371, 500ml\" data-thumb=\"large\" \/><\/strong><\/p>\n<ul data-sourcepos=\"5:1-14:0\">\n<li data-sourcepos=\"5:1-6:182\"><strong>An to\u00e0n th\u1ef1c ph\u1ea9m:<\/strong>\n<ul data-sourcepos=\"6:5-6:182\">\n<li data-sourcepos=\"6:5-6:182\">OKS 371 \u0111\u01b0\u1ee3c ch\u1ee9ng nh\u1eadn NSF H1, \u0111\u1ea3m b\u1ea3o an to\u00e0n khi ti\u1ebfp x\u00fac ng\u1eabu nhi\u00ean v\u1edbi th\u1ef1c ph\u1ea9m. \u0110i\u1ec1u n\u00e0y l\u00e0m cho n\u00f3 l\u00fd t\u01b0\u1edfng cho c\u00e1c \u1ee9ng d\u1ee5ng trong ng\u00e0nh ch\u1ebf bi\u1ebfn v\u00e0 \u0111\u00f3ng g\u00f3i th\u1ef1c ph\u1ea9m.<\/li>\n<\/ul>\n<\/li>\n<li data-sourcepos=\"7:1-8:102\"><strong>\u0110a n\u0103ng:<\/strong>\n<ul data-sourcepos=\"8:5-8:102\">\n<li data-sourcepos=\"8:5-8:102\">S\u1ea3n ph\u1ea9m c\u00f3 th\u1ec3 \u0111\u01b0\u1ee3c s\u1eed d\u1ee5ng cho nhi\u1ec1u \u1ee9ng d\u1ee5ng kh\u00e1c nhau, bao g\u1ed3m b\u00f4i tr\u01a1n, l\u00e0m s\u1ea1ch v\u00e0 b\u1ea3o v\u1ec7.<\/li>\n<\/ul>\n<\/li>\n<li data-sourcepos=\"9:1-11:14\"><strong>Hi\u1ec7u su\u1ea5t cao:<\/strong>\n<ul data-sourcepos=\"10:5-11:14\">\n<li data-sourcepos=\"10:5-10:82\">OKS 371 c\u00f3 \u0111\u1eb7c t\u00ednh leo t\u1ed1t, gi\u00fap d\u1ea7u th\u1ea5m s\u00e2u v\u00e0o c\u00e1c b\u1ed9 ph\u1eadn c\u1ea7n b\u00f4i tr\u01a1n.<\/li>\n<li data-sourcepos=\"11:5-11:14\">\u0110\u1ed5 n\u01b0\u1edbc.<\/li>\n<\/ul>\n<\/li>\n<li data-sourcepos=\"12:1-14:0\"><strong>Ph\u1ea1m vi s\u1eed d\u1ee5ng r\u1ed9ng r\u00e3i:<\/strong>\n<ul data-sourcepos=\"13:5-14:0\">\n<li data-sourcepos=\"13:5-14:0\">S\u1ea3n ph\u1ea9m n\u00e0y c\u00f3 th\u1ec3 \u0111\u01b0\u1ee3c s\u1eed d\u1ee5ng trong nhi\u1ec1u \u1ee9ng d\u1ee5ng c\u00f4ng nghi\u1ec7p th\u1ef1c ph\u1ea9m kh\u00e1c nhau.<\/li>\n<\/ul>\n<\/li>\n<\/ul>\n<p data-sourcepos=\"15:1-15:13\"><strong>\u1ee8ng d\u1ee5ng:<\/strong><\/p>\n<p data-sourcepos=\"15:1-15:13\"><strong><img decoding=\"async\" title=\"dau-boi-tron-xich-oks-371-500ml-1-1\" src=\"https:\/\/yenhung.com\/wp-content\/uploads\/2025\/11\/dau-boi-tron-xich-oks-371-500ml-1-1.jpg\" alt=\"D\u1ea7u b\u00f4i tr\u01a1n x\u00edch - OKS 371, 500ml\" data-thumb=\"large\" \/><\/strong><\/p>\n<ul data-sourcepos=\"17:1-24:0\">\n<li data-sourcepos=\"17:1-20:70\"><strong>B\u00f4i tr\u01a1n:<\/strong>\n<ul data-sourcepos=\"18:5-20:70\">\n<li data-sourcepos=\"18:5-18:90\">B\u00f4i tr\u01a1n c\u00e1c ph\u1edbt van, v\u00f2ng \u0111\u1ec7m, v\u00f2ng ch\u1eef O, \u1ed5 \u0111\u0129a, thanh piston v\u00e0 thanh d\u1eabn.<\/li>\n<li data-sourcepos=\"19:5-19:58\">B\u00f4i tr\u01a1n c\u00e1c r\u00e3nh tr\u01b0\u1ee3t, b\u0103ng phi\u1ebfn v\u00e0 x\u00edch con l\u0103n.<\/li>\n<li data-sourcepos=\"20:5-20:70\">B\u00f4i tr\u01a1n dao c\u1eaft c\u0169ng nh\u01b0 kim v\u00e0 b\u1ed9 n\u00e2ng c\u1ee7a m\u00e1y d\u1ec7t kim.<sup data-turn-source-index=\"1\">\u00a0<\/sup><\/li>\n<\/ul>\n<\/li>\n<li data-sourcepos=\"21:1-24:0\"><strong>L\u00e0m s\u1ea1ch:<\/strong>\n<ul data-sourcepos=\"22:5-24:0\">\n<li data-sourcepos=\"22:5-22:36\">Th\u00e1o d\u1ee1 c\u00e1c b\u1ed9 ph\u1eadn b\u1ecb r\u1ec9 s\u00e9t.<\/li>\n<li data-sourcepos=\"23:5-24:0\">Lo\u1ea1i b\u1ecf d\u1ea7u v\u00e0 ch\u1ea5t b\u1ea9n nh\u1eddn.<\/li>\n<\/ul>\n<\/li>\n<\/ul>\n<p data-sourcepos=\"25:1-25:28\"><strong>Th\u00f4ng s\u1ed1 k\u1ef9 thu\u1eadt ch\u00ednh:<\/strong><\/p>\n<p data-sourcepos=\"25:1-25:28\"><strong><img decoding=\"async\" title=\"dau-boi-tron-xich-oks-371-500ml-2-2\" src=\"https:\/\/yenhung.com\/wp-content\/uploads\/2025\/11\/dau-boi-tron-xich-oks-371-500ml-2-2.jpg\" alt=\"D\u1ea7u b\u00f4i tr\u01a1n x\u00edch - OKS 371, 500ml\" data-thumb=\"large\" \/><\/strong><\/p>\n<ul data-sourcepos=\"27:1-32:0\">\n<li data-sourcepos=\"27:1-27:47\">D\u1ea7u \u0111a n\u0103ng cho c\u00f4ng ngh\u1ec7 ch\u1ebf bi\u1ebfn th\u1ef1c ph\u1ea9m.<\/li>\n<li data-sourcepos=\"28:1-28:20\">NSF H1 \u0111\u00e3 \u0111\u0103ng k\u00fd.<\/li>\n<li data-sourcepos=\"29:1-29:12\">ISO VG 15.<\/li>\n<li data-sourcepos=\"30:1-30:17\">D\u1ea1ng: b\u00ecnh x\u1ecbt.<\/li>\n<li data-sourcepos=\"31:1-32:0\">M\u00e0u s\u1eafc: kh\u00f4ng m\u00e0u.<\/li>\n<\/ul>\n<p data-sourcepos=\"33:1-33:22\"><strong>L\u01b0u \u00fd khi s\u1eed d\u1ee5ng:<\/strong><\/p>\n<ul data-sourcepos=\"35:1-42:0\">\n<li data-sourcepos=\"35:1-35:59\">L\u00e0m s\u1ea1ch b\u1ec1 m\u1eb7t tr\u01b0\u1edbc khi s\u1eed d\u1ee5ng \u0111\u1ec3 \u0111\u1ea1t hi\u1ec7u qu\u1ea3 t\u1ed1i \u01b0u.<\/li>\n<li data-sourcepos=\"36:1-36:110\">B\u00f4i OKS 371 b\u1eb1ng ch\u1ed5i qu\u00e9t, b\u1ed9 tra d\u1ea7u nh\u1ecf gi\u1ecdt, nh\u00fang ho\u1eb7c s\u1eed d\u1ee5ng c\u00e1c h\u1ec7 th\u1ed1ng b\u00f4i tr\u01a1n t\u1ef1 \u0111\u1ed9ng th\u00edch h\u1ee3p.<\/li>\n<li data-sourcepos=\"37:1-37:28\">Phun \u0111\u1ec1u OKS 371 d\u1ea1ng x\u1ecbt.<\/li>\n<li data-sourcepos=\"38:1-38:26\">Tr\u00e1nh s\u1eed d\u1ee5ng qu\u00e1 nhi\u1ec1u.<\/li>\n<li data-sourcepos=\"39:1-39:42\">Tu\u00e2n th\u1ee7 h\u01b0\u1edbng d\u1eabn c\u1ee7a nh\u00e0 s\u1ea3n xu\u1ea5t m\u00e1y.<\/li>\n<li data-sourcepos=\"40:1-40:70\">\u0110\u00e1nh gi\u00e1 t\u1ea7n su\u1ea5t v\u00e0 s\u1ed1 l\u01b0\u1ee3ng b\u00f4i tr\u01a1n d\u1ef1a tr\u00ean \u0111i\u1ec1u ki\u1ec7n b\u1ea3o d\u01b0\u1ee1ng.<\/li>\n<li data-sourcepos=\"41:1-42:0\">Ch\u1ec9 tr\u1ed9n v\u1edbi ch\u1ea5t b\u00f4i tr\u01a1n ph\u00f9 h\u1ee3p.<\/li>\n<\/ul>\n<\/div>\n","protected":false},"excerpt":{"rendered":"<p>T\u00ean sa\u0309n ph\u00e2\u0309m:\u00a0OKS 371<\/p>\n<p><strong>Li\u00ean h\u1ec7:<\/strong> 0397.433.258<\/p>\n","protected":false},"featured_media":6331,"comment_status":"closed","ping_status":"closed","template":"","meta":[],"product_brand":[],"product_cat":[154],"product_tag":[],"class_list":{"0":"post-6330","1":"product","2":"type-product","3":"status-publish","4":"has-post-thumbnail","6":"product_cat-oks","8":"first","9":"instock","10":"shipping-taxable","11":"product-type-simple"},"_links":{"self":[{"href":"https:\/\/yenhung.com\/index.php?rest_route=\/wp\/v2\/product\/6330","targetHints":{"allow":["GET"]}}],"collection":[{"href":"https:\/\/yenhung.com\/index.php?rest_route=\/wp\/v2\/product"}],"about":[{"href":"https:\/\/yenhung.com\/index.php?rest_route=\/wp\/v2\/types\/product"}],"replies":[{"embeddable":true,"href":"https:\/\/yenhung.com\/index.php?rest_route=%2Fwp%2Fv2%2Fcomments&post=6330"}],"wp:featuredmedia":[{"embeddable":true,"href":"https:\/\/yenhung.com\/index.php?rest_route=\/wp\/v2\/media\/6331"}],"wp:attachment":[{"href":"https:\/\/yenhung.com\/index.php?rest_route=%2Fwp%2Fv2%2Fmedia&parent=6330"}],"wp:term":[{"taxonomy":"product_brand","embeddable":true,"href":"https:\/\/yenhung.com\/index.php?rest_route=%2Fwp%2Fv2%2Fproduct_brand&post=6330"},{"taxonomy":"product_cat","embeddable":true,"href":"https:\/\/yenhung.com\/index.php?rest_route=%2Fwp%2Fv2%2Fproduct_cat&post=6330"},{"taxonomy":"product_tag","embeddable":true,"href":"https:\/\/yenhung.com\/index.php?rest_route=%2Fwp%2Fv2%2Fproduct_tag&post=6330"}],"curies":[{"name":"wp","href":"https:\/\/api.w.org\/{rel}","templated":true}]}}