{"id":6347,"date":"2025-11-10T07:13:21","date_gmt":"2025-11-10T07:13:21","guid":{"rendered":"https:\/\/yenhung.com\/?product=mo-oks-vp-980-250g"},"modified":"2026-02-11T07:00:54","modified_gmt":"2026-02-11T07:00:54","slug":"mo-oks-vp-980-250g","status":"publish","type":"product","link":"https:\/\/yenhung.com\/?product=mo-oks-vp-980-250g","title":{"rendered":"M\u1ee1 OKS VP 980 &#8211; 250g"},"content":{"rendered":"<div class=\"ba-text-fpt\">\n<h2 data-sourcepos=\"1:1-1:61\">OKS VP 980: Gi\u1ea3i ph\u00e1p b\u00f4i tr\u01a1n ho\u00e0n h\u1ea3o cho ti\u1ebfp \u0111i\u1ec3m \u0111i\u1ec7n<\/h2>\n<p data-sourcepos=\"3:1-3:345\"><img decoding=\"async\" title=\"oks-vp-980-2\" src=\"https:\/\/yenhung.com\/wp-content\/uploads\/2025\/11\/oks-vp-980-2.png\" alt=\"OKS VP 980\" data-thumb=\"large\" \/><\/p>\n<p data-sourcepos=\"3:1-3:345\"><strong>OKS VP 980<\/strong> l\u00e0 m\u1ed9t lo\u1ea1i m\u1ee1 b\u00f4i tr\u01a1n \u0111\u1eb7c bi\u1ec7t, \u0111\u01b0\u1ee3c thi\u1ebft k\u1ebf \u0111\u1ec3 b\u00f4i tr\u01a1n c\u00e1c ti\u1ebfp \u0111i\u1ec3m tr\u01b0\u1ee3t \u0111i\u1ec7n t\u1eeb c\u00e1c c\u1eb7p v\u1eadt li\u1ec7u nh\u01b0 Cu\/Cu, Cu\/Ag ho\u1eb7c nh\u1ef1a\/nh\u1ef1a trong m\u1ed9t ph\u1ea1m vi nhi\u1ec7t \u0111\u1ed9 r\u1ed9ng. S\u1ea3n ph\u1ea9m n\u00e0y n\u1ed5i ti\u1ebfng v\u1edbi kh\u1ea3 n\u0103ng ch\u1ed1ng m\u00e0i m\u00f2n, ch\u1ed1ng oxy h\u00f3a v\u00e0 ch\u1ecbu \u0111\u01b0\u1ee3c m\u00f4i tr\u01b0\u1eddng kh\u1eafc nghi\u1ec7t, \u0111\u1ea3m b\u1ea3o ho\u1ea1t \u0111\u1ed9ng \u1ed5n \u0111\u1ecbnh v\u00e0 b\u1ec1n b\u1ec9 c\u1ee7a c\u00e1c thi\u1ebft b\u1ecb \u0111i\u1ec7n.<\/p>\n<h3 data-sourcepos=\"5:1-5:36\">\u0110\u1eb7c \u0111i\u1ec3m n\u1ed5i b\u1eadt c\u1ee7a OKS VP 980:<\/h3>\n<ul data-sourcepos=\"7:1-13:0\">\n<li data-sourcepos=\"7:1-7:91\"><strong>Kh\u1ea3 n\u0103ng ch\u1ecbu nhi\u1ec7t \u0111\u1ed9 r\u1ed9ng:<\/strong> Ho\u1ea1t \u0111\u1ed9ng t\u1ed1t trong kho\u1ea3ng nhi\u1ec7t \u0111\u1ed9 t\u1eeb -50\u00b0C \u0111\u1ebfn +160\u00b0C.<\/li>\n<li data-sourcepos=\"8:1-8:76\"><strong>Ch\u1ed1ng m\u00e0i m\u00f2n:<\/strong> B\u1ea3o v\u1ec7 c\u00e1c ti\u1ebfp \u0111i\u1ec3m kh\u1ecfi b\u1ecb m\u00e0i m\u00f2n, k\u00e9o d\u00e0i tu\u1ed5i th\u1ecd.<\/li>\n<li data-sourcepos=\"9:1-9:99\"><strong>Ch\u1ed1ng oxy h\u00f3a:<\/strong> Ng\u0103n ch\u1eb7n s\u1ef1 h\u00ecnh th\u00e0nh oxit tr\u00ean b\u1ec1 m\u1eb7t ti\u1ebfp \u0111i\u1ec3m, \u0111\u1ea3m b\u1ea3o ti\u1ebfp x\u00fac \u0111i\u1ec7n t\u1ed1t.<\/li>\n<li data-sourcepos=\"10:1-10:102\"><strong>Ch\u1ed1ng \u1ea9m:<\/strong> Ch\u1ed1ng l\u1ea1i t\u00e1c \u0111\u1ed9ng c\u1ee7a h\u01a1i n\u01b0\u1edbc v\u00e0 n\u01b0\u1edbc, b\u1ea3o v\u1ec7 c\u00e1c ti\u1ebfp \u0111i\u1ec3m trong m\u00f4i tr\u01b0\u1eddng \u1ea9m \u01b0\u1edbt.<\/li>\n<li data-sourcepos=\"11:1-11:74\"><strong>Gi\u1ea3m ti\u1ebfng \u1ed3n:<\/strong> Gi\u1ea3m ti\u1ebfng \u1ed3n ph\u00e1t ra t\u1eeb c\u00e1c ti\u1ebfp \u0111i\u1ec3m khi ho\u1ea1t \u0111\u1ed9ng.<\/li>\n<li data-sourcepos=\"12:1-13:0\"><strong>Kh\u1eed c\u00e1c l\u1edbp oxit:<\/strong> Lo\u1ea1i b\u1ecf c\u00e1c l\u1edbp oxit v\u00e0 sunfua tr\u00ean ti\u1ebfp \u0111i\u1ec3m, c\u1ea3i thi\u1ec7n kh\u1ea3 n\u0103ng d\u1eabn \u0111i\u1ec7n.<\/li>\n<\/ul>\n<h3 data-sourcepos=\"14:1-14:28\">\u1ee8ng d\u1ee5ng c\u1ee7a OKS VP 980:<\/h3>\n<ul data-sourcepos=\"16:1-20:0\">\n<li data-sourcepos=\"16:1-16:99\"><strong>B\u00f4i tr\u01a1n c\u00e1c ti\u1ebfp \u0111i\u1ec3m tr\u01b0\u1ee3t \u0111i\u1ec7n:<\/strong> Trong c\u00e1c thi\u1ebft b\u1ecb \u0111i\u1ec7n, \u0111i\u1ec7n t\u1eed, c\u00f4ng nghi\u1ec7p t\u1ef1 \u0111\u1ed9ng h\u00f3a.<\/li>\n<li data-sourcepos=\"17:1-17:71\"><strong>M\u1ee1 gi\u1ea3m ch\u1ea5n:<\/strong> Cho c\u00f4ng t\u1eafc \u00f4 t\u00f4, b\u00e1nh r\u0103ng nh\u1ecf, b\u1ed9 ng\u1eaft m\u1ea1ch t\u1ea3i.<\/li>\n<li data-sourcepos=\"18:1-18:102\"><strong>Ng\u00e0nh c\u00f4ng nghi\u1ec7p gi\u1ea5y v\u00e0 bao b\u00ec:<\/strong> B\u00f4i tr\u01a1n c\u00e1c thi\u1ebft b\u1ecb trong qu\u00e1 tr\u00ecnh s\u1ea3n xu\u1ea5t gi\u1ea5y v\u00e0 bao b\u00ec.<\/li>\n<li data-sourcepos=\"19:1-20:0\"><strong>C\u00f4ng ngh\u1ec7 xe l\u1eeda:<\/strong> B\u00f4i tr\u01a1n c\u00e1c b\u1ed9 ph\u1eadn trong h\u1ec7 th\u1ed1ng \u0111i\u1ec7n c\u1ee7a xe l\u1eeda.<\/li>\n<\/ul>\n<\/div>\n","protected":false},"excerpt":{"rendered":"<p>T\u00ean sa\u0309n ph\u00e2\u0309m:\u00a0OKS VP 980<\/p>\n<p><strong>Li\u00ean h\u1ec7:<\/strong> 0397.433.258<\/p>\n","protected":false},"featured_media":6348,"comment_status":"closed","ping_status":"closed","template":"","meta":[],"product_brand":[],"product_cat":[154],"product_tag":[],"class_list":{"0":"post-6347","1":"product","2":"type-product","3":"status-publish","4":"has-post-thumbnail","6":"product_cat-oks","8":"first","9":"instock","10":"shipping-taxable","11":"product-type-simple"},"_links":{"self":[{"href":"https:\/\/yenhung.com\/index.php?rest_route=\/wp\/v2\/product\/6347","targetHints":{"allow":["GET"]}}],"collection":[{"href":"https:\/\/yenhung.com\/index.php?rest_route=\/wp\/v2\/product"}],"about":[{"href":"https:\/\/yenhung.com\/index.php?rest_route=\/wp\/v2\/types\/product"}],"replies":[{"embeddable":true,"href":"https:\/\/yenhung.com\/index.php?rest_route=%2Fwp%2Fv2%2Fcomments&post=6347"}],"wp:featuredmedia":[{"embeddable":true,"href":"https:\/\/yenhung.com\/index.php?rest_route=\/wp\/v2\/media\/6348"}],"wp:attachment":[{"href":"https:\/\/yenhung.com\/index.php?rest_route=%2Fwp%2Fv2%2Fmedia&parent=6347"}],"wp:term":[{"taxonomy":"product_brand","embeddable":true,"href":"https:\/\/yenhung.com\/index.php?rest_route=%2Fwp%2Fv2%2Fproduct_brand&post=6347"},{"taxonomy":"product_cat","embeddable":true,"href":"https:\/\/yenhung.com\/index.php?rest_route=%2Fwp%2Fv2%2Fproduct_cat&post=6347"},{"taxonomy":"product_tag","embeddable":true,"href":"https:\/\/yenhung.com\/index.php?rest_route=%2Fwp%2Fv2%2Fproduct_tag&post=6347"}],"curies":[{"name":"wp","href":"https:\/\/api.w.org\/{rel}","templated":true}]}}