{"id":6351,"date":"2025-11-10T07:13:28","date_gmt":"2025-11-10T07:13:28","guid":{"rendered":"https:\/\/yenhung.com\/?product=nhot-dieu-nhiet-oks-353-5l-can"},"modified":"2026-02-11T07:00:31","modified_gmt":"2026-02-11T07:00:31","slug":"nhot-dieu-nhiet-oks-353-5l-can","status":"publish","type":"product","link":"https:\/\/yenhung.com\/?product=nhot-dieu-nhiet-oks-353-5l-can","title":{"rendered":"Nh\u1edbt \u0111i\u1ec1u nhi\u1ec7t &#8211; OKS 353, 5L\/can"},"content":{"rendered":"<div class=\"ba-text-fpt\">\n<h3 data-sourcepos=\"11:1-11:38\"><\/h3>\n<p><strong><img decoding=\"async\" title=\"oks-353-2\" src=\"https:\/\/yenhung.com\/wp-content\/uploads\/2025\/11\/oks-353-2.jpg\" alt=\"OKS 353\" data-thumb=\"large\" \/><\/strong><\/p>\n<ul data-sourcepos=\"13:1-25:0\">\n<li data-sourcepos=\"13:1-13:252\"><strong>\u0110\u1ecbnh ngh\u0129a:<\/strong> OKS 353 l\u00e0 m\u1ed9t lo\u1ea1i d\u1ea7u ch\u1ecbu nhi\u1ec7t cao c\u1ea5p, \u0111\u01b0\u1ee3c s\u1ea3n xu\u1ea5t t\u1eeb c\u00e1c th\u00e0nh ph\u1ea7n t\u1ed5ng h\u1ee3p ch\u1ea5t l\u01b0\u1ee3ng cao. S\u1ea3n ph\u1ea9m n\u00e0y \u0111\u01b0\u1ee3c thi\u1ebft k\u1ebf \u0111\u1eb7c bi\u1ec7t \u0111\u1ec3 b\u00f4i tr\u01a1n c\u00e1c b\u1ed9 ph\u1eadn m\u00e1y m\u00f3c ho\u1ea1t \u0111\u1ed9ng trong \u0111i\u1ec1u ki\u1ec7n nhi\u1ec7t \u0111\u1ed9 cao v\u00e0 m\u00f4i tr\u01b0\u1eddng kh\u1eafc nghi\u1ec7t.<\/li>\n<li data-sourcepos=\"14:1-19:41\"><strong>\u01afu \u0111i\u1ec3m n\u1ed5i b\u1eadt:<\/strong>\n<ul data-sourcepos=\"15:5-19:41\">\n<li data-sourcepos=\"15:5-15:35\">Kh\u1ea3 n\u0103ng ch\u1ecbu nhi\u1ec7t v\u01b0\u1ee3t tr\u1ed9i<\/li>\n<li data-sourcepos=\"16:5-16:33\">B\u1ea3o v\u1ec7 ch\u1ed1ng m\u00e0i m\u00f2n t\u1ed1i \u01b0u<\/li>\n<li data-sourcepos=\"17:5-17:28\">Ch\u1ed1ng oxi h\u00f3a hi\u1ec7u qu\u1ea3<\/li>\n<li data-sourcepos=\"18:5-18:36\">\u0110\u1ed9 b\u00e1m d\u00ednh t\u1ed1t, kh\u00f4ng b\u1ecb ch\u1ea3y<\/li>\n<li data-sourcepos=\"19:5-19:41\">T\u01b0\u01a1ng th\u00edch v\u1edbi nhi\u1ec1u lo\u1ea1i v\u1eadt li\u1ec7u<\/li>\n<\/ul>\n<\/li>\n<li data-sourcepos=\"20:1-25:0\"><strong>\u1ee8ng d\u1ee5ng:<\/strong>\n<ul data-sourcepos=\"21:5-25:0\">\n<li data-sourcepos=\"21:5-21:77\">B\u00f4i tr\u01a1n c\u00e1c b\u1ed9 ph\u1eadn chuy\u1ec3n \u0111\u1ed9ng trong l\u00f2 nung, m\u00e1y \u00e9p nh\u1ef1a, m\u00e1y \u0111\u00f9n&#8230;<\/li>\n<li data-sourcepos=\"22:5-22:64\">B\u1ea3o v\u1ec7 c\u00e1c kh\u1edbp n\u1ed1i, b\u1ea3n l\u1ec1, x\u00edch ho\u1ea1t \u0111\u1ed9ng \u1edf nhi\u1ec7t \u0111\u1ed9 cao<\/li>\n<li data-sourcepos=\"23:5-23:58\">S\u1eed d\u1ee5ng trong c\u00e1c h\u1ec7 th\u1ed1ng v\u1eadn chuy\u1ec3n \u1edf nhi\u1ec7t \u0111\u1ed9 cao<\/li>\n<li data-sourcepos=\"24:5-25:0\">B\u00f4i tr\u01a1n c\u00e1c b\u1ed9 ph\u1eadn ti\u1ebfp x\u00fac v\u1edbi h\u01a1i n\u01b0\u1edbc v\u00e0 h\u00f3a ch\u1ea5t<\/li>\n<\/ul>\n<\/li>\n<\/ul>\n<ul data-sourcepos=\"28:1-34:0\">\n<li data-sourcepos=\"28:1-28:42\"><strong>Nhi\u1ec7t \u0111\u1ed9 ho\u1ea1t \u0111\u1ed9ng:<\/strong> -25\u00b0C \u0111\u1ebfn +250\u00b0C<\/li>\n<li data-sourcepos=\"29:1-29:32\"><strong>M\u1eadt \u0111\u1ed9:<\/strong> 0,91 g\/ml (\u1edf 20\u00b0C)<\/li>\n<li data-sourcepos=\"30:1-30:33\"><strong>\u0110\u1ed9 nh\u1edbt:<\/strong> 100 mm\u00b2\/s (\u1edf 40\u00b0C)<\/li>\n<li data-sourcepos=\"31:1-31:48\"><strong>Ch\u1ec9 s\u1ed1 \u0111\u1ed9 nh\u1edbt:<\/strong> &#8230; (\u0111i\u1ec1n th\u00f4ng s\u1ed1 c\u1ee5 th\u1ec3)<\/li>\n<li data-sourcepos=\"32:1-32:47\"><strong>\u0110i\u1ec3m \u0111\u00f4ng \u0111\u1eb7c:<\/strong> &#8230; (\u0111i\u1ec1n th\u00f4ng s\u1ed1 c\u1ee5 th\u1ec3)<\/li>\n<li data-sourcepos=\"33:1-34:0\"><strong>\u0110i\u1ec3m ch\u00e1y:<\/strong> &#8230; (\u0111i\u1ec1n th\u00f4ng s\u1ed1 c\u1ee5 th\u1ec3)<\/li>\n<li data-sourcepos=\"37:1-37:133\"><strong>T\u0103ng tu\u1ed5i th\u1ecd m\u00e1y m\u00f3c:<\/strong> Nh\u1edd kh\u1ea3 n\u0103ng b\u1ea3o v\u1ec7 ch\u1ed1ng m\u00e0i m\u00f2n v\u00e0 gi\u1ea3m ma s\u00e1t, OKS 353 gi\u00fap k\u00e9o d\u00e0i tu\u1ed5i th\u1ecd c\u1ee7a c\u00e1c b\u1ed9 ph\u1eadn m\u00e1y m\u00f3c.<\/li>\n<li data-sourcepos=\"38:1-38:129\"><strong>Gi\u1ea3m thi\u1ec3u th\u1eddi gian ng\u1eebng ho\u1ea1t \u0111\u1ed9ng:<\/strong> S\u1ea3n ph\u1ea9m gi\u00fap gi\u1ea3m thi\u1ec3u t\u00ecnh tr\u1ea1ng h\u1ecfng h\u00f3c, b\u1ea3o \u0111\u1ea3m ho\u1ea1t \u0111\u1ed9ng li\u00ean t\u1ee5c c\u1ee7a m\u00e1y m\u00f3c.<\/li>\n<li data-sourcepos=\"39:1-39:118\"><strong>N\u00e2ng cao hi\u1ec7u su\u1ea5t:<\/strong> OKS 353 gi\u00fap gi\u1ea3m ma s\u00e1t, t\u1eeb \u0111\u00f3 ti\u1ebft ki\u1ec7m n\u0103ng l\u01b0\u1ee3ng v\u00e0 t\u0103ng hi\u1ec7u su\u1ea5t l\u00e0m vi\u1ec7c c\u1ee7a m\u00e1y m\u00f3c.<\/li>\n<li data-sourcepos=\"40:1-41:0\"><strong>An to\u00e0n cho ng\u01b0\u1eddi s\u1eed d\u1ee5ng:<\/strong> S\u1ea3n ph\u1ea9m kh\u00f4ng \u0111\u1ed9c h\u1ea1i, th\u00e2n thi\u1ec7n v\u1edbi m\u00f4i tr\u01b0\u1eddng.<\/li>\n<li data-sourcepos=\"44:1-44:107\"><strong>L\u00e0m s\u1ea1ch b\u1ec1 m\u1eb7t:<\/strong> Tr\u01b0\u1edbc khi s\u1eed d\u1ee5ng, c\u1ea7n l\u00e0m s\u1ea1ch b\u1ec1 m\u1eb7t c\u1ea7n b\u00f4i tr\u01a1n \u0111\u1ec3 \u0111\u1ea3m b\u1ea3o \u0111\u1ed9 b\u00e1m d\u00ednh t\u1ed1t nh\u1ea5t.<\/li>\n<li data-sourcepos=\"45:1-45:102\"><strong>C\u00e1ch b\u00f4i:<\/strong> S\u1eed d\u1ee5ng ch\u1ed5i, s\u00fang phun ho\u1eb7c ph\u01b0\u01a1ng ph\u00e1p nh\u00fang \u0111\u1ec3 b\u00f4i m\u1ed9t l\u1edbp d\u1ea7u m\u1ecfng \u0111\u1ec1u l\u00ean b\u1ec1 m\u1eb7t.<\/li>\n<li data-sourcepos=\"46:1-47:0\"><strong>L\u01b0u \u00fd:<\/strong> Tr\u00e1nh ti\u1ebfp x\u00fac tr\u1ef1c ti\u1ebfp v\u1edbi m\u1eaft v\u00e0 da. B\u1ea3o qu\u1ea3n s\u1ea3n ph\u1ea9m \u1edf n\u01a1i kh\u00f4 r\u00e1o, tho\u00e1ng m\u00e1t, tr\u00e1nh xa ngu\u1ed3n nhi\u1ec7t.<\/li>\n<li data-sourcepos=\"50:1-50:93\"><strong>Ng\u00e0nh c\u00f4ng nghi\u1ec7p:<\/strong> B\u00f4i tr\u01a1n c\u00e1c b\u1ed9 ph\u1eadn m\u00e1y m\u00f3c trong nh\u00e0 m\u00e1y s\u1ea3n xu\u1ea5t, nh\u00e0 m\u00e1y th\u00e9p&#8230;<\/li>\n<li data-sourcepos=\"51:1-51:68\"><strong>Ng\u00e0nh \u00f4 t\u00f4:<\/strong> B\u00f4i tr\u01a1n c\u00e1c b\u1ed9 ph\u1eadn ch\u1ecbu nhi\u1ec7t cao trong \u0111\u1ed9ng c\u01a1.<\/li>\n<li data-sourcepos=\"52:1-53:0\"><strong>Ng\u00e0nh h\u00e0ng h\u1ea3i:<\/strong> B\u00f4i tr\u01a1n c\u00e1c thi\u1ebft b\u1ecb tr\u00ean t\u00e0u bi\u1ec3n ho\u1ea1t \u0111\u1ed9ng trong m\u00f4i tr\u01b0\u1eddng kh\u1eafc nghi\u1ec7t.<\/li>\n<\/ul>\n<\/div>\n","protected":false},"excerpt":{"rendered":"<p>T\u00ean sa\u0309n ph\u00e2\u0309m:\u00a0OKS 353<\/p>\n<p><strong>Li\u00ean h\u1ec7:<\/strong> 0397.433.258<\/p>\n","protected":false},"featured_media":6352,"comment_status":"closed","ping_status":"closed","template":"","meta":[],"product_brand":[],"product_cat":[154],"product_tag":[],"class_list":{"0":"post-6351","1":"product","2":"type-product","3":"status-publish","4":"has-post-thumbnail","6":"product_cat-oks","8":"first","9":"instock","10":"shipping-taxable","11":"product-type-simple"},"_links":{"self":[{"href":"https:\/\/yenhung.com\/index.php?rest_route=\/wp\/v2\/product\/6351","targetHints":{"allow":["GET"]}}],"collection":[{"href":"https:\/\/yenhung.com\/index.php?rest_route=\/wp\/v2\/product"}],"about":[{"href":"https:\/\/yenhung.com\/index.php?rest_route=\/wp\/v2\/types\/product"}],"replies":[{"embeddable":true,"href":"https:\/\/yenhung.com\/index.php?rest_route=%2Fwp%2Fv2%2Fcomments&post=6351"}],"wp:featuredmedia":[{"embeddable":true,"href":"https:\/\/yenhung.com\/index.php?rest_route=\/wp\/v2\/media\/6352"}],"wp:attachment":[{"href":"https:\/\/yenhung.com\/index.php?rest_route=%2Fwp%2Fv2%2Fmedia&parent=6351"}],"wp:term":[{"taxonomy":"product_brand","embeddable":true,"href":"https:\/\/yenhung.com\/index.php?rest_route=%2Fwp%2Fv2%2Fproduct_brand&post=6351"},{"taxonomy":"product_cat","embeddable":true,"href":"https:\/\/yenhung.com\/index.php?rest_route=%2Fwp%2Fv2%2Fproduct_cat&post=6351"},{"taxonomy":"product_tag","embeddable":true,"href":"https:\/\/yenhung.com\/index.php?rest_route=%2Fwp%2Fv2%2Fproduct_tag&post=6351"}],"curies":[{"name":"wp","href":"https:\/\/api.w.org\/{rel}","templated":true}]}}