{"id":6362,"date":"2025-11-10T07:13:37","date_gmt":"2025-11-10T07:13:37","guid":{"rendered":"https:\/\/yenhung.com\/?product=mo-oks-400"},"modified":"2026-02-11T06:59:54","modified_gmt":"2026-02-11T06:59:54","slug":"mo-oks-400","status":"publish","type":"product","link":"https:\/\/yenhung.com\/?product=mo-oks-400","title":{"rendered":"M\u1ee1 &#8211; oks 400"},"content":{"rendered":"<div class=\"ba-text-fpt\">\n<h2 data-sourcepos=\"1:1-1:73\"><strong>M\u1ee1 OKS-400<\/strong><\/h2>\n<p data-sourcepos=\"1:1-1:73\">Gi\u1ea3i ph\u00e1p b\u00f4i tr\u01a1n hi\u1ec7u qu\u1ea3 cho c\u00e1c \u1ee9ng d\u1ee5ng ch\u1ecbu t\u1ea3i n\u1eb7ng<\/p>\n<p data-sourcepos=\"3:1-3:14\"><img decoding=\"async\" title=\"bmo-oks-400-c-1753755562862-2\" src=\"https:\/\/yenhung.com\/wp-content\/uploads\/2025\/11\/bmo-oks-400-c-1753755562862-2.jpg\" alt=\"OKS-400\" data-thumb=\"large\" \/><\/p>\n<p data-sourcepos=\"3:1-3:14\"><strong>M\u1ee1 OKS-400<\/strong> l\u00e0 lo\u1ea1i m\u1ee1 b\u00f4i tr\u01a1n \u0111a n\u0103ng, hi\u1ec7u su\u1ea5t cao \u0111\u01b0\u1ee3c s\u1ea3n xu\u1ea5t b\u1edfi th\u01b0\u01a1ng hi\u1ec7u OKS uy t\u00edn \u0111\u1ebfn t\u1eeb \u0110\u1ee9c. S\u1ea3n ph\u1ea9m \u0111\u01b0\u1ee3c s\u1eed d\u1ee5ng cho nhi\u1ec1u \u1ee9ng d\u1ee5ng kh\u00e1c nhau, \u0111\u1eb7c bi\u1ec7t l\u00e0 trong c\u00e1c \u0111i\u1ec1u ki\u1ec7n v\u1eadn h\u00e0nh kh\u1eafc nghi\u1ec7t v\u1edbi t\u1ea3i tr\u1ecdng v\u00e0 nhi\u1ec7t \u0111\u1ed9 cao.<\/p>\n<p data-sourcepos=\"5:1-5:17\"><strong>\u01afu \u0111i\u1ec3m n\u1ed5i b\u1eadt:<\/strong><\/p>\n<p><img decoding=\"async\" title=\"bmo-oks-400-a-1753755563912-1\" src=\"https:\/\/yenhung.com\/wp-content\/uploads\/2025\/11\/bmo-oks-400-a-1753755563912-1.jpg\" alt=\"OKS-400\" data-thumb=\"large\" \/><\/p>\n<ul data-sourcepos=\"7:1-7:87\">\n<li data-sourcepos=\"7:1-7:87\"><strong>Kh\u1ea3 n\u0103ng ch\u1ecbu t\u1ea3i cao:<\/strong> M\u1ee1 OKS-400 c\u00f3 kh\u1ea3 n\u0103ng ch\u1ecbu t\u1ea3i c\u1ef1c \u00e1p (EP) v\u00e0 ch\u1ed1ng m\u00e0i m\u00f2n tuy\u1ec7t v\u1eddi, b\u1ea3o v\u1ec7 hi\u1ec7u qu\u1ea3 c\u00e1c chi ti\u1ebft m\u00e1y m\u00f3c kh\u1ecfi h\u01b0 h\u1ecfng do ma s\u00e1t trong \u0111i\u1ec1u ki\u1ec7n t\u1ea3i tr\u1ecdng n\u1eb7ng.<\/li>\n<li data-sourcepos=\"8:1-8:164\"><strong>Kh\u1ea3 n\u0103ng ch\u1ecbu nhi\u1ec7t t\u1ed1t:<\/strong> M\u1ee1 OKS-400 c\u00f3 th\u1ec3 ho\u1ea1t \u0111\u1ed9ng trong ph\u1ea1m vi nhi\u1ec7t \u0111\u1ed9 r\u1ed9ng t\u1eeb -35\u00b0C \u0111\u1ebfn +200\u00b0C, th\u00edch h\u1ee3p cho c\u00e1c \u1ee9ng d\u1ee5ng trong m\u00f4i tr\u01b0\u1eddng kh\u1eafc nghi\u1ec7t.<\/li>\n<li data-sourcepos=\"9:1-9:43\"><strong>Ch\u1ed1ng n\u01b0\u1edbc v\u00e0 h\u00f3a ch\u1ea5t:<\/strong> M\u1ee1 OKS-400 c\u00f3 kh\u1ea3 n\u0103ng ch\u1ed1ng n\u01b0\u1edbc v\u00e0 h\u00f3a ch\u1ea5t t\u1ed1t, b\u1ea3o v\u1ec7 c\u00e1c chi ti\u1ebft m\u00e1y kh\u1ecfi s\u1ef1 \u0103n m\u00f2n v\u00e0 r\u1ec9 s\u00e9t.<\/li>\n<li data-sourcepos=\"10:1-10:147\"><strong>Hi\u1ec7u su\u1ea5t b\u00f4i tr\u01a1n l\u00e2u d\u00e0i:<\/strong> M\u1ee1 OKS-400 b\u00f4i tr\u01a1n hi\u1ec7u qu\u1ea3 trong th\u1eddi gian d\u00e0i, gi\u00fap gi\u1ea3m thi\u1ec3u t\u1ea7n su\u1ea5t b\u00f4i tr\u01a1n v\u00e0 ti\u1ebft ki\u1ec7m chi ph\u00ed b\u1ea3o tr\u00ec.<\/li>\n<li data-sourcepos=\"11:1-12:0\"><strong>An to\u00e0n cho s\u1ee9c kh\u1ecfe:<\/strong> M\u1ee1 OKS-400 kh\u00f4ng ch\u1ee9a c\u00e1c ch\u1ea5t \u0111\u1ed9c h\u1ea1i, an to\u00e0n cho ng\u01b0\u1eddi s\u1eed d\u1ee5ng v\u00e0 m\u00f4i tr\u01b0\u1eddng.<\/li>\n<\/ul>\n<h2 data-sourcepos=\"13:1-13:13\"><strong>\u1ee8ng d\u1ee5ng:<\/strong><\/h2>\n<p><img decoding=\"async\" title=\"mo-oks-400-a-1753755564927-1\" src=\"https:\/\/yenhung.com\/wp-content\/uploads\/2025\/11\/mo-oks-400-a-1753755564927-1.jpg\" alt=\"OKS-400\" data-thumb=\"large\" \/><\/p>\n<ul data-sourcepos=\"15:1-19:24\">\n<li data-sourcepos=\"15:1-15:100\"><strong>V\u00f2ng bi:<\/strong> B\u00f4i tr\u01a1n c\u00e1c lo\u1ea1i v\u00f2ng bi ch\u1ecbu t\u1ea3i n\u1eb7ng, v\u00f2ng bi l\u0103n, v\u00f2ng bi tr\u01a1n, v\u00f2ng bi tr\u01b0\u1ee3t,&#8230;<\/li>\n<li data-sourcepos=\"16:1-16:78\"><strong>Tr\u1ee5c:<\/strong> B\u00f4i tr\u01a1n tr\u1ee5c quay, tr\u1ee5c truy\u1ec1n \u0111\u1ed9ng, tr\u1ee5c m\u00e1y m\u00f3c c\u00f4ng nghi\u1ec7p,&#8230;<\/li>\n<li data-sourcepos=\"17:1-17:100\"><strong>Kh\u1edbp n\u1ed1i:<\/strong> B\u00f4i tr\u01a1n c\u00e1c kh\u1edbp n\u1ed1i ch\u1ecbu t\u1ea3i n\u1eb7ng, kh\u1edbp n\u1ed1i tr\u1ee5c, kh\u1edbp n\u1ed1i m\u00e1y m\u00f3c c\u00f4ng nghi\u1ec7p,&#8230;<\/li>\n<li data-sourcepos=\"18:1-18:107\"><strong>B\u00e1nh r\u0103ng:<\/strong> B\u00f4i tr\u01a1n b\u00e1nh r\u0103ng ch\u1ecbu t\u1ea3i n\u1eb7ng, b\u00e1nh r\u0103ng truy\u1ec1n \u0111\u1ed9ng, b\u00e1nh r\u0103ng m\u00e1y m\u00f3c c\u00f4ng nghi\u1ec7p,&#8230;<\/li>\n<li data-sourcepos=\"19:1-19:24\"><strong>B\u1ed9 ph\u1eadn tr\u01b0\u1ee3t:<\/strong> B\u00f4i tr\u01a1n c\u00e1c b\u1ed9 ph\u1eadn tr\u01b0\u1ee3t ch\u1ecbu t\u1ea3i n\u1eb7ng, thanh tr\u01b0\u1ee3t, ray d\u1eabn h\u01b0\u1edbng,&#8230;<\/li>\n<\/ul>\n<h2 data-sourcepos=\"21:1-21:22\"><strong>Th\u00f4ng s\u1ed1 k\u1ef9 thu\u1eadt:<\/strong><\/h2>\n<ul data-sourcepos=\"23:1-33:0\">\n<li data-sourcepos=\"23:1-23:49\">Lo\u1ea1i m\u1ee1: M\u1ee1 b\u00f4i tr\u01a1n \u0111a n\u0103ng, hi\u1ec7u su\u1ea5t cao<\/li>\n<li data-sourcepos=\"24:1-24:17\">NLGI l\u1edbp: 2<\/li>\n<li data-sourcepos=\"25:1-25:22\">M\u00e0u s\u1eafc: Xanh l\u00e1<\/li>\n<li data-sourcepos=\"26:1-26:22\">\u0110i\u1ec3m ch\u1ea3y: 280\u00b0C<\/li>\n<li data-sourcepos=\"27:1-27:42\">Nhi\u1ec7t \u0111\u1ed9 ho\u1ea1t \u0111\u1ed9ng: -35\u00b0C \u0111\u1ebfn +200\u00b0C<\/li>\n<li data-sourcepos=\"28:1-28:36\">Kh\u1ea3 n\u0103ng ch\u1ecbu t\u1ea3i: EP (c\u1ef1c \u00e1p)<\/li>\n<li data-sourcepos=\"29:1-29:30\">Kh\u1ea3 n\u0103ng ch\u1ed1ng n\u01b0\u1edbc: T\u1ed1t<\/li>\n<li data-sourcepos=\"30:1-30:34\">Kh\u1ea3 n\u0103ng ch\u1ed1ng h\u00f3a ch\u1ea5t: T\u1ed1t<\/li>\n<li data-sourcepos=\"31:1-31:22\">Th\u01b0\u01a1ng hi\u1ec7u: OKS<\/li>\n<li data-sourcepos=\"32:1-33:0\">M\u00e3 s\u1ea3n ph\u1ea9m: OKS-400<\/li>\n<\/ul>\n<h2 data-sourcepos=\"34:1-34:22\"><strong>L\u01b0u \u00fd khi s\u1eed d\u1ee5ng:<\/strong><\/h2>\n<ul data-sourcepos=\"36:1-40:0\">\n<li data-sourcepos=\"36:1-36:49\">L\u00e0m s\u1ea1ch b\u1ec1 m\u1eb7t c\u1ea7n b\u00f4i tr\u01a1n tr\u01b0\u1edbc khi s\u1eed d\u1ee5ng.<\/li>\n<li data-sourcepos=\"37:1-37:34\">B\u00f4i m\u1ee1 b\u1eb1ng c\u1ecd ho\u1eb7c s\u00fang b\u01a1m m\u1ee1.<\/li>\n<li data-sourcepos=\"38:1-38:25\">Tr\u00e1nh b\u00f4i qu\u00e1 nhi\u1ec1u m\u1ee1.<\/li>\n<li data-sourcepos=\"39:1-40:0\">B\u1ea3o qu\u1ea3n m\u1ee1 \u1edf n\u01a1i kh\u00f4 r\u00e1o, tho\u00e1ng m\u00e1t.<\/li>\n<\/ul>\n<p data-sourcepos=\"41:1-41:17\"><strong>M\u1ee1 OKS-400<\/strong> l\u00e0 l\u1ef1a ch\u1ecdn ho\u00e0n h\u1ea3o cho vi\u1ec7c b\u00f4i tr\u01a1n c\u00e1c chi ti\u1ebft m\u00e1y m\u00f3c ch\u1ecbu t\u1ea3i n\u1eb7ng trong nhi\u1ec1u ng\u00e0nh c\u00f4ng nghi\u1ec7p kh\u00e1c nhau. H\u00e3y s\u1eed d\u1ee5ng s\u1ea3n ph\u1ea9m \u0111\u1ec3 b\u1ea3o v\u1ec7 \u0111\u1ed9ng c\u01a1 v\u00e0 thi\u1ebft b\u1ecb c\u1ee7a b\u1ea1n ho\u1ea1t \u0111\u1ed9ng hi\u1ec7u qu\u1ea3 v\u00e0 b\u1ec1n b\u1ec9.<\/p>\n<\/div>\n","protected":false},"excerpt":{"rendered":"<p><strong>T\u00ean sa\u0309n ph\u00e2\u0309m:<\/strong>\u00a0OKS-400<\/p>\n<p><strong>Li\u00ean h\u1ec7:<\/strong> 0397.433.258<\/p>\n","protected":false},"featured_media":6363,"comment_status":"closed","ping_status":"closed","template":"","meta":[],"product_brand":[],"product_cat":[154],"product_tag":[],"class_list":{"0":"post-6362","1":"product","2":"type-product","3":"status-publish","4":"has-post-thumbnail","6":"product_cat-oks","8":"first","9":"instock","10":"shipping-taxable","11":"product-type-simple"},"_links":{"self":[{"href":"https:\/\/yenhung.com\/index.php?rest_route=\/wp\/v2\/product\/6362","targetHints":{"allow":["GET"]}}],"collection":[{"href":"https:\/\/yenhung.com\/index.php?rest_route=\/wp\/v2\/product"}],"about":[{"href":"https:\/\/yenhung.com\/index.php?rest_route=\/wp\/v2\/types\/product"}],"replies":[{"embeddable":true,"href":"https:\/\/yenhung.com\/index.php?rest_route=%2Fwp%2Fv2%2Fcomments&post=6362"}],"wp:featuredmedia":[{"embeddable":true,"href":"https:\/\/yenhung.com\/index.php?rest_route=\/wp\/v2\/media\/6363"}],"wp:attachment":[{"href":"https:\/\/yenhung.com\/index.php?rest_route=%2Fwp%2Fv2%2Fmedia&parent=6362"}],"wp:term":[{"taxonomy":"product_brand","embeddable":true,"href":"https:\/\/yenhung.com\/index.php?rest_route=%2Fwp%2Fv2%2Fproduct_brand&post=6362"},{"taxonomy":"product_cat","embeddable":true,"href":"https:\/\/yenhung.com\/index.php?rest_route=%2Fwp%2Fv2%2Fproduct_cat&post=6362"},{"taxonomy":"product_tag","embeddable":true,"href":"https:\/\/yenhung.com\/index.php?rest_route=%2Fwp%2Fv2%2Fproduct_tag&post=6362"}],"curies":[{"name":"wp","href":"https:\/\/api.w.org\/{rel}","templated":true}]}}