{"id":6378,"date":"2025-11-10T07:13:49","date_gmt":"2025-11-10T07:13:49","guid":{"rendered":"https:\/\/yenhung.com\/?product=mo-oks-1110-500gr-multi-silicone-grease"},"modified":"2026-02-11T06:58:21","modified_gmt":"2026-02-11T06:58:21","slug":"mo-oks-1110-500gr-multi-silicone-grease","status":"publish","type":"product","link":"https:\/\/yenhung.com\/?product=mo-oks-1110-500gr-multi-silicone-grease","title":{"rendered":"M\u1ee1 &#8211; oks 1110, 500gr, multi silicone grease"},"content":{"rendered":"<div class=\"ba-text-fpt\">\n<h2 data-sourcepos=\"1:1-1:57\"><strong>OKS 1110 &#8211; M\u1ee1 b\u00f4i tr\u01a1n \u0111a n\u0103ng cho hi\u1ec7u su\u1ea5t v\u01b0\u1ee3t tr\u1ed9i<\/strong><\/h2>\n<p data-sourcepos=\"3:1-3:12\"><img decoding=\"async\" title=\"mo-oks-1110-500gr-a-1753756277157-2\" src=\"https:\/\/yenhung.com\/wp-content\/uploads\/2025\/11\/mo-oks-1110-500gr-a-1753756277157-2.jpg\" alt=\"OKS 1110\" data-thumb=\"large\" \/><\/p>\n<p data-sourcepos=\"3:1-3:12\"><strong>OKS 1110<\/strong> l\u00e0 m\u1ee1 b\u00f4i tr\u01a1n \u0111a n\u0103ng \u0111\u01b0\u1ee3c s\u1ea3n xu\u1ea5t b\u1edfi th\u01b0\u01a1ng hi\u1ec7u OKS uy t\u00edn \u0111\u1ebfn t\u1eeb \u0110\u1ee9c. S\u1ea3n ph\u1ea9m \u0111\u01b0\u1ee3c s\u1eed d\u1ee5ng cho nhi\u1ec1u \u1ee9ng d\u1ee5ng kh\u00e1c nhau trong c\u00f4ng nghi\u1ec7p, b\u1ea3o d\u01b0\u1ee1ng v\u00e0 \u0111\u1eddi s\u1ed1ng.<\/p>\n<h2 data-sourcepos=\"5:1-5:20\"><strong>\u01afu \u0111i\u1ec3m n\u1ed5i b\u1eadt:<\/strong><\/h2>\n<ul data-sourcepos=\"7:1-7:46\">\n<li data-sourcepos=\"7:1-7:46\"><strong>Kh\u1ea3 n\u0103ng b\u00f4i tr\u01a1n hi\u1ec7u qu\u1ea3:<\/strong> B\u00f4i tr\u01a1n t\u1ed1t c\u00e1c chi ti\u1ebft m\u00e1y m\u00f3c, gi\u1ea3m thi\u1ec3u ma s\u00e1t v\u00e0 m\u00e0i m\u00f2n, gi\u00fap \u0111\u1ed9ng c\u01a1 ho\u1ea1t \u0111\u1ed9ng \u00eam \u00e1i v\u00e0 b\u1ec1n b\u1ec9.<\/li>\n<li data-sourcepos=\"8:1-8:115\"><strong>Ch\u1ecbu t\u1ea3i tr\u1ecdng cao:<\/strong> Ch\u1ecbu \u0111\u01b0\u1ee3c t\u1ea3i tr\u1ecdng cao v\u00e0 \u00e1p su\u1ea5t l\u1edbn, th\u00edch h\u1ee3p cho c\u00e1c \u1ee9ng d\u1ee5ng \u0111\u00f2i h\u1ecfi \u0111\u1ed9 b\u1ec1n b\u1ec9 cao.<\/li>\n<li data-sourcepos=\"9:1-9:132\"><strong>Ch\u1ecbu nhi\u1ec7t \u0111\u1ed9 t\u1ed1t:<\/strong> Ho\u1ea1t \u0111\u1ed9ng hi\u1ec7u qu\u1ea3 trong ph\u1ea1m vi nhi\u1ec7t \u0111\u1ed9 r\u1ed9ng t\u1eeb -40\u00b0C \u0111\u1ebfn +200\u00b0C, ph\u00f9 h\u1ee3p v\u1edbi nhi\u1ec1u \u0111i\u1ec1u ki\u1ec7n m\u00f4i tr\u01b0\u1eddng.<\/li>\n<li data-sourcepos=\"10:1-10:70\"><strong>Ch\u1ed1ng n\u01b0\u1edbc v\u00e0 b\u1ee5i b\u1ea9n:<\/strong> B\u1ea3o v\u1ec7 c\u00e1c chi ti\u1ebft m\u00e1y kh\u1ecfi t\u00e1c \u0111\u1ed9ng c\u1ee7a n\u01b0\u1edbc, b\u1ee5i b\u1ea9n, h\u00f3a ch\u1ea5t v\u00e0 c\u00e1c t\u00e1c nh\u00e2n g\u00e2y h\u1ea1i kh\u00e1c.<\/li>\n<li data-sourcepos=\"11:1-11:108\"><strong>Kh\u1ea3 n\u0103ng ch\u1ed1ng oxy h\u00f3a cao:<\/strong> Ng\u0103n ng\u1eeba s\u1ef1 \u0103n m\u00f2n v\u00e0 r\u1ec9 s\u00e9t, gi\u00fap k\u00e9o d\u00e0i tu\u1ed5i th\u1ecd c\u1ee7a c\u00e1c chi ti\u1ebft m\u00e1y.<\/li>\n<li data-sourcepos=\"12:1-12:115\"><strong>T\u01b0\u01a1ng th\u00edch v\u1edbi nhi\u1ec1u v\u1eadt li\u1ec7u:<\/strong> S\u1eed d\u1ee5ng \u0111\u01b0\u1ee3c cho nhi\u1ec1u lo\u1ea1i v\u1eadt li\u1ec7u kh\u00e1c nhau nh\u01b0 kim lo\u1ea1i, nh\u1ef1a, cao su,&#8230;<\/li>\n<li data-sourcepos=\"13:1-14:0\"><strong>An to\u00e0n cho ng\u01b0\u1eddi s\u1eed d\u1ee5ng:<\/strong> Kh\u00f4ng ch\u1ee9a c\u00e1c ch\u1ea5t \u0111\u1ed9c h\u1ea1i, an to\u00e0n cho s\u1ee9c kh\u1ecfe v\u00e0 m\u00f4i tr\u01b0\u1eddng.<\/li>\n<\/ul>\n<h2 data-sourcepos=\"15:1-15:21\"><strong>\u1ee8ng d\u1ee5ng \u0111a d\u1ea1ng:<\/strong><\/h2>\n<p><img decoding=\"async\" title=\"mo-oks-1110-500gr-b-1753756276196-1\" src=\"https:\/\/yenhung.com\/wp-content\/uploads\/2025\/11\/mo-oks-1110-500gr-b-1753756276196-1.jpg\" alt=\"OKS 1110\" data-thumb=\"large\" \/><\/p>\n<ul data-sourcepos=\"17:1-20:79\">\n<li data-sourcepos=\"17:1-17:108\"><strong>B\u00f4i tr\u01a1n \u1ed5 b\u1ea1c, \u1ed5 tr\u1ee5c, kh\u1edbp n\u1ed1i:<\/strong> Gi\u1ea3m ma s\u00e1t v\u00e0 m\u00e0i m\u00f2n, gi\u00fap c\u00e1c chi ti\u1ebft ho\u1ea1t \u0111\u1ed9ng \u00eam \u00e1i v\u00e0 b\u1ec1n b\u1ec9.<\/li>\n<li data-sourcepos=\"18:1-18:94\"><strong>B\u00f4i tr\u01a1n c\u00e1c b\u1ed9 ph\u1eadn truy\u1ec1n \u0111\u1ed9ng:<\/strong> Gi\u00fap truy\u1ec1n \u0111\u1ed9ng tr\u01a1n tru, gi\u1ea3m ti\u1ebfng \u1ed3n v\u00e0 rung \u0111\u1ed9ng.<\/li>\n<li data-sourcepos=\"19:1-19:92\"><strong>B\u00f4i tr\u01a1n c\u00e1c chi ti\u1ebft kim lo\u1ea1i:<\/strong> B\u1ea3o v\u1ec7 c\u00e1c chi ti\u1ebft kim lo\u1ea1i kh\u1ecfi s\u1ef1 \u0103n m\u00f2n v\u00e0 r\u1ec9 s\u00e9t.<\/li>\n<li data-sourcepos=\"20:1-20:79\"><strong>B\u00f4i tr\u01a1n c\u00e1c b\u1ed9 ph\u1eadn ti\u1ebfp x\u00fac v\u1edbi n\u01b0\u1edbc:<\/strong> Ch\u1ed1ng n\u01b0\u1edbc v\u00e0 b\u1ee5i b\u1ea9n, b\u1ea3o v\u1ec7 c\u00e1c chi ti\u1ebft kh\u1ecfi t\u00e1c \u0111\u1ed9ng c\u1ee7a m\u00f4i tr\u01b0\u1eddng.<\/li>\n<li data-sourcepos=\"21:1-22:0\"><strong>S\u1eed d\u1ee5ng trong nhi\u1ec1u ng\u00e0nh c\u00f4ng nghi\u1ec7p:<\/strong> S\u1ea3n xu\u1ea5t \u00f4 t\u00f4, xe m\u00e1y, m\u00e1y m\u00f3c c\u00f4ng nghi\u1ec7p, thi\u1ebft b\u1ecb \u0111i\u1ec7n,&#8230;<\/li>\n<\/ul>\n<h2 data-sourcepos=\"23:1-23:22\"><strong>Th\u00f4ng s\u1ed1 k\u1ef9 thu\u1eadt:<\/strong><\/h2>\n<p><img decoding=\"async\" title=\"mo-oks-1110-500gr-c-1753756275231-1\" src=\"https:\/\/yenhung.com\/wp-content\/uploads\/2025\/11\/mo-oks-1110-500gr-c-1753756275231-1.jpg\" alt=\"OKS 1110\" data-thumb=\"large\" \/><\/p>\n<ul data-sourcepos=\"25:1-35:0\">\n<li data-sourcepos=\"25:1-25:32\"><strong>D\u1ea1ng s\u1ea3n ph\u1ea9m:<\/strong> M\u1ee1 b\u00f4i tr\u01a1n<\/li>\n<li data-sourcepos=\"26:1-26:20\"><strong>M\u00e0u s\u1eafc:<\/strong> Tr\u1eafng<\/li>\n<li data-sourcepos=\"27:1-27:22\"><strong>\u0110\u1ed9 b\u00e1m d\u00ednh:<\/strong> Cao<\/li>\n<li data-sourcepos=\"28:1-28:34\"><strong>Kh\u1ea3 n\u0103ng ch\u1ecbu t\u1ea3i tr\u1ecdng:<\/strong> Cao<\/li>\n<li data-sourcepos=\"29:1-29:46\"><strong>Kh\u1ea3 n\u0103ng ch\u1ecbu nhi\u1ec7t \u0111\u1ed9:<\/strong> -40\u00b0C \u0111\u1ebfn +200\u00b0C<\/li>\n<li data-sourcepos=\"30:1-30:20\"><strong>Ch\u1ed1ng n\u01b0\u1edbc:<\/strong> C\u00f3<\/li>\n<li data-sourcepos=\"31:1-31:23\"><strong>Ch\u1ed1ng b\u1ee5i b\u1ea9n:<\/strong> C\u00f3<\/li>\n<li data-sourcepos=\"32:1-32:23\"><strong>Ch\u1ed1ng oxy h\u00f3a:<\/strong> C\u00f3<\/li>\n<li data-sourcepos=\"33:1-33:22\"><strong>Th\u01b0\u01a1ng hi\u1ec7u:<\/strong> OKS<\/li>\n<li data-sourcepos=\"34:1-35:0\"><strong>M\u00e3 s\u1ea3n ph\u1ea9m:<\/strong> OKS 1110<\/li>\n<\/ul>\n<p data-sourcepos=\"36:1-36:22\"><strong>L\u01b0u \u00fd khi s\u1eed d\u1ee5ng:<\/strong><\/p>\n<ul data-sourcepos=\"38:1-41:0\">\n<li data-sourcepos=\"38:1-38:53\">V\u1ec7 sinh s\u1ea1ch b\u1ec1 m\u1eb7t c\u1ea7n b\u00f4i tr\u01a1n tr\u01b0\u1edbc khi s\u1eed d\u1ee5ng.<\/li>\n<li data-sourcepos=\"39:1-39:43\">B\u00f4i l\u01b0\u1ee3ng m\u1ee1 v\u1eeba \u0111\u1ee7, tr\u00e1nh b\u00f4i qu\u00e1 nhi\u1ec1u.<\/li>\n<li data-sourcepos=\"40:1-41:0\">B\u1ea3o qu\u1ea3n s\u1ea3n ph\u1ea9m n\u01a1i kh\u00f4 r\u00e1o, tho\u00e1ng m\u00e1t.<\/li>\n<\/ul>\n<p data-sourcepos=\"42:1-42:45\"><strong>OKS 1110<\/strong> l\u00e0 s\u1ea3n ph\u1ea9m m\u1ee1 b\u00f4i tr\u01a1n \u0111a n\u0103ng, ch\u1ea5t l\u01b0\u1ee3ng cao, \u0111\u00e1p \u1ee9ng m\u1ecdi nhu c\u1ea7u b\u00f4i tr\u01a1n trong c\u00f4ng nghi\u1ec7p, b\u1ea3o d\u01b0\u1ee1ng v\u00e0 \u0111\u1eddi s\u1ed1ng. H\u00e3y s\u1eed d\u1ee5ng OKS 1110 \u0111\u1ec3 b\u1ea3o v\u1ec7 v\u00e0 n\u00e2ng cao hi\u1ec7u su\u1ea5t ho\u1ea1t \u0111\u1ed9ng c\u1ee7a c\u00e1c chi ti\u1ebft m\u00e1y m\u00f3c.<\/p>\n<\/div>\n","protected":false},"excerpt":{"rendered":"<p><strong>T\u00ean sa\u0309n ph\u00e2\u0309m:<\/strong>OKS 1110<br \/>\n<strong>Li\u00ean h\u1ec7:<\/strong> 0397.433.258<\/p>\n","protected":false},"featured_media":6379,"comment_status":"closed","ping_status":"closed","template":"","meta":[],"product_brand":[],"product_cat":[154],"product_tag":[],"class_list":{"0":"post-6378","1":"product","2":"type-product","3":"status-publish","4":"has-post-thumbnail","6":"product_cat-oks","8":"first","9":"instock","10":"shipping-taxable","11":"product-type-simple"},"_links":{"self":[{"href":"https:\/\/yenhung.com\/index.php?rest_route=\/wp\/v2\/product\/6378","targetHints":{"allow":["GET"]}}],"collection":[{"href":"https:\/\/yenhung.com\/index.php?rest_route=\/wp\/v2\/product"}],"about":[{"href":"https:\/\/yenhung.com\/index.php?rest_route=\/wp\/v2\/types\/product"}],"replies":[{"embeddable":true,"href":"https:\/\/yenhung.com\/index.php?rest_route=%2Fwp%2Fv2%2Fcomments&post=6378"}],"wp:featuredmedia":[{"embeddable":true,"href":"https:\/\/yenhung.com\/index.php?rest_route=\/wp\/v2\/media\/6379"}],"wp:attachment":[{"href":"https:\/\/yenhung.com\/index.php?rest_route=%2Fwp%2Fv2%2Fmedia&parent=6378"}],"wp:term":[{"taxonomy":"product_brand","embeddable":true,"href":"https:\/\/yenhung.com\/index.php?rest_route=%2Fwp%2Fv2%2Fproduct_brand&post=6378"},{"taxonomy":"product_cat","embeddable":true,"href":"https:\/\/yenhung.com\/index.php?rest_route=%2Fwp%2Fv2%2Fproduct_cat&post=6378"},{"taxonomy":"product_tag","embeddable":true,"href":"https:\/\/yenhung.com\/index.php?rest_route=%2Fwp%2Fv2%2Fproduct_tag&post=6378"}],"curies":[{"name":"wp","href":"https:\/\/api.w.org\/{rel}","templated":true}]}}