{"id":6386,"date":"2025-11-10T07:13:54","date_gmt":"2025-11-10T07:13:54","guid":{"rendered":"https:\/\/yenhung.com\/?product=oks-360-25l"},"modified":"2026-02-11T06:58:09","modified_gmt":"2026-02-11T06:58:09","slug":"oks-360-25l","status":"publish","type":"product","link":"https:\/\/yenhung.com\/?product=oks-360-25l","title":{"rendered":"Oks 360-25l"},"content":{"rendered":"<div class=\"ba-text-fpt\">\n<h2 data-sourcepos=\"1:1-1:61\"><strong>OKS 360-25L: B\u1ea3o V\u1ec7 Kim Lo\u1ea1i Hi\u1ec7u Qu\u1ea3 Ch\u1ed1ng \u0102n M\u00f2n D\u00e0i L\u00e2u<\/strong><\/h2>\n<p><strong><img decoding=\"async\" title=\"oks-360-25l-jpeg-2\" src=\"https:\/\/yenhung.com\/wp-content\/uploads\/2025\/11\/oks-360-25l-jpeg-2.jpg\" alt=\"OKS 360-25L\" data-thumb=\"large\" \/><\/strong><\/p>\n<p data-sourcepos=\"3:1-3:2\"><strong>OKS 360-25L<\/strong> l\u00e0 d\u1ea7u b\u1ea3o v\u1ec7 kim lo\u1ea1i hi\u1ec7u su\u1ea5t cao, \u0111\u01b0\u1ee3c s\u1ea3n xu\u1ea5t b\u1edfi th\u01b0\u01a1ng hi\u1ec7u OKS uy t\u00edn \u0111\u1ebfn t\u1eeb \u0110\u1ee9c. S\u1ea3n ph\u1ea9m \u0111\u01b0\u1ee3c s\u1eed d\u1ee5ng cho nhi\u1ec1u lo\u1ea1i kim lo\u1ea1i kh\u00e1c nhau, bao g\u1ed3m th\u00e9p, th\u00e9p kh\u00f4ng g\u1ec9, nh\u00f4m, \u0111\u1ed3ng v\u00e0 k\u1ebdm, gi\u00fap b\u1ea3o v\u1ec7 ch\u00fang kh\u1ecfi s\u1ef1 \u0103n m\u00f2n, r\u1ec9 s\u00e9t v\u00e0 c\u00e1c t\u00e1c nh\u00e2n g\u00e2y h\u1ea1i t\u1eeb m\u00f4i tr\u01b0\u1eddng.<\/p>\n<h2 data-sourcepos=\"5:1-5:20\"><strong>\u01afu \u0111i\u1ec3m n\u1ed5i b\u1eadt:<\/strong><\/h2>\n<ul data-sourcepos=\"7:1-7:12\">\n<li data-sourcepos=\"7:1-7:12\"><strong>Kh\u1ea3 n\u0103ng b\u1ea3o v\u1ec7 cao:<\/strong> T\u1ea1o l\u1edbp m\u00e0ng b\u1ea3o v\u1ec7 b\u1ec1n b\u1ec9, gi\u00fap b\u1ea3o v\u1ec7 kim lo\u1ea1i kh\u1ecfi s\u1ef1 \u0103n m\u00f2n, r\u1ec9 s\u00e9t v\u00e0 c\u00e1c t\u00e1c nh\u00e2n g\u00e2y h\u1ea1i t\u1eeb m\u00f4i tr\u01b0\u1eddng trong th\u1eddi gian d\u00e0i.<\/li>\n<li data-sourcepos=\"8:1-8:128\"><strong>Ch\u1ed1ng n\u01b0\u1edbc v\u00e0 h\u00f3a ch\u1ea5t:<\/strong> Kh\u00e1ng n\u01b0\u1edbc v\u00e0 c\u00e1c h\u00f3a ch\u1ea5t th\u00f4ng th\u01b0\u1eddng, th\u00edch h\u1ee3p s\u1eed d\u1ee5ng trong m\u00f4i tr\u01b0\u1eddng \u1ea9m \u01b0\u1edbt v\u00e0 kh\u1eafc nghi\u1ec7t.<\/li>\n<li data-sourcepos=\"9:1-9:63\"><strong>Kh\u1ea3 n\u0103ng b\u00f4i tr\u01a1n t\u1ed1t:<\/strong> Gi\u00fap b\u00f4i tr\u01a1n c\u00e1c b\u1ed9 ph\u1eadn kim lo\u1ea1i, gi\u1ea3m ti\u1ebfng \u1ed3n v\u00e0 ma s\u00e1t, b\u1ea3o v\u1ec7 \u0111\u1ed9ng c\u01a1 v\u00e0 m\u00e1y m\u00f3c ho\u1ea1t \u0111\u1ed9ng tr\u01a1n tru.<\/li>\n<li data-sourcepos=\"10:1-10:99\"><strong>D\u1ec5 s\u1eed d\u1ee5ng:<\/strong> D\u1ea1ng dung d\u1ecbch l\u1ecfng d\u1ec5 d\u00e0ng b\u00f4i l\u00ean b\u1ec1 m\u1eb7t kim lo\u1ea1i b\u1eb1ng c\u1ecd, m\u00e1y phun ho\u1eb7c nh\u00fang.<\/li>\n<li data-sourcepos=\"11:1-12:0\"><strong>An to\u00e0n cho ng\u01b0\u1eddi s\u1eed d\u1ee5ng:<\/strong> Kh\u00f4ng ch\u1ee9a c\u00e1c ch\u1ea5t \u0111\u1ed9c h\u1ea1i, an to\u00e0n cho s\u1ee9c kh\u1ecfe ng\u01b0\u1eddi s\u1eed d\u1ee5ng v\u00e0 m\u00f4i tr\u01b0\u1eddng.<\/li>\n<\/ul>\n<h2 data-sourcepos=\"13:1-13:22\"><strong>\u1ee8ng d\u1ee5ng r\u1ed9ng r\u00e3i:<\/strong><\/h2>\n<p><strong><img decoding=\"async\" title=\"oks-360-25l-1-jpeg\" src=\"https:\/\/yenhung.com\/wp-content\/uploads\/2025\/11\/oks-360-25l-1-jpeg.jpg\" alt=\"Oks 360-25l\" data-thumb=\"medium\" \/><img decoding=\"async\" title=\"oks-360-25l-jpeg-a51a8ff4-e919-451b-a28a-3d9c4bd57231\" src=\"https:\/\/yenhung.com\/wp-content\/uploads\/2025\/11\/oks-360-25l-jpeg-a51a8ff4-e919-451b-a28a-3d9c4bd57231.jpg\" alt=\"Oks 360-25l\" data-thumb=\"medium\" \/><\/strong><\/p>\n<ul data-sourcepos=\"15:1-18:76\">\n<li data-sourcepos=\"15:1-15:125\"><strong>B\u1ea3o v\u1ec7 kim lo\u1ea1i trong kho b\u00e3i:<\/strong> B\u1ea3o v\u1ec7 c\u00e1c b\u1ed9 ph\u1eadn kim lo\u1ea1i, m\u00e1y m\u00f3c v\u00e0 thi\u1ebft b\u1ecb trong kho b\u00e3i kh\u1ecfi s\u1ef1 \u0103n m\u00f2n v\u00e0 r\u1ec9 s\u00e9t.<\/li>\n<li data-sourcepos=\"16:1-16:137\"><strong>B\u1ea3o v\u1ec7 kim lo\u1ea1i ngo\u00e0i tr\u1eddi:<\/strong> B\u1ea3o v\u1ec7 c\u00e1c k\u1ebft c\u1ea5u th\u00e9p, lan can, h\u00e0ng r\u00e0o v\u00e0 c\u00e1c kim lo\u1ea1i kh\u00e1c ngo\u00e0i tr\u1eddi kh\u1ecfi t\u00e1c \u0111\u1ed9ng c\u1ee7a th\u1eddi ti\u1ebft.<\/li>\n<li data-sourcepos=\"17:1-17:122\"><strong>B\u1ea3o v\u1ec7 xe c\u1ed9:<\/strong> B\u1ea3o v\u1ec7 c\u00e1c b\u1ed9 ph\u1eadn kim lo\u1ea1i c\u1ee7a xe c\u1ed9 nh\u01b0 th\u00e2n xe, khung xe, bu l\u00f4ng, \u1ed1c v\u00edt kh\u1ecfi s\u1ef1 \u0103n m\u00f2n v\u00e0 r\u1ec9 s\u00e9t.<\/li>\n<li data-sourcepos=\"18:1-18:76\"><strong>B\u1ea3o v\u1ec7 m\u00e1y m\u00f3c v\u00e0 thi\u1ebft b\u1ecb:<\/strong> B\u1ea3o v\u1ec7 c\u00e1c b\u1ed9 ph\u1eadn kim lo\u1ea1i c\u1ee7a m\u00e1y m\u00f3c v\u00e0 thi\u1ebft b\u1ecb c\u00f4ng nghi\u1ec7p kh\u1ecfi s\u1ef1 \u0103n m\u00f2n, r\u1ec9 s\u00e9t v\u00e0 ma s\u00e1t.<\/li>\n<\/ul>\n<h2 data-sourcepos=\"20:1-20:22\"><strong>Th\u00f4ng s\u1ed1 k\u1ef9 thu\u1eadt:<\/strong><\/h2>\n<ul data-sourcepos=\"22:1-29:0\">\n<li data-sourcepos=\"22:1-22:35\"><strong>D\u1ea1ng s\u1ea3n ph\u1ea9m:<\/strong> Dung d\u1ecbch l\u1ecfng<\/li>\n<li data-sourcepos=\"23:1-23:19\"><strong>M\u00e0u s\u1eafc:<\/strong> V\u00e0ng<\/li>\n<li data-sourcepos=\"24:1-24:25\"><strong>M\u00f9i:<\/strong> D\u1ea7u kho\u00e1ng nh\u1eb9<\/li>\n<li data-sourcepos=\"25:1-25:41\"><strong>Nhi\u1ec7t \u0111\u1ed9 ho\u1ea1t \u0111\u1ed9ng:<\/strong> -40\u00b0C \u0111\u1ebfn +80\u00b0C<\/li>\n<li data-sourcepos=\"26:1-26:20\"><strong>Dung t\u00edch:<\/strong> 25L<\/li>\n<li data-sourcepos=\"27:1-27:22\"><strong>Th\u01b0\u01a1ng hi\u1ec7u:<\/strong> OKS<\/li>\n<li data-sourcepos=\"28:1-29:0\"><strong>M\u00e3 s\u1ea3n ph\u1ea9m:<\/strong> OKS 360<\/li>\n<\/ul>\n<p data-sourcepos=\"30:1-30:22\"><strong>L\u01b0u \u00fd khi s\u1eed d\u1ee5ng:<\/strong><\/p>\n<ul data-sourcepos=\"32:1-36:0\">\n<li data-sourcepos=\"32:1-32:45\">L\u00e0m s\u1ea1ch b\u1ec1 m\u1eb7t kim lo\u1ea1i tr\u01b0\u1edbc khi b\u00f4i d\u1ea7u.<\/li>\n<li data-sourcepos=\"33:1-33:33\">L\u1eafc \u0111\u1ec1u chai tr\u01b0\u1edbc khi s\u1eed d\u1ee5ng.<\/li>\n<li data-sourcepos=\"34:1-34:59\">B\u00f4i d\u1ea7u l\u00ean b\u1ec1 m\u1eb7t kim lo\u1ea1i b\u1eb1ng c\u1ecd, m\u00e1y phun ho\u1eb7c nh\u00fang.<\/li>\n<li data-sourcepos=\"35:1-36:0\">\u0110\u1ec3 d\u1ea7u kh\u00f4 ho\u00e0n to\u00e0n tr\u01b0\u1edbc khi s\u1eed d\u1ee5ng.<\/li>\n<\/ul>\n<p data-sourcepos=\"37:1-37:181\"><strong>OKS 360-25L<\/strong> l\u00e0 s\u1ea3n ph\u1ea9m b\u1ea3o v\u1ec7 kim lo\u1ea1i hi\u1ec7u qu\u1ea3, gi\u00fap b\u1ea3o v\u1ec7 kim lo\u1ea1i kh\u1ecfi s\u1ef1 \u0103n m\u00f2n v\u00e0 r\u1ec9 s\u00e9t trong th\u1eddi gian d\u00e0i. S\u1ea3n ph\u1ea9m ph\u00f9 h\u1ee3p cho nhi\u1ec1u \u1ee9ng d\u1ee5ng kh\u00e1c nhau, t\u1eeb b\u1ea3o v\u1ec7 kim lo\u1ea1i trong kho b\u00e3i \u0111\u1ebfn b\u1ea3o v\u1ec7 m\u00e1y m\u00f3c v\u00e0 thi\u1ebft b\u1ecb c\u00f4ng nghi\u1ec7p.<\/p>\n<\/div>\n","protected":false},"excerpt":{"rendered":"<p><strong>T\u00ean sa\u0309n ph\u00e2\u0309m:\u00a0OKS 360-25L<\/strong><br \/>\n<strong>Li\u00ean h\u1ec7:<\/strong> 0397.433.258<\/p>\n","protected":false},"featured_media":6387,"comment_status":"closed","ping_status":"closed","template":"","meta":[],"product_brand":[],"product_cat":[154],"product_tag":[],"class_list":{"0":"post-6386","1":"product","2":"type-product","3":"status-publish","4":"has-post-thumbnail","6":"product_cat-oks","8":"first","9":"instock","10":"shipping-taxable","11":"product-type-simple"},"_links":{"self":[{"href":"https:\/\/yenhung.com\/index.php?rest_route=\/wp\/v2\/product\/6386","targetHints":{"allow":["GET"]}}],"collection":[{"href":"https:\/\/yenhung.com\/index.php?rest_route=\/wp\/v2\/product"}],"about":[{"href":"https:\/\/yenhung.com\/index.php?rest_route=\/wp\/v2\/types\/product"}],"replies":[{"embeddable":true,"href":"https:\/\/yenhung.com\/index.php?rest_route=%2Fwp%2Fv2%2Fcomments&post=6386"}],"wp:featuredmedia":[{"embeddable":true,"href":"https:\/\/yenhung.com\/index.php?rest_route=\/wp\/v2\/media\/6387"}],"wp:attachment":[{"href":"https:\/\/yenhung.com\/index.php?rest_route=%2Fwp%2Fv2%2Fmedia&parent=6386"}],"wp:term":[{"taxonomy":"product_brand","embeddable":true,"href":"https:\/\/yenhung.com\/index.php?rest_route=%2Fwp%2Fv2%2Fproduct_brand&post=6386"},{"taxonomy":"product_cat","embeddable":true,"href":"https:\/\/yenhung.com\/index.php?rest_route=%2Fwp%2Fv2%2Fproduct_cat&post=6386"},{"taxonomy":"product_tag","embeddable":true,"href":"https:\/\/yenhung.com\/index.php?rest_route=%2Fwp%2Fv2%2Fproduct_tag&post=6386"}],"curies":[{"name":"wp","href":"https:\/\/api.w.org\/{rel}","templated":true}]}}