{"id":6392,"date":"2025-11-10T07:13:59","date_gmt":"2025-11-10T07:13:59","guid":{"rendered":"https:\/\/yenhung.com\/?product=oks-479-5kg-high-temperature-grease-for-food-processing"},"modified":"2026-02-11T06:57:25","modified_gmt":"2026-02-11T06:57:25","slug":"oks-479-5kg-high-temperature-grease-for-food-processing","status":"publish","type":"product","link":"https:\/\/yenhung.com\/?product=oks-479-5kg-high-temperature-grease-for-food-processing","title":{"rendered":"Oks 479, 5kg, high-temperature grease for food processing"},"content":{"rendered":"<div class=\"ba-text-fpt\">\n<h2><strong>L\u0129nh v\u1ef1c \u1ee9ng d\u1ee5ng OKS 479 \u2013 M\u1ee1 nhi\u1ec7t \u0111\u1ed9 cao cho c\u00f4ng ngh\u1ec7 ch\u1ebf bi\u1ebfn th\u1ef1c ph\u1ea9m<\/strong><\/h2>\n<p><strong><img decoding=\"async\" title=\"oks-749-2-jpeg-1\" src=\"https:\/\/yenhung.com\/wp-content\/uploads\/2025\/11\/oks-749-2-jpeg-1.jpg\" alt=\"OKS 479, 5KG, High-temperature grease for food processing\" data-thumb=\"large\" \/><\/strong><\/p>\n<blockquote><p>B\u00f4i tr\u01a1n \u1ed5 l\u0103n v\u00e0 \u1ed5 ma s\u00e1t, kh\u1edbp n\u1ed1i, \u1ed5 tr\u1ee5c th\u1eb3ng, thanh d\u1eabn<\/p>\n<p>\u0110\u1ec3 b\u00f4i tr\u01a1n c\u00e1c ph\u1ee5 ki\u1ec7n, con d\u1ea5u, c\u00e1c b\u1ed9 ph\u1eadn \u0111\u00fac v\u00e0 c\u00e1c ph\u1ea7n t\u1eed b\u1eb1ng v\u1eadt li\u1ec7u cao su \u0111\u00e0n h\u1ed3i trong ph\u00e2n kh\u00fac n\u01b0\u1edbc n\u00f3ng v\u00e0 l\u1ea1nh<\/p><\/blockquote>\n<h2><strong>\u01afu \u0111i\u1ec3m v\u00e0 l\u1ee3i \u00edch OKS 479 \u2013 M\u1ee1 nhi\u1ec7t \u0111\u1ed9 cao cho c\u00f4ng ngh\u1ec7 ch\u1ebf bi\u1ebfn th\u1ef1c ph\u1ea9m<\/strong><\/h2>\n<p><strong><img decoding=\"async\" title=\"oks-749-1-jpeg-1\" src=\"https:\/\/yenhung.com\/wp-content\/uploads\/2025\/11\/oks-749-1-jpeg-1.jpg\" alt=\"OKS 479, 5KG, High-temperature grease for food processing\" data-thumb=\"large\" \/><\/strong><\/p>\n<p>NSF H1 \u0111\u00e3 \u0111\u0103ng k\u00fd<\/p>\n<p>C\u00f3 th\u1ec3 \u0111\u01b0\u1ee3c s\u1eed d\u1ee5ng ph\u1ed5 bi\u1ebfn do \u0111\u1eb7c t\u00ednh nhi\u1ec7t \u0111\u1ed9 cao t\u1ed1t, hi\u1ec7u qu\u1ea3 b\u00f4i tr\u01a1n l\u00e2u d\u00e0i v\u00e0 \u0111\u1ed9 b\u1ec1n k\u1ebft d\u00ednh t\u1ed1t tr\u00ean b\u1ec1 m\u1eb7t kim lo\u1ea1i<\/p>\n<p>Ch\u1ecbu \u0111\u01b0\u1ee3c n\u01b0\u1edbc n\u00f3ng v\u00e0 l\u1ea1nh, h\u01a1i n\u01b0\u1edbc, ch\u1ea5t kh\u1eed tr\u00f9ng v\u00e0 ch\u1ea5t t\u1ea9y r\u1eeda c\u00f3 t\u00ednh ki\u1ec1m v\u00e0 axit trong n\u01b0\u1edbc<\/p>\n<p>Kh\u1ea3 n\u0103ng ch\u1ed1ng oxy h\u00f3a v\u00e0 l\u00e3o h\u00f3a cao<\/p>\n<h2><strong>Th\u00f4ng s\u1ed1 k\u1ef9 thu\u00e2\u0323t<\/strong><\/h2>\n<p>Nhi\u1ec7t \u0111\u1ed9 ho\u1ea1t \u0111\u1ed9ng: -35 \u00b0 C \u2192 +120 \u00b0 C (trong th\u1eddi gian ng\u1eafn +160 \u00b0 C)<\/p>\n<p>NLGI l\u1edbp: 1<\/p>\n<p>H\u1ec7 s\u1ed1 DN (dm x n): 500.000 mm \/ ph\u00fat<\/p>\n<p>\u0110\u1ed9 nh\u1edbt c\u1ee7a d\u1ea7u g\u1ed1c (40 \u00b0 C): 360 mm\u00b2 \/ s<\/p>\n<h2><strong>C\u00e1c \u1ee9ng d\u1ee5ng<\/strong><\/h2>\n<p><strong><img decoding=\"async\" title=\"oks-749-jpeg-2\" src=\"https:\/\/yenhung.com\/wp-content\/uploads\/2025\/11\/oks-749-jpeg-2.jpg\" alt=\"OKS 479, 5KG, High-temperature grease for food processing\" data-thumb=\"large\" \/><\/strong><\/p>\n<p>L\u00e0m s\u1ea1ch c\u00e1c \u0111i\u1ec3m b\u00f4i tr\u01a1n \u0111\u1ec3 \u0111\u1ea1t hi\u1ec7u qu\u1ea3 t\u1ed1i \u01b0u.<\/p>\n<p>Tr\u01b0\u1edbc khi tr\u00e1m l\u1ea7n \u0111\u1ea7u ti\u00ean, lo\u1ea1i b\u1ecf ch\u1ea5t ch\u1ed1ng \u0103n m\u00f2n. L\u1ea5p \u0111\u1ea7y \u1ed5 tr\u1ee5c sao cho t\u1ea5t c\u1ea3 c\u00e1c b\u1ec1 m\u1eb7t ch\u1ee9c n\u0103ng ch\u1eafc ch\u1eafn \u0111\u01b0\u1ee3c b\u00f4i tr\u01a1n.<\/p>\n<p>\u0110\u1ed5 \u0111\u1ea7y c\u00e1c \u1ed5 tr\u1ee5c th\u00f4ng th\u01b0\u1eddng l\u00ean \u0111\u1ebfn kho\u1ea3ng 1\/3 kh\u00f4ng gian tr\u1ed1ng b\u00ean trong \u1ed5 tr\u1ee5c. V\u00f2ng bi t\u1ed1c \u0111\u1ed9 th\u1ea5p (gi\u00e1 tr\u1ecb DN d\u01b0\u1edbi 50.000) v\u00e0 v\u1ecf c\u1ee7a ch\u00fang n\u00ean \u0111\u01b0\u1ee3c l\u1ea5p \u0111\u1ea7y ho\u00e0n to\u00e0n.<\/p>\n<p>Trong ch\u1eebng m\u1ef1c c\u00f3 th\u1ec3, ph\u1ea3i tu\u00e2n theo h\u01b0\u1edbng d\u1eabn c\u1ee7a nh\u00e0 s\u1ea3n xu\u1ea5t \u1ed5 tr\u1ee5c v\u00e0 m\u00e1y.<\/p>\n<p>B\u00f4i tr\u01a1n ti\u1ebfp theo t\u1ea1i c\u00e1c n\u00fam b\u00f4i tr\u01a1n b\u1eb1ng s\u00fang b\u1eafn m\u1ee1 ho\u1eb7c b\u1eb1ng h\u1ec7 th\u1ed1ng b\u00f4i tr\u01a1n t\u1ef1 \u0111\u1ed9ng. \u0110\u00e1nh gi\u00e1 t\u1ea7n su\u1ea5t v\u00e0 s\u1ed1 l\u01b0\u1ee3ng b\u00f4i tr\u01a1n tr\u00ean c\u01a1 s\u1edf c\u00e1c \u0111i\u1ec1u ki\u1ec7n b\u1ea3o d\u01b0\u1ee1ng.<\/p>\n<p>N\u1ebfu kh\u00f4ng th\u1ec3 lo\u1ea1i b\u1ecf d\u1ea7u m\u1ee1 c\u0169, h\u00e3y h\u1ea1n ch\u1ebf l\u01b0\u1ee3ng d\u1ea7u m\u1ee1 \u0111\u1ec3 tr\u00e1nh b\u00f4i tr\u01a1n \u1ed5 tr\u1ee5c qu\u00e1 m\u1ee9c. N\u1ebfu t\u1ea7n su\u1ea5t b\u00f4i tr\u01a1n c\u00f3 xu h\u01b0\u1edbng th\u1ea5p, b\u1ea1n n\u00ean thay nh\u1edbt \u0111\u1ea7y \u0111\u1ee7. Th\u1eadn tr\u1ecdng: Ch\u1ec9 tr\u1ed9n v\u1edbi ch\u1ea5t b\u00f4i tr\u01a1n ph\u00f9 h\u1ee3p.<\/p>\n<p>B\u00f4i tr\u01a1n<\/p>\n<p>C\u00e1c ng\u00e0nh ngh\u1ec1<\/p>\n<p>B\u1ea5t k\u1ec3 b\u1ea1n \u0111\u1ebfn t\u1eeb ng\u00e0nh n\u00e0o, ch\u00fang t\u00f4i t\u1ea1i OKS \u0111\u1ec1u c\u00f3 gi\u1ea3i ph\u00e1p ph\u00f9 h\u1ee3p cho b\u1ea1n.<\/p>\n<p>Thi\u1ebft b\u1ecb ph\u1ee5c v\u1ee5 \u0103n u\u1ed1ng v\u00e0 c\u00f4ng ngh\u1ec7 ch\u1ebf bi\u1ebfn th\u1ef1c ph\u1ea9m<\/p>\n<p>C\u00f4ng nghi\u1ec7p h\u00f3a ch\u1ea5t<\/p>\n<p>C\u00f4ng nghi\u1ec7p gi\u1ea5y v\u00e0 bao b\u00ec<\/p>\n<p>C\u00f4ng nghi\u1ec7p th\u1ee7y tinh v\u00e0 \u0111\u00fac<\/p>\n<p>K\u1ef9 thu\u1eadt nh\u00e0 m\u00e1y v\u00e0 m\u00e1y (c\u00f4ng c\u1ee5)<\/p>\n<p>Ng\u00e0nh s\u1eaft th\u00e9p<\/p>\n<p>D\u1ecbch v\u1ee5 th\u00e0nh ph\u1ed1<\/p>\n<p>&nbsp;<\/p>\n<\/div>\n","protected":false},"excerpt":{"rendered":"<p><strong>T\u00ean sa\u0309n ph\u00e2\u0309m:OKS 479\u00a0<\/strong><\/p>\n<p><strong>Li\u00ean h\u1ec7:<\/strong> 0397.433.258<\/p>\n","protected":false},"featured_media":6393,"comment_status":"closed","ping_status":"closed","template":"","meta":[],"product_brand":[],"product_cat":[154],"product_tag":[],"class_list":{"0":"post-6392","1":"product","2":"type-product","3":"status-publish","4":"has-post-thumbnail","6":"product_cat-oks","8":"first","9":"instock","10":"shipping-taxable","11":"product-type-simple"},"_links":{"self":[{"href":"https:\/\/yenhung.com\/index.php?rest_route=\/wp\/v2\/product\/6392","targetHints":{"allow":["GET"]}}],"collection":[{"href":"https:\/\/yenhung.com\/index.php?rest_route=\/wp\/v2\/product"}],"about":[{"href":"https:\/\/yenhung.com\/index.php?rest_route=\/wp\/v2\/types\/product"}],"replies":[{"embeddable":true,"href":"https:\/\/yenhung.com\/index.php?rest_route=%2Fwp%2Fv2%2Fcomments&post=6392"}],"wp:featuredmedia":[{"embeddable":true,"href":"https:\/\/yenhung.com\/index.php?rest_route=\/wp\/v2\/media\/6393"}],"wp:attachment":[{"href":"https:\/\/yenhung.com\/index.php?rest_route=%2Fwp%2Fv2%2Fmedia&parent=6392"}],"wp:term":[{"taxonomy":"product_brand","embeddable":true,"href":"https:\/\/yenhung.com\/index.php?rest_route=%2Fwp%2Fv2%2Fproduct_brand&post=6392"},{"taxonomy":"product_cat","embeddable":true,"href":"https:\/\/yenhung.com\/index.php?rest_route=%2Fwp%2Fv2%2Fproduct_cat&post=6392"},{"taxonomy":"product_tag","embeddable":true,"href":"https:\/\/yenhung.com\/index.php?rest_route=%2Fwp%2Fv2%2Fproduct_tag&post=6392"}],"curies":[{"name":"wp","href":"https:\/\/api.w.org\/{rel}","templated":true}]}}