{"id":6408,"date":"2025-11-10T07:14:14","date_gmt":"2025-11-10T07:14:14","guid":{"rendered":"https:\/\/yenhung.com\/?product=chat-lam-sach-oks-2611-500ml-universal-cleaner"},"modified":"2026-02-11T06:55:54","modified_gmt":"2026-02-11T06:55:54","slug":"chat-lam-sach-oks-2611-500ml-universal-cleaner","status":"publish","type":"product","link":"https:\/\/yenhung.com\/?product=chat-lam-sach-oks-2611-500ml-universal-cleaner","title":{"rendered":"Ch\u1ea5t l\u00e0m s\u1ea1ch &#8211; oks 2611, 500ml, universal cleaner"},"content":{"rendered":"<div class=\"ba-text-fpt\">\n<h2><strong>Ch\u1ea5t l\u00e0m s\u1ea1ch &#8211; oks 2611, 500ml, universal cleaner<\/strong><\/h2>\n<p><img decoding=\"async\" title=\"oks2611-a-1753433369676-1\" src=\"https:\/\/yenhung.com\/wp-content\/uploads\/2025\/11\/oks2611-a-1753433369676-1.jpg\" alt=\"OKS 2611\u00a0\" data-thumb=\"large\" \/><\/p>\n<p>T\u1ea9y d\u1ea7u m\u1ee1 tr\u00ean t\u1ea5t c\u1ea3 c\u00e1c b\u1ec1 m\u1eb7t v\u00e0 c\u00e1c b\u1ed9 ph\u1eadn c\u1ee7a v\u1eadt li\u1ec7u kh\u00f4ng th\u1ea5m n\u01b0\u1edbc, v\u00ed d\u1ee5: kim lo\u1ea1i, g\u1ed1m ho\u1eb7c nh\u1ef1a v\u00e0 ch\u1ea5t \u0111\u00e0n h\u1ed3i<br \/>\nL\u00e0m s\u1ea1ch b\u1ec1 m\u1eb7t k\u1ebft d\u00ednh cho l\u1edbp ph\u1ee7, s\u01a1n ho\u1eb7c ch\u1ea5t k\u1ebft d\u00ednh v\u00e0 ch\u1ea5t tr\u00e1m tr\u00e9t<br \/>\nL\u00e0m s\u1ea1ch c\u00e1c b\u1ec1 m\u1eb7t ma s\u00e1t m\u00e0 tr\u00ean \u0111\u00f3 l\u1ef1c ma s\u00e1t cao \u0111\u01b0\u1ee3c truy\u1ec1n \u0111i nh\u01b0 b\u1ed9 ly h\u1ee3p v\u00e0 l\u00f3t phanh (ch\u1ea5t t\u1ea9y r\u1eeda phanh)<br \/>\nLo\u1ea1i b\u1ecf c\u1eb7n d\u1ea7u m\u1ee1 l\u00e2u n\u0103m v\u00e0 d\u1ebbo, c\u1eb7n c\u1ee7a d\u1ea7u phanh v\u00e0 silicon, c\u0169ng nh\u01b0 c\u1eb7n c\u1ee7a c\u00e1c l\u1edbp ph\u1ee7 \u0111\u01a1n gi\u1ea3n, ch\u1ea5t k\u1ebft d\u00ednh v\u00e0 ch\u1ea5t l\u00e0m k\u00edn<\/p>\n<h2><strong>\u01afu \u0111i\u1ec3m v\u00e0 l\u1ee3i \u00edch<\/strong><\/h2>\n<p><img decoding=\"async\" title=\"oks2611-b-1753433368491-1\" src=\"https:\/\/yenhung.com\/wp-content\/uploads\/2025\/11\/oks2611-b-1753433368491-1.jpg\" alt=\"OKS 2611\u00a0\" data-thumb=\"large\" \/><\/p>\n<p>Ch\u1ea5t t\u1ea9y r\u1eeda ho\u1ea1t \u0111\u1ed9ng hi\u1ec7n \u0111\u1ea1i tr\u00ean c\u01a1 s\u1edf h\u1ed7n h\u1ee3p dung m\u00f4i<br \/>\nHi\u1ec7u qu\u1ea3 cao do t\u00edch c\u1ef1c l\u00e0m s\u1ea1ch c\u00e1c ch\u1ea5t<br \/>\nKh\u1ea3 n\u0103ng h\u00f2a tan c\u1eb7n b\u1ea9n ban \u0111\u1ea7u t\u1ed1t h\u01a1n so v\u1edbi khi r\u1eeda phanh nh\u1edd th\u1eddi gian ng\u00e2m n\u01b0\u1edbc l\u00e2u h\u01a1n<br \/>\nKh\u00f4ng h\u00ecnh th\u00e0nh n\u01b0\u1edbc ng\u01b0ng t\u1ee5 tr\u00ean b\u1ec1 m\u1eb7t v\u1eadt li\u1ec7u<br \/>\nOKS 2610 ph\u00f9 h\u1ee3p \u0111\u1ec3 s\u1eed d\u1ee5ng v\u1edbi h\u1ec7 th\u1ed1ng OKS Airspray<br \/>\nTh\u00f4ng s\u1ed1 k\u1ef9 thu\u00e2\u0323t<br \/>\nM\u1eadt \u0111\u1ed9: (20 \u00b0 C): 0,75 g \/ ml<br \/>\n\u0110\u1ed9 nh\u1edbt (40 \u00b0 C):<\/p>\n<h2><strong>C\u00e1c \u1ee9ng d\u1ee5ng<\/strong><\/h2>\n<p><img decoding=\"async\" title=\"oks2611-c-1753433367345-2\" src=\"https:\/\/yenhung.com\/wp-content\/uploads\/2025\/11\/oks2611-c-1753433367345-2.jpg\" alt=\"OKS 2611\u00a0\" data-thumb=\"large\" \/><\/p>\n<p>L\u00e0m \u01b0\u1edbt b\u1ec1 m\u1eb7t c\u1ea7n l\u00e0m s\u1ea1ch \u0111\u1ebfn m\u1ee9c d\u01b0 th\u1eeba.<\/p>\n<p>Vi\u1ec7c l\u00e0m s\u1ea1ch th\u1eadm ch\u00ed c\u00f2n hi\u1ec7u qu\u1ea3 h\u01a1n n\u1ebfu b\u1ea1n \u0111\u1ed3ng th\u1eddi ch\u00e0 x\u00e1t b\u1ec1 m\u1eb7t b\u1eb1ng gi\u1ea5y ho\u1eb7c v\u1ea3i xenlulo. N\u1ebfu c\u1ea7n, h\u00e3y l\u1eb7p l\u1ea1i quy tr\u00ecnh n\u00e0y khi v\u1ebft b\u1ea9n c\u1ee9ng \u0111\u1ea7u.<\/p>\n<p>C\u00e1c b\u1ed9 ph\u1eadn nh\u1ecf c\u00f3 th\u1ec3 \u0111\u01b0\u1ee3c l\u00e0m s\u1ea1ch b\u1eb1ng c\u00e1ch s\u1eed d\u1ee5ng b\u00e0n ch\u1ea3i.<\/p>\n<p>Sau \u0111\u00f3 \u0111\u1ec3 kh\u00f4 ho\u00e0n to\u00e0n \u1edf nhi\u1ec7t \u0111\u1ed9 ph\u00f2ng.<\/p>\n<p>Ch\u1ea5m s\u1ea1ch ch\u1ea5t t\u1ea9y r\u1eeda b\u1eb1ng v\u1eadt li\u1ec7u th\u1ea5m h\u00fat v\u00e0 \u0111\u1ec3 bay h\u01a1i trong kh\u00f4ng kh\u00ed tho\u00e1ng.<\/p>\n<p>Ch\u1ec9 s\u1eed d\u1ee5ng trong ph\u00f2ng th\u00f4ng gi\u00f3 t\u1ed1t ho\u1eb7c ngo\u00e0i tr\u1eddi. M\u1ed9t s\u1ed1 lo\u1ea1i nh\u1ef1a ho\u1eb7c cao su (v\u00ed d\u1ee5 nh\u1ef1a nhi\u1ec7t d\u1ebbo nh\u01b0 PVC, th\u1ee7y tinh, polystyrene) v\u00e0 s\u01a1n c\u00f3 th\u1ec3 b\u1ecb t\u1ea5n c\u00f4ng.<\/p>\n<p>Do \u0111\u00f3, ch\u00fang t\u00f4i khuy\u00ean b\u1ea1n n\u00ean ki\u1ec3m tra \u0111i\u1ec7n tr\u1edf tr\u01b0\u1edbc khi s\u1eed d\u1ee5ng.<\/p>\n<\/div>\n","protected":false},"excerpt":{"rendered":"<p><strong>T\u00ean sa\u0309n ph\u00e2\u0309m: <\/strong>OKS 2611<\/p>\n","protected":false},"featured_media":6409,"comment_status":"closed","ping_status":"closed","template":"","meta":[],"product_brand":[],"product_cat":[154],"product_tag":[],"class_list":{"0":"post-6408","1":"product","2":"type-product","3":"status-publish","4":"has-post-thumbnail","6":"product_cat-oks","8":"first","9":"instock","10":"shipping-taxable","11":"product-type-simple"},"_links":{"self":[{"href":"https:\/\/yenhung.com\/index.php?rest_route=\/wp\/v2\/product\/6408","targetHints":{"allow":["GET"]}}],"collection":[{"href":"https:\/\/yenhung.com\/index.php?rest_route=\/wp\/v2\/product"}],"about":[{"href":"https:\/\/yenhung.com\/index.php?rest_route=\/wp\/v2\/types\/product"}],"replies":[{"embeddable":true,"href":"https:\/\/yenhung.com\/index.php?rest_route=%2Fwp%2Fv2%2Fcomments&post=6408"}],"wp:featuredmedia":[{"embeddable":true,"href":"https:\/\/yenhung.com\/index.php?rest_route=\/wp\/v2\/media\/6409"}],"wp:attachment":[{"href":"https:\/\/yenhung.com\/index.php?rest_route=%2Fwp%2Fv2%2Fmedia&parent=6408"}],"wp:term":[{"taxonomy":"product_brand","embeddable":true,"href":"https:\/\/yenhung.com\/index.php?rest_route=%2Fwp%2Fv2%2Fproduct_brand&post=6408"},{"taxonomy":"product_cat","embeddable":true,"href":"https:\/\/yenhung.com\/index.php?rest_route=%2Fwp%2Fv2%2Fproduct_cat&post=6408"},{"taxonomy":"product_tag","embeddable":true,"href":"https:\/\/yenhung.com\/index.php?rest_route=%2Fwp%2Fv2%2Fproduct_tag&post=6408"}],"curies":[{"name":"wp","href":"https:\/\/api.w.org\/{rel}","templated":true}]}}