{"id":6416,"date":"2025-11-10T07:14:25","date_gmt":"2025-11-10T07:14:25","guid":{"rendered":"https:\/\/yenhung.com\/?product=mo-oks-402-400ml-oks"},"modified":"2026-02-11T06:55:32","modified_gmt":"2026-02-11T06:55:32","slug":"mo-oks-402-400ml-oks","status":"publish","type":"product","link":"https:\/\/yenhung.com\/?product=mo-oks-402-400ml-oks","title":{"rendered":"M\u1ee1 &#8211; oks 402, 400ml, oks"},"content":{"rendered":"<div class=\"ba-text-fpt\">\n<h2><strong>M\u1ee1 &#8211; oks 402, 400ml, oks<\/strong><\/h2>\n<p><strong>L\u0129nh v\u1ef1c \u1ee9ng d\u1ee5ng OKS 402\u00a0<\/strong><\/p>\n<p><img decoding=\"async\" title=\"oks-402-1-9a6a336d-4e70-4187-aebe-b32df4e10f0b-1\" src=\"https:\/\/yenhung.com\/wp-content\/uploads\/2025\/11\/oks-402-1-9a6a336d-4e70-4187-aebe-b32df4e10f0b-1.png\" alt=\"M\u1ee1 - oks 402, 400ml, oks\" data-thumb=\"large\" \/><\/p>\n<p>B\u00f4i tr\u01a1n c\u00e1c \u1ed5 tr\u1ee5c ma s\u00e1t, l\u0103n v\u00e0 tr\u1ee5c quay, tr\u1ee5c c\u00f3 tr\u1ee5c, tr\u1ee5c xoay v\u00e0 b\u1ec1 m\u1eb7t tr\u01b0\u1ee3t c\u00e1c lo\u1ea1i d\u01b0\u1edbi t\u1ea3i tr\u1ecdng b\u00ecnh th\u01b0\u1eddng v\u00e0 t\u1ea5t c\u1ea3 c\u00e1c t\u1ed1c \u0111\u1ed9 tr\u01b0\u1ee3t ph\u1ed5 bi\u1ebfn \u0111\u1ec3 b\u00f4i tr\u01a1n b\u1eb1ng m\u1ee1<\/p>\n<p>H\u1ed7 tr\u1ee3 ni\u00eam phong v\u00f2ng bi v\u00e0 ch\u1ed1ng \u0103n m\u00f2n<\/p>\n<h2><strong>\u01afu \u0111i\u1ec3m v\u00e0 l\u1ee3i \u00edch<\/strong><\/h2>\n<p><img decoding=\"async\" title=\"oks-402-400ml-1-1\" src=\"https:\/\/yenhung.com\/wp-content\/uploads\/2025\/11\/oks-402-400ml-1-1.jpg\" alt=\"M\u1ee1 - oks 402, 400ml, oks\" data-thumb=\"large\" \/><\/p>\n<p>Hi\u1ec7u qu\u1ea3 cao do s\u1ef1 k\u1ebft h\u1ee3p t\u1ed1i \u01b0u c\u1ee7a c\u00e1c th\u00e0nh ph\u1ea7n<\/p>\n<p>Kh\u1ea3 n\u0103ng ch\u1ecbu \u00e1p l\u1ef1c v\u00e0 n\u01b0\u1edbc t\u1ed1t<\/p>\n<p>\u00cdt th\u1eddi gian ng\u1eebng ho\u1ea1t \u0111\u1ed9ng v\u00e0 s\u1eeda ch\u1eefa h\u01a1n do gi\u1ea3m m\u00e0i m\u00f2n<\/p>\n<p>Ch\u1ed1ng l\u00e3o h\u00f3a v\u00e0 oxy h\u00f3a<\/p>\n<h2><strong>Th\u00f4ng s\u1ed1 k\u1ef9 thu\u00e2\u0323t<\/strong><\/h2>\n<p>Nhi\u1ec7t \u0111\u1ed9 ho\u1ea1t \u0111\u1ed9ng: -30 \u00b0 C \u2192 +120 \u00b0 C<\/p>\n<p>NLGI l\u1edbp: 2<\/p>\n<p>H\u1ec7 s\u1ed1 DN (dm x n): 500.000 mm \/ ph\u00fat<\/p>\n<p>\u0110\u1ed9 nh\u1edbt c\u1ee7a d\u1ea7u g\u1ed1c (40 \u00b0 C): 110 mm\u00b2 \/ s<\/p>\n<p>Gi\u00e0n th\u1eed nghi\u1ec7m b\u1ed1n bi (t\u1ea3i h\u00e0n): 2.000 N<\/p>\n<h2><strong>C\u00e1c \u1ee9ng d\u1ee5ng<\/strong><\/h2>\n<p><img decoding=\"async\" src=\"https:\/\/bizweb.dktcdn.net\/thumb\/large\/100\/510\/748\/products\/oks-402-400ml-2.jpg?v=1750321672583\" alt=\"M\u1ee1 - oks 402, 400ml, oks\" data-thumb=\"large\" \/><\/p>\n<p>\u0110\u1ec3 c\u00f3 hi\u1ec7u qu\u1ea3 cao nh\u1ea5t, h\u00e3y l\u00e0m s\u1ea1ch c\u1ea9n th\u1eadn \u0111i\u1ec3m b\u00f4i tr\u01a1n, v\u00ed d\u1ee5 nh\u01b0 v\u1edbi ch\u1ea5t t\u1ea9y r\u1eeda \u0111a n\u0103ng OKS 2610 \/ OKS 2611. Tr\u01b0\u1edbc khi tr\u00e1m l\u1ea7n \u0111\u1ea7u ti\u00ean, lo\u1ea1i b\u1ecf ch\u1ea5t ch\u1ed1ng \u0103n m\u00f2n.<\/p>\n<p>L\u1ea5p \u0111\u1ea7y \u1ed5 tr\u1ee5c sao cho t\u1ea5t c\u1ea3 c\u00e1c b\u1ec1 m\u1eb7t ch\u1ee9c n\u0103ng ch\u1eafc ch\u1eafn \u0111\u01b0\u1ee3c b\u00f4i tr\u01a1n.<\/p>\n<p>\u0110\u1ed5 \u0111\u1ea7y c\u00e1c \u1ed5 tr\u1ee5c th\u00f4ng th\u01b0\u1eddng l\u00ean \u0111\u1ebfn kho\u1ea3ng 1\/3 kh\u00f4ng gian tr\u1ed1ng b\u00ean trong \u1ed5 tr\u1ee5c. V\u00f2ng bi t\u1ed1c \u0111\u1ed9 th\u1ea5p (gi\u00e1 tr\u1ecb DN<\/p>\n<p>B\u00f4i tr\u01a1n<\/p>\n<p>C\u00e1c ng\u00e0nh ngh\u1ec1<\/p>\n<p>B\u1ea5t k\u1ec3 b\u1ea1n \u0111\u1ebfn t\u1eeb ng\u00e0nh n\u00e0o, ch\u00fang t\u00f4i t\u1ea1i OKS \u0111\u1ec1u c\u00f3 gi\u1ea3i ph\u00e1p ph\u00f9 h\u1ee3p cho b\u1ea1n.<\/p>\n<p>C\u00f4ng nghi\u1ec7p gi\u1ea5y v\u00e0 bao b\u00ec<\/p>\n<p>K\u1ef9 thu\u1eadt nh\u00e0 m\u00e1y v\u00e0 m\u00e1y (c\u00f4ng c\u1ee5)<\/p>\n<p>Ch\u1ebf bi\u1ebfn cao su v\u00e0 nh\u1ef1a<\/p>\n<p>Ng\u00e0nh s\u1eaft th\u00e9p<\/p>\n<p>\u0110\u00f3ng t\u00e0u v\u00e0 c\u00f4ng ngh\u1ec7 h\u00e0ng h\u1ea3i<\/p>\n<p>Logistics<\/p>\n<p>D\u1ecbch v\u1ee5 th\u00e0nh ph\u1ed1<\/p>\n<p>C\u00f4ng nghi\u1ec7p th\u1ee7y tinh v\u00e0 \u0111\u00fac<\/p>\n<\/div>\n","protected":false},"excerpt":{"rendered":"<p><strong>T\u00ean sa\u0309n ph\u00e2\u0309m: OKS 402\u00a0<\/strong><\/p>\n<p><strong>Li\u00ean h\u1ec7:<\/strong> 0397.433.258<\/p>\n<p>&nbsp;<\/p>\n","protected":false},"featured_media":6417,"comment_status":"closed","ping_status":"closed","template":"","meta":[],"product_brand":[],"product_cat":[154],"product_tag":[],"class_list":{"0":"post-6416","1":"product","2":"type-product","3":"status-publish","4":"has-post-thumbnail","6":"product_cat-oks","8":"first","9":"instock","10":"shipping-taxable","11":"product-type-simple"},"_links":{"self":[{"href":"https:\/\/yenhung.com\/index.php?rest_route=\/wp\/v2\/product\/6416","targetHints":{"allow":["GET"]}}],"collection":[{"href":"https:\/\/yenhung.com\/index.php?rest_route=\/wp\/v2\/product"}],"about":[{"href":"https:\/\/yenhung.com\/index.php?rest_route=\/wp\/v2\/types\/product"}],"replies":[{"embeddable":true,"href":"https:\/\/yenhung.com\/index.php?rest_route=%2Fwp%2Fv2%2Fcomments&post=6416"}],"wp:featuredmedia":[{"embeddable":true,"href":"https:\/\/yenhung.com\/index.php?rest_route=\/wp\/v2\/media\/6417"}],"wp:attachment":[{"href":"https:\/\/yenhung.com\/index.php?rest_route=%2Fwp%2Fv2%2Fmedia&parent=6416"}],"wp:term":[{"taxonomy":"product_brand","embeddable":true,"href":"https:\/\/yenhung.com\/index.php?rest_route=%2Fwp%2Fv2%2Fproduct_brand&post=6416"},{"taxonomy":"product_cat","embeddable":true,"href":"https:\/\/yenhung.com\/index.php?rest_route=%2Fwp%2Fv2%2Fproduct_cat&post=6416"},{"taxonomy":"product_tag","embeddable":true,"href":"https:\/\/yenhung.com\/index.php?rest_route=%2Fwp%2Fv2%2Fproduct_tag&post=6416"}],"curies":[{"name":"wp","href":"https:\/\/api.w.org\/{rel}","templated":true}]}}