{"id":6439,"date":"2025-11-10T07:15:00","date_gmt":"2025-11-10T07:15:00","guid":{"rendered":"https:\/\/yenhung.com\/?product=dau-boi-tron-oks-340-5l-chain-protector-strongly-adhesive"},"modified":"2026-02-11T06:54:44","modified_gmt":"2026-02-11T06:54:44","slug":"dau-boi-tron-oks-340-5l-chain-protector-strongly-adhesive","status":"publish","type":"product","link":"https:\/\/yenhung.com\/?product=dau-boi-tron-oks-340-5l-chain-protector-strongly-adhesive","title":{"rendered":"D\u1ea7u b\u00f4i tr\u01a1n &#8211; oks 340, 5l, chain protector, strongly adhesive"},"content":{"rendered":"<div class=\"ba-text-fpt\">\n<h2><strong>D\u1ea7u b\u00f4i tr\u01a1n &#8211; oks 340, 5l, chain protector, strongly adhesive<\/strong><\/h2>\n<p><b>\u0110\u1eb7c \u0111i\u1ec3m n\u1ed5i b\u1eadt c\u1ee7a D\u1ea7u b\u00f4i tr\u01a1n OKS 340 (5L)<\/b><\/p>\n<p><img decoding=\"async\" title=\"oks-340-c-1752289220489-2\" src=\"https:\/\/yenhung.com\/wp-content\/uploads\/2025\/11\/oks-340-c-1752289220489-2.jpg\" alt=\"D\u1ea7u b\u00f4i tr\u01a1n - oks 340, 5l\" data-thumb=\"large\" \/><\/p>\n<p>OKS 340 l\u00e0 d\u1ea7u b\u00f4i tr\u01a1n t\u1ed5ng h\u1ee3p \u0111\u01b0\u1ee3c thi\u1ebft k\u1ebf \u0111\u1eb7c bi\u1ec7t cho c\u00e1c chi ti\u1ebft m\u00e1y trong nh\u00e0 v\u00e0 ngo\u00e0i tr\u1eddi ch\u1ecbu \u00e1p l\u1ef1c cao ho\u1eb7c \u1ea3nh h\u01b0\u1edfng \u0103n m\u00f2n, \u0111\u1eb7c bi\u1ec7t l\u00e0 c\u00e1c lo\u1ea1i x\u00edch. Nh\u1eefng \u0111\u1eb7c t\u00ednh n\u1ed5i b\u1eadt c\u1ee7a n\u00f3 bao g\u1ed3m:<\/p>\n<ul>\n<li><b>\u0110\u1ed9 b\u00e1m d\u00ednh c\u1ef1c cao:<\/b> \u0110\u00e2y l\u00e0 \u0111i\u1ec3m m\u1ea1nh nh\u1ea5t c\u1ee7a OKS 340. N\u00f3 b\u00e1m ch\u1eb7t v\u00e0o b\u1ec1 m\u1eb7t x\u00edch, ch\u1ed1ng l\u1ea1i l\u1ef1c v\u0103ng ly t\u00e2m ngay c\u1ea3 \u1edf t\u1ed1c \u0111\u1ed9 cao, gi\u00fap \u0111\u1ea3m b\u1ea3o l\u1edbp m\u00e0ng b\u00f4i tr\u01a1n lu\u00f4n hi\u1ec7n di\u1ec7n, gi\u1ea3m thi\u1ec3u hao h\u1ee5t d\u1ea7u v\u00e0 k\u00e9o d\u00e0i kho\u1ea3ng th\u1eddi gian b\u1ea3o d\u01b0\u1ee1ng.<\/li>\n<li><b>Kh\u1ea3 n\u0103ng xuy\u00ean th\u1ea5u v\u00e0 r\u00e3o v\u01b0\u1ee3t tr\u1ed9i:<\/b> D\u1ea7u c\u00f3 kh\u1ea3 n\u0103ng th\u1ea5m s\u00e2u v\u00e0o c\u00e1c khe h\u1edf nh\u1ecf v\u00e0 c\u00e1c kh\u1edbp n\u1ed1i c\u1ee7a x\u00edch, \u0111\u1ea3m b\u1ea3o b\u00f4i tr\u01a1n \u0111\u1ea7y \u0111\u1ee7 t\u1eeb b\u00ean trong, gi\u1ea3m ma s\u00e1t v\u00e0 m\u00e0i m\u00f2n.<\/li>\n<li><b>Ch\u1ed1ng m\u00e0i m\u00f2n c\u1ef1c t\u1ed1t v\u1edbi ph\u1ee5 gia Mo\u2093-Active:<\/b> OKS 340 ch\u1ee9a ph\u1ee5 gia Mo\u2093-Active \u0111\u1eb7c bi\u1ec7t (m\u1ed9t d\u1ea1ng c\u1ee7a Molypden), gi\u00fap t\u0103ng c\u01b0\u1eddng kh\u1ea3 n\u0103ng ch\u1ed1ng m\u00e0i m\u00f2n d\u01b0\u1edbi t\u1ea3i tr\u1ecdng cao v\u00e0 t\u1ea3i va \u0111\u1eadp, k\u00e9o d\u00e0i tu\u1ed5i th\u1ecd c\u1ee7a x\u00edch v\u00e0 c\u00e1c b\u1ed9 ph\u1eadn li\u00ean quan.<\/li>\n<li><b>Ch\u1ed1ng n\u01b0\u1edbc v\u00e0 dung d\u1ecbch mu\u1ed1i cao:<\/b> S\u1ea3n ph\u1ea9m c\u00f3 kh\u1ea3 n\u0103ng kh\u00e1ng n\u01b0\u1edbc l\u1ea1nh, n\u01b0\u1edbc n\u00f3ng v\u00e0 dung d\u1ecbch mu\u1ed1i r\u1ea5t t\u1ed1t, l\u00fd t\u01b0\u1edfng cho c\u00e1c \u1ee9ng d\u1ee5ng trong m\u00f4i tr\u01b0\u1eddng \u1ea9m \u01b0\u1edbt ho\u1eb7c \u0103n m\u00f2n.<\/li>\n<li><b>B\u1ea3o v\u1ec7 ch\u1ed1ng \u0103n m\u00f2n tuy\u1ec7t v\u1eddi:<\/b> T\u1ea1o l\u1edbp m\u00e0ng b\u1ea3o v\u1ec7 m\u1ea1nh m\u1ebd tr\u00ean b\u1ec1 m\u1eb7t kim lo\u1ea1i, ch\u1ed1ng l\u1ea1i s\u1ef1 h\u00ecnh th\u00e0nh g\u1ec9 s\u00e9t v\u00e0 \u0103n m\u00f2n, ngay c\u1ea3 trong \u0111i\u1ec1u ki\u1ec7n kh\u1eafc nghi\u1ec7t.<\/li>\n<li><b>Trung t\u00ednh v\u1edbi O-ring:<\/b> An to\u00e0n khi s\u1eed d\u1ee5ng v\u1edbi c\u00e1c lo\u1ea1i v\u00f2ng \u0111\u1ec7m cao su (O-ring) th\u01b0\u1eddng th\u1ea5y tr\u00ean x\u00edch, kh\u00f4ng g\u00e2y h\u01b0 h\u1ea1i hay l\u00e0m bi\u1ebfn t\u00ednh v\u1eadt li\u1ec7u.<\/li>\n<li><b>Ph\u1ea1m vi nhi\u1ec7t \u0111\u1ed9 ho\u1ea1t \u0111\u1ed9ng r\u1ed9ng:<\/b> Hi\u1ec7u qu\u1ea3 trong d\u1ea3i nhi\u1ec7t \u0111\u1ed9 t\u1eeb <b>\u221230\u2218C \u0111\u1ebfn +180\u2218C<\/b>.<\/li>\n<li><b>Kh\u00f4ng ch\u1ee9a silicone:<\/b> Kh\u00f4ng g\u00e2y \u1ea3nh h\u01b0\u1edfng \u0111\u1ebfn c\u00e1c qu\u00e1 tr\u00ecnh s\u01a1n ph\u1ee7 ho\u1eb7c x\u1eed l\u00fd b\u1ec1 m\u1eb7t sau n\u00e0y.<br \/>\n<h3><b>\u1ee8ng d\u1ee5ng c\u1ee7a D\u1ea7u b\u00f4i tr\u01a1n OKS 340 (5L)<\/b><\/h3>\n<p><img decoding=\"async\" title=\"oks-340-b-1752289221109-1\" src=\"https:\/\/yenhung.com\/wp-content\/uploads\/2025\/11\/oks-340-b-1752289221109-1.jpg\" alt=\"D\u1ea7u b\u00f4i tr\u01a1n - oks 340, 5l\" data-thumb=\"large\" \/><\/p>\n<p>V\u1edbi c\u00e1c \u0111\u1eb7c t\u00ednh v\u01b0\u1ee3t tr\u1ed9i, OKS 340 (d\u1ea1ng can 5L) l\u00e0 l\u1ef1a ch\u1ecdn l\u00fd t\u01b0\u1edfng cho c\u00e1c \u1ee9ng d\u1ee5ng c\u00f4ng nghi\u1ec7p c\u00f3 quy m\u00f4 l\u1edbn ho\u1eb7c y\u00eau c\u1ea7u b\u00f4i tr\u01a1n \u0111\u1ecbnh k\u1ef3 b\u1eb1ng c\u1ecd, h\u1ec7 th\u1ed1ng nh\u1ecf gi\u1ecdt, ng\u00e2m, ho\u1eb7c h\u1ec7 th\u1ed1ng b\u00f4i tr\u01a1n t\u1ef1 \u0111\u1ed9ng:<\/li>\n<li><b>X\u00edch truy\u1ec1n \u0111\u1ed9ng t\u1ed1c \u0111\u1ed9 cao:<\/b> Ph\u00f9 h\u1ee3p cho t\u1ea5t c\u1ea3 c\u00e1c lo\u1ea1i x\u00edch truy\u1ec1n \u0111\u1ed9ng ch\u1ea1y nhanh trong \u0111i\u1ec1u ki\u1ec7n ho\u1ea1t \u0111\u1ed9ng h\u1edf ho\u1eb7c b\u00e1n h\u1edf, kh\u00f4ng c\u00f3 h\u1ec7 th\u1ed1ng b\u00f4i tr\u01a1n t\u1ef1 \u0111\u1ed9ng li\u00ean t\u1ee5c. V\u00ed d\u1ee5: x\u00edch xe m\u00e1y, xe \u0111\u1ea1p (m\u1eb7c d\u00f9 v\u1edbi xe m\u00e1y\/xe \u0111\u1ea1p th\u01b0\u1eddng d\u00f9ng chai x\u1ecbt OKS 341 ti\u1ec7n h\u01a1n), x\u00edch c\u00f4ng nghi\u1ec7p trong nh\u00e0 m\u00e1y.<\/li>\n<li><b>X\u00edch c\u1ea9u:<\/b> X\u00edch con l\u0103n nhi\u1ec1u h\u00e0ng, x\u00edch xe n\u00e2ng h\u00e0ng (stacker truck chains).<\/li>\n<li><b>L\u01b0u \u00fd khi s\u1eed d\u1ee5ng:<\/b> \u0110\u1ec3 \u0111\u1ea1t \u0111\u01b0\u1ee3c \u0111\u1ed9 b\u00e1m d\u00ednh v\u00e0 hi\u1ec7u qu\u1ea3 t\u1ed1i \u01b0u, b\u1ea1n n\u00ean l\u00e0m s\u1ea1ch b\u1ec1 m\u1eb7t x\u00edch tr\u01b0\u1edbc khi b\u00f4i OKS 340. C\u00f3 th\u1ec3 l\u00e0m s\u1ea1ch b\u1eb1ng c\u01a1 h\u1ecdc v\u00e0 sau \u0111\u00f3 d\u00f9ng ch\u1ea5t t\u1ea9y r\u1eeda \u0111a n\u0103ng nh\u01b0 OKS 2610\/OKS 2611.<\/li>\n<li><b>X\u00edch c\u00f3 kh\u1edbp n\u1ed1i:<\/b> X\u00edch c\u00f3 li\u00ean k\u1ebft ph\u1eb3ng \u0111\u01a1n ho\u1eb7c nhi\u1ec1u li\u00ean k\u1ebft.<\/li>\n<li><b>H\u1ec7 th\u1ed1ng b\u0103ng t\u1ea3i, thang m\u00e1y:<\/b> C\u00e1c x\u00edch trong h\u1ec7 th\u1ed1ng b\u0103ng t\u1ea3i, thang m\u00e1y c\u00f4ng nghi\u1ec7p ch\u1ecbu t\u1ea3i n\u1eb7ng v\u00e0 ho\u1ea1t \u0111\u1ed9ng li\u00ean t\u1ee5c.<\/li>\n<li><b>C\u00e1c chi ti\u1ebft m\u00e1y ch\u1ecbu \u00e1p l\u1ef1c cao:<\/b> D\u00f9ng cho c\u00e1c b\u1ed9 ph\u1eadn m\u00e1y m\u00f3c kh\u00e1c trong m\u00f4i tr\u01b0\u1eddng kh\u1eafc nghi\u1ec7t c\u1ea7n b\u00f4i tr\u01a1n \u0111\u1eb7c bi\u1ec7t v\u00e0 kh\u1ea3 n\u0103ng b\u00e1m d\u00ednh m\u1ea1nh.<\/li>\n<\/ul>\n<ul>\n<li><img decoding=\"async\" title=\"oks-340-a-1752289221895-1\" src=\"https:\/\/yenhung.com\/wp-content\/uploads\/2025\/11\/oks-340-a-1752289221895-1.png\" alt=\"D\u1ea7u b\u00f4i tr\u01a1n - oks 340, 5l\" data-thumb=\"large\" \/><\/li>\n<\/ul>\n<p>&nbsp;<\/p>\n<\/div>\n","protected":false},"excerpt":{"rendered":"<p><strong>T\u00ean sa\u0309n ph\u00e2\u0309m: OKS 340<\/strong><\/p>\n<p><strong>Li\u00ean h\u1ec7:<\/strong> 0397.433.258<\/p>\n","protected":false},"featured_media":6440,"comment_status":"closed","ping_status":"closed","template":"","meta":[],"product_brand":[],"product_cat":[154],"product_tag":[],"class_list":{"0":"post-6439","1":"product","2":"type-product","3":"status-publish","4":"has-post-thumbnail","6":"product_cat-oks","8":"first","9":"instock","10":"shipping-taxable","11":"product-type-simple"},"_links":{"self":[{"href":"https:\/\/yenhung.com\/index.php?rest_route=\/wp\/v2\/product\/6439","targetHints":{"allow":["GET"]}}],"collection":[{"href":"https:\/\/yenhung.com\/index.php?rest_route=\/wp\/v2\/product"}],"about":[{"href":"https:\/\/yenhung.com\/index.php?rest_route=\/wp\/v2\/types\/product"}],"replies":[{"embeddable":true,"href":"https:\/\/yenhung.com\/index.php?rest_route=%2Fwp%2Fv2%2Fcomments&post=6439"}],"wp:featuredmedia":[{"embeddable":true,"href":"https:\/\/yenhung.com\/index.php?rest_route=\/wp\/v2\/media\/6440"}],"wp:attachment":[{"href":"https:\/\/yenhung.com\/index.php?rest_route=%2Fwp%2Fv2%2Fmedia&parent=6439"}],"wp:term":[{"taxonomy":"product_brand","embeddable":true,"href":"https:\/\/yenhung.com\/index.php?rest_route=%2Fwp%2Fv2%2Fproduct_brand&post=6439"},{"taxonomy":"product_cat","embeddable":true,"href":"https:\/\/yenhung.com\/index.php?rest_route=%2Fwp%2Fv2%2Fproduct_cat&post=6439"},{"taxonomy":"product_tag","embeddable":true,"href":"https:\/\/yenhung.com\/index.php?rest_route=%2Fwp%2Fv2%2Fproduct_tag&post=6439"}],"curies":[{"name":"wp","href":"https:\/\/api.w.org\/{rel}","templated":true}]}}