{"id":6447,"date":"2025-11-10T07:15:05","date_gmt":"2025-11-10T07:15:05","guid":{"rendered":"https:\/\/yenhung.com\/?product=mo-dac-biet-oks-451-400ml-chain-lubricant-transparent-aerosol"},"modified":"2026-02-11T06:53:37","modified_gmt":"2026-02-11T06:53:37","slug":"mo-dac-biet-oks-451-400ml-chain-lubricant-transparent-aerosol","status":"publish","type":"product","link":"https:\/\/yenhung.com\/?product=mo-dac-biet-oks-451-400ml-chain-lubricant-transparent-aerosol","title":{"rendered":"M\u1ee1 \u0111\u1eb7c bi\u1ec7t &#8211; oks 451, 400ml, chain lubricant, transparent, aerosol"},"content":{"rendered":"<div class=\"ba-text-fpt\">\n<h2><strong>M\u1ee1 \u0111\u1eb7c bi\u1ec7t &#8211; oks 451, 400ml, chain lubricant, transparent, aerosol<\/strong><\/h2>\n<p><b>OKS 451<\/b> l\u00e0 m\u1ed9t lo\u1ea1i <b>d\u1ea7u b\u00f4i tr\u01a1n t\u1ed5ng h\u1ee3p cao c\u1ea5p<\/b>, trong su\u1ed1t, \u0111\u01b0\u1ee3c thi\u1ebft k\u1ebf \u0111\u1eb7c bi\u1ec7t cho vi\u1ec7c b\u00f4i tr\u01a1n c\u00e1c lo\u1ea1i x\u00edch v\u00e0 c\u00e1c b\u1ed9 ph\u1eadn m\u00e1y m\u00f3c ch\u1ecbu t\u1ea3i tr\u1ecdng cao, ho\u1ea1t \u0111\u1ed9ng \u1edf t\u1ed1c \u0111\u1ed9 nhanh ho\u1eb7c trong m\u00f4i tr\u01b0\u1eddng kh\u1eafc nghi\u1ec7t (nh\u01b0 ngo\u00e0i tr\u1eddi, ti\u1ebfp x\u00fac v\u1edbi n\u01b0\u1edbc ho\u1eb7c h\u00f3a ch\u1ea5t).<\/p>\n<p>\u0110i\u1ec3m \u0111\u1eb7c bi\u1ec7t c\u1ee7a OKS 451 l\u00e0 kh\u1ea3 n\u0103ng <b>b\u00e1m d\u00ednh c\u1ef1c k\u1ef3 t\u1ed1t (highly adhesive)<\/b> v\u00e0 <b>th\u00e2m nh\u1eadp s\u00e2u (creep and gap penetration)<\/b>, \u0111\u1ea3m b\u1ea3o ch\u1ea5t b\u00f4i tr\u01a1n kh\u00f4ng b\u1ecb v\u0103ng ra kh\u1ecfi x\u00edch ngay c\u1ea3 khi v\u1eadn h\u00e0nh \u1edf t\u1ed1c \u0111\u1ed9 cao. S\u1ea3n ph\u1ea9m n\u00e0y c\u00f2n ch\u1ee9a <b>c\u00f4ng ngh\u1ec7 Mo\u2093-Active<\/b> gi\u00fap t\u0103ng c\u01b0\u1eddng hi\u1ec7u su\u1ea5t b\u1ea3o v\u1ec7 ch\u1ed1ng m\u00e0i m\u00f2n.<\/p>\n<h3><b>\u0110\u1eb7c \u0111i\u1ec3m n\u1ed5i b\u1eadt c\u1ee7a OKS 451<\/b><\/h3>\n<p><img decoding=\"async\" title=\"mo-dac-biet-oks-451-a-1753755812635-2\" src=\"https:\/\/yenhung.com\/wp-content\/uploads\/2025\/11\/mo-dac-biet-oks-451-a-1753755812635-2.jpg\" alt=\"M\u1ee1 \u0111\u1eb7c bi\u1ec7t - oks 451, 400ml\" data-thumb=\"large\" \/><\/p>\n<ul>\n<li><b>D\u1ea7u b\u00f4i tr\u01a1n t\u1ed5ng h\u1ee3p:<\/b> C\u00f4ng th\u1ee9c t\u1ed5ng h\u1ee3p mang l\u1ea1i hi\u1ec7u su\u1ea5t v\u01b0\u1ee3t tr\u1ed9i v\u00e0 tu\u1ed5i th\u1ecd l\u00e2u d\u00e0i.<\/li>\n<li><b>Trong su\u1ed1t:<\/b> Kh\u00f4ng \u0111\u1ec3 l\u1ea1i c\u1eb7n b\u1ea9n ho\u1eb7c v\u1ebft \u1ed1 tr\u00ean b\u1ec1 m\u1eb7t, l\u00fd t\u01b0\u1edfng cho c\u00e1c \u1ee9ng d\u1ee5ng y\u00eau c\u1ea7u s\u1ea1ch s\u1ebd.<\/li>\n<li><b>B\u00e1m d\u00ednh m\u1ea1nh m\u1ebd:<\/b> Kh\u1ea3 n\u0103ng b\u00e1m d\u00ednh c\u1ef1c t\u1ed1t gi\u00fap ch\u1ea5t b\u00f4i tr\u01a1n kh\u00f4ng b\u1ecb v\u0103ng ra kh\u1ecfi x\u00edch hay c\u00e1c b\u1ed9 ph\u1eadn chuy\u1ec3n \u0111\u1ed9ng nhanh.<\/li>\n<li><b>Th\u00e2m nh\u1eadp v\u00e0 b\u00f4i tr\u01a1n s\u00e2u:<\/b> C\u00f3 kh\u1ea3 n\u0103ng th\u00e2m nh\u1eadp v\u00e0o c\u00e1c khe h\u1edf v\u00e0 kh\u1edbp n\u1ed1i nh\u1ecf nh\u1ea5t, cung c\u1ea5p kh\u1ea3 n\u0103ng b\u00f4i tr\u01a1n to\u00e0n di\u1ec7n.<\/li>\n<li><b>Ch\u1ee9a Mo\u2093-Active:<\/b> C\u00f4ng ngh\u1ec7 n\u00e0y t\u0103ng c\u01b0\u1eddng kh\u1ea3 n\u0103ng ch\u1ed1ng m\u00e0i m\u00f2n v\u00e0 ch\u1ecbu t\u1ea3i c\u1ee7a s\u1ea3n ph\u1ea9m, k\u00e9o d\u00e0i tu\u1ed5i th\u1ecd c\u1ee7a thi\u1ebft b\u1ecb.<\/li>\n<li><b>Ch\u1ed1ng m\u00e0i m\u00f2n tuy\u1ec7t v\u1eddi:<\/b> Gi\u1ea3m ma s\u00e1t \u0111\u00e1ng k\u1ec3, b\u1ea3o v\u1ec7 c\u00e1c b\u1ed9 ph\u1eadn kh\u1ecfi hao m\u00f2n.<\/li>\n<li><b>Kh\u00e1ng n\u01b0\u1edbc v\u00e0 dung d\u1ecbch mu\u1ed1i:<\/b> Ch\u1ed1ng ch\u1ecbu r\u1ea5t t\u1ed1t v\u1edbi n\u01b0\u1edbc l\u1ea1nh, n\u01b0\u1edbc n\u00f3ng v\u00e0 c\u00e1c dung d\u1ecbch mu\u1ed1i (nh\u01b0 mu\u1ed1i \u0111\u01b0\u1eddng, n\u01b0\u1edbc mu\u1ed1i), ph\u00f9 h\u1ee3p cho m\u00f4i tr\u01b0\u1eddng \u1ea9m \u01b0\u1edbt ho\u1eb7c ven bi\u1ec3n.<\/li>\n<li><b>Ch\u1ed1ng \u0103n m\u00f2n hi\u1ec7u qu\u1ea3:<\/b> B\u1ea3o v\u1ec7 c\u00e1c b\u1ec1 m\u1eb7t kim lo\u1ea1i kh\u1ecfi g\u1ec9 s\u00e9t v\u00e0 \u0103n m\u00f2n.<\/li>\n<li><b>Ph\u1ea1m vi nhi\u1ec7t \u0111\u1ed9 ho\u1ea1t \u0111\u1ed9ng r\u1ed9ng:<\/b> Ho\u1ea1t \u0111\u1ed9ng \u1ed5n \u0111\u1ecbnh t\u1eeb <b>\u221230\u2218C \u0111\u1ebfn +200\u2218C<\/b>.<\/li>\n<li><b>Trung t\u00ednh v\u1edbi O-ring:<\/b> An to\u00e0n cho c\u00e1c v\u00f2ng \u0111\u1ec7m cao su (O-rings) v\u00e0 c\u00e1c v\u1eadt li\u1ec7u ni\u00eam phong kh\u00e1c.<\/li>\n<li><b>D\u1ea1ng x\u1ecbt ti\u1ec7n l\u1ee3i:<\/b> D\u1ec5 d\u00e0ng \u00e1p d\u1ee5ng l\u00ean c\u00e1c khu v\u1ef1c kh\u00f3 ti\u1ebfp c\u1eadn.<br \/>\n<h3><b>C\u00f4ng d\u1ee5ng v\u00e0 \u1ee9ng d\u1ee5ng ph\u1ed5 bi\u1ebfn<\/b><\/h3>\n<p><img decoding=\"async\" title=\"mo-dac-biet-oks-451-b-1753755811468-1\" src=\"https:\/\/yenhung.com\/wp-content\/uploads\/2025\/11\/mo-dac-biet-oks-451-b-1753755811468-1.jpg\" alt=\"M\u1ee1 \u0111\u1eb7c bi\u1ec7t - oks 451, 400ml\" data-thumb=\"large\" \/><\/p>\n<p>OKS 451 \u0111\u01b0\u1ee3c s\u1eed d\u1ee5ng r\u1ed9ng r\u00e3i trong nhi\u1ec1u ng\u00e0nh c\u00f4ng nghi\u1ec7p v\u00e0 \u1ee9ng d\u1ee5ng kh\u00e1c nhau:<\/li>\n<li><b>X\u00edch truy\u1ec1n \u0111\u1ed9ng v\u00e0 b\u0103ng t\u1ea3i:<\/b> B\u00f4i tr\u01a1n c\u00e1c lo\u1ea1i x\u00edch truy\u1ec1n \u0111\u1ed9ng v\u00e0 x\u00edch b\u0103ng t\u1ea3i trong ho\u1ea1t \u0111\u1ed9ng m\u1edf ho\u1eb7c b\u00e1n k\u00edn, bao g\u1ed3m x\u00edch xe m\u00e1y, xe \u0111\u1ea1p, x\u00edch xe n\u00e2ng, v\u00e0 c\u00e1c lo\u1ea1i x\u00edch b\u1ea3n l\u1ec1 ph\u1eb3ng.<\/li>\n<li><b>C\u00e1p v\u00e0 d\u00e2y k\u00e9o:<\/b> D\u00f9ng cho c\u00e1c lo\u1ea1i c\u00e1p d\u1eabn \u0111\u1ed9ng v\u00e0 d\u00e2y k\u00e9o ch\u1ecbu t\u1ea3i cao (v\u00ed d\u1ee5: d\u00e2y c\u00e1p trong c\u1ea7n c\u1ea9u, thang m\u00e1y, thang cu\u1ed1n).<\/li>\n<li><b>B\u1ed9 truy\u1ec1n \u0111\u1ed9ng linh ho\u1ea1t:<\/b> B\u00f4i tr\u01a1n c\u00e1p Bowden v\u00e0 c\u00e1p l\u00f2 xo.<\/li>\n<li><b>C\u00e1c b\u1ed9 ph\u1eadn m\u00e1y chuy\u1ec3n \u0111\u1ed9ng:<\/b> C\u00e1c b\u1ed9 ph\u1eadn m\u00e1y m\u00f3c ti\u1ebfp x\u00fac v\u1edbi th\u1eddi ti\u1ebft ngo\u00e0i tr\u1eddi ho\u1eb7c nhi\u1ec7t \u0111\u1ed9 kh\u1eafc nghi\u1ec7t nh\u01b0 b\u00e1nh r\u0103ng h\u1edf, thanh d\u1eabn h\u01b0\u1edbng, c\u01a1 c\u1ea5u \u0111\u00f3ng, b\u1ea3n l\u1ec1, ho\u1eb7c c\u00e1c b\u1ec1 m\u1eb7t tr\u01b0\u1ee3t.<\/li>\n<li><b>Ng\u00e0nh c\u00f4ng nghi\u1ec7p:<\/b> Ch\u1ebf bi\u1ebfn cao su v\u00e0 nh\u1ef1a, s\u1ea3n xu\u1ea5t m\u00e1y m\u00f3c, c\u00f4ng nghi\u1ec7p h\u00f3a ch\u1ea5t, gi\u1ea5y v\u00e0 bao b\u00ec, c\u00f4ng ngh\u1ec7 \u0111\u01b0\u1eddng s\u1eaft, \u0111\u00f3ng t\u00e0u, logistics, v\u00e0 c\u00e1c thi\u1ebft b\u1ecb c\u00f4ng nghi\u1ec7p n\u00f3i chung.<br \/>\n<h3><b>Th\u00f4ng s\u1ed1 k\u1ef9 thu\u1eadt ti\u00eau bi\u1ec3u<\/b><\/h3>\n<p><img decoding=\"async\" title=\"mo-dac-biet-oks-451-c-1753755810275-1\" src=\"https:\/\/yenhung.com\/wp-content\/uploads\/2025\/11\/mo-dac-biet-oks-451-c-1753755810275-1.jpg\" alt=\"M\u1ee1 \u0111\u1eb7c bi\u1ec7t - oks 451, 400ml\" data-thumb=\"large\" \/><\/li>\n<li><b>Th\u01b0\u01a1ng hi\u1ec7u:<\/b> OKS (\u0110\u1ee9c)<\/li>\n<li><b>T\u00ean s\u1ea3n ph\u1ea9m:<\/b> OKS 451 &#8211; Chain and Adhesive Lubricant, Transparent, Spray<\/li>\n<li><b>M\u00e0u s\u1eafc:<\/b> Trong su\u1ed1t (Transparent)<\/li>\n<li><b>Lo\u1ea1i d\u1ea7u g\u1ed1c:<\/b> D\u1ea7u t\u1ed5ng h\u1ee3p<\/li>\n<li><b>Ch\u1ea5t l\u00e0m \u0111\u1eb7c:<\/b> Ph\u1ee5 gia b\u00e1m d\u00ednh, Mo\u2093-Active<\/li>\n<li><b>Ph\u1ea1m vi nhi\u1ec7t \u0111\u1ed9 ho\u1ea1t \u0111\u1ed9ng:<\/b> \u221230\u2218C \u0111\u1ebfn +200\u2218C<\/li>\n<li><b>\u0110\u1ed9 nh\u1edbt d\u1ea7u g\u1ed1c \u1edf 40\u2218C:<\/b> Kho\u1ea3ng 300\u00a0mm2\/s<\/li>\n<li><b>T\u1ea3i tr\u1ecdng h\u00e0n gi\u00e0n th\u1eed b\u1ed1n bi (Four-ball test rig welding load):<\/b> 2.400\u00a0N<\/li>\n<li><b>Kh\u00e1ng n\u01b0\u1edbc:<\/b> R\u1ea5t t\u1ed1t (ch\u1ed1ng n\u01b0\u1edbc l\u1ea1nh, n\u01b0\u1edbc n\u00f3ng, dung d\u1ecbch mu\u1ed1i).<\/li>\n<li><b>\u0110i\u1ec3m ch\u1edbp ch\u00e1y:<\/b> 164\u2218C (c\u1ee7a d\u1ea7u g\u1ed1c)<\/li>\n<li><b>Quy c\u00e1ch \u0111\u00f3ng g\u00f3i:<\/b> B\u00ecnh x\u1ecbt Aerosol 400ml.<\/li>\n<\/ul>\n<\/div>\n","protected":false},"excerpt":{"rendered":"<p><strong>T\u00ean sa\u0309n ph\u00e2\u0309m: OKS 451<\/strong><\/p>\n<p><strong>Li\u00ean h\u1ec7:<\/strong> 0397.433.258<\/p>\n","protected":false},"featured_media":6448,"comment_status":"closed","ping_status":"closed","template":"","meta":[],"product_brand":[],"product_cat":[154],"product_tag":[],"class_list":{"0":"post-6447","1":"product","2":"type-product","3":"status-publish","4":"has-post-thumbnail","6":"product_cat-oks","8":"first","9":"instock","10":"shipping-taxable","11":"product-type-simple"},"_links":{"self":[{"href":"https:\/\/yenhung.com\/index.php?rest_route=\/wp\/v2\/product\/6447","targetHints":{"allow":["GET"]}}],"collection":[{"href":"https:\/\/yenhung.com\/index.php?rest_route=\/wp\/v2\/product"}],"about":[{"href":"https:\/\/yenhung.com\/index.php?rest_route=\/wp\/v2\/types\/product"}],"replies":[{"embeddable":true,"href":"https:\/\/yenhung.com\/index.php?rest_route=%2Fwp%2Fv2%2Fcomments&post=6447"}],"wp:featuredmedia":[{"embeddable":true,"href":"https:\/\/yenhung.com\/index.php?rest_route=\/wp\/v2\/media\/6448"}],"wp:attachment":[{"href":"https:\/\/yenhung.com\/index.php?rest_route=%2Fwp%2Fv2%2Fmedia&parent=6447"}],"wp:term":[{"taxonomy":"product_brand","embeddable":true,"href":"https:\/\/yenhung.com\/index.php?rest_route=%2Fwp%2Fv2%2Fproduct_brand&post=6447"},{"taxonomy":"product_cat","embeddable":true,"href":"https:\/\/yenhung.com\/index.php?rest_route=%2Fwp%2Fv2%2Fproduct_cat&post=6447"},{"taxonomy":"product_tag","embeddable":true,"href":"https:\/\/yenhung.com\/index.php?rest_route=%2Fwp%2Fv2%2Fproduct_tag&post=6447"}],"curies":[{"name":"wp","href":"https:\/\/api.w.org\/{rel}","templated":true}]}}