{"id":6455,"date":"2025-11-10T07:15:12","date_gmt":"2025-11-10T07:15:12","guid":{"rendered":"https:\/\/yenhung.com\/?product=dau-boi-tron-oks-3751-adhersive-lubricant-with-ptfe-400ml"},"modified":"2026-02-11T06:52:58","modified_gmt":"2026-02-11T06:52:58","slug":"dau-boi-tron-oks-3751-adhersive-lubricant-with-ptfe-400ml","status":"publish","type":"product","link":"https:\/\/yenhung.com\/?product=dau-boi-tron-oks-3751-adhersive-lubricant-with-ptfe-400ml","title":{"rendered":"D\u1ea7u b\u00f4i tr\u01a1n &#8211; oks 3751, adhersive lubricant with ptfe, 400ml"},"content":{"rendered":"<div class=\"ba-text-fpt\">\n<h1><strong>M\u00f4 t\u1ea3 OKS 3751\u00a0\u2013 Ch\u1ea5t b\u00f4i tr\u01a1n k\u1ebft d\u00ednh v\u1edbi PTFE, D\u1ea1ng x\u1ecbt<\/strong><\/h1>\n<p><img decoding=\"async\" title=\"oks-3751-c-1753502257770-2\" src=\"https:\/\/yenhung.com\/wp-content\/uploads\/2025\/11\/oks-3751-c-1753502257770-2.jpg\" alt=\"OKS 3751\" data-thumb=\"large\" \/><\/p>\n<h2><strong>L\u0129nh v\u1ef1c \u1ee9ng d\u1ee5ng<\/strong><\/h2>\n<p><img decoding=\"async\" title=\"oks-3751-b-1753502258942-1\" src=\"https:\/\/yenhung.com\/wp-content\/uploads\/2025\/11\/oks-3751-b-1753502258942-1.jpg\" alt=\"OKS 3751\" data-thumb=\"large\" \/><\/p>\n<ul>\n<li>\u0110\u1ec3 b\u00f4i tr\u01a1n c\u00e1c b\u1ed9 ph\u1eadn c\u1ee7a m\u00e1y ch\u1ecbu t\u1ea3i tr\u1ecdng cao (c\u0169ng nh\u01b0 ch\u1ecbu \u1ea3nh h\u01b0\u1edfng c\u1ee7a n\u01b0\u1edbc)<\/li>\n<li>B\u00f4i tr\u01a1n x\u00edch, kh\u1edbp v\u00e0 thanh d\u1eabn<\/li>\n<li>B\u00f4i tr\u01a1n \u1ed5 l\u0103n v\u00e0 \u1ed5 tr\u1ee5c ma s\u00e1t<\/li>\n<li>B\u00f4i tr\u01a1n b\u00e1nh r\u0103ng, ph\u1ee5 ki\u1ec7n, b\u1ea3n l\u1ec1 v\u00e0 kh\u00f3a<\/li>\n<li>\u01afu \u0111i\u1ec3m v\u00e0 l\u1ee3i \u00edch<\/li>\n<li>NSF H1 \u0111\u00e3 \u0111\u0103ng k\u00fd<\/li>\n<li>Kh\u00f4ng c\u00f3 MOSH \/ MOAH<\/li>\n<li>C\u00e1c ch\u1ea5t ph\u1ee5 gia t\u1ed1i \u01b0u cho ph\u00e9p ch\u1ed1ng oxy h\u00f3a v\u00e0 l\u00e3o h\u00f3a t\u1ed1t \u0111\u1ec3 ho\u1ea1t \u0111\u1ed9ng l\u00e2u d\u00e0i v\u00e0 b\u1ec1n b\u1ec9<\/li>\n<li>Ch\u1ecbu \u0111\u01b0\u1ee3c n\u01b0\u1edbc l\u1ea1nh v\u00e0 n\u01b0\u1edbc n\u00f3ng, h\u01a1i n\u01b0\u1edbc v\u00e0 c\u00e1c ch\u1ea5t kh\u1eed tr\u00f9ng v\u00e0 ch\u1ea5t t\u1ea9y r\u1eeda c\u00f3 t\u00ednh ki\u1ec1m v\u00e0 axit<\/li>\n<\/ul>\n<h2><strong>Th\u00f4ng s\u1ed1 k\u1ef9 thu\u00e2\u0323t<\/strong><\/h2>\n<p><img decoding=\"async\" title=\"oks-3751-a-1753502260190-1\" src=\"https:\/\/yenhung.com\/wp-content\/uploads\/2025\/11\/oks-3751-a-1753502260190-1.jpg\" alt=\"OKS 3751\" data-thumb=\"large\" \/><\/p>\n<p>Nhi\u1ec7t \u0111\u1ed9 ho\u1ea1t \u0111\u1ed9ng: -35 \u00b0 C \u2192 +180 \u00b0 C<\/p>\n<p>M\u1eadt \u0111\u1ed9 (20 \u00b0 C): 0,85 g \/ ml<\/p>\n<p>\u0110\u1ed9 nh\u1edbt (40 \u00b0 C): 100 mm\u00b2 \/ s<\/p>\n<p>Gi\u00e0n th\u1eed nghi\u1ec7m b\u1ed1n bi (t\u1ea3i h\u00e0n): 3.000 N<\/p>\n<h2><strong>C\u00e1c \u1ee9ng d\u1ee5ng<\/strong><\/h2>\n<p>L\u00e0m s\u1ea1ch \u0111i\u1ec3m b\u00f4i tr\u01a1n \u0111\u1ec3 \u0111\u1ea1t hi\u1ec7u qu\u1ea3 t\u1ed1i \u01b0u. Phun x\u1ecbt \u0111\u1ec1u OKS 3751. L\u1eafc h\u1ed9p tr\u01b0\u1edbc khi s\u1eed d\u1ee5ng cho \u0111\u1ebfn khi c\u00f3 th\u1ec3 nghe th\u1ea5y ti\u1ebfng khu\u1ea5y. Trong ch\u1eebng m\u1ef1c c\u00f3 th\u1ec3, h\u00e3y tu\u00e2n th\u1ee7 h\u01b0\u1edbng d\u1eabn c\u1ee7a nh\u00e0 s\u1ea3n xu\u1ea5t m\u00e1y. \u0110\u00e1nh gi\u00e1 t\u1ea7n su\u1ea5t v\u00e0 s\u1ed1 l\u01b0\u1ee3ng b\u00f4i tr\u01a1n tr\u00ean c\u01a1 s\u1edf c\u00e1c \u0111i\u1ec1u ki\u1ec7n b\u1ea3o d\u01b0\u1ee1ng. Th\u1eadn tr\u1ecdng: Ch\u1ec9 tr\u1ed9n v\u1edbi ch\u1ea5t b\u00f4i tr\u01a1n ph\u00f9 h\u1ee3p.<\/p>\n<p>B\u00f4i tr\u01a1n<\/p>\n<p>C\u00e1c ng\u00e0nh ngh\u1ec1<\/p>\n<p>B\u1ea5t k\u1ec3 b\u1ea1n \u0111\u1ebfn t\u1eeb ng\u00e0nh n\u00e0o, ch\u00fang t\u00f4i t\u1ea1i OKS \u0111\u1ec1u c\u00f3 gi\u1ea3i ph\u00e1p ph\u00f9 h\u1ee3p cho b\u1ea1n.<\/p>\n<p>D\u1ecbch v\u1ee5 th\u00e0nh ph\u1ed1<\/p>\n<p>K\u1ef9 thu\u1eadt nh\u00e0 m\u00e1y v\u00e0 m\u00e1y (c\u00f4ng c\u1ee5)<\/p>\n<p>Thi\u1ebft b\u1ecb ph\u1ee5c v\u1ee5 \u0103n u\u1ed1ng v\u00e0 c\u00f4ng ngh\u1ec7 ch\u1ebf bi\u1ebfn th\u1ef1c ph\u1ea9m<\/p>\n<p>Logistics<\/p>\n<p>\u0110\u00f3ng t\u00e0u v\u00e0 c\u00f4ng ngh\u1ec7 h\u00e0ng h\u1ea3i<\/p>\n<p>C\u00f4ng nghi\u1ec7p th\u1ee7y tinh v\u00e0 \u0111\u00fac<\/p>\n<p>C\u00f4ng nghi\u1ec7p h\u00f3a ch\u1ea5t<\/p>\n<p>C\u00f4ng nghi\u1ec7p gi\u1ea5y v\u00e0 bao b\u00ec<\/p>\n<p>Ch\u1ebf bi\u1ebfn cao su v\u00e0 nh\u1ef1a<\/p>\n<\/div>\n","protected":false},"excerpt":{"rendered":"<p><strong>T\u00ean sa\u0309n ph\u00e2\u0309m: OKS 3751<\/strong><\/p>\n<p><strong>Li\u00ean h\u1ec7:<\/strong> 0397.433.258<\/p>\n","protected":false},"featured_media":6456,"comment_status":"closed","ping_status":"closed","template":"","meta":[],"product_brand":[],"product_cat":[154],"product_tag":[],"class_list":{"0":"post-6455","1":"product","2":"type-product","3":"status-publish","4":"has-post-thumbnail","6":"product_cat-oks","8":"first","9":"instock","10":"shipping-taxable","11":"product-type-simple"},"_links":{"self":[{"href":"https:\/\/yenhung.com\/index.php?rest_route=\/wp\/v2\/product\/6455","targetHints":{"allow":["GET"]}}],"collection":[{"href":"https:\/\/yenhung.com\/index.php?rest_route=\/wp\/v2\/product"}],"about":[{"href":"https:\/\/yenhung.com\/index.php?rest_route=\/wp\/v2\/types\/product"}],"replies":[{"embeddable":true,"href":"https:\/\/yenhung.com\/index.php?rest_route=%2Fwp%2Fv2%2Fcomments&post=6455"}],"wp:featuredmedia":[{"embeddable":true,"href":"https:\/\/yenhung.com\/index.php?rest_route=\/wp\/v2\/media\/6456"}],"wp:attachment":[{"href":"https:\/\/yenhung.com\/index.php?rest_route=%2Fwp%2Fv2%2Fmedia&parent=6455"}],"wp:term":[{"taxonomy":"product_brand","embeddable":true,"href":"https:\/\/yenhung.com\/index.php?rest_route=%2Fwp%2Fv2%2Fproduct_brand&post=6455"},{"taxonomy":"product_cat","embeddable":true,"href":"https:\/\/yenhung.com\/index.php?rest_route=%2Fwp%2Fv2%2Fproduct_cat&post=6455"},{"taxonomy":"product_tag","embeddable":true,"href":"https:\/\/yenhung.com\/index.php?rest_route=%2Fwp%2Fv2%2Fproduct_tag&post=6455"}],"curies":[{"name":"wp","href":"https:\/\/api.w.org\/{rel}","templated":true}]}}