{"id":6463,"date":"2025-11-10T07:15:57","date_gmt":"2025-11-10T07:15:57","guid":{"rendered":"https:\/\/yenhung.com\/?product=mo-molykote-bg-555-1kg"},"modified":"2026-02-11T06:52:39","modified_gmt":"2026-02-11T06:52:39","slug":"mo-molykote-bg-555-1kg","status":"publish","type":"product","link":"https:\/\/yenhung.com\/?product=mo-molykote-bg-555-1kg","title":{"rendered":"M\u1ee1 Molykote BG 555 (1kg)"},"content":{"rendered":"<div class=\"ba-text-fpt\">\n<h2 style=\"text-align: justify;\"><strong>T\u1ed5ng quan s\u1ea3n ph\u1ea9m M\u1ee1 Molykote BG 555 (1kg)<\/strong><\/h2>\n<p style=\"text-align: center;\"><img decoding=\"async\" title=\"mo-molykote-bg-555-1kg-2-2\" src=\"https:\/\/yenhung.com\/wp-content\/uploads\/2025\/11\/mo-molykote-bg-555-1kg-2-2.png\" alt=\"M\u1ee1 Molykote BG 555 (1kg)\" data-thumb=\"grande\" \/><\/p>\n<table class=\"MsoTableGridLight\" style=\"border-collapse: collapse; border: solid #bfbfbf 1.0pt;\">\n<tbody>\n<tr>\n<td style=\"border: solid #bfbfbf 1.0pt; padding: 0cm 5.4pt 0cm 5.4pt;\" valign=\"top\">\n<p style=\"text-align: justify;\"><strong><span style=\"font-size: 11pt;\"><span style=\"line-height: normal;\"><span style=\"font-family: Calibri,sans-serif;\"><span style=\"font-size: 12.0pt;\"><span style=\"font-family: 'Times New Roman',serif;\"><span style=\"color: #1b1c1d;\">Thu\u1ed9c t\u00ednh<\/span><\/span><\/span><\/span><\/span><\/span><\/strong><\/p>\n<\/td>\n<td style=\"border: solid #bfbfbf 1.0pt; border-left: none; padding: 0cm 5.4pt 0cm 5.4pt;\" valign=\"top\">\n<p style=\"text-align: justify;\"><strong><span style=\"font-size: 11pt;\"><span style=\"line-height: normal;\"><span style=\"font-family: Calibri,sans-serif;\"><span style=\"font-size: 12.0pt;\"><span style=\"font-family: 'Times New Roman',serif;\"><span style=\"color: #1b1c1d;\">Chi ti\u1ebft<\/span><\/span><\/span><\/span><\/span><\/span><\/strong><\/p>\n<\/td>\n<\/tr>\n<tr>\n<td style=\"border: solid #bfbfbf 1.0pt; border-top: none; padding: 0cm 5.4pt 0cm 5.4pt;\" valign=\"top\">\n<p style=\"text-align: justify;\"><span style=\"font-size: 11pt;\"><span style=\"line-height: normal;\"><span style=\"font-family: Calibri,sans-serif;\"><b><span style=\"border: none windowtext 1.0pt; font-size: 12.0pt; padding: 0cm;\"><span style=\"font-family: 'Times New Roman',serif;\"><span style=\"color: #1b1c1d;\">Lo\u1ea1i s\u1ea3n ph\u1ea9m<\/span><\/span><\/span><\/b><\/span><\/span><\/span><\/p>\n<\/td>\n<td style=\"border-bottom: solid #bfbfbf 1.0pt; border-top: none; border-left: none; border-right: solid #bfbfbf 1.0pt; padding: 0cm 5.4pt 0cm 5.4pt;\" valign=\"top\">\n<p style=\"text-align: justify;\"><span style=\"font-size: 11pt;\"><span style=\"line-height: normal;\"><span style=\"font-family: Calibri,sans-serif;\"><span style=\"font-size: 12.0pt;\"><span style=\"font-family: 'Times New Roman',serif;\"><span style=\"color: #1b1c1d;\">M\u1ee1 b\u00f4i tr\u01a1n hi\u1ec7u su\u1ea5t cao (High-Performance Grease)<\/span><\/span><\/span><\/span><\/span><\/span><\/p>\n<\/td>\n<\/tr>\n<tr>\n<td style=\"border: solid #bfbfbf 1.0pt; border-top: none; padding: 0cm 5.4pt 0cm 5.4pt;\" valign=\"top\">\n<p style=\"text-align: justify;\"><span style=\"font-size: 11pt;\"><span style=\"line-height: normal;\"><span style=\"font-family: Calibri,sans-serif;\"><b><span style=\"border: none windowtext 1.0pt; font-size: 12.0pt; padding: 0cm;\"><span style=\"font-family: 'Times New Roman',serif;\"><span style=\"color: #1b1c1d;\">T\u00ednh n\u0103ng n\u1ed5i b\u1eadt<\/span><\/span><\/span><\/b><\/span><\/span><\/span><\/p>\n<\/td>\n<td style=\"border-bottom: solid #bfbfbf 1.0pt; border-top: none; border-left: none; border-right: solid #bfbfbf 1.0pt; padding: 0cm 5.4pt 0cm 5.4pt;\" valign=\"top\">\n<p style=\"text-align: justify;\"><span style=\"font-size: 11pt;\"><span style=\"line-height: normal;\"><span style=\"font-family: Calibri,sans-serif;\"><span style=\"border: none windowtext 1.0pt; font-size: 12.0pt; padding: 0cm;\"><span style=\"font-family: 'Times New Roman',serif;\"><span style=\"color: #1b1c1d;\">\u0110\u1ed9 \u1ed3n th\u1ea5p (Low Noise)<\/span><\/span><\/span><span style=\"font-size: 12.0pt;\"><span style=\"font-family: 'Times New Roman',serif;\"><span style=\"color: #1b1c1d;\">, Tu\u1ed5i th\u1ecd cao<\/span><\/span><\/span><\/span><\/span><\/span><\/p>\n<\/td>\n<\/tr>\n<tr>\n<td style=\"border: solid #bfbfbf 1.0pt; border-top: none; padding: 0cm 5.4pt 0cm 5.4pt;\" valign=\"top\">\n<p style=\"text-align: justify;\"><span style=\"font-size: 11pt;\"><span style=\"line-height: normal;\"><span style=\"font-family: Calibri,sans-serif;\"><b><span style=\"border: none windowtext 1.0pt; font-size: 12.0pt; padding: 0cm;\"><span style=\"font-family: 'Times New Roman',serif;\"><span style=\"color: #1b1c1d;\">D\u1ea7u g\u1ed1c<\/span><\/span><\/span><\/b><\/span><\/span><\/span><\/p>\n<\/td>\n<td style=\"border-bottom: solid #bfbfbf 1.0pt; border-top: none; border-left: none; border-right: solid #bfbfbf 1.0pt; padding: 0cm 5.4pt 0cm 5.4pt;\" valign=\"top\">\n<p style=\"text-align: justify;\"><span style=\"font-size: 11pt;\"><span style=\"line-height: normal;\"><span style=\"font-family: Calibri,sans-serif;\"><span style=\"font-size: 12.0pt;\"><span style=\"font-family: 'Times New Roman',serif;\"><span style=\"color: #1b1c1d;\">Ester (Polyol Ester &#8211; POE)<\/span><\/span><\/span><\/span><\/span><\/span><\/p>\n<\/td>\n<\/tr>\n<tr>\n<td style=\"border: solid #bfbfbf 1.0pt; border-top: none; padding: 0cm 5.4pt 0cm 5.4pt;\" valign=\"top\">\n<p style=\"text-align: justify;\"><span style=\"font-size: 11pt;\"><span style=\"line-height: normal;\"><span style=\"font-family: Calibri,sans-serif;\"><b><span style=\"border: none windowtext 1.0pt; font-size: 12.0pt; padding: 0cm;\"><span style=\"font-family: 'Times New Roman',serif;\"><span style=\"color: #1b1c1d;\">Ch\u1ea5t l\u00e0m \u0111\u1eb7c<\/span><\/span><\/span><\/b><\/span><\/span><\/span><\/p>\n<\/td>\n<td style=\"border-bottom: solid #bfbfbf 1.0pt; border-top: none; border-left: none; border-right: solid #bfbfbf 1.0pt; padding: 0cm 5.4pt 0cm 5.4pt;\" valign=\"top\">\n<p style=\"text-align: justify;\"><span style=\"font-size: 11pt;\"><span style=\"line-height: normal;\"><span style=\"font-family: Calibri,sans-serif;\"><span style=\"font-size: 12.0pt;\"><span style=\"font-family: 'Times New Roman',serif;\"><span style=\"color: #1b1c1d;\">Ph\u1ee9c h\u1ee3p Lithium (Lithium Complex)<\/span><\/span><\/span><\/span><\/span><\/span><\/p>\n<\/td>\n<\/tr>\n<tr>\n<td style=\"border: solid #bfbfbf 1.0pt; border-top: none; padding: 0cm 5.4pt 0cm 5.4pt;\" valign=\"top\">\n<p style=\"text-align: justify;\"><span style=\"font-size: 11pt;\"><span style=\"line-height: normal;\"><span style=\"font-family: Calibri,sans-serif;\"><b><span style=\"border: none windowtext 1.0pt; font-size: 12.0pt; padding: 0cm;\"><span style=\"font-family: 'Times New Roman',serif;\"><span style=\"color: #1b1c1d;\">M\u00e0u s\u1eafc<\/span><\/span><\/span><\/b><\/span><\/span><\/span><\/p>\n<\/td>\n<td style=\"border-bottom: solid #bfbfbf 1.0pt; border-top: none; border-left: none; border-right: solid #bfbfbf 1.0pt; padding: 0cm 5.4pt 0cm 5.4pt;\" valign=\"top\">\n<p style=\"text-align: justify;\"><span style=\"font-size: 11pt;\"><span style=\"line-height: normal;\"><span style=\"font-family: Calibri,sans-serif;\"><span style=\"font-size: 12.0pt;\"><span style=\"font-family: 'Times New Roman',serif;\"><span style=\"color: #1b1c1d;\">M\u00e0u r\u01a1m nh\u1ea1t (Light Straw) ho\u1eb7c Be (Beige\/Tan)<\/span><\/span><\/span><\/span><\/span><\/span><\/p>\n<\/td>\n<\/tr>\n<tr>\n<td style=\"border: solid #bfbfbf 1.0pt; border-top: none; padding: 0cm 5.4pt 0cm 5.4pt;\" valign=\"top\">\n<p style=\"text-align: justify;\"><span style=\"font-size: 11pt;\"><span style=\"line-height: normal;\"><span style=\"font-family: Calibri,sans-serif;\"><b><span style=\"border: none windowtext 1.0pt; font-size: 12.0pt; padding: 0cm;\"><span style=\"font-family: 'Times New Roman',serif;\"><span style=\"color: #1b1c1d;\">\u0110\u1ed9 s\u1ec7t NLGI<\/span><\/span><\/span><\/b><\/span><\/span><\/span><\/p>\n<\/td>\n<td style=\"border-bottom: solid #bfbfbf 1.0pt; border-top: none; border-left: none; border-right: solid #bfbfbf 1.0pt; padding: 0cm 5.4pt 0cm 5.4pt;\" valign=\"top\">\n<p style=\"text-align: justify;\"><span style=\"font-size: 11pt;\"><span style=\"line-height: normal;\"><span style=\"font-family: Calibri,sans-serif;\"><span style=\"font-size: 12.0pt;\"><span style=\"font-family: 'Times New Roman',serif;\"><span style=\"color: #1b1c1d;\">2-3<\/span><\/span><\/span><\/span><\/span><\/span><\/p>\n<\/td>\n<\/tr>\n<tr>\n<td style=\"border: solid #bfbfbf 1.0pt; border-top: none; padding: 0cm 5.4pt 0cm 5.4pt;\" valign=\"top\">\n<p style=\"text-align: justify;\"><span style=\"font-size: 11pt;\"><span style=\"line-height: normal;\"><span style=\"font-family: Calibri,sans-serif;\"><b><span style=\"border: none windowtext 1.0pt; font-size: 12.0pt; padding: 0cm;\"><span style=\"font-family: 'Times New Roman',serif;\"><span style=\"color: #1b1c1d;\">Ph\u1ea1m vi nhi\u1ec7t \u0111\u1ed9 ho\u1ea1t \u0111\u1ed9ng<\/span><\/span><\/span><\/b><\/span><\/span><\/span><\/p>\n<\/td>\n<td style=\"border-bottom: solid #bfbfbf 1.0pt; border-top: none; border-left: none; border-right: solid #bfbfbf 1.0pt; padding: 0cm 5.4pt 0cm 5.4pt;\" valign=\"top\">\n<p style=\"text-align: justify;\">\u221240\u00b0C \u0111\u1ebfn +150\u00b0C<\/p>\n<\/td>\n<\/tr>\n<tr>\n<td style=\"border: solid #bfbfbf 1.0pt; border-top: none; padding: 0cm 5.4pt 0cm 5.4pt;\" valign=\"top\">\n<p style=\"text-align: justify;\"><span style=\"font-size: 11pt;\"><span style=\"line-height: normal;\"><span style=\"font-family: Calibri,sans-serif;\"><b><span style=\"border: none windowtext 1.0pt; font-size: 12.0pt; padding: 0cm;\"><span style=\"font-family: 'Times New Roman',serif;\"><span style=\"color: #1b1c1d;\">Quy c\u00e1ch<\/span><\/span><\/span><\/b><\/span><\/span><\/span><\/p>\n<\/td>\n<td style=\"border-bottom: solid #bfbfbf 1.0pt; border-top: none; border-left: none; border-right: solid #bfbfbf 1.0pt; padding: 0cm 5.4pt 0cm 5.4pt;\" valign=\"top\">\n<p style=\"text-align: justify;\"><span style=\"font-size: 11pt;\"><span style=\"line-height: normal;\"><span style=\"font-family: Calibri,sans-serif;\"><span style=\"font-size: 12.0pt;\"><span style=\"font-family: 'Times New Roman',serif;\"><span style=\"color: #1b1c1d;\">H\u1ed9p <span style=\"border: none windowtext 1.0pt; padding: 0cm;\">1kg<\/span><\/span><\/span><\/span><\/span><\/span><\/span><\/p>\n<\/td>\n<\/tr>\n<\/tbody>\n<\/table>\n<h2 style=\"text-align: justify;\"><strong>\u0110\u1eb7c \u0111i\u1ec3m v\u00e0 L\u1ee3i \u00edch n\u1ed5i b\u1eadt\u00a0M\u1ee1 Molykote BG 555 (1kg)<\/strong><\/h2>\n<p style=\"text-align: center;\"><img decoding=\"async\" title=\"mo-molykote-bg-555-1kg-3\" src=\"https:\/\/yenhung.com\/wp-content\/uploads\/2025\/11\/mo-molykote-bg-555-1kg-3.png\" alt=\"M\u1ee1 Molykote BG 555 (1kg)\" data-thumb=\"grande\" \/><\/p>\n<ul>\n<li>\n<p style=\"text-align: justify;\"><b>Kh\u1ea3 n\u0103ng gi\u1ea3m \u1ed3n (Noise-Suppressing):<\/b> \u0110\u00e2y l\u00e0 \u0111\u1eb7c \u0111i\u1ec3m ch\u00ednh. M\u1ee1 \u0111\u01b0\u1ee3c s\u1ea3n xu\u1ea5t trong m\u00f4i tr\u01b0\u1eddng s\u1ea1ch, s\u1eed d\u1ee5ng d\u1ea7u g\u1ed1c tinh khi\u1ebft v\u00e0 ph\u1ee5 gia ch\u1ecdn l\u1ecdc \u0111\u1ec3 \u0111\u1ea3m b\u1ea3o c\u00e1c \u1ed5 bi ho\u1ea1t \u0111\u1ed9ng \u00eam \u00e1i, gi\u1ea3m thi\u1ec3u ti\u1ebfng \u1ed3n v\u00e0 rung \u0111\u1ed9ng.<\/p>\n<\/li>\n<li>\n<p style=\"text-align: justify;\"><b>Tu\u1ed5i th\u1ecd cao (Long-Performance Life):<\/b> Cung c\u1ea5p th\u1eddi gian b\u00f4i tr\u01a1n k\u00e9o d\u00e0i, \u0111\u1eb7c bi\u1ec7t \u1edf nhi\u1ec7t \u0111\u1ed9 cao, gi\u00fap k\u00e9o d\u00e0i \u0111\u00e1ng k\u1ec3 kho\u1ea3ng th\u1eddi gian thay m\u1ee1 ho\u1eb7c thay th\u1ebf \u1ed5 tr\u1ee5c.<\/p>\n<\/li>\n<li>\n<p style=\"text-align: justify;\"><b>D\u1ea3i nhi\u1ec7t \u0111\u1ed9 r\u1ed9ng:<\/b> Ho\u1ea1t \u0111\u1ed9ng \u1ed5n \u0111\u1ecbnh t\u1eeb nhi\u1ec7t \u0111\u1ed9 c\u1ef1c l\u1ea1nh (<img width=\"0\" height=\"0\" \/>) \u0111\u1ebfn nhi\u1ec7t \u0111\u1ed9 cao (<img width=\"0\" height=\"0\" \/>).<\/p>\n<\/li>\n<li>\n<p style=\"text-align: justify;\"><b>\u0110\u1eb7c t\u00ednh nhi\u1ec7t \u0111\u1ed9 th\u1ea5p tuy\u1ec7t v\u1eddi:<\/b> Gi\u00fap m\u00e1y m\u00f3c v\u00e0 motor nh\u1ecf d\u1ec5 d\u00e0ng kh\u1edfi \u0111\u1ed9ng v\u00e0 v\u1eadn h\u00e0nh tr\u01a1n tru trong \u0111i\u1ec1u ki\u1ec7n l\u1ea1nh.<\/p>\n<\/li>\n<li>\n<p style=\"text-align: justify;\"><b>Ch\u1ed1ng g\u1ec9 v\u00e0 \u0103n m\u00f2n:<\/b> \u0110\u1eb7c t\u00ednh ch\u1ed1ng g\u1ec9 \u0111\u01b0\u1ee3c t\u0103ng c\u01b0\u1eddng, b\u1ea3o v\u1ec7 c\u00e1c b\u1ed9 ph\u1eadn kim lo\u1ea1i, k\u1ec3 c\u1ea3 trong \u0111i\u1ec1u ki\u1ec7n \u1ea9m \u01b0\u1edbt ho\u1eb7c g\u1eb7p n\u01b0\u1edbc mu\u1ed1i.<\/p>\n<\/li>\n<\/ul>\n<h2 style=\"text-align: justify;\"><strong>\u1ee8ng d\u1ee5ng ti\u00eau bi\u1ec3u\u00a0M\u1ee1 Molykote BG 555 (1kg)<\/strong><\/h2>\n<p style=\"text-align: center;\"><img decoding=\"async\" title=\"mo-molykote-bg-555-1kg-1-1\" src=\"https:\/\/yenhung.com\/wp-content\/uploads\/2025\/11\/mo-molykote-bg-555-1kg-1-1.png\" alt=\"M\u1ee1 Molykote BG 555 (1kg)\" data-thumb=\"grande\" \/><\/p>\n<p style=\"text-align: justify;\">Molykote BG 555 l\u00fd t\u01b0\u1edfng cho c\u00e1c \u1ee9ng d\u1ee5ng y\u00eau c\u1ea7u \u0111\u1ed9 ch\u00ednh x\u00e1c cao, ho\u1ea1t \u0111\u1ed9ng l\u00e2u d\u00e0i v\u00e0 \u0111\u1ed9 \u1ed3n th\u1ea5p:<\/p>\n<ul>\n<li>\n<p style=\"text-align: justify;\"><b>\u1ed4 tr\u1ee5c \/ \u1ed4 bi:<\/b> \u0110\u1eb7c bi\u1ec7t l\u00e0 c\u00e1c \u1ed5 bi ho\u1ea1t \u0111\u1ed9ng \u1edf nhi\u1ec7t \u0111\u1ed9 cao trong th\u1eddi gian d\u00e0i.<\/p>\n<\/li>\n<li>\n<p style=\"text-align: justify;\"><b>\u0110\u1ed9ng c\u01a1 \u0111i\u1ec7n (Electric Motors):<\/b> Motor \u0111i\u1ec7n trong \u00f4 t\u00f4, qu\u1ea1t, m\u00e1y b\u01a1m, n\u01a1i c\u1ea7n b\u00f4i tr\u01a1n s\u1ea1ch, \u00edt ch\u1ea3y v\u00e0 kh\u00f4ng d\u1eabn \u0111i\u1ec7n (ho\u1eb7c \u00edt d\u1eabn \u0111i\u1ec7n).<\/p>\n<\/li>\n<li>\n<p style=\"text-align: justify;\"><b>Thi\u1ebft b\u1ecb gia d\u1ee5ng:<\/b> M\u00e1y m\u00f3c trong gia \u0111\u00ecnh, v\u0103n ph\u00f2ng c\u00f3 y\u00eau c\u1ea7u v\u1ec1 \u0111\u1ed9 \u1ed3n.<\/p>\n<\/li>\n<li>\n<p style=\"text-align: justify;\"><b>M\u00e1y m\u00f3c t\u1ed1c \u0111\u1ed9 cao:<\/b> C\u00e1c \u1ee9ng d\u1ee5ng v\u00f2ng bi t\u1ed1c \u0111\u1ed9 cao kh\u00e1c.<\/p>\n<\/li>\n<\/ul>\n<p style=\"text-align: justify;\"><b>L\u01b0u \u00fd:<\/b> S\u1ea3n ph\u1ea9m n\u00e0y kh\u00f4ng \u0111\u01b0\u1ee3c khuy\u1ebfn ngh\u1ecb s\u1eed d\u1ee5ng \u0111\u1ec3 b\u00f4i tr\u01a1n c\u00e1c th\u00e0nh ph\u1ea7n b\u1eb1ng nh\u1ef1a.<\/p>\n<\/div>\n","protected":false},"excerpt":{"rendered":"<p><strong>T\u00ean sa\u0309n ph\u00e2\u0309m:<\/strong> M\u1ee1 Molykote BG 555 (1kg)<br \/>\n<strong>Li\u00ean h\u1ec7:<\/strong> 0397.433.258<\/p>\n","protected":false},"featured_media":6464,"comment_status":"closed","ping_status":"closed","template":"","meta":[],"product_brand":[],"product_cat":[155],"product_tag":[],"class_list":{"0":"post-6463","1":"product","2":"type-product","3":"status-publish","4":"has-post-thumbnail","6":"product_cat-dupont","8":"first","9":"instock","10":"shipping-taxable","11":"product-type-simple"},"_links":{"self":[{"href":"https:\/\/yenhung.com\/index.php?rest_route=\/wp\/v2\/product\/6463","targetHints":{"allow":["GET"]}}],"collection":[{"href":"https:\/\/yenhung.com\/index.php?rest_route=\/wp\/v2\/product"}],"about":[{"href":"https:\/\/yenhung.com\/index.php?rest_route=\/wp\/v2\/types\/product"}],"replies":[{"embeddable":true,"href":"https:\/\/yenhung.com\/index.php?rest_route=%2Fwp%2Fv2%2Fcomments&post=6463"}],"wp:featuredmedia":[{"embeddable":true,"href":"https:\/\/yenhung.com\/index.php?rest_route=\/wp\/v2\/media\/6464"}],"wp:attachment":[{"href":"https:\/\/yenhung.com\/index.php?rest_route=%2Fwp%2Fv2%2Fmedia&parent=6463"}],"wp:term":[{"taxonomy":"product_brand","embeddable":true,"href":"https:\/\/yenhung.com\/index.php?rest_route=%2Fwp%2Fv2%2Fproduct_brand&post=6463"},{"taxonomy":"product_cat","embeddable":true,"href":"https:\/\/yenhung.com\/index.php?rest_route=%2Fwp%2Fv2%2Fproduct_cat&post=6463"},{"taxonomy":"product_tag","embeddable":true,"href":"https:\/\/yenhung.com\/index.php?rest_route=%2Fwp%2Fv2%2Fproduct_tag&post=6463"}],"curies":[{"name":"wp","href":"https:\/\/api.w.org\/{rel}","templated":true}]}}