{"id":6471,"date":"2025-11-10T07:16:04","date_gmt":"2025-11-10T07:16:04","guid":{"rendered":"https:\/\/yenhung.com\/?product=mo-molykote-d-paste-1kg"},"modified":"2026-02-11T06:51:52","modified_gmt":"2026-02-11T06:51:52","slug":"mo-molykote-d-paste-1kg","status":"publish","type":"product","link":"https:\/\/yenhung.com\/?product=mo-molykote-d-paste-1kg","title":{"rendered":"M\u1ee1 Molykote D Paste (1kg)"},"content":{"rendered":"<div class=\"ba-text-fpt\">\n<h2 style=\"text-align: justify;\"><strong>T\u1ed5ng quan s\u1ea3n ph\u1ea9m M\u1ee1 Molykote D Paste (1kg)<\/strong><\/h2>\n<p style=\"text-align: center;\"><img decoding=\"async\" title=\"mo-molykote-d-paste-1kg-3-2\" src=\"https:\/\/yenhung.com\/wp-content\/uploads\/2025\/11\/mo-molykote-d-paste-1kg-3-2.png\" alt=\"M\u1ee1 Molykote D Paste (1kg)\" data-thumb=\"grande\" \/><\/p>\n<table class=\"MsoTableGridLight\" style=\"border-collapse: collapse; border: solid #bfbfbf 1.0pt;\">\n<tbody>\n<tr>\n<td style=\"border: solid #bfbfbf 1.0pt; padding: 0cm 5.4pt 0cm 5.4pt;\" valign=\"top\">\n<p style=\"text-align: justify;\"><strong><span style=\"font-size: 11pt;\"><span style=\"line-height: normal;\"><span style=\"font-family: Calibri,sans-serif;\"><span style=\"font-size: 12.0pt;\"><span style=\"font-family: 'Times New Roman',serif;\"><span style=\"color: #1b1c1d;\">Thu\u1ed9c t\u00ednh<\/span><\/span><\/span><\/span><\/span><\/span><\/strong><\/p>\n<\/td>\n<td style=\"border: solid #bfbfbf 1.0pt; border-left: none; padding: 0cm 5.4pt 0cm 5.4pt;\" valign=\"top\">\n<p style=\"text-align: justify;\"><strong><span style=\"font-size: 11pt;\"><span style=\"line-height: normal;\"><span style=\"font-family: Calibri,sans-serif;\"><span style=\"font-size: 12.0pt;\"><span style=\"font-family: 'Times New Roman',serif;\"><span style=\"color: #1b1c1d;\">Chi ti\u1ebft<\/span><\/span><\/span><\/span><\/span><\/span><\/strong><\/p>\n<\/td>\n<\/tr>\n<tr>\n<td style=\"border: solid #bfbfbf 1.0pt; border-top: none; padding: 0cm 5.4pt 0cm 5.4pt;\" valign=\"top\">\n<p style=\"text-align: justify;\"><span style=\"font-size: 11pt;\"><span style=\"line-height: normal;\"><span style=\"font-family: Calibri,sans-serif;\"><b><span style=\"border: none windowtext 1.0pt; font-size: 12.0pt; padding: 0cm;\"><span style=\"font-family: 'Times New Roman',serif;\"><span style=\"color: #1b1c1d;\">Lo\u1ea1i s\u1ea3n ph\u1ea9m<\/span><\/span><\/span><\/b><\/span><\/span><\/span><\/p>\n<\/td>\n<td style=\"border-bottom: solid #bfbfbf 1.0pt; border-top: none; border-left: none; border-right: solid #bfbfbf 1.0pt; padding: 0cm 5.4pt 0cm 5.4pt;\" valign=\"top\">\n<p style=\"text-align: justify;\"><span style=\"font-size: 11pt;\"><span style=\"line-height: normal;\"><span style=\"font-family: Calibri,sans-serif;\"><span style=\"font-size: 12.0pt;\"><span style=\"font-family: 'Times New Roman',serif;\"><span style=\"color: #1b1c1d;\">M\u1ee1 b\u00f4i tr\u01a1n d\u1ea1ng Paste (Solid Lubricant Paste) &#8211; Ch\u1ed1ng K\u1eb9t D\u00ednh (Anti-Seize)<\/span><\/span><\/span><\/span><\/span><\/span><\/p>\n<\/td>\n<\/tr>\n<tr>\n<td style=\"border: solid #bfbfbf 1.0pt; border-top: none; padding: 0cm 5.4pt 0cm 5.4pt;\" valign=\"top\">\n<p style=\"text-align: justify;\"><span style=\"font-size: 11pt;\"><span style=\"line-height: normal;\"><span style=\"font-family: Calibri,sans-serif;\"><b><span style=\"border: none windowtext 1.0pt; font-size: 12.0pt; padding: 0cm;\"><span style=\"font-family: 'Times New Roman',serif;\"><span style=\"color: #1b1c1d;\">D\u1ea7u g\u1ed1c<\/span><\/span><\/span><\/b><\/span><\/span><\/span><\/p>\n<\/td>\n<td style=\"border-bottom: solid #bfbfbf 1.0pt; border-top: none; border-left: none; border-right: solid #bfbfbf 1.0pt; padding: 0cm 5.4pt 0cm 5.4pt;\" valign=\"top\">\n<p style=\"text-align: justify;\"><span style=\"font-size: 11pt;\"><span style=\"line-height: normal;\"><span style=\"font-family: Calibri,sans-serif;\"><span style=\"font-size: 12.0pt;\"><span style=\"font-family: 'Times New Roman',serif;\"><span style=\"color: #1b1c1d;\">D\u1ea7u kho\u00e1ng (Mineral Oil)<\/span><\/span><\/span><\/span><\/span><\/span><\/p>\n<\/td>\n<\/tr>\n<tr>\n<td style=\"border: solid #bfbfbf 1.0pt; border-top: none; padding: 0cm 5.4pt 0cm 5.4pt;\" valign=\"top\">\n<p style=\"text-align: justify;\"><span style=\"font-size: 11pt;\"><span style=\"line-height: normal;\"><span style=\"font-family: Calibri,sans-serif;\"><b><span style=\"border: none windowtext 1.0pt; font-size: 12.0pt; padding: 0cm;\"><span style=\"font-family: 'Times New Roman',serif;\"><span style=\"color: #1b1c1d;\">Ch\u1ea5t l\u00e0m \u0111\u1eb7c<\/span><\/span><\/span><\/b><\/span><\/span><\/span><\/p>\n<\/td>\n<td style=\"border-bottom: solid #bfbfbf 1.0pt; border-top: none; border-left: none; border-right: solid #bfbfbf 1.0pt; padding: 0cm 5.4pt 0cm 5.4pt;\" valign=\"top\">\n<p style=\"text-align: justify;\"><span style=\"font-size: 11pt;\"><span style=\"line-height: normal;\"><span style=\"font-family: Calibri,sans-serif;\"><span style=\"font-size: 12.0pt;\"><span style=\"font-family: 'Times New Roman',serif;\"><span style=\"color: #1b1c1d;\">X\u00e0 ph\u00f2ng Lithium \/ Ch\u1ea5t l\u00e0m \u0111\u1eb7c th\u00f4ng th\u01b0\u1eddng<\/span><\/span><\/span><\/span><\/span><\/span><\/p>\n<\/td>\n<\/tr>\n<tr>\n<td style=\"border: solid #bfbfbf 1.0pt; border-top: none; padding: 0cm 5.4pt 0cm 5.4pt;\" valign=\"top\">\n<p style=\"text-align: justify;\"><span style=\"font-size: 11pt;\"><span style=\"line-height: normal;\"><span style=\"font-family: Calibri,sans-serif;\"><b><span style=\"border: none windowtext 1.0pt; font-size: 12.0pt; padding: 0cm;\"><span style=\"font-family: 'Times New Roman',serif;\"><span style=\"color: #1b1c1d;\">Ch\u1ea5t b\u00f4i tr\u01a1n r\u1eafn<\/span><\/span><\/span><\/b><\/span><\/span><\/span><\/p>\n<\/td>\n<td style=\"border-bottom: solid #bfbfbf 1.0pt; border-top: none; border-left: none; border-right: solid #bfbfbf 1.0pt; padding: 0cm 5.4pt 0cm 5.4pt;\" valign=\"top\">\n<p style=\"text-align: justify;\"><span style=\"font-size: 11pt;\"><span style=\"line-height: normal;\"><span style=\"font-family: Calibri,sans-serif;\"><span style=\"font-size: 12.0pt;\"><span style=\"font-family: 'Times New Roman',serif;\"><span style=\"color: #1b1c1d;\">C\u00e1c h\u1ea1t r\u1eafn m\u00e0u tr\u1eafng (White Solids)<\/span><\/span><\/span><\/span><\/span><\/span><\/p>\n<\/td>\n<\/tr>\n<tr>\n<td style=\"border: solid #bfbfbf 1.0pt; border-top: none; padding: 0cm 5.4pt 0cm 5.4pt;\" valign=\"top\">\n<p style=\"text-align: justify;\"><span style=\"font-size: 11pt;\"><span style=\"line-height: normal;\"><span style=\"font-family: Calibri,sans-serif;\"><b><span style=\"border: none windowtext 1.0pt; font-size: 12.0pt; padding: 0cm;\"><span style=\"font-family: 'Times New Roman',serif;\"><span style=\"color: #1b1c1d;\">M\u00e0u s\u1eafc<\/span><\/span><\/span><\/b><\/span><\/span><\/span><\/p>\n<\/td>\n<td style=\"border-bottom: solid #bfbfbf 1.0pt; border-top: none; border-left: none; border-right: solid #bfbfbf 1.0pt; padding: 0cm 5.4pt 0cm 5.4pt;\" valign=\"top\">\n<p style=\"text-align: justify;\"><span style=\"font-size: 11pt;\"><span style=\"line-height: normal;\"><span style=\"font-family: Calibri,sans-serif;\"><b><span style=\"border: none windowtext 1.0pt; font-size: 12.0pt; padding: 0cm;\"><span style=\"font-family: 'Times New Roman',serif;\"><span style=\"color: #1b1c1d;\">Tr\u1eafng<\/span><\/span><\/span><\/b><span style=\"font-size: 12.0pt;\"><span style=\"font-family: 'Times New Roman',serif;\"><span style=\"color: #1b1c1d;\"> (Whitish)<\/span><\/span><\/span><\/span><\/span><\/span><\/p>\n<\/td>\n<\/tr>\n<tr>\n<td style=\"border: solid #bfbfbf 1.0pt; border-top: none; padding: 0cm 5.4pt 0cm 5.4pt;\" valign=\"top\">\n<p style=\"text-align: justify;\"><span style=\"font-size: 11pt;\"><span style=\"line-height: normal;\"><span style=\"font-family: Calibri,sans-serif;\"><b><span style=\"border: none windowtext 1.0pt; font-size: 12.0pt; padding: 0cm;\"><span style=\"font-family: 'Times New Roman',serif;\"><span style=\"color: #1b1c1d;\">\u0110\u1ed9 s\u1ec7t NLGI<\/span><\/span><\/span><\/b><\/span><\/span><\/span><\/p>\n<\/td>\n<td style=\"border-bottom: solid #bfbfbf 1.0pt; border-top: none; border-left: none; border-right: solid #bfbfbf 1.0pt; padding: 0cm 5.4pt 0cm 5.4pt;\" valign=\"top\">\n<p style=\"text-align: justify;\"><span style=\"font-size: 11pt;\"><span style=\"line-height: normal;\"><span style=\"font-family: Calibri,sans-serif;\"><span style=\"font-size: 12.0pt;\"><span style=\"font-family: 'Times New Roman',serif;\"><span style=\"color: #1b1c1d;\">2-3<\/span><\/span><\/span><\/span><\/span><\/span><\/p>\n<\/td>\n<\/tr>\n<tr>\n<td style=\"border: solid #bfbfbf 1.0pt; border-top: none; padding: 0cm 5.4pt 0cm 5.4pt;\" valign=\"top\">\n<p style=\"text-align: justify;\"><span style=\"font-size: 11pt;\"><span style=\"line-height: normal;\"><span style=\"font-family: Calibri,sans-serif;\"><b><span style=\"border: none windowtext 1.0pt; font-size: 12.0pt; padding: 0cm;\"><span style=\"font-family: 'Times New Roman',serif;\"><span style=\"color: #1b1c1d;\">Ph\u1ea1m vi nhi\u1ec7t \u0111\u1ed9 ho\u1ea1t \u0111\u1ed9ng<\/span><\/span><\/span><\/b><\/span><\/span><\/span><\/p>\n<\/td>\n<td style=\"border-bottom: solid #bfbfbf 1.0pt; border-top: none; border-left: none; border-right: solid #bfbfbf 1.0pt; padding: 0cm 5.4pt 0cm 5.4pt;\" valign=\"top\">\n<p style=\"text-align: justify;\">\u221225\u00b0C \u0111\u1ebfn +250\u00b0C<\/p>\n<\/td>\n<\/tr>\n<tr>\n<td style=\"border: solid #bfbfbf 1.0pt; border-top: none; padding: 0cm 5.4pt 0cm 5.4pt;\" valign=\"top\">\n<p style=\"text-align: justify;\"><span style=\"font-size: 11pt;\"><span style=\"line-height: normal;\"><span style=\"font-family: Calibri,sans-serif;\"><b><span style=\"border: none windowtext 1.0pt; font-size: 12.0pt; padding: 0cm;\"><span style=\"font-family: 'Times New Roman',serif;\"><span style=\"color: #1b1c1d;\">Quy c\u00e1ch<\/span><\/span><\/span><\/b><\/span><\/span><\/span><\/p>\n<\/td>\n<td style=\"border-bottom: solid #bfbfbf 1.0pt; border-top: none; border-left: none; border-right: solid #bfbfbf 1.0pt; padding: 0cm 5.4pt 0cm 5.4pt;\" valign=\"top\">\n<p style=\"text-align: justify;\"><span style=\"font-size: 11pt;\"><span style=\"line-height: normal;\"><span style=\"font-family: Calibri,sans-serif;\"><span style=\"font-size: 12.0pt;\"><span style=\"font-family: 'Times New Roman',serif;\"><span style=\"color: #1b1c1d;\">H\u1ed9p <span style=\"border: none windowtext 1.0pt; padding: 0cm;\">1kg<\/span><\/span><\/span><\/span><\/span><\/span><\/span><\/p>\n<\/td>\n<\/tr>\n<\/tbody>\n<\/table>\n<h2 style=\"text-align: justify;\"><strong>\u0110\u1eb7c \u0111i\u1ec3m v\u00e0 L\u1ee3i \u00edch n\u1ed5i b\u1eadt\u00a0M\u1ee1 Molykote D Paste (1kg)<\/strong><\/h2>\n<p style=\"text-align: center;\"><img decoding=\"async\" title=\"mo-molykote-d-paste-1kg-2-1\" src=\"https:\/\/yenhung.com\/wp-content\/uploads\/2025\/11\/mo-molykote-d-paste-1kg-2-1.jpg\" alt=\"M\u1ee1 Molykote D Paste (1kg)\" data-thumb=\"grande\" \/><\/p>\n<ul>\n<li>\n<p style=\"text-align: justify;\"><b>Ch\u1ecbu t\u1ea3i tr\u1ecdng cao:<\/b> C\u00f3 kh\u1ea3 n\u0103ng ch\u1ecbu t\u1ea3i \u0111\u1eb7c bi\u1ec7t cao (Load-carrying capacity), b\u1ea3o v\u1ec7 c\u00e1c b\u1ec1 m\u1eb7t kim lo\u1ea1i d\u01b0\u1edbi \u00e1p l\u1ef1c l\u1edbn.<\/p>\n<\/li>\n<li>\n<p style=\"text-align: justify;\"><b>Ch\u1ed1ng k\u1eb9t d\u00ednh (Anti-Seize) v\u00e0 K\u1eb9t r\u1ec9 (Fretting Corrosion):<\/b> Ng\u0103n ch\u1eb7n hi\u1ec7n t\u01b0\u1ee3ng tr\u01b0\u1ee3t gi\u1eadt (stick-slip) v\u00e0 k\u1eb9t d\u00ednh (seizure), t\u1ea1o \u0111i\u1ec1u ki\u1ec7n th\u00e1o l\u1eafp d\u1ec5 d\u00e0ng c\u00e1c kh\u1edbp n\u1ed1i kim lo\u1ea1i ngay c\u1ea3 sau th\u1eddi gian d\u00e0i s\u1eed d\u1ee5ng.<\/p>\n<\/li>\n<li>\n<p style=\"text-align: justify;\"><b>B\u00f4i tr\u01a1n s\u1ea1ch s\u1ebd:<\/b> M\u00e0u tr\u1eafng\/tr\u1eafng nh\u1ea1t gi\u00fap b\u00f4i tr\u01a1n nh\u1eefng n\u01a1i y\u00eau c\u1ea7u s\u1ea1ch s\u1ebd, kh\u00f4ng \u0111\u1ec3 l\u1ea1i c\u1eb7n b\u1ea9n d\u1ec5 th\u1ea5y nh\u01b0 m\u1ee1 m\u00e0u \u0111en (v\u00ed d\u1ee5: Molykote G-N Plus).<\/p>\n<\/li>\n<li>\n<p style=\"text-align: justify;\"><b>Ch\u1ed1ng \u0103n m\u00f2n:<\/b> Cung c\u1ea5p kh\u1ea3 n\u0103ng b\u1ea3o v\u1ec7 ch\u1ed1ng \u0103n m\u00f2n v\u00e0 ch\u1ed1ng k\u1eb9t r\u1ec9 (galling) r\u1ea5t t\u1ed1t.<\/p>\n<\/li>\n<li>\n<p style=\"text-align: justify;\"><b>\u1ee8ng d\u1ee5ng T\u1ed1c \u0111\u1ed9 th\u1ea5p:<\/b> \u0110\u1eb7c bi\u1ec7t hi\u1ec7u qu\u1ea3 \u1edf t\u1ed1c \u0111\u1ed9 tr\u01b0\u1ee3t th\u1ea5p v\u00e0 d\u01b0\u1edbi t\u1ea3i tr\u1ecdng n\u1eb7ng.<\/p>\n<\/li>\n<li>\n<p style=\"text-align: justify;\"><b>M\u1ee5c \u0111\u00edch l\u1eafp r\u00e1p v\u00e0 ch\u1ea1y r\u00e0 (Run-in):<\/b> Th\u01b0\u1eddng \u0111\u01b0\u1ee3c d\u00f9ng \u0111\u1ec3 b\u00f4i tr\u01a1n khi l\u1eafp r\u00e1p c\u00e1c chi ti\u1ebft m\u00e1y m\u1edbi ho\u1eb7c ch\u1ea1y r\u00e0 c\u00e1c b\u1ed9 ph\u1eadn kim lo\u1ea1i.<\/p>\n<\/li>\n<\/ul>\n<h2 style=\"text-align: justify;\"><strong>\u1ee8ng d\u1ee5ng ti\u00eau bi\u1ec3u\u00a0M\u1ee1 Molykote D Paste (1kg)<\/strong><\/h2>\n<p style=\"text-align: center;\"><img decoding=\"async\" title=\"mo-molykote-d-paste-1kg-4-1\" src=\"https:\/\/yenhung.com\/wp-content\/uploads\/2025\/11\/mo-molykote-d-paste-1kg-4-1.png\" alt=\"M\u1ee1 Molykote D Paste (1kg)\" data-thumb=\"2048x2048\" \/><\/p>\n<p style=\"text-align: justify;\">Molykote D Paste \u0111\u01b0\u1ee3c s\u1eed d\u1ee5ng r\u1ed9ng r\u00e3i trong c\u00e1c ng\u00e0nh c\u00f4ng nghi\u1ec7p, \u0111\u1eb7c bi\u1ec7t l\u00e0 cho c\u00e1c \u1ee9ng d\u1ee5ng y\u00eau c\u1ea7u b\u00f4i tr\u01a1n &#8220;s\u1ea1ch&#8221; v\u00e0 ch\u1ecbu t\u1ea3i n\u1eb7ng:<\/p>\n<ul>\n<li>\n<p style=\"text-align: justify;\"><b>L\u1eafp r\u00e1p:<\/b> L\u1eafp r\u00e1p c\u00e1c b\u1ed9 ph\u1eadn m\u00e1y m\u00f3c, \u00e9p l\u1eafp c\u00e1c chi ti\u1ebft nh\u01b0 ch\u1ed1t, bu l\u00f4ng, m\u1eb7t b\u00edch.<\/p>\n<\/li>\n<li>\n<p style=\"text-align: justify;\"><b>Ch\u1ea1y r\u00e0:<\/b> L\u00e0m ch\u1ea5t b\u00f4i tr\u01a1n ch\u1ea1y r\u00e0 cho m\u00e1y m\u00f3c v\u00e0 h\u1ed9p s\u1ed1 m\u1edbi.<\/p>\n<\/li>\n<li>\n<p style=\"text-align: justify;\"><b>B\u1ec1 m\u1eb7t tr\u01b0\u1ee3t:<\/b> C\u00e1c b\u1ec1 m\u1eb7t tr\u01b0\u1ee3t, thanh d\u1eabn h\u01b0\u1edbng, r\u00e3nh tr\u01b0\u1ee3t ch\u1ecbu t\u1ea3i n\u1eb7ng.<\/p>\n<\/li>\n<li>\n<p style=\"text-align: justify;\"><b>Thi\u1ebft b\u1ecb y\u00eau c\u1ea7u s\u1ea1ch:<\/b> Thi\u1ebft b\u1ecb \u0111i\u1ec7n, thi\u1ebft b\u1ecb gia d\u1ee5ng, m\u00e1y \u0111\u00f3ng g\u00f3i, m\u00e1y m\u00f3c trong ng\u00e0nh d\u1ec7t, m\u00e1y ch\u1ebf bi\u1ebfn nh\u1ef1a v\u00e0 d\u1ee5ng c\u1ee5 ch\u00ednh x\u00e1c.<\/p>\n<\/li>\n<li>\n<p style=\"text-align: justify;\"><b>Kh\u1edbp n\u1ed1i:<\/b> C\u00e1c kh\u1edbp n\u1ed1i ren, tr\u1ee5c ch\u00ednh, \u1ed5 tr\u1ee5c tr\u01a1n v\u00e0 \u1ed1ng l\u00f3t.<\/p>\n<\/li>\n<\/ul>\n<\/div>\n","protected":false},"excerpt":{"rendered":"<p><strong>T\u00ean sa\u0309n ph\u00e2\u0309m:\u00a0<\/strong>M\u1ee1 Molykote D Paste (1kg)<\/p>\n","protected":false},"featured_media":6472,"comment_status":"closed","ping_status":"closed","template":"","meta":[],"product_brand":[],"product_cat":[155],"product_tag":[],"class_list":{"0":"post-6471","1":"product","2":"type-product","3":"status-publish","4":"has-post-thumbnail","6":"product_cat-dupont","8":"first","9":"instock","10":"shipping-taxable","11":"product-type-simple"},"_links":{"self":[{"href":"https:\/\/yenhung.com\/index.php?rest_route=\/wp\/v2\/product\/6471","targetHints":{"allow":["GET"]}}],"collection":[{"href":"https:\/\/yenhung.com\/index.php?rest_route=\/wp\/v2\/product"}],"about":[{"href":"https:\/\/yenhung.com\/index.php?rest_route=\/wp\/v2\/types\/product"}],"replies":[{"embeddable":true,"href":"https:\/\/yenhung.com\/index.php?rest_route=%2Fwp%2Fv2%2Fcomments&post=6471"}],"wp:featuredmedia":[{"embeddable":true,"href":"https:\/\/yenhung.com\/index.php?rest_route=\/wp\/v2\/media\/6472"}],"wp:attachment":[{"href":"https:\/\/yenhung.com\/index.php?rest_route=%2Fwp%2Fv2%2Fmedia&parent=6471"}],"wp:term":[{"taxonomy":"product_brand","embeddable":true,"href":"https:\/\/yenhung.com\/index.php?rest_route=%2Fwp%2Fv2%2Fproduct_brand&post=6471"},{"taxonomy":"product_cat","embeddable":true,"href":"https:\/\/yenhung.com\/index.php?rest_route=%2Fwp%2Fv2%2Fproduct_cat&post=6471"},{"taxonomy":"product_tag","embeddable":true,"href":"https:\/\/yenhung.com\/index.php?rest_route=%2Fwp%2Fv2%2Fproduct_tag&post=6471"}],"curies":[{"name":"wp","href":"https:\/\/api.w.org\/{rel}","templated":true}]}}