{"id":6479,"date":"2025-11-10T07:16:12","date_gmt":"2025-11-10T07:16:12","guid":{"rendered":"https:\/\/yenhung.com\/?product=mo-molykote-hp-300-100g"},"modified":"2026-02-11T06:47:36","modified_gmt":"2026-02-11T06:47:36","slug":"mo-molykote-hp-300-100g","status":"publish","type":"product","link":"https:\/\/yenhung.com\/?product=mo-molykote-hp-300-100g","title":{"rendered":"M\u1ee1 Molykote HP-300 (100g)"},"content":{"rendered":"<div class=\"ba-text-fpt\">\n<h2 style=\"text-align: justify;\"><strong>T\u1ed5ng quan v\u1ec1 M\u1ee1 Molykote HP-300 (100g)<\/strong><\/h2>\n<p style=\"text-align: justify;\"><b>Molykote HP-300 Grease<\/b> l\u00e0 lo\u1ea1i m\u1ee1 b\u00f4i tr\u01a1n hi\u1ec7u su\u1ea5t cao, \u0111\u01b0\u1ee3c <b>fluoride h\u00f3a ho\u00e0n to\u00e0n (Fully fluorinated)<\/b>. \u0110\u00e2y l\u00e0 s\u1ea3n ph\u1ea9m cao c\u1ea5p \u0111\u01b0\u1ee3c thi\u1ebft k\u1ebf \u0111\u1ec3 ho\u1ea1t \u0111\u1ed9ng \u1ed5n \u0111\u1ecbnh v\u00e0 b\u1ec1n b\u1ec9 trong c\u00e1c \u0111i\u1ec1u ki\u1ec7n m\u00f4i tr\u01b0\u1eddng <b>kh\u1eafc nghi\u1ec7t<\/b> nh\u1ea5t, bao g\u1ed3m nhi\u1ec7t \u0111\u1ed9 c\u1ef1c cao\/th\u1ea5p, h\u00f3a ch\u1ea5t \u0103n m\u00f2n, dung m\u00f4i v\u00e0 m\u00f4i tr\u01b0\u1eddng ch\u00e2n kh\u00f4ng cao.<\/p>\n<ul>\n<li>\n<p style=\"text-align: justify;\"><b>Nh\u00e0 s\u1ea3n xu\u1ea5t:<\/b> Molykote (Th\u01b0\u01a1ng hi\u1ec7u thu\u1ed9c DuPont &#8211; tr\u01b0\u1edbc \u0111\u00e2y l\u00e0 Dow Corning).<\/p>\n<\/li>\n<li>\n<p style=\"text-align: justify;\"><b>Quy c\u00e1ch:<\/b> H\u1ed9p\/L\u1ecd <b>100g<\/b> (l\u00e0 m\u1ed9t trong nh\u1eefng quy c\u00e1ch ti\u00eau chu\u1ea9n).<\/p>\n<\/li>\n<\/ul>\n<h2 style=\"text-align: justify;\"><strong>Th\u00e0nh ph\u1ea7n v\u00e0 \u0110\u1eb7c t\u00ednh k\u1ef9 thu\u1eadt\u00a0M\u1ee1 Molykote HP-300 (100g)<\/strong><\/h2>\n<p style=\"text-align: center;\"><img decoding=\"async\" title=\"mo-molykote-hp-300-100g-2-2\" src=\"https:\/\/yenhung.com\/wp-content\/uploads\/2025\/11\/mo-molykote-hp-300-100g-2-2.png\" alt=\"M\u1ee1 Molykote HP-300 (100g)\" data-thumb=\"grande\" \/><\/p>\n<table class=\"MsoTableGridLight\" style=\"border-collapse: collapse; border: solid #bfbfbf 1.0pt;\">\n<tbody>\n<tr>\n<td style=\"border: solid #bfbfbf 1.0pt; padding: 0cm 5.4pt 0cm 5.4pt;\" valign=\"top\">\n<p style=\"text-align: justify;\"><strong><span style=\"font-size: 11pt;\"><span style=\"line-height: normal;\"><span style=\"font-family: Calibri,sans-serif;\"><span style=\"font-size: 12.0pt;\"><span style=\"font-family: 'Times New Roman',serif;\"><span style=\"color: #1b1c1d;\">\u0110\u1eb7c t\u00ednh<\/span><\/span><\/span><\/span><\/span><\/span><\/strong><\/p>\n<\/td>\n<td style=\"border: solid #bfbfbf 1.0pt; border-left: none; padding: 0cm 5.4pt 0cm 5.4pt;\" valign=\"top\">\n<p style=\"text-align: justify;\"><strong><span style=\"font-size: 11pt;\"><span style=\"line-height: normal;\"><span style=\"font-family: Calibri,sans-serif;\"><span style=\"font-size: 12.0pt;\"><span style=\"font-family: 'Times New Roman',serif;\"><span style=\"color: #1b1c1d;\">Chi ti\u1ebft<\/span><\/span><\/span><\/span><\/span><\/span><\/strong><\/p>\n<\/td>\n<\/tr>\n<tr>\n<td style=\"border: solid #bfbfbf 1.0pt; border-top: none; padding: 0cm 5.4pt 0cm 5.4pt;\" valign=\"top\">\n<p style=\"text-align: justify;\"><span style=\"font-size: 11pt;\"><span style=\"line-height: normal;\"><span style=\"font-family: Calibri,sans-serif;\"><b><span style=\"border: none windowtext 1.0pt; font-size: 12.0pt; padding: 0cm;\"><span style=\"font-family: 'Times New Roman',serif;\"><span style=\"color: #1b1c1d;\">D\u1ea7u g\u1ed1c (Base Oil)<\/span><\/span><\/span><\/b><\/span><\/span><\/span><\/p>\n<\/td>\n<td style=\"border-bottom: solid #bfbfbf 1.0pt; border-top: none; border-left: none; border-right: solid #bfbfbf 1.0pt; padding: 0cm 5.4pt 0cm 5.4pt;\" valign=\"top\">\n<p style=\"text-align: justify;\"><span style=\"font-size: 11pt;\"><span style=\"line-height: normal;\"><span style=\"font-family: Calibri,sans-serif;\"><span style=\"font-size: 12.0pt;\"><span style=\"font-family: 'Times New Roman',serif;\"><span style=\"color: #1b1c1d;\">Perfluoropolyether (PFPE)<\/span><\/span><\/span><\/span><\/span><\/span><\/p>\n<\/td>\n<\/tr>\n<tr>\n<td style=\"border: solid #bfbfbf 1.0pt; border-top: none; padding: 0cm 5.4pt 0cm 5.4pt;\" valign=\"top\">\n<p style=\"text-align: justify;\"><span style=\"font-size: 11pt;\"><span style=\"line-height: normal;\"><span style=\"font-family: Calibri,sans-serif;\"><b><span style=\"border: none windowtext 1.0pt; font-size: 12.0pt; padding: 0cm;\"><span style=\"font-family: 'Times New Roman',serif;\"><span style=\"color: #1b1c1d;\">Ch\u1ea5t l\u00e0m \u0111\u1eb7c (Thickener)<\/span><\/span><\/span><\/b><\/span><\/span><\/span><\/p>\n<\/td>\n<td style=\"border-bottom: solid #bfbfbf 1.0pt; border-top: none; border-left: none; border-right: solid #bfbfbf 1.0pt; padding: 0cm 5.4pt 0cm 5.4pt;\" valign=\"top\">\n<p style=\"text-align: justify;\"><span style=\"font-size: 11pt;\"><span style=\"line-height: normal;\"><span style=\"font-family: Calibri,sans-serif;\"><span style=\"font-size: 12.0pt;\"><span style=\"font-family: 'Times New Roman',serif;\"><span style=\"color: #1b1c1d;\">Polytetrafluoroethylene (PTFE)<\/span><\/span><\/span><\/span><\/span><\/span><\/p>\n<\/td>\n<\/tr>\n<tr>\n<td style=\"border: solid #bfbfbf 1.0pt; border-top: none; padding: 0cm 5.4pt 0cm 5.4pt;\" valign=\"top\">\n<p style=\"text-align: justify;\"><span style=\"font-size: 11pt;\"><span style=\"line-height: normal;\"><span style=\"font-family: Calibri,sans-serif;\"><b><span style=\"border: none windowtext 1.0pt; font-size: 12.0pt; padding: 0cm;\"><span style=\"font-family: 'Times New Roman',serif;\"><span style=\"color: #1b1c1d;\">M\u00e0u s\u1eafc<\/span><\/span><\/span><\/b><\/span><\/span><\/span><\/p>\n<\/td>\n<td style=\"border-bottom: solid #bfbfbf 1.0pt; border-top: none; border-left: none; border-right: solid #bfbfbf 1.0pt; padding: 0cm 5.4pt 0cm 5.4pt;\" valign=\"top\">\n<p style=\"text-align: justify;\"><span style=\"font-size: 11pt;\"><span style=\"line-height: normal;\"><span style=\"font-family: Calibri,sans-serif;\"><span style=\"font-size: 12.0pt;\"><span style=\"font-family: 'Times New Roman',serif;\"><span style=\"color: #1b1c1d;\">Tr\u1eafng<\/span><\/span><\/span><\/span><\/span><\/span><\/p>\n<\/td>\n<\/tr>\n<tr>\n<td style=\"border: solid #bfbfbf 1.0pt; border-top: none; padding: 0cm 5.4pt 0cm 5.4pt;\" valign=\"top\">\n<p style=\"text-align: justify;\"><span style=\"font-size: 11pt;\"><span style=\"line-height: normal;\"><span style=\"font-family: Calibri,sans-serif;\"><b><span style=\"border: none windowtext 1.0pt; font-size: 12.0pt; padding: 0cm;\"><span style=\"font-family: 'Times New Roman',serif;\"><span style=\"color: #1b1c1d;\">C\u1ea5p \u0111\u1ed9 NLGI<\/span><\/span><\/span><\/b><\/span><\/span><\/span><\/p>\n<\/td>\n<td style=\"border-bottom: solid #bfbfbf 1.0pt; border-top: none; border-left: none; border-right: solid #bfbfbf 1.0pt; padding: 0cm 5.4pt 0cm 5.4pt;\" valign=\"top\">\n<p style=\"text-align: justify;\"><span style=\"font-size: 11pt;\"><span style=\"line-height: normal;\"><span style=\"font-family: Calibri,sans-serif;\"><span style=\"font-size: 12.0pt;\"><span style=\"font-family: 'Times New Roman',serif;\"><span style=\"color: #1b1c1d;\">2<\/span><\/span><\/span><\/span><\/span><\/span><\/p>\n<\/td>\n<\/tr>\n<tr>\n<td style=\"border: solid #bfbfbf 1.0pt; border-top: none; padding: 0cm 5.4pt 0cm 5.4pt;\" valign=\"top\">\n<p style=\"text-align: justify;\"><span style=\"font-size: 11pt;\"><span style=\"line-height: normal;\"><span style=\"font-family: Calibri,sans-serif;\"><b><span style=\"border: none windowtext 1.0pt; font-size: 12.0pt; padding: 0cm;\"><span style=\"font-family: 'Times New Roman',serif;\"><span style=\"color: #1b1c1d;\">D\u1ea3i nhi\u1ec7t \u0111\u1ed9 ho\u1ea1t \u0111\u1ed9ng<\/span><\/span><\/span><\/b><\/span><\/span><\/span><\/p>\n<\/td>\n<td style=\"border-bottom: solid #bfbfbf 1.0pt; border-top: none; border-left: none; border-right: solid #bfbfbf 1.0pt; padding: 0cm 5.4pt 0cm 5.4pt;\" valign=\"top\">\n<p style=\"text-align: justify;\"><b>\u221265\u00b0C \u0111\u1ebfn +250\u00b0C<\/b> (c\u00f3 th\u1ec3 s\u1eed d\u1ee5ng gi\u00e1n \u0111o\u1ea1n \u1edf 280\u00b0C)<\/p>\n<\/td>\n<\/tr>\n<tr>\n<td style=\"border: solid #bfbfbf 1.0pt; border-top: none; padding: 0cm 5.4pt 0cm 5.4pt;\" valign=\"top\">\n<p style=\"text-align: justify;\"><span style=\"font-size: 11pt;\"><span style=\"line-height: normal;\"><span style=\"font-family: Calibri,sans-serif;\"><b><span style=\"border: none windowtext 1.0pt; font-size: 12.0pt; padding: 0cm;\"><span style=\"font-family: 'Times New Roman',serif;\"><span style=\"color: #1b1c1d;\">\u0110\u1ed9 nh\u1edbt d\u1ea7u g\u1ed1c<\/span><\/span><\/span><\/b><\/span><\/span><\/span><\/p>\n<\/td>\n<td style=\"border-bottom: solid #bfbfbf 1.0pt; border-top: none; border-left: none; border-right: solid #bfbfbf 1.0pt; padding: 0cm 5.4pt 0cm 5.4pt;\" valign=\"top\">\n<p style=\"text-align: justify;\">160cSt \u1edf 40\u00b0C<\/p>\n<\/td>\n<\/tr>\n<tr>\n<td style=\"border: solid #bfbfbf 1.0pt; border-top: none; padding: 0cm 5.4pt 0cm 5.4pt;\" valign=\"top\">\n<p style=\"text-align: justify;\"><span style=\"font-size: 11pt;\"><span style=\"line-height: normal;\"><span style=\"font-family: Calibri,sans-serif;\"><b><span style=\"border: none windowtext 1.0pt; font-size: 12.0pt; padding: 0cm;\"><span style=\"font-family: 'Times New Roman',serif;\"><span style=\"color: #1b1c1d;\">\u00c1p su\u1ea5t h\u01a1i<\/span><\/span><\/span><\/b><\/span><\/span><\/span><\/p>\n<\/td>\n<td style=\"border-bottom: solid #bfbfbf 1.0pt; border-top: none; border-left: none; border-right: solid #bfbfbf 1.0pt; padding: 0cm 5.4pt 0cm 5.4pt;\" valign=\"top\">\n<p style=\"text-align: justify;\"><span style=\"font-size: 11pt;\"><span style=\"line-height: normal;\"><span style=\"font-family: Calibri,sans-serif;\"><span style=\"font-size: 12.0pt;\"><span style=\"font-family: 'Times New Roman',serif;\"><span style=\"color: #1b1c1d;\">R\u1ea5t th\u1ea5p (Low vapor pressure), ph\u00f9 h\u1ee3p v\u1edbi m\u00f4i tr\u01b0\u1eddng ch\u00e2n kh\u00f4ng cao.<\/span><\/span><\/span><\/span><\/span><\/span><\/p>\n<\/td>\n<\/tr>\n<\/tbody>\n<\/table>\n<h2 style=\"text-align: justify;\"><strong>T\u00ednh n\u0103ng v\u00e0 L\u1ee3i \u00edch n\u1ed5i b\u1eadt\u00a0M\u1ee1 Molykote HP-300 (100g)<\/strong><\/h2>\n<p style=\"text-align: center;\"><img decoding=\"async\" title=\"mo-molykote-hp-300-100g-3-1\" src=\"https:\/\/yenhung.com\/wp-content\/uploads\/2025\/11\/mo-molykote-hp-300-100g-3-1.png\" alt=\"M\u1ee1 Molykote HP-300 (100g)\" data-thumb=\"grande\" \/><\/p>\n<ul>\n<li>\n<p style=\"text-align: justify;\"><b>Kh\u1ea3 n\u0103ng ch\u1ecbu nhi\u1ec7t c\u1ef1c cao:<\/b> Ho\u1ea1t \u0111\u1ed9ng \u1ed5n \u0111\u1ecbnh trong d\u1ea3i nhi\u1ec7t \u0111\u1ed9 r\u1ed9ng, \u0111\u1eb7c bi\u1ec7t l\u00e0 nhi\u1ec7t \u0111\u1ed9 cao, gi\u1ea3m thi\u1ec3u s\u1ef1 h\u01b0 h\u1ecfng do qu\u00e1 tr\u00ecnh oxy h\u00f3a.<\/p>\n<\/li>\n<li>\n<p style=\"text-align: justify;\"><b>Kh\u00e1ng h\u00f3a ch\u1ea5t v\u01b0\u1ee3t tr\u1ed9i:<\/b> C\u00f3 kh\u1ea3 n\u0103ng ch\u1ed1ng ch\u1ecbu xu\u1ea5t s\u1eafc v\u1edbi nhi\u1ec1u lo\u1ea1i h\u00f3a ch\u1ea5t, dung m\u00f4i, ch\u1ea5t \u0103n m\u00f2n v\u00e0 kh\u00ed h\u00f3a l\u1ecfng.<\/p>\n<\/li>\n<li>\n<p style=\"text-align: justify;\"><b>T\u01b0\u01a1ng th\u00edch v\u1eadt li\u1ec7u:<\/b> T\u01b0\u01a1ng th\u00edch v\u1edbi h\u1ea7u h\u1ebft c\u00e1c lo\u1ea1i <b>nh\u1ef1a (plastics)<\/b> v\u00e0 <b>cao su\/ch\u1ea5t \u0111\u00e0n h\u1ed3i (elastomers)<\/b> (nh\u01b0 EPDM, cao su silicon), gi\u00fap b\u1ea3o v\u1ec7 gio\u0103ng, ph\u1edbt, v\u00f2ng \u0111\u1ec7m O-ring m\u00e0 kh\u00f4ng l\u00e0m thay \u0111\u1ed5i t\u00ednh ch\u1ea5t c\u01a1 h\u1ecdc c\u1ee7a ch\u00fang.<\/p>\n<\/li>\n<li>\n<p style=\"text-align: justify;\"><b>\u0110\u1ed9 tinh khi\u1ebft cao:<\/b> \u0110\u1ed9 bay h\u01a1i th\u1ea5p, ph\u00f9 h\u1ee3p s\u1eed d\u1ee5ng trong c\u00e1c m\u00f4i tr\u01b0\u1eddng y\u00eau c\u1ea7u nghi\u00eam ng\u1eb7t nh\u01b0:<\/p>\n<ul>\n<li>\n<p style=\"text-align: justify;\"><b>Ph\u00f2ng s\u1ea1ch (Cleanroom equipment)<\/b>.<\/p>\n<\/li>\n<li>\n<p style=\"text-align: justify;\"><b>Thi\u1ebft b\u1ecb s\u1ea3n xu\u1ea5t ch\u1ea5t b\u00e1n d\u1eabn (Semiconductor manufacturing equipment)<\/b>.<\/p>\n<\/li>\n<li>\n<p style=\"text-align: justify;\"><b>M\u00f4i tr\u01b0\u1eddng ch\u00e2n kh\u00f4ng cao (High Vacuum)<\/b>.<\/p>\n<\/li>\n<\/ul>\n<\/li>\n<li>\n<p style=\"text-align: justify;\"><b>B\u00f4i tr\u01a1n l\u00e2u d\u00e0i:<\/b> \u0110\u1ed9 hao m\u00f2n t\u1ed1i thi\u1ec3u do oxy h\u00f3a, th\u00edch h\u1ee3p cho c\u00e1c \u1ee9ng d\u1ee5ng b\u00f4i tr\u01a1n tr\u1ecdn \u0111\u1eddi (lubrication for life).<\/p>\n<\/li>\n<\/ul>\n<h2 style=\"text-align: justify;\"><strong>\u1ee8ng d\u1ee5ng ti\u00eau bi\u1ec3u\u00a0M\u1ee1 Molykote HP-300 (100g)<\/strong><\/h2>\n<p style=\"text-align: center;\"><img decoding=\"async\" title=\"mo-molykote-hp-300-100g-1-1\" src=\"https:\/\/yenhung.com\/wp-content\/uploads\/2025\/11\/mo-molykote-hp-300-100g-1-1.png\" alt=\"M\u1ee1 Molykote HP-300 (100g)\" data-thumb=\"grande\" \/><\/p>\n<p style=\"text-align: justify;\">M\u1ee1 Molykote HP-300 \u0111\u01b0\u1ee3c \u1ee9ng d\u1ee5ng r\u1ed9ng r\u00e3i trong c\u00e1c l\u0129nh v\u1ef1c sau:<\/p>\n<ol start=\"1\">\n<li>\n<p style=\"text-align: justify;\"><b>\u00d4 t\u00f4 \u0111i\u1ec7n (EV):<\/b> B\u1ea3o v\u1ec7 c\u00e1c k\u1ebft n\u1ed1i \u0111i\u1ec7n bi\u1ebfn t\u1ea7n quan tr\u1ecdng, b\u00f4i tr\u01a1n v\u00e0 b\u1ecbt k\u00edn c\u00e1c v\u00f2ng \u0111\u1ec7m O-ring (cao su) kh\u1ecfi \u0111\u1ed9 \u1ea9m v\u00e0 nhi\u1ec7t \u0111\u1ed9.<\/p>\n<\/li>\n<li>\n<p style=\"text-align: justify;\"><b>C\u00f4ng nghi\u1ec7p H\u00f3a ch\u1ea5t\/Ph\u1ea3n \u1ee9ng:<\/b> B\u00f4i tr\u01a1n van, ph\u1edbt, bao b\u00ec trong c\u00e1c thi\u1ebft b\u1ecb ti\u1ebfp x\u00fac v\u1edbi h\u00f3a ch\u1ea5t \u0103n m\u00f2n.<\/p>\n<\/li>\n<li>\n<p style=\"text-align: justify;\"><b>C\u00f4ng ngh\u1ec7 cao:<\/b> Thi\u1ebft b\u1ecb ph\u00f2ng s\u1ea1ch, m\u00e1y m\u00f3c s\u1ea3n xu\u1ea5t chip b\u00e1n d\u1eabn, thi\u1ebft b\u1ecb ch\u00e2n kh\u00f4ng.<\/p>\n<\/li>\n<li>\n<p style=\"text-align: justify;\"><b>B\u00f4i tr\u01a1n chi ti\u1ebft nh\u1ef1a:<\/b> B\u00f4i tr\u01a1n c\u00e1c b\u1ed9 ph\u1eadn nh\u1ef1a tr\u00ean nh\u1ef1a (nh\u01b0 b\u00e1nh r\u0103ng nh\u1ef1a) ho\u1eb7c nh\u1ef1a tr\u00ean kim lo\u1ea1i.<\/p>\n<\/li>\n<li>\n<p style=\"text-align: justify;\"><b>Thi\u1ebft b\u1ecb ch\u1ecbu nhi\u1ec7t:<\/b> V\u00f2ng bi, b\u1ea1c \u0111\u1ea1n ho\u1ea1t \u0111\u1ed9ng \u1edf nhi\u1ec7t \u0111\u1ed9 cao.<\/p>\n<\/li>\n<\/ol>\n<\/div>\n","protected":false},"excerpt":{"rendered":"<p><strong>T\u00ean sa\u0309n ph\u00e2\u0309m:<\/strong>\u00a0M\u1ee1 Molykote HP-300 (100g)<\/p>\n","protected":false},"featured_media":6480,"comment_status":"closed","ping_status":"closed","template":"","meta":[],"product_brand":[],"product_cat":[155],"product_tag":[],"class_list":{"0":"post-6479","1":"product","2":"type-product","3":"status-publish","4":"has-post-thumbnail","6":"product_cat-dupont","8":"first","9":"instock","10":"shipping-taxable","11":"product-type-simple"},"_links":{"self":[{"href":"https:\/\/yenhung.com\/index.php?rest_route=\/wp\/v2\/product\/6479","targetHints":{"allow":["GET"]}}],"collection":[{"href":"https:\/\/yenhung.com\/index.php?rest_route=\/wp\/v2\/product"}],"about":[{"href":"https:\/\/yenhung.com\/index.php?rest_route=\/wp\/v2\/types\/product"}],"replies":[{"embeddable":true,"href":"https:\/\/yenhung.com\/index.php?rest_route=%2Fwp%2Fv2%2Fcomments&post=6479"}],"wp:featuredmedia":[{"embeddable":true,"href":"https:\/\/yenhung.com\/index.php?rest_route=\/wp\/v2\/media\/6480"}],"wp:attachment":[{"href":"https:\/\/yenhung.com\/index.php?rest_route=%2Fwp%2Fv2%2Fmedia&parent=6479"}],"wp:term":[{"taxonomy":"product_brand","embeddable":true,"href":"https:\/\/yenhung.com\/index.php?rest_route=%2Fwp%2Fv2%2Fproduct_brand&post=6479"},{"taxonomy":"product_cat","embeddable":true,"href":"https:\/\/yenhung.com\/index.php?rest_route=%2Fwp%2Fv2%2Fproduct_cat&post=6479"},{"taxonomy":"product_tag","embeddable":true,"href":"https:\/\/yenhung.com\/index.php?rest_route=%2Fwp%2Fv2%2Fproduct_tag&post=6479"}],"curies":[{"name":"wp","href":"https:\/\/api.w.org\/{rel}","templated":true}]}}