{"id":6487,"date":"2025-11-10T07:16:19","date_gmt":"2025-11-10T07:16:19","guid":{"rendered":"https:\/\/yenhung.com\/?product=mo-molykote-m77-1kg"},"modified":"2026-02-11T06:47:14","modified_gmt":"2026-02-11T06:47:14","slug":"mo-molykote-m77-1kg","status":"publish","type":"product","link":"https:\/\/yenhung.com\/?product=mo-molykote-m77-1kg","title":{"rendered":"M\u1ee1 Molykote M77 (1kg)"},"content":{"rendered":"<div class=\"ba-text-fpt\">\n<h2 style=\"text-align: justify;\"><span style=\"font-size: 11pt;\"><span style=\"line-height: normal;\"><span style=\"font-family: Calibri,sans-serif;\"><b><span style=\"border: none windowtext 1.0pt; font-size: 13.5pt; padding: 0cm;\"><span style=\"font-family: 'Times New Roman',serif;\"><span style=\"color: #1b1c1d;\">T\u1ed5ng quan v\u1ec1 m\u1ee1 Molykote M77\u00a0(1kg)<\/span><\/span><\/span><\/b><\/span><\/span><\/span><\/h2>\n<p style=\"text-align: justify;\"><span style=\"font-size: 11pt;\"><span style=\"line-height: normal;\"><span style=\"font-family: Calibri,sans-serif;\"><b><span style=\"border: none windowtext 1.0pt; font-size: 12.0pt; padding: 0cm;\"><span style=\"font-family: 'Times New Roman',serif;\"><span style=\"color: #1b1c1d;\">Molykote M77<\/span><\/span><\/span><\/b><span style=\"font-size: 12.0pt;\"><span style=\"font-family: 'Times New Roman',serif;\"><span style=\"color: #1b1c1d;\"> l\u00e0 m\u1ed9t lo\u1ea1i m\u1ee1 b\u00f4i tr\u01a1n hi\u1ec7u su\u1ea5t cao, m\u00e0u \u0111en, \u0111\u01b0\u1ee3c pha ch\u1ebf \u0111\u1eb7c bi\u1ec7t t\u1eeb d\u1ea7u g\u1ed1c silicone k\u1ebft h\u1ee3p v\u1edbi m\u1ed9t t\u1ef7 l\u1ec7 cao ch\u1ea5t b\u00f4i tr\u01a1n r\u1eafn <b><span style=\"border: none windowtext 1.0pt; padding: 0cm;\">molybdenum disulfide (MoS<\/span><\/b><\/span><\/span><\/span><b><span style=\"border: none windowtext 1.0pt; font-size: 12.0pt; padding: 0cm;\"><span style=\"font-family: 'Cambria Math',serif;\"><span style=\"color: #1b1c1d;\">\u2082<\/span><\/span><\/span><\/b><b><span style=\"border: none windowtext 1.0pt; font-size: 12.0pt; padding: 0cm;\"><span style=\"font-family: 'Times New Roman',serif;\"><span style=\"color: #1b1c1d;\">)<\/span><\/span><\/span><\/b><span style=\"font-size: 12.0pt;\"><span style=\"color: #1b1c1d;\">. S\u1ea3n ph\u1ea9m n\u00e0y \u0111\u01b0\u1ee3c thi\u1ebft k\u1ebf \u0111\u1ec3 cung c\u1ea5p kh\u1ea3 n\u0103ng b\u00f4i tr\u01a1n d\u00e0i h\u1ea1n trong c\u00e1c \u1ee9ng d\u1ee5ng ch\u1ecbu t\u1ea3i n\u1eb7ng, t\u1ed1c \u0111\u1ed9 th\u1ea5p \u0111\u1ebfn trung b\u00ecnh, \u0111\u1eb7c bi\u1ec7t l\u00e0 trong m\u00f4i tr\u01b0\u1eddng nhi\u1ec7t \u0111\u1ed9 cao v\u00e0 kh\u1eafc nghi\u1ec7t.<\/span><\/span><\/span><\/span><\/span><\/p>\n<p style=\"margin-bottom: 16px; text-align: justify;\"><span style=\"font-size: 11pt;\"><span style=\"line-height: normal;\"><span style=\"font-size: 12.0pt;\"><span style=\"color: #1b1c1d;\">M77 ho\u1ea1t \u0111\u1ed9ng nh\u01b0 m\u1ed9t lo\u1ea1i b\u1ed9t nh\u00e3o b\u00f4i tr\u01a1n (lubricating paste) nh\u01b0ng c\u00f3 th\u1ec3 \u0111\u01b0\u1ee3c s\u1eed d\u1ee5ng nh\u01b0 m\u1ed9t lo\u1ea1i m\u1ee1 th\u00f4ng th\u01b0\u1eddng, gi\u00fap b\u1ea3o v\u1ec7 c\u00e1c chi ti\u1ebft kh\u1ecfi s\u1ef1 \u0103n m\u00f2n, k\u1eb9t d\u00ednh v\u00e0 m\u00e0i m\u00f2n.<\/span><\/span><\/span><\/span><\/p>\n<h2 style=\"text-align: justify;\"><span style=\"font-size: 11pt;\"><span style=\"line-height: normal;\"><b><span style=\"border: none windowtext 1.0pt; font-size: 13.5pt; padding: 0cm;\"><span style=\"font-family: 'Times New Roman',serif;\"><span style=\"color: #1b1c1d;\">\u0110\u1eb7c \u0111i\u1ec3m v\u00e0 \u01b0u \u0111i\u1ec3m n\u1ed5i b\u1eadt c\u1ee7a m\u1ee1 Molykote M77\u00a0(1kg)<\/span><\/span><\/span><\/b><\/span><\/span><\/h2>\n<p><span style=\"font-size: 11pt;\"><span style=\"line-height: normal;\"><b><span style=\"border: none windowtext 1.0pt; font-size: 13.5pt; padding: 0cm;\"><span style=\"font-family: 'Times New Roman',serif;\"><span style=\"color: #1b1c1d;\"><img decoding=\"async\" title=\"mo-molykote-m77-1kg-1-jpeg-2\" src=\"https:\/\/yenhung.com\/wp-content\/uploads\/2025\/11\/mo-molykote-m77-1kg-1-jpeg-2.jpg\" alt=\"M\u1ee1 Molykote M77 (1kg)\" data-thumb=\"grande\" \/><\/span><\/span><\/span><\/b><\/span><\/span><\/p>\n<ul>\n<li style=\"text-align: justify;\"><span style=\"font-size: 11pt;\"><span style=\"line-height: normal;\"><span style=\"tab-stops: list 36.0pt;\"><span style=\"font-family: Calibri,sans-serif;\"><b><span style=\"border: none windowtext 1.0pt; font-size: 12.0pt; padding: 0cm;\"><span style=\"font-family: 'Times New Roman',serif;\"><span style=\"color: #1b1c1d;\">Kh\u1ea3 n\u0103ng ch\u1ecbu nhi\u1ec7t v\u01b0\u1ee3t tr\u1ed9i<\/span><\/span><\/span><\/b><span style=\"font-size: 12.0pt;\"><span style=\"font-family: 'Times New Roman',serif;\"><span style=\"color: #1b1c1d;\">: Nh\u1edd d\u1ea7u g\u1ed1c silicone, Molykote M77 duy tr\u00ec t\u00ednh n\u0103ng \u1ed5n \u0111\u1ecbnh trong d\u1ea3i nhi\u1ec7t \u0111\u1ed9 r\u1ed9ng t\u1eeb <b><span style=\"border: none windowtext 1.0pt; padding: 0cm;\">-45\u00b0C \u0111\u1ebfn +230\u00b0C<\/span><\/b>. C\u00e1c ch\u1ea5t b\u00f4i tr\u01a1n r\u1eafn nh\u01b0 MoS<\/span><\/span><\/span><span style=\"font-size: 12.0pt;\"><span style=\"font-family: 'Cambria Math',serif;\"><span style=\"color: #1b1c1d;\">\u2082<\/span><\/span><\/span><span style=\"font-size: 12.0pt;\"><span style=\"font-family: 'Times New Roman',serif;\"><span style=\"color: #1b1c1d;\"> gi\u00fap s\u1ea3n ph\u1ea9m v\u1eabn hi\u1ec7u qu\u1ea3 ngay c\u1ea3 khi d\u1ea7u g\u1ed1c \u0111\u00e3 bay h\u01a1i.<\/span><\/span><\/span><\/span><\/span><\/span><\/span><\/li>\n<li style=\"text-align: justify;\"><span style=\"font-size: 11pt;\"><span style=\"line-height: normal;\"><span style=\"tab-stops: list 36.0pt;\"><span style=\"font-family: Calibri,sans-serif;\"><b><span style=\"border: none windowtext 1.0pt; font-size: 12.0pt; padding: 0cm;\"><span style=\"font-family: 'Times New Roman',serif;\"><span style=\"color: #1b1c1d;\">Ch\u1ed1ng m\u00e0i m\u00f2n v\u00e0 ch\u1ecbu t\u1ea3i c\u1ef1c cao<\/span><\/span><\/span><\/b><span style=\"font-size: 12.0pt;\"><span style=\"font-family: 'Times New Roman',serif;\"><span style=\"color: #1b1c1d;\">: T\u1ef7 l\u1ec7 MoS<\/span><\/span><\/span><span style=\"font-size: 12.0pt;\"><span style=\"font-family: 'Cambria Math',serif;\"><span style=\"color: #1b1c1d;\">\u2082<\/span><\/span><\/span><span style=\"font-size: 12.0pt;\"><span style=\"font-family: 'Times New Roman',serif;\"><span style=\"color: #1b1c1d;\"> cao gi\u00fap m\u1ee1 ch\u1ecbu \u0111\u01b0\u1ee3c \u00e1p l\u1ef1c c\u1ef1c l\u1edbn, ng\u0103n ng\u1eeba hi\u1ec7n t\u01b0\u1ee3ng k\u1eb9t, d\u00ednh v\u00e0 m\u00e0i m\u00f2n gi\u1eefa c\u00e1c b\u1ec1 m\u1eb7t kim lo\u1ea1i.<\/span><\/span><\/span><\/span><\/span><\/span><\/span><\/li>\n<li style=\"text-align: justify;\"><span style=\"font-size: 11pt;\"><span style=\"line-height: normal;\"><span style=\"tab-stops: list 36.0pt;\"><span style=\"font-family: Calibri,sans-serif;\"><b><span style=\"border: none windowtext 1.0pt; font-size: 12.0pt; padding: 0cm;\"><span style=\"font-family: 'Times New Roman',serif;\"><span style=\"color: #1b1c1d;\">Ch\u1ed1ng n\u01b0\u1edbc v\u00e0 h\u00f3a ch\u1ea5t<\/span><\/span><\/span><\/b><span style=\"font-size: 12.0pt;\"><span style=\"font-family: 'Times New Roman',serif;\"><span style=\"color: #1b1c1d;\">: S\u1ea3n ph\u1ea9m c\u00f3 kh\u1ea3 n\u0103ng ch\u1ed1ng r\u1eeda tr\u00f4i b\u1edfi n\u01b0\u1edbc r\u1ea5t t\u1ed1t v\u00e0 kh\u00e1ng \u0111\u01b0\u1ee3c nhi\u1ec1u h\u00f3a ch\u1ea5t, b\u1ea3o v\u1ec7 c\u00e1c chi ti\u1ebft kim lo\u1ea1i kh\u1ecfi \u0103n m\u00f2n v\u00e0 g\u1ec9 s\u00e9t.<\/span><\/span><\/span><\/span><\/span><\/span><\/span><\/li>\n<li style=\"text-align: justify;\"><span style=\"font-size: 11pt;\"><span style=\"line-height: normal;\"><span style=\"tab-stops: list 36.0pt;\"><span style=\"font-family: Calibri,sans-serif;\"><b><span style=\"border: none windowtext 1.0pt; font-size: 12.0pt; padding: 0cm;\"><span style=\"font-family: 'Times New Roman',serif;\"><span style=\"color: #1b1c1d;\">T\u01b0\u01a1ng th\u00edch v\u1edbi nhi\u1ec1u v\u1eadt li\u1ec7u<\/span><\/span><\/span><\/b><span style=\"font-size: 12.0pt;\"><span style=\"font-family: 'Times New Roman',serif;\"><span style=\"color: #1b1c1d;\">: M\u1ee1 M77 c\u00f3 th\u1ec3 \u0111\u01b0\u1ee3c s\u1eed d\u1ee5ng an to\u00e0n tr\u00ean c\u00e1c b\u1ec1 m\u1eb7t kim lo\u1ea1i, nhi\u1ec1u lo\u1ea1i nh\u1ef1a v\u00e0 cao su m\u00e0 kh\u00f4ng g\u00e2y h\u01b0 h\u1ea1i.<\/span><\/span><\/span><\/span><\/span><\/span><\/span><\/li>\n<\/ul>\n<h2 style=\"text-align: justify;\"><span style=\"font-size: 11pt;\"><span style=\"line-height: normal;\"><span style=\"font-family: Calibri,sans-serif;\"><b><span style=\"border: none windowtext 1.0pt; font-size: 13.5pt; padding: 0cm;\"><span style=\"font-family: 'Times New Roman',serif;\"><span style=\"color: #1b1c1d;\">\u1ee8ng d\u1ee5ng m\u1ee1 Molykote M77\u00a0(1kg)<\/span><\/span><\/span><\/b><\/span><\/span><\/span><\/h2>\n<p><span style=\"font-size: 11pt;\"><span style=\"line-height: normal;\"><span style=\"font-family: Calibri,sans-serif;\"><b><span style=\"border: none windowtext 1.0pt; font-size: 13.5pt; padding: 0cm;\"><span style=\"font-family: 'Times New Roman',serif;\"><span style=\"color: #1b1c1d;\"><img decoding=\"async\" title=\"mo-molykote-m77-1kg-jpeg-1\" src=\"https:\/\/yenhung.com\/wp-content\/uploads\/2025\/11\/mo-molykote-m77-1kg-jpeg-1.jpg\" alt=\"M\u1ee1 Molykote M77 (1kg)\" data-thumb=\"grande\" \/><\/span><\/span><\/span><\/b><\/span><\/span><\/span><\/p>\n<ul>\n<li style=\"text-align: justify;\"><span style=\"font-size: 11pt;\"><span style=\"line-height: normal;\"><span style=\"tab-stops: list 36.0pt;\"><span style=\"font-family: Calibri,sans-serif;\"><b><span style=\"border: none windowtext 1.0pt; font-size: 12.0pt; padding: 0cm;\"><span style=\"font-family: 'Times New Roman',serif;\"><span style=\"color: #1b1c1d;\">H\u1ec7 th\u1ed1ng phanh \u00f4 t\u00f4<\/span><\/span><\/span><\/b><span style=\"font-size: 12.0pt;\"><span style=\"font-family: 'Times New Roman',serif;\"><span style=\"color: #1b1c1d;\">: Th\u01b0\u1eddng \u0111\u01b0\u1ee3c s\u1eed d\u1ee5ng \u0111\u1ec3 b\u00f4i tr\u01a1n c\u00e1c ch\u1ed1t tr\u01b0\u1ee3t (guide pins) v\u00e0 c\u00e1c b\u1ed9 ph\u1eadn c\u1ee7a c\u1ee5m phanh (calipers) \u0111\u1ec3 ng\u0103n ng\u1eeba k\u1eb9t d\u00ednh v\u00e0 \u0111\u1ea3m b\u1ea3o ho\u1ea1t \u0111\u1ed9ng tr\u01a1n tru.<\/span><\/span><\/span><\/span><\/span><\/span><\/span><\/li>\n<li style=\"text-align: justify;\"><span style=\"font-size: 11pt;\"><span style=\"line-height: normal;\"><span style=\"tab-stops: list 36.0pt;\"><span style=\"font-family: Calibri,sans-serif;\"><b><span style=\"border: none windowtext 1.0pt; font-size: 12.0pt; padding: 0cm;\"><span style=\"font-family: 'Times New Roman',serif;\"><span style=\"color: #1b1c1d;\">\u1ed4 tr\u1ee5c t\u1ed1c \u0111\u1ed9 th\u1ea5p<\/span><\/span><\/span><\/b><span style=\"font-size: 12.0pt;\"><span style=\"font-family: 'Times New Roman',serif;\"><span style=\"color: #1b1c1d;\">: L\u00fd t\u01b0\u1edfng cho c\u00e1c \u1ed5 tr\u01b0\u1ee3t, \u1ed5 tr\u1ee5c bi, b\u1ea1c l\u00f3t, n\u01a1i ch\u1ecbu t\u1ea3i n\u1eb7ng v\u00e0 ho\u1ea1t \u0111\u1ed9ng \u1edf t\u1ed1c \u0111\u1ed9 ch\u1eadm.<\/span><\/span><\/span><\/span><\/span><\/span><\/span><\/li>\n<li style=\"text-align: justify;\"><span style=\"font-size: 11pt;\"><span style=\"line-height: normal;\"><span style=\"tab-stops: list 36.0pt;\"><span style=\"font-family: Calibri,sans-serif;\"><b><span style=\"border: none windowtext 1.0pt; font-size: 12.0pt; padding: 0cm;\"><span style=\"font-family: 'Times New Roman',serif;\"><span style=\"color: #1b1c1d;\">C\u00e1c b\u1ed9 ph\u1eadn tr\u01b0\u1ee3t<\/span><\/span><\/span><\/b><span style=\"font-size: 12.0pt;\"><span style=\"font-family: 'Times New Roman',serif;\"><span style=\"color: #1b1c1d;\">: D\u00f9ng cho thanh tr\u01b0\u1ee3t, tr\u1ee5c spline, \u0111inh t\u00e1n v\u00e0 c\u00e1c kh\u1edbp n\u1ed1i trong c\u00e1c m\u00e1y m\u00f3c c\u00f4ng nghi\u1ec7p.<\/span><\/span><\/span><\/span><\/span><\/span><\/span><\/li>\n<li style=\"text-align: justify;\"><span style=\"font-size: 11pt;\"><span style=\"line-height: normal;\"><span style=\"tab-stops: list 36.0pt;\"><span style=\"font-family: Calibri,sans-serif;\"><b><span style=\"border: none windowtext 1.0pt; font-size: 12.0pt; padding: 0cm;\"><span style=\"font-family: 'Times New Roman',serif;\"><span style=\"color: #1b1c1d;\">C\u00e1c \u1ee9ng d\u1ee5ng trong m\u00f4i tr\u01b0\u1eddng nhi\u1ec7t \u0111\u1ed9 cao<\/span><\/span><\/span><\/b><span style=\"font-size: 12.0pt;\"><span style=\"font-family: 'Times New Roman',serif;\"><span style=\"color: #1b1c1d;\">: S\u1eed d\u1ee5ng trong l\u00f2 nung, m\u00e1y \u00e9p phun nh\u1ef1a, ho\u1eb7c c\u00e1c thi\u1ebft b\u1ecb ch\u1ecbu nhi\u1ec7t kh\u00e1c.<\/span><\/span><\/span><\/span><\/span><\/span><\/span><\/li>\n<\/ul>\n<h2 style=\"text-align: justify;\"><span style=\"font-size: 11pt;\"><span style=\"line-height: normal;\"><span style=\"font-family: Calibri,sans-serif;\"><b><span style=\"border: none windowtext 1.0pt; font-size: 13.5pt; padding: 0cm;\"><span style=\"font-family: 'Times New Roman',serif;\"><span style=\"color: #1b1c1d;\">Th\u00f4ng s\u1ed1 k\u1ef9 thu\u1eadt m\u1ee1 Molykote M77\u00a0(1kg)<\/span><\/span><\/span><\/b><\/span><\/span><\/span><\/h2>\n<p><span style=\"font-size: 11pt;\"><span style=\"line-height: normal;\"><span style=\"font-family: Calibri,sans-serif;\"><b><span style=\"border: none windowtext 1.0pt; font-size: 13.5pt; padding: 0cm;\"><span style=\"font-family: 'Times New Roman',serif;\"><span style=\"color: #1b1c1d;\"><img decoding=\"async\" title=\"mo-molykote-m77-1kg-2-1\" src=\"https:\/\/yenhung.com\/wp-content\/uploads\/2025\/11\/mo-molykote-m77-1kg-2-1.jpg\" alt=\"M\u1ee1 Molykote M77 (1kg)\" data-thumb=\"grande\" \/><\/span><\/span><\/span><\/b><\/span><\/span><\/span><\/p>\n<table class=\"MsoTableGridLight\" style=\"border-collapse: collapse; border: solid #bfbfbf 1.0pt;\">\n<tbody>\n<tr>\n<td style=\"border: solid #bfbfbf 1.0pt; padding: 0cm 5.4pt 0cm 5.4pt;\" valign=\"top\">\n<p style=\"text-align: justify;\"><strong><span style=\"font-size: 11pt;\"><span style=\"line-height: normal;\"><span style=\"font-family: Calibri,sans-serif;\"><span style=\"font-size: 12.0pt;\"><span style=\"font-family: 'Times New Roman',serif;\"><span style=\"color: #1b1c1d;\">T\u00ean th\u00f4ng s\u1ed1<\/span><\/span><\/span><\/span><\/span><\/span><\/strong><\/p>\n<\/td>\n<td style=\"border: solid #bfbfbf 1.0pt; border-left: none; padding: 0cm 5.4pt 0cm 5.4pt;\" valign=\"top\">\n<p style=\"text-align: justify;\"><strong><span style=\"font-size: 11pt;\"><span style=\"line-height: normal;\"><span style=\"font-family: Calibri,sans-serif;\"><span style=\"font-size: 12.0pt;\"><span style=\"font-family: 'Times New Roman',serif;\"><span style=\"color: #1b1c1d;\">Ph\u01b0\u01a1ng ph\u00e1p th\u1eed nghi\u1ec7m<\/span><\/span><\/span><\/span><\/span><\/span><\/strong><\/p>\n<\/td>\n<td style=\"border: solid #bfbfbf 1.0pt; border-left: none; padding: 0cm 5.4pt 0cm 5.4pt;\" valign=\"top\">\n<p style=\"text-align: justify;\"><strong><span style=\"font-size: 11pt;\"><span style=\"line-height: normal;\"><span style=\"font-family: Calibri,sans-serif;\"><span style=\"font-size: 12.0pt;\"><span style=\"font-family: 'Times New Roman',serif;\"><span style=\"color: #1b1c1d;\">Gi\u00e1 tr\u1ecb ti\u00eau bi\u1ec3u<\/span><\/span><\/span><\/span><\/span><\/span><\/strong><\/p>\n<\/td>\n<\/tr>\n<tr>\n<td style=\"border: solid #bfbfbf 1.0pt; border-top: none; padding: 0cm 5.4pt 0cm 5.4pt;\" valign=\"top\">\n<p style=\"text-align: justify;\"><span style=\"font-size: 11pt;\"><span style=\"line-height: normal;\"><span style=\"font-family: Calibri,sans-serif;\"><b><span style=\"border: none windowtext 1.0pt; font-size: 12.0pt; padding: 0cm;\"><span style=\"font-family: 'Times New Roman',serif;\"><span style=\"color: #1b1c1d;\">M\u00e0u s\u1eafc<\/span><\/span><\/span><\/b><\/span><\/span><\/span><\/p>\n<\/td>\n<td style=\"border-bottom: solid #bfbfbf 1.0pt; border-top: none; border-left: none; border-right: solid #bfbfbf 1.0pt; padding: 0cm 5.4pt 0cm 5.4pt;\" valign=\"top\">\n<p style=\"text-align: justify;\"><span style=\"font-size: 11pt;\"><span style=\"line-height: normal;\"><span style=\"font-family: Calibri,sans-serif;\"><span style=\"font-size: 12.0pt;\"><span style=\"font-family: 'Times New Roman',serif;\"><span style=\"color: #1b1c1d;\">Quan s\u00e1t<\/span><\/span><\/span><\/span><\/span><\/span><\/p>\n<\/td>\n<td style=\"border-bottom: solid #bfbfbf 1.0pt; border-top: none; border-left: none; border-right: solid #bfbfbf 1.0pt; padding: 0cm 5.4pt 0cm 5.4pt;\" valign=\"top\">\n<p style=\"text-align: justify;\"><span style=\"font-size: 11pt;\"><span style=\"line-height: normal;\"><span style=\"font-family: Calibri,sans-serif;\"><span style=\"font-size: 12.0pt;\"><span style=\"font-family: 'Times New Roman',serif;\"><span style=\"color: #1b1c1d;\">\u0110en<\/span><\/span><\/span><\/span><\/span><\/span><\/p>\n<\/td>\n<\/tr>\n<tr>\n<td style=\"border: solid #bfbfbf 1.0pt; border-top: none; padding: 0cm 5.4pt 0cm 5.4pt;\" valign=\"top\">\n<p style=\"text-align: justify;\"><span style=\"font-size: 11pt;\"><span style=\"line-height: normal;\"><span style=\"font-family: Calibri,sans-serif;\"><b><span style=\"border: none windowtext 1.0pt; font-size: 12.0pt; padding: 0cm;\"><span style=\"font-family: 'Times New Roman',serif;\"><span style=\"color: #1b1c1d;\">Th\u00e0nh ph\u1ea7n c\u01a1 b\u1ea3n<\/span><\/span><\/span><\/b><\/span><\/span><\/span><\/p>\n<\/td>\n<td style=\"border-bottom: 1pt solid #bfbfbf; border-top: none; border-left: none; border-right: 1pt solid #bfbfbf; padding: 0cm 5.4pt; text-align: justify;\" valign=\"top\"><\/td>\n<td style=\"border-bottom: solid #bfbfbf 1.0pt; border-top: none; border-left: none; border-right: solid #bfbfbf 1.0pt; padding: 0cm 5.4pt 0cm 5.4pt;\" valign=\"top\">\n<p style=\"text-align: justify;\"><span style=\"font-size: 11pt;\"><span style=\"line-height: normal;\"><span style=\"font-family: Calibri,sans-serif;\"><span style=\"font-size: 12.0pt;\"><span style=\"font-family: 'Times New Roman',serif;\"><span style=\"color: #1b1c1d;\">D\u1ea7u silicone, molybdenum disulfide<\/span><\/span><\/span><\/span><\/span><\/span><\/p>\n<\/td>\n<\/tr>\n<tr>\n<td style=\"border: solid #bfbfbf 1.0pt; border-top: none; padding: 0cm 5.4pt 0cm 5.4pt;\" valign=\"top\">\n<p style=\"text-align: justify;\"><span style=\"font-size: 11pt;\"><span style=\"line-height: normal;\"><span style=\"font-family: Calibri,sans-serif;\"><b><span style=\"border: none windowtext 1.0pt; font-size: 12.0pt; padding: 0cm;\"><span style=\"font-family: 'Times New Roman',serif;\"><span style=\"color: #1b1c1d;\">D\u1ea3i nhi\u1ec7t \u0111\u1ed9 ho\u1ea1t \u0111\u1ed9ng<\/span><\/span><\/span><\/b><\/span><\/span><\/span><\/p>\n<\/td>\n<td style=\"border-bottom: 1pt solid #bfbfbf; border-top: none; border-left: none; border-right: 1pt solid #bfbfbf; padding: 0cm 5.4pt; text-align: justify;\" valign=\"top\"><\/td>\n<td style=\"border-bottom: solid #bfbfbf 1.0pt; border-top: none; border-left: none; border-right: solid #bfbfbf 1.0pt; padding: 0cm 5.4pt 0cm 5.4pt;\" valign=\"top\">\n<p style=\"text-align: justify;\"><span style=\"font-size: 11pt;\"><span style=\"line-height: normal;\"><span style=\"font-family: Calibri,sans-serif;\"><span style=\"font-size: 12.0pt;\"><span style=\"font-family: 'Times New Roman',serif;\"><span style=\"color: #1b1c1d;\">-45\u00b0C \u0111\u1ebfn +230\u00b0C<\/span><\/span><\/span><\/span><\/span><\/span><\/p>\n<\/td>\n<\/tr>\n<tr>\n<td style=\"border: solid #bfbfbf 1.0pt; border-top: none; padding: 0cm 5.4pt 0cm 5.4pt;\" valign=\"top\">\n<p style=\"text-align: justify;\"><span style=\"font-size: 11pt;\"><span style=\"line-height: normal;\"><span style=\"font-family: Calibri,sans-serif;\"><b><span style=\"border: none windowtext 1.0pt; font-size: 12.0pt; padding: 0cm;\"><span style=\"font-family: 'Times New Roman',serif;\"><span style=\"color: #1b1c1d;\">\u0110\u1ed9 xuy\u00ean kim \u0111\u00e3 nh\u00e0o tr\u1ed9n<\/span><\/span><\/span><\/b><\/span><\/span><\/span><\/p>\n<\/td>\n<td style=\"border-bottom: solid #bfbfbf 1.0pt; border-top: none; border-left: none; border-right: solid #bfbfbf 1.0pt; padding: 0cm 5.4pt 0cm 5.4pt;\" valign=\"top\">\n<p style=\"text-align: justify;\"><span style=\"font-size: 11pt;\"><span style=\"line-height: normal;\"><span style=\"font-family: Calibri,sans-serif;\"><span style=\"font-size: 12.0pt;\"><span style=\"font-family: 'Times New Roman',serif;\"><span style=\"color: #1b1c1d;\">ASTM D 217<\/span><\/span><\/span><\/span><\/span><\/span><\/p>\n<\/td>\n<td style=\"border-bottom: solid #bfbfbf 1.0pt; border-top: none; border-left: none; border-right: solid #bfbfbf 1.0pt; padding: 0cm 5.4pt 0cm 5.4pt;\" valign=\"top\">\n<p style=\"text-align: justify;\"><span style=\"font-size: 11pt;\"><span style=\"line-height: normal;\"><span style=\"font-family: Calibri,sans-serif;\"><span style=\"font-size: 12.0pt;\"><span style=\"font-family: 'Times New Roman',serif;\"><span style=\"color: #1b1c1d;\">260 \u2013 290 mm\/10<\/span><\/span><\/span><\/span><\/span><\/span><\/p>\n<\/td>\n<\/tr>\n<tr>\n<td style=\"border: solid #bfbfbf 1.0pt; border-top: none; padding: 0cm 5.4pt 0cm 5.4pt;\" valign=\"top\">\n<p style=\"text-align: justify;\"><span style=\"font-size: 11pt;\"><span style=\"line-height: normal;\"><span style=\"font-family: Calibri,sans-serif;\"><b><span style=\"border: none windowtext 1.0pt; font-size: 12.0pt; padding: 0cm;\"><span style=\"font-family: 'Times New Roman',serif;\"><span style=\"color: #1b1c1d;\">T\u1ea3i h\u00e0n 4 bi (VKA)<\/span><\/span><\/span><\/b><\/span><\/span><\/span><\/p>\n<\/td>\n<td style=\"border-bottom: solid #bfbfbf 1.0pt; border-top: none; border-left: none; border-right: solid #bfbfbf 1.0pt; padding: 0cm 5.4pt 0cm 5.4pt;\" valign=\"top\">\n<p style=\"text-align: justify;\"><span style=\"font-size: 11pt;\"><span style=\"line-height: normal;\"><span style=\"font-family: Calibri,sans-serif;\"><span style=\"font-size: 12.0pt;\"><span style=\"font-family: 'Times New Roman',serif;\"><span style=\"color: #1b1c1d;\">DIN 51350, p4<\/span><\/span><\/span><\/span><\/span><\/span><\/p>\n<\/td>\n<td style=\"border-bottom: solid #bfbfbf 1.0pt; border-top: none; border-left: none; border-right: solid #bfbfbf 1.0pt; padding: 0cm 5.4pt 0cm 5.4pt;\" valign=\"top\">\n<p style=\"text-align: justify;\"><span style=\"font-size: 11pt;\"><span style=\"line-height: normal;\"><span style=\"font-family: Calibri,sans-serif;\"><span style=\"font-size: 12.0pt;\"><span style=\"font-family: 'Times New Roman',serif;\"><span style=\"color: #1b1c1d;\">&gt;4000 N<\/span><\/span><\/span><\/span><\/span><\/span><\/p>\n<\/td>\n<\/tr>\n<\/tbody>\n<\/table>\n<h2 style=\"text-align: justify;\"><span style=\"font-size: 11pt;\"><span style=\"line-height: normal;\"><span style=\"font-family: Calibri,sans-serif;\"><b><span style=\"border: none windowtext 1.0pt; font-size: 13.5pt; padding: 0cm;\"><span style=\"font-family: 'Times New Roman',serif;\"><span style=\"color: #1b1c1d;\">Quy c\u00e1ch \u0111\u00f3ng g\u00f3i\u00a0m\u1ee1 Molykote M77\u00a0(1kg)<\/span><\/span><\/span><\/b><\/span><\/span><\/span><\/h2>\n<p style=\"margin-bottom: 8px; text-align: justify;\"><span style=\"font-size: 11pt;\"><span style=\"line-height: normal;\"><span style=\"font-family: Calibri,sans-serif;\"><span style=\"font-size: 12.0pt;\"><span style=\"font-family: 'Times New Roman',serif;\"><span style=\"color: #1b1c1d;\">S\u1ea3n ph\u1ea9m Molykote M77 th\u01b0\u1eddng c\u00f3 c\u00e1c quy c\u00e1ch \u0111\u00f3ng g\u00f3i ph\u1ed5 bi\u1ebfn l\u00e0:<\/span><\/span><\/span><\/span><\/span><\/span><\/p>\n<ul>\n<li style=\"text-align: justify;\"><span style=\"font-size: 11pt;\"><span style=\"line-height: normal;\"><span style=\"tab-stops: list 36.0pt;\"><span style=\"font-family: Calibri,sans-serif;\"><span style=\"border: none windowtext 1.0pt; font-size: 12.0pt; padding: 0cm;\"><span style=\"font-family: 'Times New Roman',serif;\"><span style=\"color: #1b1c1d;\">H\u1ed9p 1kg<\/span><\/span><\/span> <\/span><\/span><\/span><\/span><\/li>\n<li style=\"margin-bottom: 8px; text-align: justify;\"><span style=\"font-size: 11pt;\"><span style=\"line-height: normal;\"><span style=\"tab-stops: list 36.0pt;\"><span style=\"font-family: Calibri,sans-serif;\"><span style=\"font-size: 12.0pt;\"><span style=\"font-family: 'Times New Roman',serif;\"><span style=\"color: #1b1c1d;\">Th\u00f9ng 5kg v\u00e0 25kg<\/span><\/span><\/span><\/span><\/span><\/span><\/span><\/li>\n<li style=\"margin-bottom: 8px; text-align: justify;\"><span style=\"font-size: 11pt;\"><span style=\"line-height: normal;\"><span style=\"tab-stops: list 36.0pt;\"><span style=\"font-family: Calibri,sans-serif;\"><span style=\"font-size: 12.0pt;\"><span style=\"font-family: 'Times New Roman',serif;\"><span style=\"color: #1b1c1d;\">C\u00e1c tu\u00fdp nh\u1ecf 100g.<\/span><\/span><\/span><\/span><\/span><\/span><\/span><\/li>\n<\/ul>\n<\/div>\n","protected":false},"excerpt":{"rendered":"<p><strong>T\u00ean sa\u0309n ph\u00e2\u0309m:<\/strong>\u00a0M\u1ee1 Molykote M77 (1kg)<\/p>\n","protected":false},"featured_media":6488,"comment_status":"closed","ping_status":"closed","template":"","meta":[],"product_brand":[],"product_cat":[155],"product_tag":[],"class_list":{"0":"post-6487","1":"product","2":"type-product","3":"status-publish","4":"has-post-thumbnail","6":"product_cat-dupont","8":"first","9":"instock","10":"shipping-taxable","11":"product-type-simple"},"_links":{"self":[{"href":"https:\/\/yenhung.com\/index.php?rest_route=\/wp\/v2\/product\/6487","targetHints":{"allow":["GET"]}}],"collection":[{"href":"https:\/\/yenhung.com\/index.php?rest_route=\/wp\/v2\/product"}],"about":[{"href":"https:\/\/yenhung.com\/index.php?rest_route=\/wp\/v2\/types\/product"}],"replies":[{"embeddable":true,"href":"https:\/\/yenhung.com\/index.php?rest_route=%2Fwp%2Fv2%2Fcomments&post=6487"}],"wp:featuredmedia":[{"embeddable":true,"href":"https:\/\/yenhung.com\/index.php?rest_route=\/wp\/v2\/media\/6488"}],"wp:attachment":[{"href":"https:\/\/yenhung.com\/index.php?rest_route=%2Fwp%2Fv2%2Fmedia&parent=6487"}],"wp:term":[{"taxonomy":"product_brand","embeddable":true,"href":"https:\/\/yenhung.com\/index.php?rest_route=%2Fwp%2Fv2%2Fproduct_brand&post=6487"},{"taxonomy":"product_cat","embeddable":true,"href":"https:\/\/yenhung.com\/index.php?rest_route=%2Fwp%2Fv2%2Fproduct_cat&post=6487"},{"taxonomy":"product_tag","embeddable":true,"href":"https:\/\/yenhung.com\/index.php?rest_route=%2Fwp%2Fv2%2Fproduct_tag&post=6487"}],"curies":[{"name":"wp","href":"https:\/\/api.w.org\/{rel}","templated":true}]}}