{"id":6495,"date":"2025-11-10T07:16:24","date_gmt":"2025-11-10T07:16:24","guid":{"rendered":"https:\/\/yenhung.com\/?product=che-pham-boi-tron-molykote-p-40-v1-1kg"},"modified":"2026-02-11T06:47:10","modified_gmt":"2026-02-11T06:47:10","slug":"che-pham-boi-tron-molykote-p-40-v1-1kg","status":"publish","type":"product","link":"https:\/\/yenhung.com\/?product=che-pham-boi-tron-molykote-p-40-v1-1kg","title":{"rendered":"Ch\u1ebf ph\u1ea9m b\u00f4i tr\u01a1n MOLYKOTE P-40 V1 1kg"},"content":{"rendered":"<div class=\"ba-text-fpt\">\n<h2 style=\"text-align: justify;\"><span style=\"font-weight: bold;\">T\u1ed5ng quan v\u1ec1 M\u1ee1 MOLYKOTE P-40 GREASE &#8211; 1kg<\/span><\/h2>\n<p style=\"text-align: justify;\"><span style=\"font-size: 12pt;\"><b>Molykote P-40 Grease<\/b> (t\u00ean \u0111\u1ea7y \u0111\u1ee7 l\u00e0 <b>Molykote P-40 Paste V1<\/b>) l\u00e0 m\u1ed9t lo\u1ea1i m\u1ee1 ch\u1ed1ng k\u1eb9t d\u1ea1ng b\u1ed9t nh\u00e3o, m\u00e0u n\u00e2u v\u00e0ng, \u0111\u01b0\u1ee3c pha ch\u1ebf t\u1eeb d\u1ea7u g\u1ed1c t\u1ed5ng h\u1ee3p (PAO) v\u00e0 ch\u1ea5t b\u00f4i tr\u01a1n r\u1eafn tr\u1eafng. S\u1ea3n ph\u1ea9m kh\u00f4ng ch\u1ee9a kim lo\u1ea1i, chuy\u00ean d\u00f9ng \u0111\u1ec3 b\u00f4i tr\u01a1n c\u00e1c m\u1ed1i l\u1eafp r\u00e1p, k\u1ebft n\u1ed1i v\u00e0 b\u00f4i tr\u01a1n li\u00ean t\u1ee5c trong nh\u1eefng m\u00f4i tr\u01b0\u1eddng \u0103n m\u00f2n cao nh\u01b0 n\u01a1i c\u00f3 \u0111\u1ed9 \u1ea9m ho\u1eb7c n\u01b0\u1edbc b\u1eafn.<\/span><\/p>\n<p style=\"text-align: justify;\"><span style=\"font-size: 12pt;\">S\u1ea3n ph\u1ea9m n\u00e0y \u0111\u01b0\u1ee3c \u1ee9ng d\u1ee5ng r\u1ed9ng r\u00e3i trong nhi\u1ec1u ng\u00e0nh c\u00f4ng nghi\u1ec7p, \u0111\u1eb7c bi\u1ec7t l\u00e0 cho c\u00e1c b\u1ed9 ph\u1eadn ch\u1ecbu t\u1ea3i v\u00e0 ti\u1ebfp x\u00fac v\u1edbi m\u00f4i tr\u01b0\u1eddng kh\u1eafc nghi\u1ec7t.<\/span><\/p>\n<h2 style=\"margin-bottom: 8px; text-align: justify;\"><span style=\"line-height: normal;\"><b>\u0110\u1eb7c \u0111i\u1ec3m v\u00e0 \u01b0u \u0111i\u1ec3m n\u1ed5i b\u1eadt c\u1ee7a m\u1ee1 MOLYKOTE P-40 GREASE &#8211; 1kg<\/b><\/span><\/h2>\n<p style=\"text-align: center;\"><span style=\"line-height: normal;\"><b><img decoding=\"async\" title=\"mo-molykote-p-40-paste-v1-1kg-chinh-hang-1\" src=\"https:\/\/yenhung.com\/wp-content\/uploads\/2025\/11\/mo-molykote-p-40-paste-v1-1kg-chinh-hang-1.jpg\" alt=\"Ch\u1ebf ph\u1ea9m b\u00f4i tr\u01a1n MOLYKOTE P-40 V1 1kg\" data-thumb=\"grande\" \/><\/b><\/span><\/p>\n<ul>\n<li style=\"text-align: justify;\"><span style=\"font-size: 11pt;\"><span style=\"line-height: normal;\"><b><span style=\"border: none windowtext 1.0pt; font-size: 12.0pt; padding: 0cm;\">Ch\u1ed1ng k\u1eb9t v\u00e0 ch\u1ed1ng m\u00e0i m\u00f2n<\/span><\/b><span style=\"font-size: 12.0pt;\">: M\u1ee1 P-40 t\u1ea1o ra m\u1ed9t l\u1edbp m\u00e0ng b\u1ea3o v\u1ec7 b\u1ec1n v\u1eefng gi\u00fap gi\u1ea3m ma s\u00e1t v\u00e0 ng\u0103n ch\u1eb7n hi\u1ec7n t\u01b0\u1ee3ng k\u1eb9t, \u0111\u1eb7c bi\u1ec7t h\u1eefu \u00edch cho c\u00e1c m\u1ed1i gh\u00e9p ren ho\u1eb7c tr\u1ee5c spline.<\/span><\/span><\/span><\/li>\n<li style=\"text-align: justify;\"><span style=\"font-size: 11pt;\"><span style=\"line-height: normal;\"><b><span style=\"border: none windowtext 1.0pt; font-size: 12.0pt; padding: 0cm;\">D\u1ea3i nhi\u1ec7t \u0111\u1ed9 r\u1ed9ng<\/span><\/b><span style=\"font-size: 12.0pt;\">: M\u1ee1 ho\u1ea1t \u0111\u1ed9ng hi\u1ec7u qu\u1ea3 trong d\u1ea3i nhi\u1ec7t \u0111\u1ed9 t\u1eeb <b><span style=\"border: none windowtext 1.0pt; padding: 0cm;\">-40\u00b0C \u0111\u1ebfn +121\u00b0C<\/span><\/b>. \u0110\u1eb7c bi\u1ec7t, c\u00e1c ch\u1ea5t b\u00f4i tr\u01a1n r\u1eafn trong th\u00e0nh ph\u1ea7n v\u1eabn duy tr\u00ec hi\u1ec7u qu\u1ea3 b\u00f4i tr\u01a1n ngay c\u1ea3 khi d\u1ea7u g\u1ed1c \u0111\u00e3 bay h\u01a1i, cho ph\u00e9p s\u1ea3n ph\u1ea9m ch\u1ecbu \u0111\u01b0\u1ee3c nhi\u1ec7t \u0111\u1ed9 l\u00ean t\u1edbi <b><span style=\"border: none windowtext 1.0pt; padding: 0cm;\">+1093\u00b0C<\/span><\/b>.<\/span><\/span><\/span><\/li>\n<li style=\"text-align: justify;\"><span style=\"font-size: 11pt;\"><span style=\"line-height: normal;\"><b><span style=\"border: none windowtext 1.0pt; font-size: 12.0pt; padding: 0cm;\">Ch\u1ed1ng n\u01b0\u1edbc v\u00e0 \u0103n m\u00f2n<\/span><\/b><span style=\"font-size: 12.0pt;\">: S\u1ea3n ph\u1ea9m c\u00f3 kh\u1ea3 n\u0103ng ch\u1ed1ng n\u01b0\u1edbc v\u00e0 ch\u1ed1ng r\u1eeda tr\u00f4i r\u1ea5t t\u1ed1t, b\u1ea3o v\u1ec7 c\u00e1c b\u1ed9 ph\u1eadn kh\u1ecfi s\u1ef1 \u0103n m\u00f2n do h\u01a1i \u1ea9m, n\u01b0\u1edbc ho\u1eb7c m\u00f4i tr\u01b0\u1eddng h\u00f3a ch\u1ea5t nh\u1eb9.<\/span><\/span><\/span><\/li>\n<li style=\"text-align: justify;\"><span style=\"font-size: 11pt;\"><span style=\"line-height: normal;\"><b><span style=\"border: none windowtext 1.0pt; font-size: 12.0pt; padding: 0cm;\">Kh\u00f4ng ch\u1ee9a kim lo\u1ea1i<\/span><\/b><span style=\"font-size: 12.0pt;\">: P-40 kh\u00f4ng ch\u1ee9a c\u00e1c h\u1ea1t kim lo\u1ea1i nh\u01b0 \u0111\u1ed3ng ho\u1eb7c niken, gi\u00fap n\u00f3 an to\u00e0n h\u01a1n cho ng\u01b0\u1eddi s\u1eed d\u1ee5ng, th\u00e2n thi\u1ec7n v\u1edbi m\u00f4i tr\u01b0\u1eddng v\u00e0 ph\u00f9 h\u1ee3p v\u1edbi nhi\u1ec1u \u1ee9ng d\u1ee5ng nh\u1ea1y c\u1ea3m.<\/span><\/span><\/span><\/li>\n<li style=\"text-align: justify;\"><span style=\"font-size: 11pt;\"><span style=\"line-height: normal;\"><b><span style=\"border: none windowtext 1.0pt; font-size: 12.0pt; padding: 0cm;\">\u0110\u1ed9 b\u00e1m d\u00ednh cao<\/span><\/b><span style=\"font-size: 12.0pt;\">: M\u1ee1 c\u00f3 \u0111\u1ed9 b\u00e1m d\u00ednh t\u1ed1t tr\u00ean b\u1ec1 m\u1eb7t kim lo\u1ea1i, \u0111\u1ea3m b\u1ea3o l\u1edbp b\u00f4i tr\u01a1n kh\u00f4ng b\u1ecb v\u0103ng ra trong qu\u00e1 tr\u00ecnh v\u1eadn h\u00e0nh.<\/span><\/span><\/span><\/li>\n<\/ul>\n<h2 style=\"margin-bottom: 8px; text-align: justify;\"><span style=\"line-height: normal;\"><b>\u1ee8ng d\u1ee5ng ti\u00eau bi\u1ec3u\u00a0c\u1ee7a m\u1ee1 MOLYKOTE P-40 GREASE &#8211; 1kg<\/b><\/span><\/h2>\n<p style=\"text-align: justify;\"><span style=\"line-height: normal;\"><b><img decoding=\"async\" title=\"mo-molykote-p-40-1-2\" src=\"https:\/\/yenhung.com\/wp-content\/uploads\/2025\/11\/mo-molykote-p-40-1-2.jpg\" alt=\"Ch\u1ebf ph\u1ea9m b\u00f4i tr\u01a1n MOLYKOTE P-40 V1 1kg\" data-thumb=\"original\" \/><\/b><\/span><\/p>\n<ul>\n<li style=\"text-align: justify;\"><span style=\"font-size: 11pt;\"><span style=\"line-height: normal;\"><b><span style=\"border: none windowtext 1.0pt; font-size: 12.0pt; padding: 0cm;\">H\u1ec7 th\u1ed1ng phanh<\/span><\/b><span style=\"font-size: 12.0pt;\">: B\u00f4i tr\u01a1n c\u00e1c b\u1ed9 ph\u1eadn c\u1ee7a h\u1ec7 th\u1ed1ng phanh tr\u00ean xe th\u01b0\u01a1ng m\u1ea1i v\u00e0 \u00f4 t\u00f4 \u0111\u1ec3 gi\u1ea3m ma s\u00e1t, ng\u0103n ng\u1eeba ti\u1ebfng \u1ed3n v\u00e0 k\u1eb9t.<\/span><\/span><\/span><\/li>\n<li style=\"text-align: justify;\"><span style=\"font-size: 11pt;\"><span style=\"line-height: normal;\"><b><span style=\"border: none windowtext 1.0pt; font-size: 12.0pt; padding: 0cm;\">L\u1eafp r\u00e1p v\u00e0 k\u1ebft n\u1ed1i<\/span><\/b><span style=\"font-size: 12.0pt;\">: D\u00f9ng cho ren, tr\u1ee5c spline, bu l\u00f4ng, v\u00f2ng bi v\u00e0 c\u00e1c m\u1ed1i gh\u00e9p kim lo\u1ea1i kh\u00e1c \u0111\u1ec3 \u0111\u1ea3m b\u1ea3o vi\u1ec7c th\u00e1o l\u1eafp d\u1ec5 d\u00e0ng, ngay c\u1ea3 sau th\u1eddi gian d\u00e0i ho\u1ea1t \u0111\u1ed9ng.<\/span><\/span><\/span><\/li>\n<li style=\"text-align: justify;\"><span style=\"font-size: 11pt;\"><span style=\"line-height: normal;\"><b><span style=\"border: none windowtext 1.0pt; font-size: 12.0pt; padding: 0cm;\">C\u00f4ng nghi\u1ec7p<\/span><\/b><span style=\"font-size: 12.0pt;\">: B\u00f4i tr\u01a1n c\u00e1c \u1ed5 tr\u01b0\u1ee3t, cam, b\u00e1nh r\u0103ng h\u1edf, v\u00e0 c\u00e1c chi ti\u1ebft ch\u1ecbu t\u1ea3i trong m\u00f4i tr\u01b0\u1eddng \u1ea9m \u01b0\u1edbt, \u0103n m\u00f2n.<\/span><\/span><\/span><\/li>\n<li style=\"text-align: justify;\"><span style=\"font-size: 11pt;\"><span style=\"line-height: normal;\"><b><span style=\"border: none windowtext 1.0pt; font-size: 12.0pt; padding: 0cm;\">H\u00e0ng h\u1ea3i<\/span><\/b><span style=\"font-size: 12.0pt;\">: Th\u00edch h\u1ee3p cho c\u00e1c \u1ee9ng d\u1ee5ng trong m\u00f4i tr\u01b0\u1eddng bi\u1ec3n, n\u01a1i c\u00e1c b\u1ed9 ph\u1eadn th\u01b0\u1eddng xuy\u00ean ti\u1ebfp x\u00fac v\u1edbi n\u01b0\u1edbc m\u1eb7n v\u00e0 h\u01a1i \u1ea9m.<\/span><\/span><\/span><\/li>\n<\/ul>\n<h2 style=\"margin-bottom: 8px; text-align: justify;\"><span style=\"line-height: normal;\"><b>Th\u00f4ng s\u1ed1 k\u1ef9 thu\u1eadt\u00a0c\u1ee7a m\u1ee1 MOLYKOTE P-40 GREASE &#8211; 1kg<\/b><\/span><\/h2>\n<p style=\"text-align: justify;\"><span style=\"line-height: normal;\"><b><img decoding=\"async\" title=\"mo-molykote-p-40-2-1\" src=\"https:\/\/yenhung.com\/wp-content\/uploads\/2025\/11\/mo-molykote-p-40-2-1.jpg\" alt=\"Ch\u1ebf ph\u1ea9m b\u00f4i tr\u01a1n MOLYKOTE P-40 V1 1kg\" data-thumb=\"original\" \/><\/b><\/span><\/p>\n<table class=\"MsoTableGridLight\" style=\"border-collapse: collapse; border: solid #bfbfbf 1.0pt;\">\n<tbody>\n<tr>\n<td style=\"border: solid #bfbfbf 1.0pt; padding: 0cm 5.4pt 0cm 5.4pt;\" valign=\"top\">\n<p style=\"text-align: justify;\"><strong><span style=\"font-size: 11pt;\"><span style=\"line-height: normal;\"><span style=\"font-size: 12.0pt;\">T\u00ean th\u00f4ng s\u1ed1<\/span><\/span><\/span><\/strong><\/p>\n<\/td>\n<td style=\"border: solid #bfbfbf 1.0pt; border-left: none; padding: 0cm 5.4pt 0cm 5.4pt;\" valign=\"top\">\n<p style=\"text-align: justify;\"><strong><span style=\"font-size: 11pt;\"><span style=\"line-height: normal;\"><span style=\"font-size: 12.0pt;\">Ph\u01b0\u01a1ng ph\u00e1p th\u1eed nghi\u1ec7m<\/span><\/span><\/span><\/strong><\/p>\n<\/td>\n<td style=\"border: solid #bfbfbf 1.0pt; border-left: none; padding: 0cm 5.4pt 0cm 5.4pt;\" valign=\"top\">\n<p style=\"text-align: justify;\"><strong><span style=\"font-size: 11pt;\"><span style=\"line-height: normal;\"><span style=\"font-size: 12.0pt;\">Gi\u00e1 tr\u1ecb<\/span><\/span><\/span><\/strong><\/p>\n<\/td>\n<\/tr>\n<tr>\n<td style=\"border: solid #bfbfbf 1.0pt; border-top: none; padding: 0cm 5.4pt 0cm 5.4pt;\" valign=\"top\">\n<p style=\"text-align: justify;\"><span style=\"font-size: 11pt;\"><span style=\"line-height: normal;\"><span style=\"border: none windowtext 1.0pt; font-size: 12.0pt; padding: 0cm;\">M\u00e0u s\u1eafc<\/span><\/span><\/span><\/p>\n<\/td>\n<td style=\"border-bottom: solid #bfbfbf 1.0pt; border-top: none; border-left: none; border-right: solid #bfbfbf 1.0pt; padding: 0cm 5.4pt 0cm 5.4pt;\" valign=\"top\">\n<p style=\"text-align: justify;\"><span style=\"font-size: 11pt;\"><span style=\"line-height: normal;\"><span style=\"font-size: 12.0pt;\">Quan s\u00e1t<\/span><\/span><\/span><\/p>\n<\/td>\n<td style=\"border-bottom: solid #bfbfbf 1.0pt; border-top: none; border-left: none; border-right: solid #bfbfbf 1.0pt; padding: 0cm 5.4pt 0cm 5.4pt;\" valign=\"top\">\n<p style=\"text-align: justify;\"><span style=\"font-size: 11pt;\"><span style=\"line-height: normal;\"><span style=\"font-size: 12.0pt;\">N\u00e2u v\u00e0ng<\/span><\/span><\/span><\/p>\n<\/td>\n<\/tr>\n<tr>\n<td style=\"border: solid #bfbfbf 1.0pt; border-top: none; padding: 0cm 5.4pt 0cm 5.4pt;\" valign=\"top\">\n<p style=\"text-align: justify;\"><span style=\"font-size: 11pt;\"><span style=\"line-height: normal;\"><span style=\"border: none windowtext 1.0pt; font-size: 12.0pt; padding: 0cm;\">Th\u00e0nh ph\u1ea7n c\u01a1 b\u1ea3n<\/span><\/span><\/span><\/p>\n<\/td>\n<td style=\"border-bottom: 1pt solid #bfbfbf; border-top: none; border-left: none; border-right: 1pt solid #bfbfbf; padding: 0cm 5.4pt; text-align: justify;\" valign=\"top\"><\/td>\n<td style=\"border-bottom: solid #bfbfbf 1.0pt; border-top: none; border-left: none; border-right: solid #bfbfbf 1.0pt; padding: 0cm 5.4pt 0cm 5.4pt;\" valign=\"top\">\n<p style=\"text-align: justify;\"><span style=\"font-size: 11pt;\"><span style=\"line-height: normal;\"><span style=\"font-size: 12.0pt;\">D\u1ea7u g\u1ed1c t\u1ed5ng h\u1ee3p (PAO)<\/span><\/span><\/span><\/p>\n<\/td>\n<\/tr>\n<tr>\n<td style=\"border: solid #bfbfbf 1.0pt; border-top: none; padding: 0cm 5.4pt 0cm 5.4pt;\" valign=\"top\">\n<p style=\"text-align: justify;\"><span style=\"font-size: 11pt;\"><span style=\"line-height: normal;\"><span style=\"border: none windowtext 1.0pt; font-size: 12.0pt; padding: 0cm;\">Nhi\u1ec7t \u0111\u1ed9 ho\u1ea1t \u0111\u1ed9ng<\/span><\/span><\/span><\/p>\n<\/td>\n<td style=\"border-bottom: 1pt solid #bfbfbf; border-top: none; border-left: none; border-right: 1pt solid #bfbfbf; padding: 0cm 5.4pt; text-align: justify;\" valign=\"top\"><\/td>\n<td style=\"border-bottom: solid #bfbfbf 1.0pt; border-top: none; border-left: none; border-right: solid #bfbfbf 1.0pt; padding: 0cm 5.4pt 0cm 5.4pt;\" valign=\"top\">\n<p style=\"text-align: justify;\"><span style=\"font-size: 11pt;\"><span style=\"line-height: normal;\"><span style=\"font-size: 12.0pt;\">-40\u00b0C \u0111\u1ebfn +1093\u00b0C<\/span><\/span><\/span><\/p>\n<\/td>\n<\/tr>\n<tr>\n<td style=\"border: solid #bfbfbf 1.0pt; border-top: none; padding: 0cm 5.4pt 0cm 5.4pt;\" valign=\"top\">\n<p style=\"text-align: justify;\"><span style=\"font-size: 11pt;\"><span style=\"line-height: normal;\"><span style=\"border: none windowtext 1.0pt; font-size: 12.0pt; padding: 0cm;\">\u0110\u1ed9 xuy\u00ean kim ch\u01b0a nh\u00e0o tr\u1ed9n<\/span><\/span><\/span><\/p>\n<\/td>\n<td style=\"border-bottom: solid #bfbfbf 1.0pt; border-top: none; border-left: none; border-right: solid #bfbfbf 1.0pt; padding: 0cm 5.4pt 0cm 5.4pt;\" valign=\"top\">\n<p style=\"text-align: justify;\"><span style=\"font-size: 11pt;\"><span style=\"line-height: normal;\"><span style=\"font-size: 12.0pt;\">ISO 2137<\/span><\/span><\/span><\/p>\n<\/td>\n<td style=\"border-bottom: solid #bfbfbf 1.0pt; border-top: none; border-left: none; border-right: solid #bfbfbf 1.0pt; padding: 0cm 5.4pt 0cm 5.4pt;\" valign=\"top\">\n<p style=\"text-align: justify;\"><span style=\"font-size: 11pt;\"><span style=\"line-height: normal;\"><span style=\"font-size: 12.0pt;\">310-350 mm\/10<\/span><\/span><\/span><\/p>\n<\/td>\n<\/tr>\n<tr>\n<td style=\"border: solid #bfbfbf 1.0pt; border-top: none; padding: 0cm 5.4pt 0cm 5.4pt;\" valign=\"top\">\n<p style=\"text-align: justify;\"><span style=\"font-size: 11pt;\"><span style=\"line-height: normal;\"><span style=\"border: none windowtext 1.0pt; font-size: 12.0pt; padding: 0cm;\">\u0110i\u1ec3m nh\u1ecf gi\u1ecdt<\/span><\/span><\/span><\/p>\n<\/td>\n<td style=\"border-bottom: solid #bfbfbf 1.0pt; border-top: none; border-left: none; border-right: solid #bfbfbf 1.0pt; padding: 0cm 5.4pt 0cm 5.4pt;\" valign=\"top\">\n<p style=\"text-align: justify;\"><span style=\"font-size: 11pt;\"><span style=\"line-height: normal;\"><span style=\"font-size: 12.0pt;\">DIN 2176<\/span><\/span><\/span><\/p>\n<\/td>\n<td style=\"border-bottom: solid #bfbfbf 1.0pt; border-top: none; border-left: none; border-right: solid #bfbfbf 1.0pt; padding: 0cm 5.4pt 0cm 5.4pt;\" valign=\"top\">\n<p style=\"text-align: justify;\"><span style=\"font-size: 11pt;\"><span style=\"line-height: normal;\"><span style=\"font-size: 12.0pt;\">Kh\u00f4ng c\u00f3<\/span><\/span><\/span><\/p>\n<\/td>\n<\/tr>\n<tr>\n<td style=\"border: solid #bfbfbf 1.0pt; border-top: none; padding: 0cm 5.4pt 0cm 5.4pt;\" valign=\"top\">\n<p style=\"text-align: justify;\"><span style=\"font-size: 11pt;\"><span style=\"line-height: normal;\"><span style=\"border: none windowtext 1.0pt; font-size: 12.0pt; padding: 0cm;\">T\u1ea3i h\u00e0n 4 bi (VKA)<\/span><\/span><\/span><\/p>\n<\/td>\n<td style=\"border-bottom: solid #bfbfbf 1.0pt; border-top: none; border-left: none; border-right: solid #bfbfbf 1.0pt; padding: 0cm 5.4pt 0cm 5.4pt;\" valign=\"top\">\n<p style=\"text-align: justify;\"><span style=\"font-size: 11pt;\"><span style=\"line-height: normal;\"><span style=\"font-size: 12.0pt;\">DIN 51 350, p4<\/span><\/span><\/span><\/p>\n<\/td>\n<td style=\"border-bottom: solid #bfbfbf 1.0pt; border-top: none; border-left: none; border-right: solid #bfbfbf 1.0pt; padding: 0cm 5.4pt 0cm 5.4pt;\" valign=\"top\">\n<p style=\"text-align: justify;\"><span style=\"font-size: 11pt;\"><span style=\"line-height: normal;\"><span style=\"font-size: 12.0pt;\">3000 N<\/span><\/span><\/span><\/p>\n<\/td>\n<\/tr>\n<\/tbody>\n<\/table>\n<h2 style=\"margin-bottom: 8px; text-align: justify;\"><span style=\"line-height: normal;\"><b>Quy c\u00e1ch \u0111\u00f3ng g\u00f3i v\u00e0 Ph\u01b0\u01a1ng ph\u00e1p s\u1eed d\u1ee5ng\u00a0m\u1ee1 MOLYKOTE P-40 GREASE &#8211; 1kg<\/b><\/span><\/h2>\n<ul>\n<li style=\"text-align: justify;\"><span style=\"font-size: 11pt;\"><span style=\"line-height: normal;\"><b><span style=\"border: none windowtext 1.0pt; font-size: 12.0pt; padding: 0cm;\">Quy c\u00e1ch \u0111\u00f3ng g\u00f3i<\/span><\/b><span style=\"font-size: 12.0pt;\">: M\u1ee1 <b><span style=\"border: none windowtext 1.0pt; padding: 0cm;\">Molykote P-40<\/span><\/b> th\u01b0\u1eddng c\u00f3 c\u00e1c quy c\u00e1ch \u0111\u00f3ng g\u00f3i ph\u1ed5 bi\u1ebfn l\u00e0 <b><span style=\"border: none windowtext 1.0pt; padding: 0cm;\">h\u1ed9p 1kg<\/span><\/b> v\u00e0 th\u00f9ng phuy 25kg.<\/span><\/span><\/span><\/li>\n<li style=\"text-align: justify;\"><span style=\"font-size: 11pt;\"><span style=\"line-height: normal;\"><b><span style=\"border: none windowtext 1.0pt; font-size: 12.0pt; padding: 0cm;\">Ph\u01b0\u01a1ng ph\u00e1p s\u1eed d\u1ee5ng<\/span><\/b><span style=\"font-size: 12.0pt;\">: Tr\u01b0\u1edbc khi b\u00f4i tr\u01a1n, h\u00e3y l\u00e0m s\u1ea1ch b\u1ec1 m\u1eb7t kh\u1ecfi b\u1ee5i b\u1ea9n v\u00e0 c\u00e1c ch\u1ea5t b\u00f4i tr\u01a1n c\u0169. Sau \u0111\u00f3, d\u00f9ng c\u1ecd, v\u1ea3i ho\u1eb7c s\u00fang b\u1eafn m\u1ee1 \u0111\u1ec3 b\u00f4i m\u1ed9t l\u1edbp m\u1ecfng, \u0111\u1ec1u l\u00ean b\u1ec1 m\u1eb7t c\u1ea7n b\u00f4i tr\u01a1n.<\/span><\/span><\/span><\/li>\n<\/ul>\n<\/div>\n","protected":false},"excerpt":{"rendered":"<p style=\"margin-bottom: 11px;\"><span style=\"font-size: 11pt;\"><span style=\"line-height: 107%;\"><strong><span style=\"font-size: 12.0pt;\"><span style=\"line-height: 107%;\">T\u00ean sa\u0309n ph\u00e2\u0309m:\u00a0<\/span><\/span><\/strong><span style=\"font-size: 12.0pt;\"><span style=\"line-height: 107%;\">M\u1ee1 MOLYKOTE P-40 GREASE &#8211; 1kg<\/p>\n<p><\/span><\/span><\/span><\/span><\/p>\n","protected":false},"featured_media":6496,"comment_status":"closed","ping_status":"closed","template":"","meta":[],"product_brand":[],"product_cat":[155],"product_tag":[],"class_list":{"0":"post-6495","1":"product","2":"type-product","3":"status-publish","4":"has-post-thumbnail","6":"product_cat-dupont","8":"first","9":"instock","10":"shipping-taxable","11":"product-type-simple"},"_links":{"self":[{"href":"https:\/\/yenhung.com\/index.php?rest_route=\/wp\/v2\/product\/6495","targetHints":{"allow":["GET"]}}],"collection":[{"href":"https:\/\/yenhung.com\/index.php?rest_route=\/wp\/v2\/product"}],"about":[{"href":"https:\/\/yenhung.com\/index.php?rest_route=\/wp\/v2\/types\/product"}],"replies":[{"embeddable":true,"href":"https:\/\/yenhung.com\/index.php?rest_route=%2Fwp%2Fv2%2Fcomments&post=6495"}],"wp:featuredmedia":[{"embeddable":true,"href":"https:\/\/yenhung.com\/index.php?rest_route=\/wp\/v2\/media\/6496"}],"wp:attachment":[{"href":"https:\/\/yenhung.com\/index.php?rest_route=%2Fwp%2Fv2%2Fmedia&parent=6495"}],"wp:term":[{"taxonomy":"product_brand","embeddable":true,"href":"https:\/\/yenhung.com\/index.php?rest_route=%2Fwp%2Fv2%2Fproduct_brand&post=6495"},{"taxonomy":"product_cat","embeddable":true,"href":"https:\/\/yenhung.com\/index.php?rest_route=%2Fwp%2Fv2%2Fproduct_cat&post=6495"},{"taxonomy":"product_tag","embeddable":true,"href":"https:\/\/yenhung.com\/index.php?rest_route=%2Fwp%2Fv2%2Fproduct_tag&post=6495"}],"curies":[{"name":"wp","href":"https:\/\/api.w.org\/{rel}","templated":true}]}}