{"id":6503,"date":"2025-11-10T07:16:31","date_gmt":"2025-11-10T07:16:31","guid":{"rendered":"https:\/\/yenhung.com\/?product=mo-molykote-165-lt-5kg-xo"},"modified":"2026-02-11T06:40:43","modified_gmt":"2026-02-11T06:40:43","slug":"mo-molykote-165-lt-5kg-xo","status":"publish","type":"product","link":"https:\/\/yenhung.com\/?product=mo-molykote-165-lt-5kg-xo","title":{"rendered":"M\u1ee1 Molykote 165 LT (5kg\/x\u00f4)"},"content":{"rendered":"<div class=\"ba-text-fpt\">\n<h2 style=\"margin-top: 3px;\"><span style=\"line-height: 107%;\"><span style=\"font-weight: normal;\"><b><span style=\"border: 1pt none windowtext; padding: 0cm;\">T\u1ed5ng quan v\u1ec1 M\u1ee1 Molykote 165 LT<\/span><\/b><\/span><\/span><\/h2>\n<p><span style=\"font-size: 12pt;\"><b><span style=\"border: 1pt none windowtext; padding: 0cm;\">Molykote 165 LT<\/span><\/b> l\u00e0 m\u1ed9t lo\u1ea1i m\u1ee1 b\u00f4i tr\u01a1n d\u1ea1ng \u0111\u1eb7c, m\u00e0u n\u00e2u \u0111en, \u0111\u01b0\u1ee3c pha ch\u1ebf \u0111\u1eb7c bi\u1ec7t \u0111\u1ec3 b\u00f4i tr\u01a1n v\u00e0 b\u1ea3o v\u1ec7 c\u00e1c lo\u1ea1i <b><span style=\"border: none windowtext 1.0pt; padding: 0cm;\">d\u00e2y c\u00e1p th\u00e9p<\/span><\/b> (wire rope) v\u00e0 d\u00e2y x\u00edch trong nh\u1eefng m\u00f4i tr\u01b0\u1eddng l\u00e0m vi\u1ec7c kh\u1eafc nghi\u1ec7t. S\u1ea3n ph\u1ea9m n\u00e0y n\u1ed5i b\u1eadt v\u1edbi kh\u1ea3 n\u0103ng ch\u1ed1ng \u0103n m\u00f2n v\u00e0 g\u1ec9 s\u00e9t do t\u00e1c \u0111\u1ed9ng c\u1ee7a n\u01b0\u1edbc v\u00e0 c\u00e1c t\u00e1c nh\u00e2n t\u1eeb m\u00f4i tr\u01b0\u1eddng bi\u1ec3n.<\/span><\/p>\n<h2 style=\"margin-bottom: 8px;\"><strong>M\u1ee1 <\/strong><b><span style=\"border: 1pt none windowtext; padding: 0cm;\">Molykote 165 LT<\/span><\/b> <strong>\u0111\u01b0\u1ee3c \u1ee9ng d\u1ee5ng:<\/strong><\/h2>\n<p style=\"text-align: center;\"><img decoding=\"async\" title=\"165-lt-2\" src=\"https:\/\/yenhung.com\/wp-content\/uploads\/2025\/11\/165-lt-2.jpg\" alt=\"M\u1ee1 Molykote 165 LT (5kg\/x\u00f4)\" data-thumb=\"grande\" \/><\/p>\n<p style=\"margin-bottom: 8px;\"><span style=\"font-size: 12pt;\">trong c\u00e1c ng\u00e0nh c\u00f4ng nghi\u1ec7p \u0111\u00f2i h\u1ecfi \u0111\u1ed9 b\u1ec1n v\u00e0 an to\u00e0n cao, bao g\u1ed3m:<\/span><\/p>\n<ul>\n<li style=\"margin-bottom: 11px;\"><span style=\"font-size: 11pt;\"><span style=\"line-height: normal;\"><b><span style=\"border: 1pt none windowtext; padding: 0cm;\">H\u00e0ng h\u1ea3i v\u00e0 ngo\u00e0i kh\u01a1i<\/span><\/b>: B\u00f4i tr\u01a1n v\u00e0 b\u1ea3o v\u1ec7 d\u00e2y c\u00e1p c\u1ee7a c\u1ea7n c\u1ea9u, d\u00e2y neo, v\u00e0 c\u00e1c thi\u1ebft b\u1ecb tr\u00ean t\u00e0u bi\u1ec3n, gi\u00e0n khoan.<\/span><\/span><\/li>\n<li style=\"margin-bottom: 11px;\"><span style=\"font-size: 11pt;\"><span style=\"line-height: normal;\"><b><span style=\"border: 1pt none windowtext; padding: 0cm;\">X\u00e2y d\u1ef1ng v\u00e0 khai th\u00e1c m\u1ecf<\/span><\/b>: D\u00f9ng cho d\u00e2y c\u00e1p c\u1ee7a m\u00e1y \u0111\u00e0o, c\u1ea7n c\u1ea9u, v\u00e0 c\u00e1c thi\u1ebft b\u1ecb n\u00e2ng h\u1ea1 h\u1ea1ng n\u1eb7ng.<\/span><\/span><\/li>\n<li style=\"margin-bottom: 11px;\"><span style=\"font-size: 11pt;\"><span style=\"line-height: normal;\"><b><span style=\"border: 1pt none windowtext; padding: 0cm;\">C\u00f4ng nghi\u1ec7p n\u1eb7ng<\/span><\/b>: B\u00f4i tr\u01a1n c\u00e1c d\u00e2y x\u00edch ch\u1ecbu t\u1ea3i l\u1edbn, c\u00e1p k\u00e9o, v\u00e0 c\u00e1c kh\u1edbp n\u1ed1i.<\/span><\/span><\/li>\n<\/ul>\n<h2 style=\"margin-top: 3px;\"><strong><span style=\"line-height: 107%;\">\u0110\u1eb7c \u0111i\u1ec3m v\u00e0 \u01b0u \u0111i\u1ec3m n\u1ed5i b\u1eadt c\u1ee7a M\u1ee1<span style=\"font-weight: normal;\">\u00a0<\/span><span style=\"border: 1pt none windowtext; padding: 0cm;\">Molykote 165 LT<\/span><\/span><\/strong><\/h2>\n<ul>\n<li style=\"margin-bottom: 11px;\"><span style=\"font-size: 11pt;\"><span style=\"line-height: normal;\"><b><span style=\"border: 1pt none windowtext; padding: 0cm;\">B\u1ea3o v\u1ec7 to\u00e0n di\u1ec7n<\/span><\/b>: M\u1ee1 Molykote 165 LT t\u1ea1o ra m\u1ed9t l\u1edbp m\u00e0ng b\u1ea3o v\u1ec7 d\u1ebbo, b\u1ec1n ch\u1eafc, gi\u00fap ng\u0103n ng\u1eeba g\u1ec9 s\u00e9t v\u00e0 \u0103n m\u00f2n, \u0111\u1eb7c bi\u1ec7t hi\u1ec7u qu\u1ea3 trong m\u00f4i tr\u01b0\u1eddng n\u01b0\u1edbc m\u1eb7n v\u00e0 \u1ea9m \u01b0\u1edbt.<\/span><\/span><\/li>\n<li style=\"margin-bottom: 11px;\"><span style=\"font-size: 11pt;\"><span style=\"line-height: normal;\"><b><span style=\"border: 1pt none windowtext; padding: 0cm;\">Kh\u1ea3 n\u0103ng b\u00e1m d\u00ednh cao<\/span><\/b>: M\u1ee1 b\u00e1m ch\u1eb7t v\u00e0o b\u1ec1 m\u1eb7t c\u00e1p, kh\u00f4ng b\u1ecb v\u0103ng ra ngay c\u1ea3 khi ho\u1ea1t \u0111\u1ed9ng \u1edf t\u1ed1c \u0111\u1ed9 cao, gi\u00fap b\u1ea3o v\u1ec7 hi\u1ec7u qu\u1ea3 v\u00e0 k\u00e9o d\u00e0i th\u1eddi gian t\u00e1i b\u00f4i tr\u01a1n.<\/span><\/span><\/li>\n<li style=\"margin-bottom: 11px;\"><span style=\"font-size: 11pt;\"><span style=\"line-height: normal;\"><b><span style=\"border: 1pt none windowtext; padding: 0cm;\">D\u1ea3i nhi\u1ec7t \u0111\u1ed9 r\u1ed9ng<\/span><\/b>: S\u1ea3n ph\u1ea9m duy tr\u00ec hi\u1ec7u su\u1ea5t \u1ed5n \u0111\u1ecbnh trong ph\u1ea1m vi nhi\u1ec7t \u0111\u1ed9 t\u1eeb <b><span style=\"border: none windowtext 1.0pt; padding: 0cm;\">-15\u00b0C \u0111\u1ebfn +120\u00b0C<\/span><\/b>, ph\u00f9 h\u1ee3p v\u1edbi nhi\u1ec1u \u0111i\u1ec1u ki\u1ec7n kh\u00ed h\u1eadu kh\u00e1c nhau.<\/span><\/span><\/li>\n<li style=\"margin-bottom: 11px;\"><span style=\"font-size: 11pt;\"><span style=\"line-height: normal;\"><b><span style=\"border: 1pt none windowtext; padding: 0cm;\">D\u1ec5 s\u1eed d\u1ee5ng<\/span><\/b>: M\u1ee1 c\u00f3 th\u1ec3 \u0111\u01b0\u1ee3c b\u00f4i b\u1eb1ng c\u1ecd qu\u00e9t, ho\u1eb7c d\u00f9ng h\u1ec7 th\u1ed1ng b\u00f4i tr\u01a1n t\u1ef1 \u0111\u1ed9ng \u0111\u1ec3 \u0111\u1ea3m b\u1ea3o l\u1edbp m\u00e0ng b\u00f4i tr\u01a1n \u0111\u1ed3ng \u0111\u1ec1u.<\/span><\/span><\/li>\n<\/ul>\n<h2 style=\"margin-top: 3px;\"><\/h2>\n<h2 style=\"margin-top: 3px;\"><strong>Th\u00f4ng s\u1ed1 k\u1ef9 thu\u1eadt\u00a0c\u1ee7a\u00a0M\u1ee1 <span style=\"border: 1pt none windowtext; padding: 0cm;\">Molykote 165 LT<\/span><\/strong><\/h2>\n<p style=\"text-align: center;\"><img decoding=\"async\" title=\"mo-molykote-165-lt-5kg-xo-jpeg-1\" src=\"https:\/\/yenhung.com\/wp-content\/uploads\/2025\/11\/mo-molykote-165-lt-5kg-xo-jpeg-1.jpg\" alt=\"M\u1ee1 Molykote 165 LT (5kg\/x\u00f4)\" data-thumb=\"1024x1024\" \/><\/p>\n<table class=\"Table\" style=\"border-collapse: collapse; border: solid #bfbfbf 1.0pt;\">\n<tbody>\n<tr>\n<td style=\"border: solid #bfbfbf 1.0pt; padding: 0cm 5.4pt 0cm 5.4pt;\" valign=\"top\"><strong><span style=\"font-size: 12pt;\">T\u00ean th\u00f4ng s\u1ed1<\/span><\/strong><\/td>\n<td style=\"border: solid #bfbfbf 1.0pt; border-left: none; padding: 0cm 5.4pt 0cm 5.4pt;\" valign=\"top\"><strong><span style=\"font-size: 12pt;\">Ph\u01b0\u01a1ng ph\u00e1p ki\u1ec3m tra<\/span><\/strong><\/td>\n<td style=\"border: solid #bfbfbf 1.0pt; border-left: none; padding: 0cm 5.4pt 0cm 5.4pt;\" valign=\"top\"><strong><span style=\"font-size: 12pt;\">Gi\u00e1 tr\u1ecb ti\u00eau<\/span><\/strong><\/td>\n<\/tr>\n<tr>\n<td style=\"border: solid #bfbfbf 1.0pt; border-top: none; padding: 0cm 5.4pt 0cm 5.4pt;\" valign=\"top\"><span style=\"font-size: 12pt;\"><span style=\"border: 1pt none windowtext; padding: 0cm;\">M\u00e0u s\u1eafc<\/span><\/span><\/td>\n<td style=\"border-bottom: solid #bfbfbf 1.0pt; border-top: none; border-left: none; border-right: solid #bfbfbf 1.0pt; padding: 0cm 5.4pt 0cm 5.4pt;\" valign=\"top\"><span style=\"font-size: 12pt;\">Quan s\u00e1t<\/span><\/td>\n<td style=\"border-bottom: solid #bfbfbf 1.0pt; border-top: none; border-left: none; border-right: solid #bfbfbf 1.0pt; padding: 0cm 5.4pt 0cm 5.4pt;\" valign=\"top\"><span style=\"font-size: 12pt;\">N\u00e2u \u0111en<\/span><\/td>\n<\/tr>\n<tr>\n<td style=\"border: solid #bfbfbf 1.0pt; border-top: none; padding: 0cm 5.4pt 0cm 5.4pt;\" valign=\"top\"><span style=\"font-size: 12pt;\"><span style=\"border: 1pt none windowtext; padding: 0cm;\">Th\u00e0nh ph\u1ea7n c\u01a1 b\u1ea3n<\/span><\/span><\/td>\n<td style=\"border-bottom: solid #bfbfbf 1.0pt; border-top: none; border-left: none; border-right: solid #bfbfbf 1.0pt; padding: 0cm 5.4pt 0cm 5.4pt;\" valign=\"top\"><\/td>\n<td style=\"border-bottom: solid #bfbfbf 1.0pt; border-top: none; border-left: none; border-right: solid #bfbfbf 1.0pt; padding: 0cm 5.4pt 0cm 5.4pt;\" valign=\"top\"><span style=\"font-size: 12pt;\">D\u1ea7u kho\u00e1ng<\/span><\/td>\n<\/tr>\n<tr>\n<td style=\"border: solid #bfbfbf 1.0pt; border-top: none; padding: 0cm 5.4pt 0cm 5.4pt;\" valign=\"top\"><span style=\"font-size: 12pt;\"><span style=\"border: 1pt none windowtext; padding: 0cm;\">Ch\u1ea5t l\u00e0m \u0111\u1eb7c<\/span><\/span><\/td>\n<td style=\"border-bottom: solid #bfbfbf 1.0pt; border-top: none; border-left: none; border-right: solid #bfbfbf 1.0pt; padding: 0cm 5.4pt 0cm 5.4pt;\" valign=\"top\"><\/td>\n<td style=\"border-bottom: solid #bfbfbf 1.0pt; border-top: none; border-left: none; border-right: solid #bfbfbf 1.0pt; padding: 0cm 5.4pt 0cm 5.4pt;\" valign=\"top\"><span style=\"font-size: 12pt;\">Lithium<\/span><\/td>\n<\/tr>\n<tr>\n<td style=\"border: solid #bfbfbf 1.0pt; border-top: none; padding: 0cm 5.4pt 0cm 5.4pt;\" valign=\"top\"><span style=\"font-size: 12pt;\"><span style=\"border: 1pt none windowtext; padding: 0cm;\">Nhi\u1ec7t \u0111\u1ed9 ho\u1ea1t \u0111\u1ed9ng<\/span><\/span><\/td>\n<td style=\"border-bottom: solid #bfbfbf 1.0pt; border-top: none; border-left: none; border-right: solid #bfbfbf 1.0pt; padding: 0cm 5.4pt 0cm 5.4pt;\" valign=\"top\"><\/td>\n<td style=\"border-bottom: solid #bfbfbf 1.0pt; border-top: none; border-left: none; border-right: solid #bfbfbf 1.0pt; padding: 0cm 5.4pt 0cm 5.4pt;\" valign=\"top\"><span style=\"font-size: 12pt;\">-15\u00b0C \u0111\u1ebfn +120\u00b0C<\/span><\/td>\n<\/tr>\n<tr>\n<td style=\"border: solid #bfbfbf 1.0pt; border-top: none; padding: 0cm 5.4pt 0cm 5.4pt;\" valign=\"top\"><span style=\"font-size: 12pt;\"><span style=\"border: 1pt none windowtext; padding: 0cm;\">\u0110\u1ed9 xuy\u00ean kim \u0111\u00e3 nh\u00e0o tr\u1ed9n<\/span><\/span><\/td>\n<td style=\"border-bottom: solid #bfbfbf 1.0pt; border-top: none; border-left: none; border-right: solid #bfbfbf 1.0pt; padding: 0cm 5.4pt 0cm 5.4pt;\" valign=\"top\"><span style=\"font-size: 12pt;\">ASTM D 217<\/span><\/td>\n<td style=\"border-bottom: solid #bfbfbf 1.0pt; border-top: none; border-left: none; border-right: solid #bfbfbf 1.0pt; padding: 0cm 5.4pt 0cm 5.4pt;\" valign=\"top\"><span style=\"font-size: 12pt;\">265 &#8211; 295<\/span><\/td>\n<\/tr>\n<tr>\n<td style=\"border: solid #bfbfbf 1.0pt; border-top: none; padding: 0cm 5.4pt 0cm 5.4pt;\" valign=\"top\"><span style=\"font-size: 12pt;\"><span style=\"border: 1pt none windowtext; padding: 0cm;\">\u0110i\u1ec3m nh\u1ecf gi\u1ecdt<\/span><\/span><\/td>\n<td style=\"border-bottom: solid #bfbfbf 1.0pt; border-top: none; border-left: none; border-right: solid #bfbfbf 1.0pt; padding: 0cm 5.4pt 0cm 5.4pt;\" valign=\"top\"><span style=\"font-size: 12pt;\">ASTM D 2265<\/span><\/td>\n<td style=\"border-bottom: solid #bfbfbf 1.0pt; border-top: none; border-left: none; border-right: solid #bfbfbf 1.0pt; padding: 0cm 5.4pt 0cm 5.4pt;\" valign=\"top\"><span style=\"font-size: 12pt;\">180\u00b0C<\/span><\/td>\n<\/tr>\n<tr>\n<td style=\"border: solid #bfbfbf 1.0pt; border-top: none; padding: 0cm 5.4pt 0cm 5.4pt;\" valign=\"top\"><span style=\"font-size: 12pt;\"><span style=\"border: 1pt none windowtext; padding: 0cm;\">Ch\u1ed1ng \u0103n m\u00f2n (N\u01b0\u1edbc mu\u1ed1i)<\/span><\/span><\/td>\n<td style=\"border-bottom: solid #bfbfbf 1.0pt; border-top: none; border-left: none; border-right: solid #bfbfbf 1.0pt; padding: 0cm 5.4pt 0cm 5.4pt;\" valign=\"top\"><span style=\"font-size: 12pt;\">DIN 51802<\/span><\/td>\n<td style=\"border-bottom: solid #bfbfbf 1.0pt; border-top: none; border-left: none; border-right: solid #bfbfbf 1.0pt; padding: 0cm 5.4pt 0cm 5.4pt;\" valign=\"top\"><span style=\"font-size: 12pt;\">0 &#8211; 0<\/span><\/td>\n<\/tr>\n<tr>\n<td style=\"border: solid #bfbfbf 1.0pt; border-top: none; padding: 0cm 5.4pt 0cm 5.4pt;\" valign=\"top\"><span style=\"font-size: 12pt;\"><span style=\"border: 1pt none windowtext; padding: 0cm;\">Kh\u1ea3 n\u0103ng b\u00f4i tr\u01a1n (T\u1ea3i tr\u1ecdng h\u00e0n)<\/span><\/span><\/td>\n<td style=\"border-bottom: solid #bfbfbf 1.0pt; border-top: none; border-left: none; border-right: solid #bfbfbf 1.0pt; padding: 0cm 5.4pt 0cm 5.4pt;\" valign=\"top\"><span style=\"font-size: 12pt;\">DIN 51350, p4<\/span><\/td>\n<td style=\"border-bottom: solid #bfbfbf 1.0pt; border-top: none; border-left: none; border-right: solid #bfbfbf 1.0pt; padding: 0cm 5.4pt 0cm 5.4pt;\" valign=\"top\"><span style=\"font-size: 12pt;\">3600 N<\/span><\/td>\n<\/tr>\n<\/tbody>\n<\/table>\n<h2 style=\"margin-top: 3px;\"><\/h2>\n<h2 style=\"margin-top: 3px;\"><span style=\"line-height: 107%;\"><span style=\"font-weight: normal;\"><b><span style=\"border: 1pt none windowtext; padding: 0cm;\">Quy c\u00e1ch \u0111\u00f3ng g\u00f3i M\u1ee1 Molykote 165 LT<\/span><\/b><\/span><\/span><\/h2>\n<p style=\"text-align: center;\"><span style=\"line-height: 107%;\"><span style=\"font-weight: normal;\"><b><span style=\"border: 1pt none windowtext; padding: 0cm;\">\u00a0<img decoding=\"async\" title=\"mo-molykote-165-lt-jpeg-1\" src=\"https:\/\/yenhung.com\/wp-content\/uploads\/2025\/11\/mo-molykote-165-lt-jpeg-1.jpg\" alt=\"M\u1ee1 Molykote 165 LT (5kg\/x\u00f4)\" data-thumb=\"grande\" \/><\/span><\/b><\/span><\/span><\/p>\n<p><span style=\"font-size: 12pt;\">M\u1ee1 <b><span style=\"border: none windowtext 1.0pt; padding: 0cm;\">Molykote 165 LT<\/span><\/b> th\u01b0\u1eddng c\u00f3 c\u00e1c quy c\u00e1ch ph\u1ed5 bi\u1ebfn nh\u01b0:<\/span><\/p>\n<ul>\n<li style=\"margin-bottom: 11px;\"><span style=\"font-size: 11pt;\"><span style=\"line-height: normal;\"><b><span style=\"border: 1pt none windowtext; padding: 0cm;\">X\u00f4 5 kg<\/span><\/b>: Ph\u00f9 h\u1ee3p cho c\u00e1c nhu c\u1ea7u s\u1eed d\u1ee5ng v\u1eeba v\u00e0 nh\u1ecf.<\/span><\/span><\/li>\n<li style=\"margin-bottom: 11px;\"><span style=\"font-size: 11pt;\"><span style=\"line-height: normal;\"><b><span style=\"border: 1pt none windowtext; padding: 0cm;\">Th\u00f9ng phuy 20 kg<\/span><\/b> v\u00e0 <b><span style=\"border: none windowtext 1.0pt; padding: 0cm;\">200 kg<\/span><\/b>: C\u00e1c quy c\u00e1ch l\u1edbn h\u01a1n, d\u00f9ng cho c\u00e1c d\u1ef1 \u00e1n c\u00f4ng nghi\u1ec7p ho\u1eb7c nh\u00e0 m\u00e1y c\u00f3 nhu c\u1ea7u b\u00f4i tr\u01a1n th\u01b0\u1eddng xuy\u00ean v\u00e0 s\u1ed1 l\u01b0\u1ee3ng l\u1edbn.<\/span><\/span><\/li>\n<\/ul>\n<h2 style=\"margin-top: 3px;\"><span style=\"font-size: 13pt;\"><span style=\"line-height: 107%;\"><span style=\"font-weight: normal;\"><b><span style=\"border: none windowtext 1.0pt; font-size: 16.5pt; padding: 0cm;\"><span style=\"line-height: 107%;\">Ph\u01b0\u01a1ng ph\u00e1p s\u1eed d\u1ee5ng\u00a0<\/span><\/span><\/b><strong><span style=\"font-size: 16.5pt;\"><span style=\"line-height: 107%;\"><span style=\"font-weight: normal;\">M\u1ee1 <\/span><\/span><\/span><\/strong><b><span style=\"border: none windowtext 1.0pt; font-size: 16.5pt; padding: 0cm;\"><span style=\"line-height: 107%;\">Molykote 165 LT<\/span><\/span><\/b><\/span><\/span><\/span><\/h2>\n<p><span style=\"font-size: 12pt;\"><b><span style=\"font-size: 11.0pt;\">Ph\u01b0\u01a1ng ph\u00e1p s\u1eed d\u1ee5ng hi\u1ec7u qu\u1ea3<\/span><\/b><span style=\"font-size: 11.0pt;\">: \u0110\u1ec3 \u0111\u1ea1t hi\u1ec7u qu\u1ea3 t\u1ed1t nh\u1ea5t, c\u1ea7n l\u00e0m s\u1ea1ch d\u00e2y c\u00e1p tr\u01b0\u1edbc khi b\u00f4i m\u1ee1. M\u1ee1 c\u00f3 th\u1ec3 \u0111\u01b0\u1ee3c b\u00f4i b\u1eb1ng c\u00e1ch <b><span style=\"border: none windowtext 1.0pt; padding: 0cm;\">qu\u00e9t ho\u1eb7c lau<\/span><\/b> tr\u1ef1c ti\u1ebfp l\u00ean b\u1ec1 m\u1eb7t, ho\u1eb7c d\u00f9ng h\u1ec7 th\u1ed1ng b\u00f4i tr\u01a1n t\u1ef1 \u0111\u1ed9ng.<\/span><\/span><\/p>\n<\/div>\n","protected":false},"excerpt":{"rendered":"<p style=\"margin-bottom: 11px;\"><span style=\"font-size: 11pt;\"><span style=\"line-height: 107%;\"><strong><span style=\"font-size: 12.0pt;\"><span style=\"line-height: 107%;\">T\u00ean sa\u0309n ph\u00e2\u0309m:\u00a0<\/span><\/span><\/strong><span style=\"font-size: 12.0pt;\"><span style=\"line-height: 107%;\">M\u1ee1 Molykote 165 LT (5kg\/x\u00f4)<br \/>\n<strong>T\u00ecnh tr\u1ea1ng:<\/strong>\u00a0Li\u00ean h\u1ec7 S\u0110T 090 666 5927<br \/>\n<strong>Kho:<\/strong>\u00a0H\u1ed3 Ch\u00ed Minh<br \/>\n<strong>Li\u00ean h\u1ec7:<\/strong>\u00a0090.666.5927 (24\/7)<br \/>\n<strong>Giao h\u00e0ng:<\/strong>\u00a0Trong ng\u00e0y<\/span><\/span><\/span><\/span><\/p>\n","protected":false},"featured_media":6504,"comment_status":"closed","ping_status":"closed","template":"","meta":[],"product_brand":[],"product_cat":[155],"product_tag":[],"class_list":{"0":"post-6503","1":"product","2":"type-product","3":"status-publish","4":"has-post-thumbnail","6":"product_cat-dupont","8":"first","9":"instock","10":"shipping-taxable","11":"product-type-simple"},"_links":{"self":[{"href":"https:\/\/yenhung.com\/index.php?rest_route=\/wp\/v2\/product\/6503","targetHints":{"allow":["GET"]}}],"collection":[{"href":"https:\/\/yenhung.com\/index.php?rest_route=\/wp\/v2\/product"}],"about":[{"href":"https:\/\/yenhung.com\/index.php?rest_route=\/wp\/v2\/types\/product"}],"replies":[{"embeddable":true,"href":"https:\/\/yenhung.com\/index.php?rest_route=%2Fwp%2Fv2%2Fcomments&post=6503"}],"wp:featuredmedia":[{"embeddable":true,"href":"https:\/\/yenhung.com\/index.php?rest_route=\/wp\/v2\/media\/6504"}],"wp:attachment":[{"href":"https:\/\/yenhung.com\/index.php?rest_route=%2Fwp%2Fv2%2Fmedia&parent=6503"}],"wp:term":[{"taxonomy":"product_brand","embeddable":true,"href":"https:\/\/yenhung.com\/index.php?rest_route=%2Fwp%2Fv2%2Fproduct_brand&post=6503"},{"taxonomy":"product_cat","embeddable":true,"href":"https:\/\/yenhung.com\/index.php?rest_route=%2Fwp%2Fv2%2Fproduct_cat&post=6503"},{"taxonomy":"product_tag","embeddable":true,"href":"https:\/\/yenhung.com\/index.php?rest_route=%2Fwp%2Fv2%2Fproduct_tag&post=6503"}],"curies":[{"name":"wp","href":"https:\/\/api.w.org\/{rel}","templated":true}]}}