{"id":6511,"date":"2025-11-10T07:16:36","date_gmt":"2025-11-10T07:16:36","guid":{"rendered":"https:\/\/yenhung.com\/?product=mo-molykote-41-150g-tuyp"},"modified":"2026-02-11T06:40:11","modified_gmt":"2026-02-11T06:40:11","slug":"mo-molykote-41-150g-tuyp","status":"publish","type":"product","link":"https:\/\/yenhung.com\/?product=mo-molykote-41-150g-tuyp","title":{"rendered":"M\u1ee1 Molykote 41 (150g\/tu\u00fdp)"},"content":{"rendered":"<div class=\"ba-text-fpt\">\n<h2><strong>M\u1ee1 B\u00f4i Tr\u01a1n Molykote 41 &#8211; Gi\u1ea3i Ph\u00e1p Ch\u1ecbu Nhi\u1ec7t \u0110\u1ed9 C\u1ef1c Cao Chuy\u00ean D\u1ee5ng<\/strong><\/h2>\n<p>Trong c\u00e1c ng\u00e0nh c\u00f4ng nghi\u1ec7p \u0111\u00f2i h\u1ecfi m\u00e1y m\u00f3c ho\u1ea1t \u0111\u1ed9ng trong \u0111i\u1ec1u ki\u1ec7n nhi\u1ec7t \u0111\u1ed9 c\u1ef1c cao, vi\u1ec7c s\u1eed d\u1ee5ng c\u00e1c lo\u1ea1i m\u1ee1 b\u00f4i tr\u01a1n th\u00f4ng th\u01b0\u1eddng l\u00e0 kh\u00f4ng \u0111\u1ee7. <b>M\u1ee1 Molykote 41<\/b> n\u1ed5i l\u00ean nh\u01b0 m\u1ed9t gi\u1ea3i ph\u00e1p chuy\u00ean d\u1ee5ng, \u0111\u01b0\u1ee3c thi\u1ebft k\u1ebf \u0111\u1ec3 mang l\u1ea1i hi\u1ec7u su\u1ea5t b\u00f4i tr\u01a1n v\u01b0\u1ee3t tr\u1ed9i v\u00e0 \u0111\u1ed9 b\u1ec1n \u0111\u00e1ng kinh ng\u1ea1c trong m\u00f4i tr\u01b0\u1eddng kh\u1eafc nghi\u1ec7t nh\u1ea5t.<\/p>\n<p><img decoding=\"async\" title=\"mo-molykote-41-150g-c-1\" src=\"https:\/\/yenhung.com\/wp-content\/uploads\/2025\/11\/mo-molykote-41-150g-c-1.jpg\" alt=\"M\u1ee1 Molykote 41 (150g\/tu\u00fdp)\" data-thumb=\"large\" \/><\/p>\n<p><b>Molykote 41<\/b> l\u00e0 lo\u1ea1i m\u1ee1 b\u00f4i tr\u01a1n g\u1ed1c silicone, \u0111\u01b0\u1ee3c s\u1ea3n xu\u1ea5t b\u1edfi Dow Corning (hi\u1ec7n nay l\u00e0 Dow v\u00e0 \u0111\u01b0\u1ee3c b\u00e1n d\u01b0\u1edbi th\u01b0\u01a1ng hi\u1ec7u Molykote). S\u1ea3n ph\u1ea9m n\u00e0y s\u1eed d\u1ee5ng ch\u1ea5t l\u00e0m \u0111\u1eb7c v\u00f4 c\u01a1 v\u00e0 c\u00e1c ph\u1ee5 gia \u0111\u1eb7c bi\u1ec7t, gi\u00fap n\u00f3 ho\u1ea1t \u0111\u1ed9ng hi\u1ec7u qu\u1ea3 trong d\u1ea3i nhi\u1ec7t \u0111\u1ed9 c\u1ef1c r\u1ed9ng. <b>Molykote 41<\/b> \u0111\u01b0\u1ee3c t\u1ea1o ra \u0111\u1ec3 \u0111\u00e1p \u1ee9ng nhu c\u1ea7u b\u00f4i tr\u01a1n cho c\u00e1c b\u1ed9 ph\u1eadn ch\u1ecbu nhi\u1ec7t \u0111\u1ed9 cao, n\u01a1i c\u00e1c lo\u1ea1i m\u1ee1 truy\u1ec1n th\u1ed1ng kh\u00f4ng th\u1ec3 \u0111\u00e1p \u1ee9ng.<\/p>\n<h3><b>\u01afu \u0111i\u1ec3m n\u1ed5i b\u1eadt c\u1ee7a m\u1ee1 Molykote 41<\/b><\/h3>\n<p><img decoding=\"async\" title=\"mo-molykote-41-150g-a-1\" src=\"https:\/\/yenhung.com\/wp-content\/uploads\/2025\/11\/mo-molykote-41-150g-a-1.jpg\" alt=\"M\u1ee1 Molykote 41 (150g\/tu\u00fdp)\" data-thumb=\"large\" \/><\/p>\n<p><b>Kh\u1ea3 n\u0103ng ch\u1ecbu nhi\u1ec7t \u0111\u1ed9 c\u1ef1c cao:<\/b> \u0110\u00e2y l\u00e0 \u0111i\u1ec3m m\u1ea1nh l\u1edbn nh\u1ea5t c\u1ee7a <b>m\u1ee1 Molykote 41<\/b>. M\u1ee1 ho\u1ea1t \u0111\u1ed9ng hi\u1ec7u qu\u1ea3 trong d\u1ea3i nhi\u1ec7t \u0111\u1ed9 t\u1eeb <b>\u221220\u00b0C \u0111\u1ebfn +290\u00b0C<\/b> (th\u1eadm ch\u00ed c\u00f3 th\u1ec3 l\u00ean t\u1edbi +300\u00b0C trong th\u1eddi gian ng\u1eafn), duy tr\u00ec \u0111\u01b0\u1ee3c t\u00ednh n\u0103ng b\u00f4i tr\u01a1n v\u00e0 c\u1ea5u tr\u00fac \u1ed5n \u0111\u1ecbnh, kh\u00f4ng b\u1ecb bi\u1ebfn ch\u1ea5t hay ch\u1ea3y ra ngo\u00e0i.<\/p>\n<p><b>Ch\u1ed1ng oxy h\u00f3a v\u01b0\u1ee3t tr\u1ed9i:<\/b> M\u1ee1 c\u00f3 kh\u1ea3 n\u0103ng ch\u1ed1ng oxy h\u00f3a tuy\u1ec7t v\u1eddi, kh\u00f4ng b\u1ecb ph\u00e2n h\u1ee7y hay t\u1ea1o c\u1eb7n b\u1ea9n khi ti\u1ebfp x\u00fac v\u1edbi nhi\u1ec7t \u0111\u1ed9 v\u00e0 kh\u00f4ng kh\u00ed trong th\u1eddi gian d\u00e0i. \u0110i\u1ec1u n\u00e0y gi\u00fap k\u00e9o d\u00e0i chu k\u1ef3 thay m\u1ee1 v\u00e0 gi\u1ea3m chi ph\u00ed b\u1ea3o tr\u00ec.<\/p>\n<p><b>\u0110\u1ed9 \u1ed5n \u0111\u1ecbnh c\u01a1 h\u1ecdc cao:<\/b> M\u1ee1 duy tr\u00ec c\u1ea5u tr\u00fac v\u00e0 \u0111\u1ed9 \u0111\u1eb7c \u1ed5n \u0111\u1ecbnh, kh\u00f4ng b\u1ecb t\u00e1ch d\u1ea7u hay ch\u1ea3y l\u1ecfng d\u01b0\u1edbi t\u00e1c \u0111\u1ed9ng c\u1ee7a nhi\u1ec7t v\u00e0 l\u1ef1c c\u01a1 h\u1ecdc, \u0111\u1ea3m b\u1ea3o b\u00f4i tr\u01a1n li\u00ean t\u1ee5c v\u00e0 hi\u1ec7u qu\u1ea3.<\/p>\n<p><b>Kh\u1ea3 n\u0103ng t\u01b0\u01a1ng th\u00edch t\u1ed1t:<\/b> <b>Molykote 41<\/b> t\u01b0\u01a1ng th\u00edch v\u1edbi h\u1ea7u h\u1ebft c\u00e1c kim lo\u1ea1i v\u00e0 v\u1eadt li\u1ec7u x\u00e2y d\u1ef1ng, kh\u00f4ng g\u00e2y \u0103n m\u00f2n hay h\u01b0 h\u1ea1i cho c\u00e1c chi ti\u1ebft m\u00e1y.<\/p>\n<h3><b>\u1ee8ng d\u1ee5ng ph\u1ed5 bi\u1ebfn c\u1ee7a m\u1ee1 Molykote 41<\/b><\/h3>\n<p><img decoding=\"async\" title=\"mo-molykote-41-150g-b-1\" src=\"https:\/\/yenhung.com\/wp-content\/uploads\/2025\/11\/mo-molykote-41-150g-b-1.jpg\" alt=\"M\u1ee1 Molykote 41 (150g\/tu\u00fdp)\" data-thumb=\"large\" \/><\/p>\n<p>Nh\u1edd nh\u1eefng \u0111\u1eb7c t\u00ednh \u01b0u vi\u1ec7t, <b>m\u1ee1 Molykote 41<\/b> \u0111\u01b0\u1ee3c \u1ee9ng d\u1ee5ng r\u1ed9ng r\u00e3i trong nhi\u1ec1u l\u0129nh v\u1ef1c:<\/p>\n<p><b>C\u00f4ng nghi\u1ec7p n\u1eb7ng:<\/b> B\u00f4i tr\u01a1n c\u00e1c v\u00f2ng bi, b\u1ea1c \u0111\u1ea1n, b\u00e1nh r\u0103ng, c\u00e1c kh\u1edbp n\u1ed1i trong c\u00e1c l\u00f2 nung, l\u00f2 s\u1ea5y, qu\u1ea1t gi\u00f3 c\u00f4ng nghi\u1ec7p v\u00e0 c\u00e1c thi\u1ebft b\u1ecb ho\u1ea1t \u0111\u1ed9ng \u1edf nhi\u1ec7t \u0111\u1ed9 cao.<\/p>\n<p><b>C\u00f4ng nghi\u1ec7p \u00f4 t\u00f4 v\u00e0 h\u00e0ng kh\u00f4ng:<\/b> S\u1eed d\u1ee5ng cho c\u00e1c b\u1ed9 ph\u1eadn ch\u1ecbu nhi\u1ec7t nh\u01b0 kh\u1edbp ly h\u1ee3p, v\u00f2ng bi trong \u0111\u1ed9ng c\u01a1 v\u00e0 c\u00e1c chi ti\u1ebft kh\u00e1c.<\/p>\n<p>V\u1edbi ch\u1ea5t l\u01b0\u1ee3ng \u0111\u00e3 \u0111\u01b0\u1ee3c kh\u1eb3ng \u0111\u1ecbnh tr\u00ean to\u00e0n c\u1ea7u, <b>m\u1ee1 b\u00f4i tr\u01a1n Molykote 41<\/b> l\u00e0 gi\u1ea3i ph\u00e1p \u0111\u00e1ng tin c\u1eady \u0111\u1ec3 b\u1ea3o v\u1ec7 v\u00e0 t\u1ed1i \u01b0u h\u00f3a hi\u1ec7u su\u1ea5t c\u1ee7a m\u00e1y m\u00f3c ho\u1ea1t \u0111\u1ed9ng trong \u0111i\u1ec1u ki\u1ec7n kh\u1eafc nghi\u1ec7t.<\/p>\n<p><b>Thi\u1ebft b\u1ecb c\u00f4ng nghi\u1ec7p:<\/b> B\u00f4i tr\u01a1n c\u00e1c van, \u1ed1ng x\u1ea3, m\u00e1y b\u01a1m v\u00e0 c\u00e1c thi\u1ebft b\u1ecb kh\u00e1c trong m\u00f4i tr\u01b0\u1eddng nhi\u1ec7t \u0111\u1ed9 cao.<\/p>\n<p>&nbsp;<\/p>\n<\/div>\n","protected":false},"excerpt":{"rendered":"<p><strong>T\u00ean sa\u0309n ph\u00e2\u0309m:\u00a0M\u1ee1 Molykote 41 (150g\/tu\u00fdp)<\/strong><br \/>\n<strong>T\u00ecnh tr\u1ea1ng:<\/strong> Li\u00ean h\u1ec7 S\u0110T 090 666 5927 .<br \/>\n<strong>Kho:<\/strong> H\u1ed3 Ch\u00ed Minh.<br \/>\n<strong>Li\u00ean h\u1ec7:<\/strong> (24\/7)<br \/>\n<strong>Giao h\u00e0ng:<\/strong> Trong ng\u00e0y<\/p>\n","protected":false},"featured_media":6512,"comment_status":"closed","ping_status":"closed","template":"","meta":[],"product_brand":[],"product_cat":[155],"product_tag":[],"class_list":{"0":"post-6511","1":"product","2":"type-product","3":"status-publish","4":"has-post-thumbnail","6":"product_cat-dupont","8":"first","9":"instock","10":"shipping-taxable","11":"product-type-simple"},"_links":{"self":[{"href":"https:\/\/yenhung.com\/index.php?rest_route=\/wp\/v2\/product\/6511","targetHints":{"allow":["GET"]}}],"collection":[{"href":"https:\/\/yenhung.com\/index.php?rest_route=\/wp\/v2\/product"}],"about":[{"href":"https:\/\/yenhung.com\/index.php?rest_route=\/wp\/v2\/types\/product"}],"replies":[{"embeddable":true,"href":"https:\/\/yenhung.com\/index.php?rest_route=%2Fwp%2Fv2%2Fcomments&post=6511"}],"wp:featuredmedia":[{"embeddable":true,"href":"https:\/\/yenhung.com\/index.php?rest_route=\/wp\/v2\/media\/6512"}],"wp:attachment":[{"href":"https:\/\/yenhung.com\/index.php?rest_route=%2Fwp%2Fv2%2Fmedia&parent=6511"}],"wp:term":[{"taxonomy":"product_brand","embeddable":true,"href":"https:\/\/yenhung.com\/index.php?rest_route=%2Fwp%2Fv2%2Fproduct_brand&post=6511"},{"taxonomy":"product_cat","embeddable":true,"href":"https:\/\/yenhung.com\/index.php?rest_route=%2Fwp%2Fv2%2Fproduct_cat&post=6511"},{"taxonomy":"product_tag","embeddable":true,"href":"https:\/\/yenhung.com\/index.php?rest_route=%2Fwp%2Fv2%2Fproduct_tag&post=6511"}],"curies":[{"name":"wp","href":"https:\/\/api.w.org\/{rel}","templated":true}]}}