{"id":6522,"date":"2025-11-10T07:16:42","date_gmt":"2025-11-10T07:16:42","guid":{"rendered":"https:\/\/yenhung.com\/?product=chat-boi-tron-molykote-z-powder"},"modified":"2026-02-11T05:00:06","modified_gmt":"2026-02-11T05:00:06","slug":"chat-boi-tron-molykote-z-powder","status":"publish","type":"product","link":"https:\/\/yenhung.com\/?product=chat-boi-tron-molykote-z-powder","title":{"rendered":"Ch\u1ea5t b\u00f4i tr\u01a1n Molykote Z Powder"},"content":{"rendered":"<div class=\"ba-text-fpt\">\n<h2><strong>Ch\u1ea5t b\u00f4i tr\u01a1n Molykote Z Powder<\/strong><\/h2>\n<p>\u0110\u00e2y l\u00e0 m\u1ed9t s\u1ea3n ph\u1ea9m \u0111\u1ed9c \u0111\u00e1o c\u1ee7a Molykote (thu\u1ed9c Dow\/DuPont), kh\u00f4ng ph\u1ea3i l\u00e0 d\u1ea7u hay m\u1ee1 truy\u1ec1n th\u1ed1ng m\u00e0 l\u00e0 m\u1ed9t lo\u1ea1i <b>b\u1ed9t b\u00f4i tr\u01a1n r\u1eafn<\/b> g\u1ed1c <b>Molypden Disulfide (MoS2)<\/b> tinh khi\u1ebft. S\u1ea3n ph\u1ea9m n\u00e0y \u0111\u01b0\u1ee3c thi\u1ebft k\u1ebf \u0111\u1ec3 b\u00f4i tr\u01a1n hi\u1ec7u qu\u1ea3 trong c\u00e1c m\u00f4i tr\u01b0\u1eddng kh\u1eafc nghi\u1ec7t v\u00e0 cho nh\u1eefng \u1ee9ng d\u1ee5ng \u0111\u1eb7c bi\u1ec7t.<\/p>\n<p><img decoding=\"async\" title=\"chat-boi-tron-molykote-z-powder-c-1751440380521-1\" src=\"https:\/\/yenhung.com\/wp-content\/uploads\/2025\/11\/chat-boi-tron-molykote-z-powder-c-1751440380521-1.jpg\" alt=\"Ch\u1ea5t b\u00f4i tr\u01a1n Molykote Z Powder\" data-thumb=\"large\" \/><\/p>\n<p>Molykote Z Powder l\u00e0 b\u1ed9t MoS2 ch\u1ea5t l\u01b0\u1ee3ng cao, c\u00f3 m\u00e0u <b>\u0111en than (charcoal-black)<\/b> v\u00e0 c\u00e1c h\u1ea1t c\u00f3 k\u00edch th\u01b0\u1edbc r\u1ea5t nh\u1ecf (th\u01b0\u1eddng kho\u1ea3ng 3-4 \u00b5m). N\u00f3 mang l\u1ea1i nh\u1eefng \u01b0u \u0111i\u1ec3m v\u01b0\u1ee3t tr\u1ed9i:<\/p>\n<ul>\n<li><b>\u0110\u1eb7c t\u00ednh b\u00f4i tr\u01a1n kh\u00f4 xu\u1ea5t s\u1eafc:<\/b> Ho\u1ea1t \u0111\u1ed9ng nh\u01b0 m\u1ed9t l\u1edbp m\u00e0ng b\u00f4i tr\u01a1n kh\u00f4, gi\u1ea3m ma s\u00e1t v\u00e0 m\u00e0i m\u00f2n cho c\u00e1c b\u1ec1 m\u1eb7t kim lo\u1ea1i, \u0111\u1eb7c bi\u1ec7t trong c\u00e1c \u1ee9ng d\u1ee5ng kh\u00f4ng th\u1ec3 s\u1eed d\u1ee5ng d\u1ea7u ho\u1eb7c m\u1ee1 l\u1ecfng.<\/li>\n<li><b>Kh\u1ea3 n\u0103ng ch\u1ecbu c\u1ef1c \u00e1p (Extreme Pressure &#8211; EP) v\u01b0\u1ee3t tr\u1ed9i:<\/b> MoS2 c\u00f3 kh\u1ea3 n\u0103ng ch\u1ecbu t\u1ea3i c\u1ef1c k\u1ef3 cao, b\u1ea3o v\u1ec7 b\u1ec1 m\u1eb7t ngay c\u1ea3 d\u01b0\u1edbi \u00e1p su\u1ea5t l\u1edbn v\u00e0 t\u1ea3i tr\u1ecdng n\u1eb7ng.<\/li>\n<li><b>Ph\u1ea1m vi nhi\u1ec7t \u0111\u1ed9 ho\u1ea1t \u0111\u1ed9ng c\u1ef1c r\u1ed9ng:<\/b> C\u00f3 th\u1ec3 ho\u1ea1t \u0111\u1ed9ng hi\u1ec7u qu\u1ea3 trong d\u1ea3i nhi\u1ec7t \u0111\u1ed9 r\u1ea5t l\u1edbn, t\u1eeb <b>\u2212185\u2218C (\u2212301\u2218F) \u0111\u1ebfn +400\u2218C (+752\u2218F)<\/b> trong m\u00f4i tr\u01b0\u1eddng kh\u00f4ng kh\u00ed. Trong m\u00f4i tr\u01b0\u1eddng ch\u00e2n kh\u00f4ng, n\u00f3 c\u00f3 th\u1ec3 ch\u1ecbu \u0111\u01b0\u1ee3c nhi\u1ec7t \u0111\u1ed9 l\u00ean t\u1edbi <b>+1100\u2218C (+2012\u2218F)<\/b>.<\/li>\n<li><b>Ch\u1ed1ng oxy h\u00f3a t\u1ed1t:<\/b> Gi\u00fap duy tr\u00ec hi\u1ec7u su\u1ea5t b\u00f4i tr\u01a1n v\u00e0 tu\u1ed5i th\u1ecd s\u1ea3n ph\u1ea9m.<\/li>\n<li><b>Gi\u1ea3m ma s\u00e1t v\u00e0 m\u00e0i m\u00f2n:<\/b> \u0110\u00f3ng g\u00f3p \u0111\u00e1ng k\u1ec3 v\u00e0o vi\u1ec7c k\u00e9o d\u00e0i tu\u1ed5i th\u1ecd c\u1ee7a thi\u1ebft b\u1ecb v\u00e0 d\u1ee5ng c\u1ee5.<\/li>\n<li><b>\u0110\u1ed9 tinh khi\u1ebft cao:<\/b> Th\u01b0\u1eddng c\u00f3 h\u00e0m l\u01b0\u1ee3ng MoS2 tr\u00ean 98%.<\/li>\n<li><b>\u0110a n\u0103ng:<\/b> C\u00f3 th\u1ec3 s\u1eed d\u1ee5ng \u0111\u1ed9c l\u1eadp ho\u1eb7c l\u00e0m ph\u1ee5 gia trong c\u00e1c ch\u1ea5t b\u00f4i tr\u01a1n kh\u00e1c.<br \/>\n<h3><b>\u1ee8ng d\u1ee5ng c\u1ee7a Molykote Z Powder<\/b><\/h3>\n<p><img decoding=\"async\" title=\"chat-boi-tron-molykote-z-powder-b-1751440210518-1\" src=\"https:\/\/yenhung.com\/wp-content\/uploads\/2025\/11\/chat-boi-tron-molykote-z-powder-b-1751440210518-1.jpg\" alt=\"Ch\u1ea5t b\u00f4i tr\u01a1n Molykote Z Powder\" data-thumb=\"large\" \/><\/p>\n<p>Molykote Z Powder l\u00e0 m\u1ed9t ch\u1ea5t b\u00f4i tr\u01a1n r\u1eafn \u0111a n\u0103ng, \u0111\u01b0\u1ee3c s\u1eed d\u1ee5ng trong nhi\u1ec1u \u1ee9ng d\u1ee5ng kh\u00e1c nhau, \u0111\u1eb7c bi\u1ec7t l\u00e0 nh\u1eefng n\u01a1i c\u00f3 \u0111i\u1ec1u ki\u1ec7n kh\u1eafc nghi\u1ec7t ho\u1eb7c y\u00eau c\u1ea7u b\u00f4i tr\u01a1n kh\u00f4:<\/li>\n<li><b>B\u00f4i tr\u01a1n m\u00e0ng kh\u00f4 \u0111\u00e1nh b\u00f3ng (Dry-Burnished Lubricating Film):<\/b> C\u00f3 th\u1ec3 xoa tr\u1ef1c ti\u1ebfp l\u00ean b\u1ec1 m\u1eb7t kim lo\u1ea1i \u0111\u00e3 \u0111\u01b0\u1ee3c l\u00e0m s\u1ea1ch v\u00e0 t\u1ea9y d\u1ea7u m\u1ee1 b\u1eb1ng b\u00e0n ch\u1ea3i c\u1ee9ng ho\u1eb7c v\u1ea3i s\u1ea1ch \u0111\u1ec3 t\u1ea1o ra m\u1ed9t l\u1edbp m\u00e0ng b\u00f4i tr\u01a1n kh\u00f4, b\u1ec1n b\u1ec9. Th\u01b0\u1eddng d\u00f9ng cho c\u00e1c ti\u1ebfp \u0111i\u1ec3m kim lo\u1ea1i.<\/li>\n<li><b>Ph\u1ee5 gia cho nh\u1ef1a t\u1ef1 b\u00f4i tr\u01a1n v\u00e0 c\u00e1c b\u1ed9 ph\u1eadn kim lo\u1ea1i thi\u00eau k\u1ebft (sintered metal parts):<\/b> \u0110\u01b0\u1ee3c th\u00eam v\u00e0o v\u1eadt li\u1ec7u tr\u01b0\u1edbc khi \u0111\u00fac \u0111\u1ec3 c\u1ea3i thi\u1ec7n \u0111\u1eb7c t\u00ednh t\u1ef1 b\u00f4i tr\u01a1n c\u1ee7a ch\u00fang.<\/li>\n<li><b>Ph\u1ee5 gia trong c\u00e1c h\u1ee3p ch\u1ea5t gia c\u00f4ng kim lo\u1ea1i:<\/b> C\u1ea3i thi\u1ec7n hi\u1ec7u su\u1ea5t b\u00f4i tr\u01a1n trong qu\u00e1 tr\u00ecnh c\u1eaft g\u1ecdt, d\u1eadp, t\u1ea1o h\u00ecnh kim lo\u1ea1i.<\/li>\n<li><b>Ph\u1ee5 gia trong c\u00e1c \u1ee9ng d\u1ee5ng l\u00f3t phanh (brake lining applications):<\/b> Gi\u00fap gi\u1ea3m ma s\u00e1t v\u00e0 m\u00e0i m\u00f2n.<\/li>\n<li><b>H\u1ed7 tr\u1ee3 ch\u1ea1y r\u00e0 (Run-in Aid):<\/b> Gi\u00fap gi\u1ea3m ma s\u00e1t v\u00e0 m\u00e0i m\u00f2n ban \u0111\u1ea7u trong giai \u0111o\u1ea1n ch\u1ea1y r\u00e0 c\u1ee7a c\u00e1c b\u1ed9 ph\u1eadn m\u1edbi, \u0111\u1eb7c bi\u1ec7t \u1edf c\u00e1c \u1ee9ng d\u1ee5ng t\u1ea3i n\u1eb7ng v\u00e0 t\u1ed1c \u0111\u1ed9 ch\u1eadm.<\/li>\n<li><b>L\u1eafp r\u00e1p \u00e9p (Press-fittings):<\/b> Gi\u1ea3m l\u1ef1c c\u1ea7n thi\u1ebft \u0111\u1ec3 \u00e9p c\u00e1c b\u1ed9 ph\u1eadn v\u00e0o nhau v\u00e0 ng\u0103n ng\u1eeba k\u1eb9t.<\/li>\n<li><b>Trong m\u00f4i tr\u01b0\u1eddng kh\u1eafc nghi\u1ec7t:<\/b> V\u00ed d\u1ee5 nh\u01b0 m\u00f4i tr\u01b0\u1eddng nhi\u1ec1u b\u1ee5i b\u1ea9n, nhi\u1ec7t \u0111\u1ed9 c\u1ef1c \u0111oan (n\u00f3ng ho\u1eb7c l\u1ea1nh), ho\u1eb7c ch\u00e2n kh\u00f4ng.<\/li>\n<li><b>B\u00f4i tr\u01a1n kim lo\u1ea1i\/kim lo\u1ea1i:<\/b> \u0110\u1eb7c bi\u1ec7t hi\u1ec7u qu\u1ea3 \u1edf t\u1ea3i tr\u1ecdng c\u1ef1c cao v\u00e0 t\u1ed1c \u0111\u1ed9 di chuy\u1ec3n ch\u1eadm.<\/li>\n<li><b>B\u00f4i tr\u01a1n kim lo\u1ea1i\/nh\u1ef1a:<\/b> \u1ede t\u1ea3i tr\u1ecdng th\u1ea5p v\u00e0 t\u1ed1c \u0111\u1ed9 th\u1ea5p \u0111\u1ebfn trung b\u00ecnh.<\/li>\n<li><b>C\u00f4ng c\u1ee5 v\u00e0 khu\u00f4n d\u1eadp:<\/b> K\u00e9o d\u00e0i tu\u1ed5i th\u1ecd v\u00e0 gi\u1ea3m ma s\u00e1t.\n<p>\u0110\u1ec3 s\u1eed d\u1ee5ng Molykote Z Powder l\u00e0m m\u00e0ng b\u00f4i tr\u01a1n kh\u00f4, b\u1ea1n c\u1ea7n:<\/li>\n<li><img decoding=\"async\" title=\"chat-boi-tron-molykote-z-powder-a-1751438857664-2\" src=\"https:\/\/yenhung.com\/wp-content\/uploads\/2025\/11\/chat-boi-tron-molykote-z-powder-a-1751438857664-2.jpg\" alt=\"Ch\u1ea5t b\u00f4i tr\u01a1n Molykote Z Powder\" data-thumb=\"large\" \/><\/li>\n<li><b>L\u00e0m s\u1ea1ch v\u00e0 t\u1ea9y d\u1ea7u m\u1ee1<\/b> b\u1ec1 m\u1eb7t c\u1ea7n b\u00f4i tr\u01a1n.<\/li>\n<li><b>Xoa \u0111\u1ec1u b\u1ed9t<\/b> l\u00ean b\u1ec1 m\u1eb7t b\u1eb1ng b\u00e0n ch\u1ea3i c\u1ee9ng, mi\u1ebfng n\u1ec9, \u0111\u0129a \u0111\u00e1nh b\u00f3ng ho\u1eb7c da c\u1eebu (window leather).<\/li>\n<li>\u0110\u1ed1i v\u1edbi c\u00e1c b\u1ed9 ph\u1eadn nh\u1ecf, c\u00f3 th\u1ec3 \u00e1p d\u1ee5ng ph\u01b0\u01a1ng ph\u00e1p <b>quay l\u1ed3ng (tumble-coated)<\/b>.<\/li>\n<\/ul>\n<\/div>\n","protected":false},"excerpt":{"rendered":"<p><strong>S\u1ea3n ph\u1ea9m:<\/strong>\u00a0Ch\u1ea5t b\u00f4i tr\u01a1n Molykote Z Powder<\/p>\n","protected":false},"featured_media":6523,"comment_status":"closed","ping_status":"closed","template":"","meta":[],"product_brand":[],"product_cat":[155],"product_tag":[],"class_list":{"0":"post-6522","1":"product","2":"type-product","3":"status-publish","4":"has-post-thumbnail","6":"product_cat-dupont","8":"first","9":"instock","10":"shipping-taxable","11":"product-type-simple"},"_links":{"self":[{"href":"https:\/\/yenhung.com\/index.php?rest_route=\/wp\/v2\/product\/6522","targetHints":{"allow":["GET"]}}],"collection":[{"href":"https:\/\/yenhung.com\/index.php?rest_route=\/wp\/v2\/product"}],"about":[{"href":"https:\/\/yenhung.com\/index.php?rest_route=\/wp\/v2\/types\/product"}],"replies":[{"embeddable":true,"href":"https:\/\/yenhung.com\/index.php?rest_route=%2Fwp%2Fv2%2Fcomments&post=6522"}],"wp:featuredmedia":[{"embeddable":true,"href":"https:\/\/yenhung.com\/index.php?rest_route=\/wp\/v2\/media\/6523"}],"wp:attachment":[{"href":"https:\/\/yenhung.com\/index.php?rest_route=%2Fwp%2Fv2%2Fmedia&parent=6522"}],"wp:term":[{"taxonomy":"product_brand","embeddable":true,"href":"https:\/\/yenhung.com\/index.php?rest_route=%2Fwp%2Fv2%2Fproduct_brand&post=6522"},{"taxonomy":"product_cat","embeddable":true,"href":"https:\/\/yenhung.com\/index.php?rest_route=%2Fwp%2Fv2%2Fproduct_cat&post=6522"},{"taxonomy":"product_tag","embeddable":true,"href":"https:\/\/yenhung.com\/index.php?rest_route=%2Fwp%2Fv2%2Fproduct_tag&post=6522"}],"curies":[{"name":"wp","href":"https:\/\/api.w.org\/{rel}","templated":true}]}}