{"id":6538,"date":"2025-11-10T07:16:55","date_gmt":"2025-11-10T07:16:55","guid":{"rendered":"https:\/\/yenhung.com\/?product=mo-molykote-tp-42-1kg"},"modified":"2026-02-11T05:00:31","modified_gmt":"2026-02-11T05:00:31","slug":"mo-molykote-tp-42-1kg","status":"publish","type":"product","link":"https:\/\/yenhung.com\/?product=mo-molykote-tp-42-1kg","title":{"rendered":"M\u1ee1 Molykote TP-42 &#8211; 1kg"},"content":{"rendered":"<div class=\"ba-text-fpt\">\n<h2><strong>M\u1ee1 Molykote TP-42 &#8211; 1kg<\/strong><\/h2>\n<p><strong>M\u1ee1 b\u00f4i tr\u01a1n Molykote TP-42<\/strong>, quy c\u00e1ch \u0111\u00f3ng g\u00f3i <strong>1kg<\/strong>. \u0110\u00e2y l\u00e0 m\u1ed9t lo\u1ea1i <strong>m\u1ee1 d\u00e1n (grease paste) \u0111\u1eb7c bi\u1ec7t<\/strong> c\u1ee7a th\u01b0\u01a1ng hi\u1ec7u Molykote (thu\u1ed9c t\u1eadp \u0111o\u00e0n DuPont), \u0111\u01b0\u1ee3c thi\u1ebft k\u1ebf \u0111\u1ec3 b\u00f4i tr\u01a1n c\u00e1c t\u1ed5 h\u1ee3p ma s\u00e1t kim lo\u1ea1i-kim lo\u1ea1i trong \u0111i\u1ec1u ki\u1ec7n t\u1ea3i tr\u1ecdng cao v\u00e0 c\u00f3 s\u1ef1 hi\u1ec7n di\u1ec7n c\u1ee7a n\u01b0\u1edbc ho\u1eb7c nh\u0169 t\u01b0\u01a1ng gia c\u00f4ng kim lo\u1ea1i.<\/p>\n<p><img decoding=\"async\" title=\"mo-molykote-tp-42-1kg-a-1750406285556-1\" src=\"https:\/\/yenhung.com\/wp-content\/uploads\/2025\/11\/mo-molykote-tp-42-1kg-a-1750406285556-1.jpg\" alt=\"M\u1ee1 Molykote TP-42 - 1kg\" data-thumb=\"large\" \/><\/p>\n<h3 data-sourcepos=\"5:1-5:54\">\u0110\u1eb7c \u0111i\u1ec3m n\u1ed5i b\u1eadt c\u1ee7a M\u1ee1 b\u00f4i tr\u01a1n Molykote TP-42<\/h3>\n<p data-sourcepos=\"7:1-7:147\">Molykote TP-42 l\u00e0 m\u1ed9t lo\u1ea1i m\u1ee1 k\u1ebft d\u00ednh m\u00e0u s\u00e1ng (light-colored adhesive grease-paste) v\u1edbi c\u00e1c ch\u1ea5t b\u00f4i tr\u01a1n r\u1eafn, mang l\u1ea1i nh\u1eefng \u0111\u1eb7c t\u00ednh v\u01b0\u1ee3t tr\u1ed9i:<\/p>\n<ul data-sourcepos=\"9:1-19:0\">\n<li data-sourcepos=\"9:1-9:170\"><strong>Ch\u1ecbu t\u1ea3i tr\u1ecdng c\u1ef1c cao:<\/strong> S\u1ea3n ph\u1ea9m c\u00f3 kh\u1ea3 n\u0103ng ch\u1ecbu t\u1ea3i tr\u1ecdng r\u1ea5t l\u1edbn (High load-carrying capacity), b\u1ea3o v\u1ec7 b\u1ec1 m\u1eb7t kh\u1ecfi m\u00e0i m\u00f2n v\u00e0 h\u01b0 h\u1ea1i ngay c\u1ea3 d\u01b0\u1edbi \u00e1p l\u1ef1c c\u1ef1c l\u1edbn.<\/li>\n<li data-sourcepos=\"10:1-10:173\"><strong>\u0110\u1eb7c t\u00ednh k\u1ebft d\u00ednh v\u01b0\u1ee3t tr\u1ed9i (Particularly adhesive):<\/strong> M\u1ee1 b\u00e1m d\u00ednh c\u1ef1c t\u1ed1t v\u00e0o b\u1ec1 m\u1eb7t kim lo\u1ea1i, \u0111\u1ea3m b\u1ea3o l\u1edbp b\u00f4i tr\u01a1n kh\u00f4ng b\u1ecb tr\u00f4i hay t\u00e1ch r\u1eddi trong qu\u00e1 tr\u00ecnh v\u1eadn h\u00e0nh.<\/li>\n<li data-sourcepos=\"11:1-11:298\"><strong>Ch\u1ed1ng r\u1eeda tr\u00f4i b\u1edfi n\u01b0\u1edbc v\u00e0 nh\u0169 t\u01b0\u01a1ng gia c\u00f4ng kim lo\u1ea1i:<\/strong> \u0110\u00e2y l\u00e0 m\u1ed9t \u0111\u1eb7c \u0111i\u1ec3m quan tr\u1ecdng. Molykote TP-42 c\u00f3 kh\u1ea3 n\u0103ng kh\u00e1ng n\u01b0\u1edbc v\u00e0 c\u00e1c lo\u1ea1i nh\u0169 t\u01b0\u01a1ng (coolant) trong qu\u00e1 tr\u00ecnh gia c\u00f4ng kim lo\u1ea1i r\u1ea5t cao, gi\u00fap duy tr\u00ec hi\u1ec7u su\u1ea5t b\u00f4i tr\u01a1n ngay c\u1ea3 trong m\u00f4i tr\u01b0\u1eddng \u1ea9m \u01b0\u1edbt ho\u1eb7c ti\u1ebfp x\u00fac v\u1edbi h\u00f3a ch\u1ea5t.<\/li>\n<li data-sourcepos=\"12:1-12:159\"><strong>Ng\u0103n ng\u1eeba hi\u1ec7n t\u01b0\u1ee3ng tr\u01b0\u1ee3t gi\u1eadt (Stick-slip):<\/strong> Gi\u00fap c\u00e1c b\u1ec1 m\u1eb7t tr\u01b0\u1ee3t chuy\u1ec3n \u0111\u1ed9ng \u00eam \u00e1i, m\u01b0\u1ee3t m\u00e0, ng\u0103n ch\u1eb7n hi\u1ec7n t\u01b0\u1ee3ng tr\u01b0\u1ee3t gi\u1eadt g\u00e2y rung l\u1eafc v\u00e0 ti\u1ebfng \u1ed3n.<\/li>\n<li data-sourcepos=\"13:1-13:228\"><strong>B\u1ea3o v\u1ec7 ch\u1ed1ng \u0103n m\u00f2n v\u00e0 ch\u1ed1ng k\u1eb9t d\u00ednh (Excellent protection against galling):<\/strong> Cung c\u1ea5p kh\u1ea3 n\u0103ng ch\u1ed1ng g\u1ec9 s\u00e9t v\u00e0 \u0103n m\u00f2n t\u1ed1t, \u0111\u1ed3ng th\u1eddi ng\u0103n ng\u1eeba hi\u1ec7n t\u01b0\u1ee3ng k\u1eb9t d\u00ednh hay d\u00ednh ch\u1eb7t gi\u1eefa c\u00e1c b\u1ec1 m\u1eb7t kim lo\u1ea1i d\u01b0\u1edbi t\u1ea3i tr\u1ecdng cao.<\/li>\n<li data-sourcepos=\"14:1-14:171\"><strong>Ph\u1ea1m vi nhi\u1ec7t \u0111\u1ed9 ho\u1ea1t \u0111\u1ed9ng:<\/strong> Hi\u1ec7u qu\u1ea3 trong d\u1ea3i nhi\u1ec7t \u0111\u1ed9 t\u1eeb <strong>-25\u00b0C \u0111\u1ebfn +250\u00b0C<\/strong> (tuy nhi\u00ean, nhi\u1ec7t \u0111\u1ed9 l\u00e0m vi\u1ec7c li\u00ean t\u1ee5c khuy\u1ebfn ngh\u1ecb n\u00ean th\u1ea5p h\u01a1n \u0111\u1ec3 \u0111\u1ea3m b\u1ea3o tu\u1ed5i th\u1ecd).<\/li>\n<li data-sourcepos=\"15:1-15:106\"><strong>Th\u00e0nh ph\u1ea7n:<\/strong> G\u1ed1c d\u1ea7u kho\u00e1ng v\u00e0 d\u1ea7u t\u1ed5ng h\u1ee3p, ch\u1ea5t l\u00e0m \u0111\u1eb7c Lithium v\u00e0 c\u00e1c ch\u1ea5t b\u00f4i tr\u01a1n r\u1eafn m\u00e0u tr\u1eafng.<\/li>\n<li data-sourcepos=\"16:1-16:41\"><strong>M\u00e0u s\u1eafc:<\/strong> M\u00e0u be nh\u1ea1t (light beige).<\/li>\n<li data-sourcepos=\"17:1-17:72\"><strong>NLGI Grade 2:<\/strong> \u0110\u00e2y l\u00e0 \u0111\u1ed9 \u0111\u1eb7c chu\u1ea9n c\u1ee7a m\u1ee1, t\u01b0\u01a1ng t\u1ef1 nh\u01b0 m\u1ee1 \u0111a d\u1ee5ng.<\/li>\n<li data-sourcepos=\"18:1-19:0\"><strong>Kh\u00f4ng ch\u1ee9a PTFE ho\u1eb7c PFAS:<\/strong> S\u1ea3n ph\u1ea9m n\u00e0y kh\u00f4ng ch\u1ee9a PTFE (Polytetrafluoroethylene) hay c\u00e1c ch\u1ea5t PFAS (Per- and Polyfluoroalkyl Substances) m\u1ed9t c\u00e1ch c\u00f3 ch\u1ee7 \u0111\u00edch, \u0111i\u1ec1u n\u00e0y c\u00f3 th\u1ec3 quan tr\u1ecdng \u0111\u1ed1i v\u1edbi m\u1ed9t s\u1ed1 \u1ee9ng d\u1ee5ng ho\u1eb7c quy \u0111\u1ecbnh m\u00f4i tr\u01b0\u1eddng.<\/li>\n<li data-sourcepos=\"18:1-19:0\"><img decoding=\"async\" title=\"mo-molykote-tp-42-1kg-b-1750406285183-1\" src=\"https:\/\/yenhung.com\/wp-content\/uploads\/2025\/11\/mo-molykote-tp-42-1kg-b-1750406285183-1.jpg\" alt=\"M\u1ee1 Molykote TP-42 - 1kg\" data-thumb=\"large\" \/><\/li>\n<li data-sourcepos=\"18:1-19:0\">\n<h3 data-sourcepos=\"22:1-22:46\">\u1ee8ng d\u1ee5ng c\u1ee7a M\u1ee1 b\u00f4i tr\u01a1n Molykote TP-42<\/h3>\n<p data-sourcepos=\"24:1-24:123\">Molykote TP-42 \u0111\u1eb7c bi\u1ec7t \u0111\u01b0\u1ee3c s\u1eed d\u1ee5ng cho c\u00e1c \u1ee9ng d\u1ee5ng \u0111\u00f2i h\u1ecfi kh\u1ea3 n\u0103ng b\u00f4i tr\u01a1n v\u00e0 b\u1ea3o v\u1ec7 cao trong m\u00f4i tr\u01b0\u1eddng kh\u1eafc nghi\u1ec7t:<\/p>\n<\/li>\n<li data-sourcepos=\"26:1-26:278\"><strong>M\u00e2m c\u1eb7p (Chucks) v\u00e0 c\u00e1c b\u1ed9 ph\u1eadn k\u1eb9p trong m\u00e1y gia c\u00f4ng kim lo\u1ea1i:<\/strong> \u0110\u00e2y l\u00e0 \u1ee9ng d\u1ee5ng ch\u00ednh v\u00e0 n\u1ed5i b\u1eadt nh\u1ea5t c\u1ee7a TP-42. M\u1ee1 \u0111\u01b0\u1ee3c c\u00e1c nh\u00e0 s\u1ea3n xu\u1ea5t b\u1ed9 ph\u1eadn k\u1eb9p h\u00e0ng \u0111\u1ea7u khuy\u1ebfn ngh\u1ecb v\u00e0 s\u1eed d\u1ee5ng th\u00e0nh c\u00f4ng, \u0111\u1eb7c bi\u1ec7t cho c\u00e1c m\u00e2m c\u1eb7p tr\u00ean m\u00e1y gia c\u00f4ng kim lo\u1ea1i (m\u00e1y ti\u1ec7n, m\u00e1y phay CNC).<\/li>\n<li data-sourcepos=\"27:1-27:151\"><strong>B\u1ec1 m\u1eb7t tr\u01b0\u1ee3t ch\u1ecbu t\u1ea3i tr\u1ecdng cao:<\/strong> C\u00e1c b\u1ec1 m\u1eb7t tr\u01b0\u1ee3t ti\u1ebfp x\u00fac v\u1edbi t\u1ea3i tr\u1ecdng \u00e1p su\u1ea5t cao v\u00e0 ch\u1ecbu \u1ea3nh h\u01b0\u1edfng c\u1ee7a n\u01b0\u1edbc ho\u1eb7c nh\u0169 t\u01b0\u01a1ng gia c\u00f4ng kim lo\u1ea1i.<\/li>\n<li data-sourcepos=\"28:1-28:127\"><strong>L\u1eafp r\u00e1p v\u00e0 ch\u1ea1y th\u1eed:<\/strong> D\u00f9ng l\u00e0m keo\/m\u1ee1 d\u00e1n trong qu\u00e1 tr\u00ecnh l\u1eafp r\u00e1p \u0111\u1ec3 \u0111\u1ea3m b\u1ea3o s\u1ef1 tr\u01b0\u1ee3t \u00eam \u00e1i v\u00e0 ng\u0103n ng\u1eeba k\u1eb9t d\u00ednh ban \u0111\u1ea7u.<\/li>\n<li data-sourcepos=\"29:1-29:102\"><strong>\u1ed4 tr\u1ee5c tr\u01a1n (Plain bearings), \u1ed1ng l\u00f3t (bushings) v\u00e0 c\u00e1c ray tr\u01b0\u1ee3t (slides, guides &amp; tracks).<\/strong><\/li>\n<li data-sourcepos=\"30:1-31:0\"><strong>C\u00e1c b\u1ed9 ph\u1eadn c\u01a1 kh\u00ed:<\/strong> N\u01a1i c\u1ea7n b\u00f4i tr\u01a1n b\u1ec1n v\u1eefng, ch\u1ed1ng \u0103n m\u00f2n v\u00e0 ch\u1ecbu \u0111\u01b0\u1ee3c \u0111i\u1ec1u ki\u1ec7n l\u00e0m vi\u1ec7c kh\u1eafc nghi\u1ec7t.<\/li>\n<li data-sourcepos=\"30:1-31:0\">\n<h3><img decoding=\"async\" title=\"mo-molykote-tp-42-1kg-c-1750406284760-2\" src=\"https:\/\/yenhung.com\/wp-content\/uploads\/2025\/11\/mo-molykote-tp-42-1kg-c-1750406284760-2.jpg\" alt=\"M\u1ee1 Molykote TP-42 - 1kg\" data-thumb=\"large\" \/><\/h3>\n<\/li>\n<\/ul>\n<\/div>\n","protected":false},"excerpt":{"rendered":"<p><strong>S\u1ea3n ph\u1ea9m:<\/strong>\u00a0M\u1ee1 Molykote TP-42 &#8211; 1kg<\/p>\n","protected":false},"featured_media":6539,"comment_status":"closed","ping_status":"closed","template":"","meta":[],"product_brand":[],"product_cat":[155],"product_tag":[],"class_list":{"0":"post-6538","1":"product","2":"type-product","3":"status-publish","4":"has-post-thumbnail","6":"product_cat-dupont","8":"first","9":"instock","10":"shipping-taxable","11":"product-type-simple"},"_links":{"self":[{"href":"https:\/\/yenhung.com\/index.php?rest_route=\/wp\/v2\/product\/6538","targetHints":{"allow":["GET"]}}],"collection":[{"href":"https:\/\/yenhung.com\/index.php?rest_route=\/wp\/v2\/product"}],"about":[{"href":"https:\/\/yenhung.com\/index.php?rest_route=\/wp\/v2\/types\/product"}],"replies":[{"embeddable":true,"href":"https:\/\/yenhung.com\/index.php?rest_route=%2Fwp%2Fv2%2Fcomments&post=6538"}],"wp:featuredmedia":[{"embeddable":true,"href":"https:\/\/yenhung.com\/index.php?rest_route=\/wp\/v2\/media\/6539"}],"wp:attachment":[{"href":"https:\/\/yenhung.com\/index.php?rest_route=%2Fwp%2Fv2%2Fmedia&parent=6538"}],"wp:term":[{"taxonomy":"product_brand","embeddable":true,"href":"https:\/\/yenhung.com\/index.php?rest_route=%2Fwp%2Fv2%2Fproduct_brand&post=6538"},{"taxonomy":"product_cat","embeddable":true,"href":"https:\/\/yenhung.com\/index.php?rest_route=%2Fwp%2Fv2%2Fproduct_cat&post=6538"},{"taxonomy":"product_tag","embeddable":true,"href":"https:\/\/yenhung.com\/index.php?rest_route=%2Fwp%2Fv2%2Fproduct_tag&post=6538"}],"curies":[{"name":"wp","href":"https:\/\/api.w.org\/{rel}","templated":true}]}}