{"id":6554,"date":"2025-11-10T07:17:05","date_gmt":"2025-11-10T07:17:05","guid":{"rendered":"https:\/\/yenhung.com\/?product=mo-molykote-hp-500-2kg-can"},"modified":"2026-02-11T04:59:10","modified_gmt":"2026-02-11T04:59:10","slug":"mo-molykote-hp-500-2kg-can","status":"publish","type":"product","link":"https:\/\/yenhung.com\/?product=mo-molykote-hp-500-2kg-can","title":{"rendered":"M\u1ee1 Molykote Hp-500 (2kg\/can)"},"content":{"rendered":"<div class=\"ba-text-fpt\">\n<h2><strong>M\u1ee1 Molykote Hp-500 (2kg\/can)<\/strong><\/h2>\n<p><strong><img decoding=\"async\" title=\"mo-molykote-hp-500-2kg-a-1750068961977-1\" src=\"https:\/\/yenhung.com\/wp-content\/uploads\/2025\/11\/mo-molykote-hp-500-2kg-a-1750068961977-1.jpg\" alt=\"M\u1ee1 Molykote Hp-500 (2kg\/can)\" data-thumb=\"large\" \/><\/strong><\/p>\n<p>\u0110\u00e2y l\u00e0 m\u1ed9t lo\u1ea1i m\u1ee1 b\u00f4i tr\u01a1n cao c\u1ea5p, ho\u00e0n to\u00e0n fluorinated (perfluoropolyether &#8211; PFPE) c\u1ee7a th\u01b0\u01a1ng hi\u1ec7u Molykote (thu\u1ed9c t\u1eadp \u0111o\u00e0n DuPont), \u0111\u01b0\u1ee3c thi\u1ebft k\u1ebf \u0111\u1ec3 ho\u1ea1t \u0111\u1ed9ng trong nh\u1eefng \u0111i\u1ec1u ki\u1ec7n c\u1ef1c k\u1ef3 kh\u1eafc nghi\u1ec7t.<\/p>\n<h3 data-sourcepos=\"5:1-5:55\">\u0110\u1eb7c \u0111i\u1ec3m n\u1ed5i b\u1eadt c\u1ee7a M\u1ee1 b\u00f4i tr\u01a1n Molykote HP-500<\/h3>\n<p data-sourcepos=\"7:1-7:147\">Molykote HP-500 l\u00e0 m\u1ed9t trong nh\u1eefng lo\u1ea1i m\u1ee1 hi\u1ec7u su\u1ea5t cao nh\u1ea5t c\u1ee7a Molykote, \u0111\u01b0\u1ee3c s\u1eed d\u1ee5ng trong c\u00e1c \u1ee9ng d\u1ee5ng \u0111\u00f2i h\u1ecfi s\u1ef1 \u1ed5n \u0111\u1ecbnh v\u00e0 \u0111\u1ed9 b\u1ec1n v\u01b0\u1ee3t tr\u1ed9i:<\/p>\n<p data-sourcepos=\"7:1-7:147\"><img decoding=\"async\" title=\"mo-molykote-hp-500-2kg-b-1750068961615-1\" src=\"https:\/\/yenhung.com\/wp-content\/uploads\/2025\/11\/mo-molykote-hp-500-2kg-b-1750068961615-1.jpg\" alt=\"M\u1ee1 Molykote Hp-500 (2kg\/can)\" data-thumb=\"large\" \/><\/p>\n<ul data-sourcepos=\"9:1-19:0\">\n<li data-sourcepos=\"9:1-13:191\"><strong>G\u1ed1c PFPE (Perfluoropolyether) v\u00e0 ch\u1ea5t l\u00e0m \u0111\u1eb7c PTFE (Polytetrafluoroethylene):<\/strong> \u0110\u00e2y l\u00e0 hai th\u00e0nh ph\u1ea7n ch\u00ednh mang l\u1ea1i c\u00e1c \u0111\u1eb7c t\u00ednh \u01b0u vi\u1ec7t:\n<ul data-sourcepos=\"10:5-13:191\">\n<li data-sourcepos=\"10:5-10:190\"><strong>Kh\u1ea3 n\u0103ng ch\u1ecbu nhi\u1ec7t \u0111\u1ed9 c\u1ef1c cao:<\/strong> Ho\u1ea1t \u0111\u1ed9ng \u1ed5n \u0111\u1ecbnh trong d\u1ea3i nhi\u1ec7t \u0111\u1ed9 r\u1ed9ng, t\u1eeb <strong>-20\u00b0C \u0111\u1ebfn +200\u00b0C<\/strong> (m\u1ed9t s\u1ed1 ngu\u1ed3n cho bi\u1ebft c\u00f3 th\u1ec3 ch\u1ecbu \u0111\u1ec9nh l\u00ean \u0111\u1ebfn 250\u00b0C ho\u1eb7c 280\u00b0C kh\u00f4ng li\u00ean t\u1ee5c).<\/li>\n<li data-sourcepos=\"11:5-11:196\"><strong>Kh\u00e1ng h\u00f3a ch\u1ea5t v\u00e0 dung m\u00f4i v\u01b0\u1ee3t tr\u1ed9i:<\/strong> Kh\u00f4ng b\u1ecb \u1ea3nh h\u01b0\u1edfng b\u1edfi h\u1ea7u h\u1ebft c\u00e1c lo\u1ea1i h\u00f3a ch\u1ea5t, dung m\u00f4i, axit, ki\u1ec1m, oxy v\u00e0 kh\u00ed h\u00f3a l\u1ecfng. \u0110i\u1ec1u n\u00e0y l\u00e0m cho n\u00f3 l\u00fd t\u01b0\u1edfng cho c\u00e1c m\u00f4i tr\u01b0\u1eddng \u0103n m\u00f2n.<\/li>\n<li data-sourcepos=\"12:5-12:158\"><strong>\u0110\u1ed9 b\u1ec1n oxy h\u00f3a tuy\u1ec7t v\u1eddi:<\/strong> Kh\u00f4ng b\u1ecb suy gi\u1ea3m ch\u1ea5t l\u01b0\u1ee3ng \u0111\u00e1ng k\u1ec3 do qu\u00e1 tr\u00ecnh oxy h\u00f3a, ph\u00f9 h\u1ee3p cho vi\u1ec7c b\u00f4i tr\u01a1n l\u00e2u d\u00e0i, k\u00e9o d\u00e0i chu k\u1ef3 t\u00e1i b\u00f4i tr\u01a1n.<\/li>\n<li data-sourcepos=\"13:5-13:191\"><strong>\u00c1p su\u1ea5t h\u01a1i th\u1ea5p (Low Vapor Pressure):<\/strong> \u0110\u1eb7c t\u00ednh n\u00e0y quan tr\u1ecdng cho c\u00e1c \u1ee9ng d\u1ee5ng trong m\u00f4i tr\u01b0\u1eddng ch\u00e2n kh\u00f4ng cao ho\u1eb7c ph\u00f2ng s\u1ea1ch, n\u01a1i s\u1ef1 bay h\u01a1i c\u1ee7a ch\u1ea5t b\u00f4i tr\u01a1n l\u00e0 kh\u00f4ng mong mu\u1ed1n.<\/li>\n<\/ul>\n<\/li>\n<li data-sourcepos=\"14:1-14:192\"><strong>T\u01b0\u01a1ng th\u00edch v\u1edbi h\u1ea7u h\u1ebft c\u00e1c lo\u1ea1i nh\u1ef1a v\u00e0 cao su:<\/strong> Kh\u00f4ng g\u00e2y h\u01b0 h\u1ea1i, tr\u01b0\u01a1ng n\u1edf hay l\u00e0m bi\u1ebfn ch\u1ea5t c\u00e1c v\u1eadt li\u1ec7u nh\u1ef1a v\u00e0 cao su, l\u00e0 l\u1ef1a ch\u1ecdn an to\u00e0n cho c\u00e1c chi ti\u1ebft l\u00e0m t\u1eeb v\u1eadt li\u1ec7u nh\u1ea1y c\u1ea3m.<\/li>\n<li data-sourcepos=\"15:1-15:172\"><strong>Kh\u00f4ng n\u00f3ng ch\u1ea3y (Non-melting):<\/strong> Do ch\u1ea5t l\u00e0m \u0111\u1eb7c l\u00e0 PTFE, m\u1ee1 kh\u00f4ng c\u00f3 \u0111i\u1ec3m nh\u1ecf gi\u1ecdt (dropping point), duy tr\u00ec c\u1ea5u tr\u00fac v\u00e0 hi\u1ec7u su\u1ea5t b\u00f4i tr\u01a1n ngay c\u1ea3 \u1edf nhi\u1ec7t \u0111\u1ed9 r\u1ea5t cao.<\/li>\n<li data-sourcepos=\"16:1-16:117\"><strong>H\u1ec7 s\u1ed1 ma s\u00e1t c\u1ef1c th\u1ea5p:<\/strong> Nh\u1edd PTFE, m\u1ee1 gi\u00fap gi\u1ea3m ma s\u00e1t \u0111\u00e1ng k\u1ec3, gi\u1ea3m m\u00e0i m\u00f2n v\u00e0 k\u00e9o d\u00e0i tu\u1ed5i th\u1ecd c\u1ee7a c\u00e1c b\u1ed9 ph\u1eadn.<\/li>\n<li data-sourcepos=\"17:1-17:41\"><strong>M\u00e0u s\u1eafc:<\/strong> Tr\u1eafng trong ho\u1eb7c tr\u1eafng m\u1edd.<\/li>\n<li data-sourcepos=\"18:1-19:0\"><img decoding=\"async\" title=\"mo-molykote-hp-500-2kg-c-1750068961147-2\" src=\"https:\/\/yenhung.com\/wp-content\/uploads\/2025\/11\/mo-molykote-hp-500-2kg-c-1750068961147-2.jpg\" alt=\"M\u1ee1 Molykote Hp-500 (2kg\/can)\" data-thumb=\"large\" \/><\/li>\n<li data-sourcepos=\"18:1-19:0\"><strong>NLGI Grade 2:<\/strong> L\u00e0 \u0111\u1ed9 \u0111\u1eb7c chu\u1ea9n, t\u01b0\u01a1ng t\u1ef1 nh\u01b0 m\u1ee1 \u0111a d\u1ee5ng.<br \/>\n<h3 data-sourcepos=\"22:1-22:47\">\u1ee8ng d\u1ee5ng c\u1ee7a M\u1ee1 b\u00f4i tr\u01a1n Molykote HP-500<\/h3>\n<p data-sourcepos=\"24:1-24:128\">Molykote HP-500 \u0111\u01b0\u1ee3c s\u1eed d\u1ee5ng trong c\u00e1c ng\u00e0nh c\u00f4ng nghi\u1ec7p \u0111\u00f2i h\u1ecfi hi\u1ec7u su\u1ea5t t\u1ed1i \u0111a v\u00e0 \u0111\u1ed9 tin c\u1eady cao trong \u0111i\u1ec1u ki\u1ec7n kh\u1eafc nghi\u1ec7t:<\/p>\n<\/li>\n<li data-sourcepos=\"26:1-26:153\"><strong>Ng\u00e0nh s\u1ea3n xu\u1ea5t b\u00e1n d\u1eabn:<\/strong> Thi\u1ebft b\u1ecb ph\u00f2ng s\u1ea1ch (cleanroom equipment), m\u00e1y m\u00f3c s\u1ea3n xu\u1ea5t ch\u1ea5t b\u00e1n d\u1eabn n\u01a1i y\u00eau c\u1ea7u kh\u00f4ng c\u00f3 s\u1ef1 bay h\u01a1i c\u1ee7a ch\u1ea5t b\u00f4i tr\u01a1n.<\/li>\n<li data-sourcepos=\"27:1-29:49\"><strong>\u1ee8ng d\u1ee5ng nhi\u1ec7t \u0111\u1ed9 cao:<\/strong>\n<ul data-sourcepos=\"28:5-29:49\">\n<li data-sourcepos=\"28:5-28:53\">V\u00f2ng bi trong l\u00f2 n\u01b0\u1edbng, l\u00f2 s\u1ea5y, d\u00e2y chuy\u1ec1n s\u01a1n.<\/li>\n<li data-sourcepos=\"29:5-29:49\">Thi\u1ebft b\u1ecb ho\u1ea1t \u0111\u1ed9ng g\u1ea7n c\u00e1c ngu\u1ed3n nhi\u1ec7t cao.<\/li>\n<\/ul>\n<\/li>\n<li data-sourcepos=\"30:1-30:103\"><strong>M\u00f4i tr\u01b0\u1eddng h\u00f3a ch\u1ea5t\/dung m\u00f4i m\u1ea1nh:<\/strong> M\u00e1y b\u01a1m, van, thi\u1ebft b\u1ecb ti\u1ebfp x\u00fac v\u1edbi h\u00f3a ch\u1ea5t \u0103n m\u00f2n, dung m\u00f4i.<\/li>\n<li data-sourcepos=\"31:1-31:102\"><strong>\u1ee8ng d\u1ee5ng ch\u00e2n kh\u00f4ng cao:<\/strong> C\u00e1c h\u1ec7 th\u1ed1ng ch\u00e2n kh\u00f4ng n\u01a1i c\u1ea7n ng\u0103n ng\u1eeba s\u1ef1 bay h\u01a1i c\u1ee7a ch\u1ea5t b\u00f4i tr\u01a1n.<\/li>\n<li data-sourcepos=\"32:1-32:142\"><strong>C\u00e1c b\u1ed9 ph\u1eadn nh\u1ef1a\/nh\u1ef1a v\u00e0 nh\u1ef1a\/kim lo\u1ea1i:<\/strong> B\u00f4i tr\u01a1n c\u00e1c b\u00e1nh r\u0103ng nh\u1ef1a, kh\u1edbp n\u1ed1i nh\u1ef1a, ray tr\u01b0\u1ee3t trong c\u00e1c thi\u1ebft b\u1ecb c\u00f4ng nghi\u1ec7p v\u00e0 \u0111i\u1ec7n t\u1eed.<\/li>\n<li data-sourcepos=\"33:1-33:93\"><strong>C\u00f4ng nghi\u1ec7p \u00f4 t\u00f4:<\/strong> M\u1ed9t s\u1ed1 \u1ee9ng d\u1ee5ng \u0111\u1eb7c bi\u1ec7t \u0111\u00f2i h\u1ecfi kh\u1ea3 n\u0103ng ch\u1ecbu nhi\u1ec7t v\u00e0 h\u00f3a ch\u1ea5t cao.<\/li>\n<li data-sourcepos=\"34:1-35:0\"><strong>Ng\u00e0nh th\u1ef1c ph\u1ea9m v\u00e0 \u0111\u1ed3 u\u1ed1ng:<\/strong> M\u1eb7c d\u00f9 \u0111\u01b0\u1ee3c s\u1eed d\u1ee5ng trong nhi\u1ec1u \u1ee9ng d\u1ee5ng kh\u1eafc nghi\u1ec7t, Molykote HP-500 c\u0169ng \u0111\u01b0\u1ee3c ch\u1ea5p thu\u1eadn cho m\u1ed9t s\u1ed1 \u1ee9ng d\u1ee5ng ng\u00e0nh th\u1ef1c ph\u1ea9m (m\u1ed9t s\u1ed1 ngu\u1ed3n ghi NSF H1 &#8211; c\u1ea7n ki\u1ec3m tra TDS ch\u00ednh th\u1ee9c t\u1eeb DuPont \u0111\u1ec3 x\u00e1c nh\u1eadn).<br \/>\n&nbsp;<\/li>\n<\/ul>\n<\/div>\n","protected":false},"excerpt":{"rendered":"<p><strong>T\u00ean sa\u0309n ph\u00e2\u0309m:\u00a0M\u1ee1 Molykote Hp-500 (2kg\/can)<\/strong><\/p>\n","protected":false},"featured_media":6555,"comment_status":"closed","ping_status":"closed","template":"","meta":[],"product_brand":[],"product_cat":[155],"product_tag":[],"class_list":{"0":"post-6554","1":"product","2":"type-product","3":"status-publish","4":"has-post-thumbnail","6":"product_cat-dupont","8":"first","9":"instock","10":"shipping-taxable","11":"product-type-simple"},"_links":{"self":[{"href":"https:\/\/yenhung.com\/index.php?rest_route=\/wp\/v2\/product\/6554","targetHints":{"allow":["GET"]}}],"collection":[{"href":"https:\/\/yenhung.com\/index.php?rest_route=\/wp\/v2\/product"}],"about":[{"href":"https:\/\/yenhung.com\/index.php?rest_route=\/wp\/v2\/types\/product"}],"replies":[{"embeddable":true,"href":"https:\/\/yenhung.com\/index.php?rest_route=%2Fwp%2Fv2%2Fcomments&post=6554"}],"wp:featuredmedia":[{"embeddable":true,"href":"https:\/\/yenhung.com\/index.php?rest_route=\/wp\/v2\/media\/6555"}],"wp:attachment":[{"href":"https:\/\/yenhung.com\/index.php?rest_route=%2Fwp%2Fv2%2Fmedia&parent=6554"}],"wp:term":[{"taxonomy":"product_brand","embeddable":true,"href":"https:\/\/yenhung.com\/index.php?rest_route=%2Fwp%2Fv2%2Fproduct_brand&post=6554"},{"taxonomy":"product_cat","embeddable":true,"href":"https:\/\/yenhung.com\/index.php?rest_route=%2Fwp%2Fv2%2Fproduct_cat&post=6554"},{"taxonomy":"product_tag","embeddable":true,"href":"https:\/\/yenhung.com\/index.php?rest_route=%2Fwp%2Fv2%2Fproduct_tag&post=6554"}],"curies":[{"name":"wp","href":"https:\/\/api.w.org\/{rel}","templated":true}]}}