{"id":6568,"date":"2025-11-10T07:17:17","date_gmt":"2025-11-10T07:17:17","guid":{"rendered":"https:\/\/yenhung.com\/?product=mo-boi-tron-molykote-pg21-1kg-hop"},"modified":"2026-02-11T04:56:25","modified_gmt":"2026-02-11T04:56:25","slug":"mo-boi-tron-molykote-pg21-1kg-hop","status":"publish","type":"product","link":"https:\/\/yenhung.com\/?product=mo-boi-tron-molykote-pg21-1kg-hop","title":{"rendered":"M\u1ee1 b\u00f4i tr\u01a1n Molykote PG21 1kg\/h\u1ed9p"},"content":{"rendered":"<div class=\"ba-text-fpt\">\n<h2 data-sourcepos=\"1:1-1:118\"><strong>M\u1ee1 b\u00f4i tr\u01a1n Molykote PG21 \u0111\u00f3ng g\u00f3i trong h\u1ed9p 1kg.<\/strong><\/h2>\n<p data-sourcepos=\"3:1-3:190\">\u0110\u00e2y l\u00e0 m\u1ed9t lo\u1ea1i <strong>m\u1ee1 silicone hi\u1ec7u su\u1ea5t cao<\/strong> \u0111\u01b0\u1ee3c thi\u1ebft k\u1ebf cho c\u00e1c \u1ee9ng d\u1ee5ng k\u1ebft h\u1ee3p <strong>nh\u1ef1a\/nh\u1ef1a v\u00e0 nh\u1ef1a\/kim lo\u1ea1i<\/strong> v\u1edbi chuy\u1ec3n \u0111\u1ed9ng ch\u1eadm \u0111\u1ebfn trung b\u00ecnh nhanh v\u00e0 t\u1ea3i tr\u1ecdng nh\u1eb9 \u0111\u1ebfn trung b\u00ecnh.<\/p>\n<p data-sourcepos=\"3:1-3:190\"><img decoding=\"async\" title=\"molykote-pg-21-3-1\" src=\"https:\/\/yenhung.com\/wp-content\/uploads\/2025\/11\/molykote-pg-21-3-1.jpg\" alt=\"M\u1ee1 b\u00f4i tr\u01a1n Molykote PG21 1kg\/h\u1ed9p\" data-thumb=\"large\" \/><\/p>\n<p data-sourcepos=\"5:1-5:34\"><strong>C\u00e1c \u0111\u1eb7c \u0111i\u1ec3m v\u00e0 l\u1ee3i \u00edch ch\u00ednh:<\/strong><\/p>\n<p data-sourcepos=\"5:1-5:34\"><strong><img decoding=\"async\" title=\"molykote-pg-21-1-2\" src=\"https:\/\/yenhung.com\/wp-content\/uploads\/2025\/11\/molykote-pg-21-1-2.jpg\" alt=\"M\u1ee1 b\u00f4i tr\u01a1n Molykote PG21 1kg\/h\u1ed9p\" data-thumb=\"large\" \/><\/strong><\/p>\n<ul data-sourcepos=\"7:1-16:0\">\n<li data-sourcepos=\"7:1-7:24\"><strong>Ch\u1ed1ng oxy h\u00f3a cao.<\/strong><\/li>\n<li data-sourcepos=\"8:1-8:78\"><strong>Ph\u1ea1m vi nhi\u1ec7t \u0111\u1ed9 ho\u1ea1t \u0111\u1ed9ng r\u1ed9ng:<\/strong> T\u1eeb <strong>-50\u00b0C (-58\u00b0F) \u0111\u1ebfn 190\u00b0C (374\u00b0F)<\/strong>.<\/li>\n<li data-sourcepos=\"9:1-9:30\"><strong>Kh\u1ea3 n\u0103ng kh\u00e1ng n\u01b0\u1edbc cao.<\/strong><\/li>\n<li data-sourcepos=\"10:1-10:36\"><strong>B\u1ea3o v\u1ec7 ch\u1ed1ng \u0103n m\u00f2n tuy\u1ec7t v\u1eddi.<\/strong><\/li>\n<li data-sourcepos=\"11:1-11:54\"><strong>T\u01b0\u01a1ng th\u00edch v\u1edbi nhi\u1ec1u lo\u1ea1i nh\u1ef1a v\u00e0 ch\u1ea5t \u0111\u00e0n h\u1ed3i.<\/strong><\/li>\n<li data-sourcepos=\"12:1-12:34\"><strong>C\u1ea5p NLGI 2:<\/strong> \u0110\u1ed9 \u0111\u1eb7c v\u1eeba ph\u1ea3i.<\/li>\n<li data-sourcepos=\"13:1-13:92\"><strong>Ch\u1ea5t l\u00e0m \u0111\u1eb7c Lithium complex:<\/strong> Mang l\u1ea1i \u0111\u1ed9 \u1ed5n \u0111\u1ecbnh c\u1eaft t\u1ed1t v\u00e0 hi\u1ec7u su\u1ea5t \u1edf nhi\u1ec7t \u0111\u1ed9 cao.<\/li>\n<li data-sourcepos=\"14:1-14:103\"><strong>D\u1ea7u g\u1ed1c Silicone:<\/strong> Cho hi\u1ec7u su\u1ea5t tuy\u1ec7t v\u1eddi \u1edf nhi\u1ec7t \u0111\u1ed9 th\u1ea5p v\u00e0 cao, \u0111\u1ed3ng th\u1eddi t\u01b0\u01a1ng th\u00edch v\u1edbi nh\u1ef1a.<\/li>\n<li data-sourcepos=\"15:1-16:0\"><strong>M\u00e0u tr\u1eafng.<\/strong><\/li>\n<\/ul>\n<p data-sourcepos=\"17:1-17:23\"><strong>\u1ee8ng d\u1ee5ng ti\u00eau bi\u1ec3u:<\/strong><\/p>\n<p data-sourcepos=\"17:1-17:23\"><strong><img decoding=\"async\" title=\"molykote-pg-21-2-1\" src=\"https:\/\/yenhung.com\/wp-content\/uploads\/2025\/11\/molykote-pg-21-2-1.jpg\" alt=\"M\u1ee1 b\u00f4i tr\u01a1n Molykote PG21 1kg\/h\u1ed9p\" data-thumb=\"large\" \/><\/strong><\/p>\n<p data-sourcepos=\"19:1-19:186\">Molykote PG 21 th\u00edch h\u1ee3p cho c\u00e1c ti\u1ebfp \u0111i\u1ec3m ma s\u00e1t ch\u1ecbu t\u1ea3i tr\u1ecdng v\u00e0 t\u1ed1c \u0111\u1ed9 th\u1ea5p \u0111\u1ebfn trung b\u00ecnh, c\u1ea7n duy tr\u00ec kh\u1ea3 n\u0103ng ho\u1ea1t \u0111\u1ed9ng trong ph\u1ea1m vi nhi\u1ec7t \u0111\u1ed9 r\u1ed9ng. C\u00e1c \u1ee9ng d\u1ee5ng ph\u1ed5 bi\u1ebfn bao g\u1ed3m:<\/p>\n<ul data-sourcepos=\"21:1-27:0\">\n<li data-sourcepos=\"21:1-21:16\">C\u00e1p \u0111i\u1ec1u khi\u1ec3n<\/li>\n<li data-sourcepos=\"22:1-22:10\">B\u01a1m n\u01b0\u1edbc<\/li>\n<li data-sourcepos=\"23:1-23:9\">\u1ed4 tr\u01b0\u1ee3t<\/li>\n<li data-sourcepos=\"24:1-24:11\">B\u00e1nh r\u0103ng<\/li>\n<li data-sourcepos=\"25:1-25:12\">R\u00e3nh tr\u01b0\u1ee3t<\/li>\n<li data-sourcepos=\"26:1-27:0\">C\u00e1c b\u1ed9 ph\u1eadn b\u1eb1ng nh\u1ef1a kh\u00e1c trong thi\u1ebft b\u1ecb gia d\u1ee5ng, \u0111\u1ed3 ch\u01a1i v\u00e0 thi\u1ebft b\u1ecb \u0111i\u1ec7n.<\/li>\n<\/ul>\n<\/div>\n","protected":false},"excerpt":{"rendered":"<p>T\u00ean sa\u0309n ph\u00e2\u0309m:\u00a0M\u1ee1 b\u00f4i tr\u01a1n Molykote PG21 1kg\/h\u1ed9p<\/p>\n","protected":false},"featured_media":6569,"comment_status":"closed","ping_status":"closed","template":"","meta":[],"product_brand":[],"product_cat":[155],"product_tag":[],"class_list":{"0":"post-6568","1":"product","2":"type-product","3":"status-publish","4":"has-post-thumbnail","6":"product_cat-dupont","8":"first","9":"instock","10":"shipping-taxable","11":"product-type-simple"},"_links":{"self":[{"href":"https:\/\/yenhung.com\/index.php?rest_route=\/wp\/v2\/product\/6568","targetHints":{"allow":["GET"]}}],"collection":[{"href":"https:\/\/yenhung.com\/index.php?rest_route=\/wp\/v2\/product"}],"about":[{"href":"https:\/\/yenhung.com\/index.php?rest_route=\/wp\/v2\/types\/product"}],"replies":[{"embeddable":true,"href":"https:\/\/yenhung.com\/index.php?rest_route=%2Fwp%2Fv2%2Fcomments&post=6568"}],"wp:featuredmedia":[{"embeddable":true,"href":"https:\/\/yenhung.com\/index.php?rest_route=\/wp\/v2\/media\/6569"}],"wp:attachment":[{"href":"https:\/\/yenhung.com\/index.php?rest_route=%2Fwp%2Fv2%2Fmedia&parent=6568"}],"wp:term":[{"taxonomy":"product_brand","embeddable":true,"href":"https:\/\/yenhung.com\/index.php?rest_route=%2Fwp%2Fv2%2Fproduct_brand&post=6568"},{"taxonomy":"product_cat","embeddable":true,"href":"https:\/\/yenhung.com\/index.php?rest_route=%2Fwp%2Fv2%2Fproduct_cat&post=6568"},{"taxonomy":"product_tag","embeddable":true,"href":"https:\/\/yenhung.com\/index.php?rest_route=%2Fwp%2Fv2%2Fproduct_tag&post=6568"}],"curies":[{"name":"wp","href":"https:\/\/api.w.org\/{rel}","templated":true}]}}