{"id":6584,"date":"2025-11-10T07:17:29","date_gmt":"2025-11-10T07:17:29","guid":{"rendered":"https:\/\/yenhung.com\/?product=che-pham-boi-tron-molykote-5-electrical-insulating-compound-150g"},"modified":"2026-02-11T04:57:11","modified_gmt":"2026-02-11T04:57:11","slug":"che-pham-boi-tron-molykote-5-electrical-insulating-compound-150g","status":"publish","type":"product","link":"https:\/\/yenhung.com\/?product=che-pham-boi-tron-molykote-5-electrical-insulating-compound-150g","title":{"rendered":"Ch\u1ebf ph\u1ea9m b\u00f4i tr\u01a1n Molykote 5 Electrical Insulating Compound (150g)"},"content":{"rendered":"<div class=\"ba-text-fpt\">\n<h2 data-sourcepos=\"1:1-1:196\"><strong>Molykote 5 Electrical Insulating Compound<\/strong><\/h2>\n<p><strong><img decoding=\"async\" title=\"molykote-5-electrical-insulating-compound-1-jpeg-2\" src=\"https:\/\/yenhung.com\/wp-content\/uploads\/2025\/11\/molykote-5-electrical-insulating-compound-1-jpeg-2.jpg\" alt=\"Molykote 5 Electrical Insulating Compound\" data-thumb=\"large\" \/><\/strong><\/p>\n<p data-sourcepos=\"1:1-1:196\">M\u1ee1 Molykote 5 Electrical Insulating Compound l\u00e0 m\u1ed9t h\u1ee3p ch\u1ea5t silicone chuy\u00ean d\u1ee5ng \u0111\u01b0\u1ee3c thi\u1ebft k\u1ebf \u0111\u1ec3 c\u00e1ch \u0111i\u1ec7n v\u00e0 b\u1ea3o v\u1ec7 c\u00e1c thi\u1ebft b\u1ecb \u0111i\u1ec7n. D\u01b0\u1edbi \u0111\u00e2y l\u00e0 t\u00f3m t\u1eaft c\u00e1c \u0111\u1eb7c t\u00ednh v\u00e0 \u1ee9ng d\u1ee5ng ch\u00ednh c\u1ee7a n\u00f3:<\/p>\n<p data-sourcepos=\"3:1-3:19\"><strong>\u0110\u1eb7c \u0111i\u1ec3m ch\u00ednh:<\/strong><\/p>\n<ul data-sourcepos=\"5:1-23:0\">\n<li data-sourcepos=\"5:1-6:165\"><strong>C\u00e1ch \u0111i\u1ec7n:<\/strong>\n<ul data-sourcepos=\"6:5-6:165\">\n<li data-sourcepos=\"6:5-6:165\">\u0110\u01b0\u1ee3c pha ch\u1ebf \u0111\u1ec3 cung c\u1ea5p \u0111\u1ed9 b\u1ec1n \u0111i\u1ec7n m\u00f4i tuy\u1ec7t v\u1eddi, c\u00f3 ngh\u0129a l\u00e0 n\u00f3 ch\u1ed1ng l\u1ea1i d\u00f2ng \u0111i\u1ec7n. \u0110i\u1ec1u n\u00e0y l\u00e0m cho n\u00f3 ph\u00f9 h\u1ee3p cho c\u00e1c \u1ee9ng d\u1ee5ng li\u00ean quan \u0111\u1ebfn \u0111i\u1ec7n \u00e1p cao.<\/li>\n<\/ul>\n<\/li>\n<li data-sourcepos=\"7:1-8:83\"><strong>Ch\u1ed1ng \u1ea9m:<\/strong>\n<ul data-sourcepos=\"8:5-8:83\">\n<li data-sourcepos=\"8:5-8:83\">H\u1ee3p ch\u1ea5t \u0111\u1ea9y l\u00f9i \u0111\u1ed9 \u1ea9m m\u1ed9t c\u00e1ch hi\u1ec7u qu\u1ea3, ng\u0103n ng\u1eeba \u0103n m\u00f2n v\u00e0 \u0111o\u1ea3n m\u1ea1ch \u0111i\u1ec7n.<\/li>\n<\/ul>\n<\/li>\n<li data-sourcepos=\"9:1-10:138\"><strong>Ph\u1ea1m vi nhi\u1ec7t \u0111\u1ed9 r\u1ed9ng:<\/strong>\n<ul data-sourcepos=\"10:5-10:138\">\n<li data-sourcepos=\"10:5-10:138\">N\u00f3 \u0111\u01b0\u1ee3c thi\u1ebft k\u1ebf \u0111\u1ec3 ho\u1ea1t \u0111\u1ed9ng \u0111\u00e1ng tin c\u1eady trong ph\u1ea1m vi nhi\u1ec7t \u0111\u1ed9 r\u1ed9ng, l\u00e0m cho n\u00f3 linh ho\u1ea1t cho c\u00e1c \u0111i\u1ec1u ki\u1ec7n m\u00f4i tr\u01b0\u1eddng kh\u00e1c nhau.<\/li>\n<\/ul>\n<\/li>\n<li data-sourcepos=\"11:1-12:87\"><strong>Kh\u1ea3 n\u0103ng t\u01b0\u01a1ng th\u00edch:<\/strong>\n<ul data-sourcepos=\"12:5-12:87\">\n<li data-sourcepos=\"12:5-12:87\">Molykote 5 t\u01b0\u01a1ng th\u00edch v\u1edbi nhi\u1ec1u lo\u1ea1i v\u1eadt li\u1ec7u, bao g\u1ed3m cao su, kim lo\u1ea1i v\u00e0 nh\u1ef1a.<\/li>\n<\/ul>\n<\/li>\n<li data-sourcepos=\"13:1-14:41\"><strong>Kh\u00f4ng d\u1eabn \u0111i\u1ec7n:<\/strong>\n<ul data-sourcepos=\"14:5-14:41\">\n<li data-sourcepos=\"14:5-14:41\">\u0110\u00e2y l\u00e0 m\u1ed9t h\u1ee3p ch\u1ea5t kh\u00f4ng d\u1eabn \u0111i\u1ec7n.<\/li>\n<\/ul>\n<\/li>\n<li data-sourcepos=\"15:1-23:0\"><strong>\u1ee8ng d\u1ee5ng:<\/strong>\n<ul data-sourcepos=\"16:5-23:0\">\n<li data-sourcepos=\"16:5-16:46\">Ch\u1ea5t c\u00e1ch \u0111i\u1ec7n v\u00e0 \u1ed1ng l\u00f3t d\u00f2ng \u0111i\u1ec7n cao.<\/li>\n<li data-sourcepos=\"17:5-17:39\">Thi\u1ebft b\u1ecb v\u00e0 h\u1ec7 th\u1ed1ng \u0111i\u1ec7n \u00e1p cao.<\/li>\n<li data-sourcepos=\"18:5-18:34\">V\u00f2ng \u0111\u1ec7m ch\u1eef O t\u0129nh v\u00e0 \u0111\u1ed9ng.<\/li>\n<li data-sourcepos=\"19:5-19:31\">Ren v\u00e0 bu l\u00f4ng c\u00e1ch \u0111i\u1ec7n.<\/li>\n<li data-sourcepos=\"20:5-20:31\">C\u00e1p \u0111i\u1ec1u khi\u1ec3n c\u00f3 v\u1ecf b\u1ecdc.<\/li>\n<li data-sourcepos=\"21:5-21:47\">Ti\u1ebfp \u0111i\u1ec3m v\u00e0 \u1ed1c v\u00edt v\u00e0 v\u00edt si\u1ebft ch\u1eb7t \u0111ai.<\/li>\n<li data-sourcepos=\"22:5-23:0\">B\u1ec1 m\u1eb7t nh\u1ef1a, kim lo\u1ea1i v\u00e0 cao su.<\/li>\n<\/ul>\n<\/li>\n<\/ul>\n<p data-sourcepos=\"24:1-24:18\"><strong>L\u1ee3i \u00edch ch\u00ednh:<\/strong><\/p>\n<p data-sourcepos=\"24:1-24:18\"><strong><img decoding=\"async\" title=\"molykote-5-electrical-insulating-compound-1\" src=\"https:\/\/yenhung.com\/wp-content\/uploads\/2025\/11\/molykote-5-electrical-insulating-compound-1.jpg\" alt=\"Molykote 5 Electrical Insulating Compound\" data-thumb=\"large\" \/><\/strong><\/p>\n<ul data-sourcepos=\"26:1-32:0\">\n<li data-sourcepos=\"26:1-27:68\"><strong>Gi\u1ea3m h\u1ed3 quang \u0111i\u1ec7n v\u00e0 ph\u00f3ng \u0111i\u1ec7n b\u1ec1 m\u1eb7t:<\/strong>\n<ul data-sourcepos=\"27:5-27:68\">\n<li data-sourcepos=\"27:5-27:68\">Gi\u00fap ng\u0103n ng\u1eeba ph\u00f3ng \u0111i\u1ec7n, c\u1ea3i thi\u1ec7n \u0111\u1ed9 an to\u00e0n v\u00e0 \u0111\u1ed9 tin c\u1eady.<\/li>\n<\/ul>\n<\/li>\n<li data-sourcepos=\"28:1-29:81\"><strong>K\u00e9o d\u00e0i tu\u1ed5i th\u1ecd d\u1ecbch v\u1ee5:<\/strong>\n<ul data-sourcepos=\"29:5-29:81\">\n<li data-sourcepos=\"29:5-29:81\">B\u1ea3o v\u1ec7 c\u00e1c th\u00e0nh ph\u1ea7n kh\u1ecfi t\u00e1c h\u1ea1i c\u1ee7a m\u00f4i tr\u01b0\u1eddng, t\u0103ng tu\u1ed5i th\u1ecd c\u1ee7a ch\u00fang.<\/li>\n<\/ul>\n<\/li>\n<li data-sourcepos=\"30:1-32:0\"><strong>D\u1ec5 d\u00e0ng thi c\u00f4ng:<\/strong>\n<ul data-sourcepos=\"31:5-32:0\">\n<li data-sourcepos=\"31:5-32:0\">C\u00f3 th\u1ec3 thi c\u00f4ng b\u1eb1ng tay, lau, ch\u1ea3i ho\u1eb7c thi\u1ebft b\u1ecb t\u1ef1 \u0111\u1ed9ng.<\/li>\n<\/ul>\n<\/li>\n<\/ul>\n<p data-sourcepos=\"33:1-33:21\"><strong>L\u01b0u \u00fd quan tr\u1ecdng:<\/strong><\/p>\n<p data-sourcepos=\"33:1-33:21\"><strong><img decoding=\"async\" title=\"molykote-5-electrical-insulating-compound-150g-1-1\" src=\"https:\/\/yenhung.com\/wp-content\/uploads\/2025\/11\/molykote-5-electrical-insulating-compound-150g-1-1.jpg\" alt=\"Ch\u1ebf ph\u1ea9m b\u00f4i tr\u01a1n Molykote 5 Electrical Insulating Compound (150g)\" data-thumb=\"large\" \/><\/strong><\/p>\n<ul data-sourcepos=\"35:1-37:0\">\n<li data-sourcepos=\"35:1-35:136\">Lu\u00f4n tham kh\u1ea3o b\u1ea3ng d\u1eef li\u1ec7u an to\u00e0n v\u1eadt li\u1ec7u (SDS) v\u00e0 t\u00e0i li\u1ec7u s\u1ea3n ph\u1ea9m c\u1ee7a nh\u00e0 s\u1ea3n xu\u1ea5t \u0111\u1ec3 bi\u1ebft h\u01b0\u1edbng d\u1eabn x\u1eed l\u00fd v\u00e0 thi c\u00f4ng chi ti\u1ebft.<\/li>\n<li data-sourcepos=\"36:1-37:0\">H\u1ee3p ch\u1ea5t n\u00e0y kh\u00f4ng \u0111\u01b0\u1ee3c khuy\u1ebfn ngh\u1ecb s\u1eed d\u1ee5ng v\u1edbi c\u00e1c h\u00f3a ch\u1ea5t c\u00f3 t\u00ednh oxy h\u00f3a cao ho\u1eb7c l\u00e0m ch\u1ea5t b\u00f4i tr\u01a1n trong \u1ed5 tr\u1ee5c kim lo\u1ea1i.<\/li>\n<\/ul>\n<p>&nbsp;<\/p>\n<\/div>\n","protected":false},"excerpt":{"rendered":"<p>T\u00ean sa\u0309n ph\u00e2\u0309m:\u00a0Molykote 5 Electrical Insulating Compound<\/p>\n","protected":false},"featured_media":6585,"comment_status":"closed","ping_status":"closed","template":"","meta":[],"product_brand":[],"product_cat":[155],"product_tag":[],"class_list":{"0":"post-6584","1":"product","2":"type-product","3":"status-publish","4":"has-post-thumbnail","6":"product_cat-dupont","8":"first","9":"instock","10":"shipping-taxable","11":"product-type-simple"},"_links":{"self":[{"href":"https:\/\/yenhung.com\/index.php?rest_route=\/wp\/v2\/product\/6584","targetHints":{"allow":["GET"]}}],"collection":[{"href":"https:\/\/yenhung.com\/index.php?rest_route=\/wp\/v2\/product"}],"about":[{"href":"https:\/\/yenhung.com\/index.php?rest_route=\/wp\/v2\/types\/product"}],"replies":[{"embeddable":true,"href":"https:\/\/yenhung.com\/index.php?rest_route=%2Fwp%2Fv2%2Fcomments&post=6584"}],"wp:featuredmedia":[{"embeddable":true,"href":"https:\/\/yenhung.com\/index.php?rest_route=\/wp\/v2\/media\/6585"}],"wp:attachment":[{"href":"https:\/\/yenhung.com\/index.php?rest_route=%2Fwp%2Fv2%2Fmedia&parent=6584"}],"wp:term":[{"taxonomy":"product_brand","embeddable":true,"href":"https:\/\/yenhung.com\/index.php?rest_route=%2Fwp%2Fv2%2Fproduct_brand&post=6584"},{"taxonomy":"product_cat","embeddable":true,"href":"https:\/\/yenhung.com\/index.php?rest_route=%2Fwp%2Fv2%2Fproduct_cat&post=6584"},{"taxonomy":"product_tag","embeddable":true,"href":"https:\/\/yenhung.com\/index.php?rest_route=%2Fwp%2Fv2%2Fproduct_tag&post=6584"}],"curies":[{"name":"wp","href":"https:\/\/api.w.org\/{rel}","templated":true}]}}