{"id":6592,"date":"2025-11-10T07:17:37","date_gmt":"2025-11-10T07:17:37","guid":{"rendered":"https:\/\/yenhung.com\/?product=mo-molykote-dx-paste-1kg"},"modified":"2026-02-11T04:55:43","modified_gmt":"2026-02-11T04:55:43","slug":"mo-molykote-dx-paste-1kg","status":"publish","type":"product","link":"https:\/\/yenhung.com\/?product=mo-molykote-dx-paste-1kg","title":{"rendered":"M\u1ee1 Molykote DX Paste (1kg)"},"content":{"rendered":"<div class=\"ba-text-fpt\">\n<h2 data-sourcepos=\"1:1-1:213\"><strong>M\u1ee1 Molykote DX Paste (1kg)<\/strong><\/h2>\n<p data-sourcepos=\"1:1-1:213\"><img decoding=\"async\" title=\"mo-molykote-dx-paste-1kg-2\" src=\"https:\/\/yenhung.com\/wp-content\/uploads\/2025\/11\/mo-molykote-dx-paste-1kg-2.jpg\" alt=\"M\u1ee1 Molykote DX Paste (1kg)\" data-thumb=\"large\" \/>M\u1ee1 Molykote DX Paste l\u00e0 m\u1ed9t lo\u1ea1i m\u1ee1 b\u00f4i tr\u01a1n cao c\u1ea5p, d\u1ea1ng b\u1ed9t nh\u00e3o, \u0111\u01b0\u1ee3c thi\u1ebft k\u1ebf \u0111\u1eb7c bi\u1ec7t cho c\u00e1c \u1ee9ng d\u1ee5ng y\u00eau c\u1ea7u kh\u1ea3 n\u0103ng b\u00f4i tr\u01a1n l\u00e2u d\u00e0i v\u00e0 ch\u1ecbu t\u1ea3i cao. D\u01b0\u1edbi \u0111\u00e2y l\u00e0 nh\u1eefng th\u00f4ng tin chi ti\u1ebft v\u1ec1 s\u1ea3n ph\u1ea9m n\u00e0y:<\/p>\n<p data-sourcepos=\"3:1-3:21\"><strong>\u0110\u1eb7c \u0111i\u1ec3m n\u1ed5i b\u1eadt:<\/strong><\/p>\n<ul data-sourcepos=\"5:1-18:0\">\n<li data-sourcepos=\"5:1-6:115\"><strong>B\u00f4i tr\u01a1n l\u00e2u d\u00e0i:<\/strong>\n<ul data-sourcepos=\"6:5-6:115\">\n<li data-sourcepos=\"6:5-6:115\">Molykote DX Paste cung c\u1ea5p kh\u1ea3 n\u0103ng b\u00f4i tr\u01a1n hi\u1ec7u qu\u1ea3 trong th\u1eddi gian d\u00e0i, gi\u00fap gi\u1ea3m thi\u1ec3u ma s\u00e1t v\u00e0 m\u00e0i m\u00f2n.<\/li>\n<\/ul>\n<\/li>\n<li data-sourcepos=\"7:1-8:98\"><strong>Ch\u1ecbu t\u1ea3i cao:<\/strong>\n<ul data-sourcepos=\"8:5-8:98\">\n<li data-sourcepos=\"8:5-8:98\">S\u1ea3n ph\u1ea9m c\u00f3 kh\u1ea3 n\u0103ng ch\u1ecbu t\u1ea3i c\u1ef1c cao, ph\u00f9 h\u1ee3p cho c\u00e1c \u1ee9ng d\u1ee5ng ch\u1ecbu t\u1ea3i n\u1eb7ng v\u00e0 t\u1ea3i va \u0111\u1eadp.<\/li>\n<\/ul>\n<\/li>\n<li data-sourcepos=\"9:1-10:101\"><strong>Ch\u1ed1ng \u0103n m\u00f2n:<\/strong>\n<ul data-sourcepos=\"10:5-10:101\">\n<li data-sourcepos=\"10:5-10:101\">Molykote DX Paste gi\u00fap b\u1ea3o v\u1ec7 c\u00e1c b\u1ed9 ph\u1eadn kh\u1ecfi r\u1ec9 s\u00e9t v\u00e0 \u0103n m\u00f2n, k\u00e9o d\u00e0i tu\u1ed5i th\u1ecd c\u1ee7a thi\u1ebft b\u1ecb.<\/li>\n<\/ul>\n<\/li>\n<li data-sourcepos=\"11:1-12:91\"><strong>Kh\u00e1ng n\u01b0\u1edbc:<\/strong>\n<ul data-sourcepos=\"12:5-12:91\">\n<li data-sourcepos=\"12:5-12:91\">S\u1ea3n ph\u1ea9m c\u00f3 kh\u1ea3 n\u0103ng kh\u00e1ng n\u01b0\u1edbc t\u1ed1t, gi\u00fap b\u1ea3o v\u1ec7 c\u00e1c b\u1ed9 ph\u1eadn trong m\u00f4i tr\u01b0\u1eddng \u1ea9m \u01b0\u1edbt.<\/li>\n<\/ul>\n<\/li>\n<li data-sourcepos=\"13:1-14:77\"><strong>D\u1ea3i nhi\u1ec7t \u0111\u1ed9 r\u1ed9ng:<\/strong>\n<ul data-sourcepos=\"14:5-14:77\">\n<li data-sourcepos=\"14:5-14:77\">M\u1ee1 ho\u1ea1t \u0111\u1ed9ng hi\u1ec7u qu\u1ea3 trong ph\u1ea1m vi nhi\u1ec7t \u0111\u1ed9 r\u1ed9ng, t\u1eeb -25\u00b0C \u0111\u1ebfn +125\u00b0C.<\/li>\n<\/ul>\n<\/li>\n<li data-sourcepos=\"15:1-15:25\"><strong>M\u00e0u s\u1eafc:<\/strong> M\u00e0u tr\u1eafng.<\/li>\n<li data-sourcepos=\"16:1-16:28\"><strong>Ch\u1ea5t l\u00e0m \u0111\u1eb7c:<\/strong> Lithium.<\/li>\n<li data-sourcepos=\"17:1-18:0\"><strong>Ch\u1ea5t b\u00f4i tr\u01a1n r\u1eafn:<\/strong> Ch\u1ea5t r\u1eafn tr\u1eafng.<\/li>\n<\/ul>\n<p data-sourcepos=\"19:1-19:13\"><strong>\u1ee8ng d\u1ee5ng:<\/strong><\/p>\n<p data-sourcepos=\"19:1-19:13\"><strong><img decoding=\"async\" title=\"mo-molykote-dx-paste-1kg-1-1\" src=\"https:\/\/yenhung.com\/wp-content\/uploads\/2025\/11\/mo-molykote-dx-paste-1kg-1-1.png\" alt=\"M\u1ee1 Molykote DX Paste (1kg)\" data-thumb=\"large\" \/><\/strong><\/p>\n<ul data-sourcepos=\"21:1-27:0\">\n<li data-sourcepos=\"21:1-27:0\">Molykote DX Paste \u0111\u01b0\u1ee3c s\u1eed d\u1ee5ng r\u1ed9ng r\u00e3i trong nhi\u1ec1u \u1ee9ng d\u1ee5ng c\u00f4ng nghi\u1ec7p kh\u00e1c nhau, bao g\u1ed3m:\n<ul data-sourcepos=\"22:5-27:0\">\n<li data-sourcepos=\"22:5-22:50\">B\u00f4i tr\u01a1n c\u00e1c b\u1ed9 ph\u1eadn kim lo\u1ea1i ch\u1ecbu t\u1ea3i n\u1eb7ng.<\/li>\n<li data-sourcepos=\"23:5-23:39\">B\u00f4i tr\u01a1n c\u00e1c c\u01a1 c\u1ea5u tr\u01b0\u1ee3t v\u00e0 ren.<\/li>\n<li data-sourcepos=\"24:5-24:51\">B\u00f4i tr\u01a1n c\u00e1c b\u1ed9 ph\u1eadn trong m\u00f4i tr\u01b0\u1eddng \u1ea9m \u01b0\u1edbt.<\/li>\n<li data-sourcepos=\"25:5-25:78\">S\u1eed d\u1ee5ng cho c\u00e1c chi ti\u1ebft m\u00e1y trong ng\u00e0nh c\u00f4ng nghi\u1ec7p ch\u1ebf bi\u1ebfn th\u1ef1c ph\u1ea9m.<\/li>\n<li data-sourcepos=\"26:5-27:0\">B\u00f4i tr\u01a1n c\u00e1c chi ti\u1ebft m\u00e1y trong ng\u00e0nh c\u00f4ng nghi\u1ec7p \u00f4 t\u00f4.<\/li>\n<\/ul>\n<\/li>\n<\/ul>\n<p data-sourcepos=\"28:1-28:12\"><strong>L\u1ee3i \u00edch:<\/strong><\/p>\n<ul data-sourcepos=\"30:1-34:0\">\n<li data-sourcepos=\"30:1-30:28\">K\u00e9o d\u00e0i tu\u1ed5i th\u1ecd thi\u1ebft b\u1ecb.<\/li>\n<li data-sourcepos=\"31:1-31:23\">Gi\u1ea3m chi ph\u00ed b\u1ea3o tr\u00ec.<\/li>\n<li data-sourcepos=\"32:1-32:31\">C\u1ea3i thi\u1ec7n hi\u1ec7u su\u1ea5t thi\u1ebft b\u1ecb.<\/li>\n<li data-sourcepos=\"33:1-34:0\">B\u1ea3o v\u1ec7 thi\u1ebft b\u1ecb kh\u1ecfi \u0103n m\u00f2n v\u00e0 m\u00e0i m\u00f2n.<\/li>\n<\/ul>\n<p data-sourcepos=\"35:1-35:28\"><strong>Th\u00f4ng s\u1ed1 k\u1ef9 thu\u1eadt ch\u00ednh:<\/strong><\/p>\n<p data-sourcepos=\"35:1-35:28\"><strong><img decoding=\"async\" title=\"molykote-dx-paste-2-1\" src=\"https:\/\/yenhung.com\/wp-content\/uploads\/2025\/11\/molykote-dx-paste-2-1.jpg\" alt=\"M\u1ee1 Molykote DX Paste (1kg)\" data-thumb=\"large\" \/><\/strong><\/p>\n<ul data-sourcepos=\"37:1-43:0\">\n<li data-sourcepos=\"37:1-37:17\">D\u1ea1ng: B\u1ed9t nh\u00e3o.<\/li>\n<li data-sourcepos=\"38:1-38:17\">M\u00e0u s\u1eafc: Tr\u1eafng.<\/li>\n<li data-sourcepos=\"39:1-39:24\">Ch\u1ea5t l\u00e0m \u0111\u1eb7c: Lithium.<\/li>\n<li data-sourcepos=\"40:1-40:36\">Ch\u1ea5t b\u00f4i tr\u01a1n r\u1eafn: Ch\u1ea5t r\u1eafn tr\u1eafng.<\/li>\n<li data-sourcepos=\"41:1-41:39\">Nhi\u1ec7t \u0111\u1ed9 ho\u1ea1t \u0111\u1ed9ng: -25\u00b0C \u0111\u1ebfn +125\u00b0C.<\/li>\n<li data-sourcepos=\"42:1-43:0\">Quy c\u00e1ch \u0111\u00f3ng g\u00f3i: 1kg.<\/li>\n<\/ul>\n<p data-sourcepos=\"44:1-44:22\"><strong>L\u01b0u \u00fd khi s\u1eed d\u1ee5ng:<\/strong><\/p>\n<ul data-sourcepos=\"46:1-50:0\">\n<li data-sourcepos=\"46:1-46:35\">L\u00e0m s\u1ea1ch b\u1ec1 m\u1eb7t tr\u01b0\u1edbc khi b\u00f4i m\u1ee1.<\/li>\n<li data-sourcepos=\"47:1-47:46\">B\u00f4i m\u1ed9t l\u1edbp m\u1ecfng m\u1ee1 l\u00ean b\u1ec1 m\u1eb7t c\u1ea7n b\u00f4i tr\u01a1n.<\/li>\n<li data-sourcepos=\"48:1-48:74\">Tu\u00e2n th\u1ee7 h\u01b0\u1edbng d\u1eabn c\u1ee7a nh\u00e0 s\u1ea3n xu\u1ea5t thi\u1ebft b\u1ecb v\u1ec1 vi\u1ec7c s\u1eed d\u1ee5ng v\u00e0 b\u1ea3o tr\u00ec.<\/li>\n<li data-sourcepos=\"49:1-50:0\">B\u1ea3o qu\u1ea3n m\u1ee1 \u1edf n\u01a1i kh\u00f4 r\u00e1o, tho\u00e1ng m\u00e1t, tr\u00e1nh \u00e1nh n\u1eafng tr\u1ef1c ti\u1ebfp.<\/li>\n<\/ul>\n<p>&nbsp;<\/p>\n<\/div>\n","protected":false},"excerpt":{"rendered":"<p>T\u00ean sa\u0309n ph\u00e2\u0309m:\u00a0M\u1ee1 Molykote DX Paste (1kg)<\/p>\n","protected":false},"featured_media":6593,"comment_status":"closed","ping_status":"closed","template":"","meta":[],"product_brand":[],"product_cat":[155],"product_tag":[],"class_list":{"0":"post-6592","1":"product","2":"type-product","3":"status-publish","4":"has-post-thumbnail","6":"product_cat-dupont","8":"first","9":"instock","10":"shipping-taxable","11":"product-type-simple"},"_links":{"self":[{"href":"https:\/\/yenhung.com\/index.php?rest_route=\/wp\/v2\/product\/6592","targetHints":{"allow":["GET"]}}],"collection":[{"href":"https:\/\/yenhung.com\/index.php?rest_route=\/wp\/v2\/product"}],"about":[{"href":"https:\/\/yenhung.com\/index.php?rest_route=\/wp\/v2\/types\/product"}],"replies":[{"embeddable":true,"href":"https:\/\/yenhung.com\/index.php?rest_route=%2Fwp%2Fv2%2Fcomments&post=6592"}],"wp:featuredmedia":[{"embeddable":true,"href":"https:\/\/yenhung.com\/index.php?rest_route=\/wp\/v2\/media\/6593"}],"wp:attachment":[{"href":"https:\/\/yenhung.com\/index.php?rest_route=%2Fwp%2Fv2%2Fmedia&parent=6592"}],"wp:term":[{"taxonomy":"product_brand","embeddable":true,"href":"https:\/\/yenhung.com\/index.php?rest_route=%2Fwp%2Fv2%2Fproduct_brand&post=6592"},{"taxonomy":"product_cat","embeddable":true,"href":"https:\/\/yenhung.com\/index.php?rest_route=%2Fwp%2Fv2%2Fproduct_cat&post=6592"},{"taxonomy":"product_tag","embeddable":true,"href":"https:\/\/yenhung.com\/index.php?rest_route=%2Fwp%2Fv2%2Fproduct_tag&post=6592"}],"curies":[{"name":"wp","href":"https:\/\/api.w.org\/{rel}","templated":true}]}}