{"id":6600,"date":"2025-11-10T07:17:42","date_gmt":"2025-11-10T07:17:42","guid":{"rendered":"https:\/\/yenhung.com\/?product=mo-molykote-g-rapid-plus-1kg"},"modified":"2026-02-24T08:55:45","modified_gmt":"2026-02-24T08:55:45","slug":"mo-molykote-g-rapid-plus-1kg","status":"publish","type":"product","link":"https:\/\/yenhung.com\/?product=mo-molykote-g-rapid-plus-1kg","title":{"rendered":"M\u1ee1 Molykote G-Rapid Plus (1kg)"},"content":{"rendered":"<div class=\"ba-text-fpt\">\n<h2 data-sourcepos=\"1:1-1:205\"><strong>M\u1ee1 Molykote G-Rapid Plus (1kg)<\/strong><\/h2>\n<p data-sourcepos=\"1:1-1:205\">Molykote G-Rapid Plus l\u00e0 m\u1ed9t lo\u1ea1i m\u1ee1 b\u00f4i tr\u01a1n d\u1ea1ng b\u1ed9t nh\u00e3o, \u0111\u01b0\u1ee3c thi\u1ebft k\u1ebf \u0111\u1eb7c bi\u1ec7t \u0111\u1ec3 s\u1eed d\u1ee5ng trong qu\u00e1 tr\u00ecnh l\u1eafp r\u00e1p v\u00e0 ch\u1ea1y r\u00e0 c\u00e1c b\u1ed9 ph\u1eadn kim lo\u1ea1i. D\u01b0\u1edbi \u0111\u00e2y l\u00e0 nh\u1eefng th\u00f4ng tin chi ti\u1ebft v\u1ec1 s\u1ea3n ph\u1ea9m n\u00e0y:<\/p>\n<p data-sourcepos=\"3:1-3:21\"><strong>\u0110\u1eb7c \u0111i\u1ec3m n\u1ed5i b\u1eadt:<\/strong><img decoding=\"async\" title=\"molykote-g-rapid-plus-2\" src=\"https:\/\/yenhung.com\/wp-content\/uploads\/2025\/11\/molykote-g-rapid-plus-2.jpg\" alt=\"Molykote G-Rapid Plus\" data-thumb=\"large\" \/><\/p>\n<ul data-sourcepos=\"5:1-15:0\">\n<li data-sourcepos=\"5:1-6:128\"><strong>Ch\u1ea5t b\u00f4i tr\u01a1n r\u1eafn:<\/strong>\n<ul data-sourcepos=\"6:5-6:128\">\n<li data-sourcepos=\"6:5-6:128\">Molykote G-Rapid Plus ch\u1ee9a c\u00e1c ch\u1ea5t b\u00f4i tr\u01a1n r\u1eafn nh\u01b0 molybdenum disulfide (MoS2) v\u00e0 than ch\u00ec, gi\u00fap gi\u1ea3m ma s\u00e1t v\u00e0 m\u00e0i m\u00f2n.<\/li>\n<\/ul>\n<\/li>\n<li data-sourcepos=\"7:1-8:115\"><strong>H\u1ec7 s\u1ed1 ma s\u00e1t th\u1ea5p:<\/strong>\n<ul data-sourcepos=\"8:5-8:115\">\n<li data-sourcepos=\"8:5-8:115\">S\u1ea3n ph\u1ea9m c\u00f3 h\u1ec7 s\u1ed1 ma s\u00e1t \u0111\u1eb7c bi\u1ec7t th\u1ea5p, gi\u00fap gi\u1ea3m l\u1ef1c c\u1ea3n v\u00e0 t\u0103ng hi\u1ec7u qu\u1ea3 ho\u1ea1t \u0111\u1ed9ng c\u1ee7a c\u00e1c b\u1ed9 ph\u1eadn m\u00e1y m\u00f3c.<\/li>\n<\/ul>\n<\/li>\n<li data-sourcepos=\"9:1-10:108\"><strong>Ch\u1ecbu t\u1ea3i tr\u1ecdng cao:<\/strong>\n<ul data-sourcepos=\"10:5-10:108\">\n<li data-sourcepos=\"10:5-10:108\">Molykote G-Rapid Plus c\u00f3 kh\u1ea3 n\u0103ng ch\u1ecbu t\u1ea3i tr\u1ecdng n\u1eb7ng v\u00e0 \u00e1p su\u1ea5t cao, b\u1ea3o v\u1ec7 c\u00e1c b\u1ed9 ph\u1eadn kh\u1ecfi h\u01b0 h\u1ecfng.<\/li>\n<\/ul>\n<\/li>\n<li data-sourcepos=\"11:1-12:132\"><strong>Ph\u1ea1m vi nhi\u1ec7t \u0111\u1ed9 r\u1ed9ng:<\/strong>\n<ul data-sourcepos=\"12:5-12:132\">\n<li data-sourcepos=\"12:5-12:132\">S\u1ea3n ph\u1ea9m c\u00f3 th\u1ec3 ho\u1ea1t \u0111\u1ed9ng trong ph\u1ea1m vi nhi\u1ec7t \u0111\u1ed9 t\u1eeb -35\u00b0C \u0111\u1ebfn +450\u00b0C, ph\u00f9 h\u1ee3p v\u1edbi nhi\u1ec1u \u1ee9ng d\u1ee5ng trong m\u00f4i tr\u01b0\u1eddng kh\u1eafc nghi\u1ec7t.<\/li>\n<\/ul>\n<\/li>\n<li data-sourcepos=\"13:1-15:0\"><strong>\u1ee8ng d\u1ee5ng \u0111a d\u1ea1ng:<\/strong>\n<ul data-sourcepos=\"14:5-15:0\">\n<li data-sourcepos=\"14:5-15:0\">Molykote G-Rapid Plus \u0111\u01b0\u1ee3c s\u1eed d\u1ee5ng trong nhi\u1ec1u \u1ee9ng d\u1ee5ng kh\u00e1c nhau, bao g\u1ed3m l\u1eafp r\u00e1p m\u00e1y m\u00f3c, b\u00e1nh r\u0103ng, tr\u1ee5c v\u00edt, \u1ed5 bi v\u00e0 nhi\u1ec1u b\u1ed9 ph\u1eadn kh\u00e1c.<\/li>\n<\/ul>\n<\/li>\n<\/ul>\n<p data-sourcepos=\"16:1-16:13\"><strong>\u1ee8ng d\u1ee5ng:<\/strong><\/p>\n<p data-sourcepos=\"16:1-16:13\"><strong><img decoding=\"async\" title=\"mo-molykote-g-rapid-plus-1kg-2-1\" src=\"https:\/\/yenhung.com\/wp-content\/uploads\/2025\/11\/mo-molykote-g-rapid-plus-1kg-2-1.jpg\" alt=\"M\u1ee1 Molykote G-Rapid Plus (1kg)\" data-thumb=\"large\" \/><\/strong><\/p>\n<ul data-sourcepos=\"18:1-26:0\">\n<li data-sourcepos=\"18:1-19:125\"><strong>L\u1eafp r\u00e1p v\u00e0 ch\u1ea1y r\u00e0:<\/strong>\n<ul data-sourcepos=\"19:5-19:125\">\n<li data-sourcepos=\"19:5-19:125\">S\u1ea3n ph\u1ea9m \u0111\u01b0\u1ee3c s\u1eed d\u1ee5ng \u0111\u1ec3 b\u00f4i tr\u01a1n c\u00e1c b\u1ed9 ph\u1eadn kim lo\u1ea1i trong qu\u00e1 tr\u00ecnh l\u1eafp r\u00e1p v\u00e0 ch\u1ea1y r\u00e0, gi\u00fap gi\u1ea3m ma s\u00e1t v\u00e0 m\u00e0i m\u00f2n.<\/li>\n<\/ul>\n<\/li>\n<li data-sourcepos=\"20:1-21:121\"><strong>B\u00f4i tr\u01a1n l\u00e2u d\u00e0i:<\/strong>\n<ul data-sourcepos=\"21:5-21:121\">\n<li data-sourcepos=\"21:5-21:121\">Molykote G-Rapid Plus c\u00f3 th\u1ec3 \u0111\u01b0\u1ee3c s\u1eed d\u1ee5ng \u0111\u1ec3 b\u00f4i tr\u01a1n l\u00e2u d\u00e0i cho c\u00e1c b\u1ed9 ph\u1eadn m\u00e1y m\u00f3c ho\u1ea1t \u0111\u1ed9ng nh\u1eb9 ho\u1eb7c gi\u00e1n \u0111o\u1ea1n.<\/li>\n<\/ul>\n<\/li>\n<li data-sourcepos=\"22:1-23:85\"><strong>Gia c\u00f4ng kim lo\u1ea1i:<\/strong>\n<ul data-sourcepos=\"23:5-23:85\">\n<li data-sourcepos=\"23:5-23:85\">S\u1ea3n ph\u1ea9m c\u00f3 th\u1ec3 \u0111\u01b0\u1ee3c s\u1eed d\u1ee5ng \u0111\u1ec3 b\u00f4i tr\u01a1n trong qu\u00e1 tr\u00ecnh khoan, c\u01b0a v\u00e0 c\u1eaft ren.<\/li>\n<\/ul>\n<\/li>\n<li data-sourcepos=\"24:1-26:0\"><strong>C\u00e1c b\u1ed9 ph\u1eadn m\u00e1y m\u00f3c:<\/strong>\n<ul data-sourcepos=\"25:5-26:0\">\n<li data-sourcepos=\"25:5-26:0\">Molykote G-Rapid Plus \u0111\u01b0\u1ee3c s\u1eed d\u1ee5ng \u0111\u1ec3 b\u00f4i tr\u01a1n tr\u1ee5c ren, tr\u1ee5c c\u00f3 kh\u1edbp n\u1ed1i, b\u00e1nh r\u0103ng, b\u00e1nh r\u0103ng s\u00e2u, v\u00edt di chuy\u1ec3n, ph\u1ee5 ki\u1ec7n, m\u00e1y b\u01a1m, thanh \u0111i\u1ec1u h\u01b0\u1edbng tr\u00ean m\u00e1y c\u00f4ng c\u1ee5, c\u0169ng nh\u01b0 \u0111\u1ec3 l\u1eafp \u1ed5 bi v\u00e0 \u1ed5 l\u0103n, r\u00f2ng r\u1ecdc, m\u1eb7t b\u00edch b\u00e1nh xe v\u00e0 bu l\u00f4ng.<\/li>\n<\/ul>\n<\/li>\n<\/ul>\n<p data-sourcepos=\"27:1-27:12\"><strong>L\u1ee3i \u00edch:<\/strong><\/p>\n<ul data-sourcepos=\"29:1-33:0\">\n<li data-sourcepos=\"29:1-29:25\">Gi\u1ea3m ma s\u00e1t v\u00e0 m\u00e0i m\u00f2n.<\/li>\n<li data-sourcepos=\"30:1-30:29\">T\u0103ng tu\u1ed5i th\u1ecd c\u1ee7a thi\u1ebft b\u1ecb.<\/li>\n<li data-sourcepos=\"31:1-31:44\">C\u1ea3i thi\u1ec7n hi\u1ec7u su\u1ea5t ho\u1ea1t \u0111\u1ed9ng c\u1ee7a m\u00e1y m\u00f3c.<\/li>\n<li data-sourcepos=\"32:1-33:0\">B\u1ea3o v\u1ec7 ch\u1ed1ng k\u1eb9t v\u00e0 d\u00ednh.<\/li>\n<\/ul>\n<p data-sourcepos=\"34:1-34:22\"><strong>Th\u00f4ng tin b\u1ed5 sung:<\/strong><\/p>\n<p data-sourcepos=\"34:1-34:22\"><strong><img decoding=\"async\" title=\"molykote-g-rapid-plus-paste-1kg-1-1\" src=\"https:\/\/yenhung.com\/wp-content\/uploads\/2025\/11\/molykote-g-rapid-plus-paste-1kg-1-1.jpg\" alt=\"M\u1ee1 Molykote G-Rapid Plus (1kg)\" data-thumb=\"large\" \/><\/strong><\/p>\n<ul data-sourcepos=\"36:1-38:0\">\n<li data-sourcepos=\"36:1-36:59\">Molykote G-Rapid Plus c\u00f3 s\u1eb5n \u1edf d\u1ea1ng b\u1ed9t nh\u00e3o v\u00e0 d\u1ea1ng x\u1ecbt.<\/li>\n<li data-sourcepos=\"37:1-38:0\">S\u1ea3n ph\u1ea9m \u0111\u01b0\u1ee3c s\u1eed d\u1ee5ng r\u1ed9ng r\u00e3i trong c\u00e1c ng\u00e0nh c\u00f4ng nghi\u1ec7p nh\u01b0 \u00f4 t\u00f4, h\u00e0ng kh\u00f4ng v\u0169 tr\u1ee5, s\u1ea3n xu\u1ea5t v\u00e0 b\u1ea3o tr\u00ec.<\/li>\n<\/ul>\n<p data-sourcepos=\"39:1-39:106\">Molykote G-Rapid Plus l\u00e0 m\u1ed9t gi\u1ea3i ph\u00e1p b\u00f4i tr\u01a1n hi\u1ec7u qu\u1ea3 cho c\u00e1c \u1ee9ng d\u1ee5ng \u0111\u00f2i h\u1ecfi hi\u1ec7u su\u1ea5t cao v\u00e0 \u0111\u1ed9 b\u1ec1n.<\/p>\n<p>&nbsp;<\/p>\n<\/div>\n","protected":false},"excerpt":{"rendered":"<p>T\u00ean sa\u0309n ph\u00e2\u0309m:\u00a0Molykote G-Rapid Plus<\/p>\n<p><b>Li\u00ean h\u1ec7: 0397433258<\/b><\/p>\n","protected":false},"featured_media":6601,"comment_status":"closed","ping_status":"closed","template":"","meta":[],"product_brand":[],"product_cat":[155],"product_tag":[],"class_list":{"0":"post-6600","1":"product","2":"type-product","3":"status-publish","4":"has-post-thumbnail","6":"product_cat-dupont","8":"first","9":"instock","10":"shipping-taxable","11":"product-type-simple"},"_links":{"self":[{"href":"https:\/\/yenhung.com\/index.php?rest_route=\/wp\/v2\/product\/6600","targetHints":{"allow":["GET"]}}],"collection":[{"href":"https:\/\/yenhung.com\/index.php?rest_route=\/wp\/v2\/product"}],"about":[{"href":"https:\/\/yenhung.com\/index.php?rest_route=\/wp\/v2\/types\/product"}],"replies":[{"embeddable":true,"href":"https:\/\/yenhung.com\/index.php?rest_route=%2Fwp%2Fv2%2Fcomments&post=6600"}],"wp:featuredmedia":[{"embeddable":true,"href":"https:\/\/yenhung.com\/index.php?rest_route=\/wp\/v2\/media\/6601"}],"wp:attachment":[{"href":"https:\/\/yenhung.com\/index.php?rest_route=%2Fwp%2Fv2%2Fmedia&parent=6600"}],"wp:term":[{"taxonomy":"product_brand","embeddable":true,"href":"https:\/\/yenhung.com\/index.php?rest_route=%2Fwp%2Fv2%2Fproduct_brand&post=6600"},{"taxonomy":"product_cat","embeddable":true,"href":"https:\/\/yenhung.com\/index.php?rest_route=%2Fwp%2Fv2%2Fproduct_cat&post=6600"},{"taxonomy":"product_tag","embeddable":true,"href":"https:\/\/yenhung.com\/index.php?rest_route=%2Fwp%2Fv2%2Fproduct_tag&post=6600"}],"curies":[{"name":"wp","href":"https:\/\/api.w.org\/{rel}","templated":true}]}}