{"id":6608,"date":"2025-11-10T07:17:47","date_gmt":"2025-11-10T07:17:47","guid":{"rendered":"https:\/\/yenhung.com\/?product=mo-molykote-33-light-1kg"},"modified":"2026-02-24T08:55:29","modified_gmt":"2026-02-24T08:55:29","slug":"mo-molykote-33-light-1kg","status":"publish","type":"product","link":"https:\/\/yenhung.com\/?product=mo-molykote-33-light-1kg","title":{"rendered":"M\u1ee1 molykote 33 light (1kg)"},"content":{"rendered":"<div class=\"ba-text-fpt\">\n<h2 data-sourcepos=\"1:1-1:195\"><strong>M\u1ee1 molykote 33 light (1kg)<\/strong><\/h2>\n<p data-sourcepos=\"1:1-1:195\">Molykote 33 Light l\u00e0 m\u1ed9t lo\u1ea1i m\u1ee1 b\u00f4i tr\u01a1n silicon \u0111\u1eb7c bi\u1ec7t, \u0111\u01b0\u1ee3c thi\u1ebft k\u1ebf \u0111\u1ec3 ho\u1ea1t \u0111\u1ed9ng trong ph\u1ea1m vi nhi\u1ec7t \u0111\u1ed9 c\u1ef1c r\u1ed9ng, t\u1eeb r\u1ea5t th\u1ea5p \u0111\u1ebfn cao. D\u01b0\u1edbi \u0111\u00e2y l\u00e0 m\u1ed9t s\u1ed1 th\u00f4ng tin chi ti\u1ebft v\u1ec1 s\u1ea3n ph\u1ea9m n\u00e0y:<\/p>\n<p data-sourcepos=\"1:1-1:195\"><img decoding=\"async\" title=\"molykote-33-light-2\" src=\"https:\/\/yenhung.com\/wp-content\/uploads\/2025\/11\/molykote-33-light-2.jpg\" alt=\"Molykote 33 light\" data-thumb=\"large\" \/><\/p>\n<p data-sourcepos=\"3:1-3:21\"><strong>\u0110\u1eb7c \u0111i\u1ec3m n\u1ed5i b\u1eadt:<\/strong><\/p>\n<ul data-sourcepos=\"5:1-17:0\">\n<li data-sourcepos=\"5:1-6:159\"><strong>Ph\u1ea1m vi nhi\u1ec7t \u0111\u1ed9 ho\u1ea1t \u0111\u1ed9ng r\u1ed9ng:<\/strong>\n<ul data-sourcepos=\"6:5-6:159\">\n<li data-sourcepos=\"6:5-6:159\">Molykote 33 Light c\u00f3 th\u1ec3 ho\u1ea1t \u0111\u1ed9ng hi\u1ec7u qu\u1ea3 trong kho\u1ea3ng nhi\u1ec7t \u0111\u1ed9 t\u1eeb -73\u00b0C \u0111\u1ebfn 180\u00b0C, l\u00e0m cho n\u00f3 ph\u00f9 h\u1ee3p v\u1edbi nhi\u1ec1u \u1ee9ng d\u1ee5ng trong m\u00f4i tr\u01b0\u1eddng kh\u1eafc nghi\u1ec7t.<\/li>\n<\/ul>\n<\/li>\n<li data-sourcepos=\"7:1-8:159\"><strong>B\u00f4i tr\u01a1n hi\u1ec7u qu\u1ea3 cho t\u1ea3i tr\u1ecdng nh\u1eb9:<\/strong>\n<ul data-sourcepos=\"8:5-8:159\">\n<li data-sourcepos=\"8:5-8:159\">S\u1ea3n ph\u1ea9m n\u00e0y \u0111\u01b0\u1ee3c thi\u1ebft k\u1ebf \u0111\u1ec3 b\u00f4i tr\u01a1n c\u00e1c \u1ee9ng d\u1ee5ng t\u1ea3i tr\u1ecdng nh\u1eb9, n\u01a1i c\u00f3 ma s\u00e1t gi\u1eefa kim lo\u1ea1i v\u1edbi kim lo\u1ea1i ho\u1eb7c kim lo\u1ea1i v\u1edbi nh\u1ef1a \u1edf t\u1ed1c \u0111\u1ed9 th\u1ea5p \u0111\u1ebfn cao.<\/li>\n<\/ul>\n<\/li>\n<li data-sourcepos=\"9:1-10:106\"><strong>Ch\u1ed1ng m\u00e0i m\u00f2n:<\/strong>\n<ul data-sourcepos=\"10:5-10:106\">\n<li data-sourcepos=\"10:5-10:106\">Molykote 33 Light cung c\u1ea5p kh\u1ea3 n\u0103ng ch\u1ed1ng m\u00e0i m\u00f2n t\u1ed1t, gi\u00fap b\u1ea3o v\u1ec7 c\u00e1c b\u1ed9 ph\u1eadn m\u00e1y m\u00f3c kh\u1ecfi h\u01b0 h\u1ecfng.<\/li>\n<\/ul>\n<\/li>\n<li data-sourcepos=\"11:1-12:119\"><strong>Ch\u1ed1ng n\u01b0\u1edbc v\u00e0 \u00e1p l\u1ef1c:<\/strong>\n<ul data-sourcepos=\"12:5-12:119\">\n<li data-sourcepos=\"12:5-12:119\">S\u1ea3n ph\u1ea9m c\u00f3 kh\u1ea3 n\u0103ng ch\u1ed1ng n\u01b0\u1edbc v\u00e0 \u00e1p l\u1ef1c t\u1ed1t, \u0111\u1ea3m b\u1ea3o hi\u1ec7u su\u1ea5t b\u00f4i tr\u01a1n trong m\u00f4i tr\u01b0\u1eddng \u1ea9m \u01b0\u1edbt ho\u1eb7c c\u00f3 \u00e1p l\u1ef1c.<\/li>\n<\/ul>\n<\/li>\n<li data-sourcepos=\"13:1-14:115\"><strong>T\u00ednh \u1ed5n \u0111\u1ecbnh nhi\u1ec7t v\u00e0 ch\u1ed1ng oxy h\u00f3a:<\/strong>\n<ul data-sourcepos=\"14:5-14:115\">\n<li data-sourcepos=\"14:5-14:115\">Molykote 33 Light c\u00f3 t\u00ednh \u1ed5n \u0111\u1ecbnh nhi\u1ec7t v\u00e0 ch\u1ed1ng oxy h\u00f3a cao, gi\u00fap k\u00e9o d\u00e0i tu\u1ed5i th\u1ecd c\u1ee7a s\u1ea3n ph\u1ea9m v\u00e0 thi\u1ebft b\u1ecb.<\/li>\n<\/ul>\n<\/li>\n<li data-sourcepos=\"15:1-17:0\"><strong>Ch\u1ea5t l\u00e0m \u0111\u1eb7c v\u00f4 c\u01a1:<\/strong>\n<ul data-sourcepos=\"16:5-17:0\">\n<li data-sourcepos=\"16:5-17:0\">Lo\u1ea1i m\u1ee1 n\u00e0y c\u00f3 ch\u1ea5t l\u00e0m \u0111\u1eb7c v\u00f4 c\u01a1.<\/li>\n<\/ul>\n<\/li>\n<\/ul>\n<p data-sourcepos=\"18:1-18:13\"><strong>\u1ee8ng d\u1ee5ng:<\/strong><\/p>\n<p data-sourcepos=\"18:1-18:13\"><img decoding=\"async\" title=\"mo-molykote-33-light-c-1\" src=\"https:\/\/yenhung.com\/wp-content\/uploads\/2025\/11\/mo-molykote-33-light-c-1.jpg\" alt=\"M\u1ee1 molykote 33 light (1kg)\" data-thumb=\"large\" \/><\/p>\n<ul data-sourcepos=\"20:1-26:0\">\n<li data-sourcepos=\"20:1-20:41\">Thi\u1ebft b\u1ecb ho\u1ea1t \u0111\u1ed9ng \u1edf nhi\u1ec7t \u0111\u1ed9 c\u1ef1c th\u1ea5p.<\/li>\n<li data-sourcepos=\"21:1-21:33\">Thi\u1ebft b\u1ecb quang h\u1ecdc v\u00e0 ch\u1ee5p \u1ea3nh.<\/li>\n<li data-sourcepos=\"22:1-22:20\">Thi\u1ebft b\u1ecb \u0111o l\u01b0\u1eddng.<\/li>\n<li data-sourcepos=\"23:1-23:35\">V\u00f2ng bi v\u00e0 \u1ed5 tr\u01b0\u1ee3t t\u1ea3i tr\u1ecdng nh\u1eb9.<\/li>\n<li data-sourcepos=\"24:1-24:29\">C\u00e1c b\u1ed9 ph\u1eadn nh\u1ef1a v\u00e0 cao su.<\/li>\n<li data-sourcepos=\"25:1-26:0\">Thi\u1ebft b\u1ecb \u0111i\u1ec7n t\u1eed.<\/li>\n<\/ul>\n<p data-sourcepos=\"27:1-27:12\"><strong>L\u1ee3i \u00edch:<\/strong><\/p>\n<p data-sourcepos=\"27:1-27:12\"><img decoding=\"async\" title=\"mo-molykote-33-light-b-1\" src=\"https:\/\/yenhung.com\/wp-content\/uploads\/2025\/11\/mo-molykote-33-light-b-1.jpg\" alt=\"M\u1ee1 molykote 33 light (1kg)\" data-thumb=\"large\" \/><\/p>\n<ul data-sourcepos=\"29:1-33:0\">\n<li data-sourcepos=\"29:1-29:42\">B\u1ea3o v\u1ec7 thi\u1ebft b\u1ecb kh\u1ecfi m\u00e0i m\u00f2n v\u00e0 h\u01b0 h\u1ecfng.<\/li>\n<li data-sourcepos=\"30:1-30:32\">K\u00e9o d\u00e0i tu\u1ed5i th\u1ecd c\u1ee7a thi\u1ebft b\u1ecb.<\/li>\n<li data-sourcepos=\"31:1-31:49\">Ho\u1ea1t \u0111\u1ed9ng hi\u1ec7u qu\u1ea3 trong ph\u1ea1m vi nhi\u1ec7t \u0111\u1ed9 r\u1ed9ng.<\/li>\n<li data-sourcepos=\"32:1-33:0\">Gi\u1ea3m chi ph\u00ed b\u1ea3o tr\u00ec.<\/li>\n<\/ul>\n<p data-sourcepos=\"34:1-34:28\"><strong>Th\u00f4ng s\u1ed1 k\u1ef9 thu\u1eadt ch\u00ednh:<\/strong><\/p>\n<ul data-sourcepos=\"36:1-40:0\">\n<li data-sourcepos=\"36:1-36:22\">Lo\u1ea1i m\u1ee1: M\u1ee1 silicon.<\/li>\n<li data-sourcepos=\"37:1-37:17\">M\u00e0u s\u1eafc: Tr\u1eafng.<\/li>\n<li data-sourcepos=\"38:1-38:10\">NLGI: #1<\/li>\n<li data-sourcepos=\"39:1-40:0\">D\u1ea3i nhi\u1ec7t \u0111\u1ed9 l\u00e0m vi\u1ec7c: -73\u00b0C \u0111\u1ebfn 180\u00b0C.<\/li>\n<\/ul>\n<p data-sourcepos=\"41:1-41:133\">Molykote 33 Light l\u00e0 m\u1ed9t l\u1ef1a ch\u1ecdn tuy\u1ec7t v\u1eddi cho c\u00e1c \u1ee9ng d\u1ee5ng \u0111\u00f2i h\u1ecfi kh\u1ea3 n\u0103ng b\u00f4i tr\u01a1n hi\u1ec7u qu\u1ea3 trong \u0111i\u1ec1u ki\u1ec7n nhi\u1ec7t \u0111\u1ed9 kh\u1eafc nghi\u1ec7t.<\/p>\n<\/div>\n","protected":false},"excerpt":{"rendered":"<p>T\u00ean sa\u0309n ph\u00e2\u0309m: Molykote 33 light<\/p>\n<p><b>Li\u00ean h\u1ec7: 0397433258<\/b><\/p>\n","protected":false},"featured_media":6609,"comment_status":"closed","ping_status":"closed","template":"","meta":[],"product_brand":[],"product_cat":[155],"product_tag":[],"class_list":{"0":"post-6608","1":"product","2":"type-product","3":"status-publish","4":"has-post-thumbnail","6":"product_cat-dupont","8":"first","9":"instock","10":"shipping-taxable","11":"product-type-simple"},"_links":{"self":[{"href":"https:\/\/yenhung.com\/index.php?rest_route=\/wp\/v2\/product\/6608","targetHints":{"allow":["GET"]}}],"collection":[{"href":"https:\/\/yenhung.com\/index.php?rest_route=\/wp\/v2\/product"}],"about":[{"href":"https:\/\/yenhung.com\/index.php?rest_route=\/wp\/v2\/types\/product"}],"replies":[{"embeddable":true,"href":"https:\/\/yenhung.com\/index.php?rest_route=%2Fwp%2Fv2%2Fcomments&post=6608"}],"wp:featuredmedia":[{"embeddable":true,"href":"https:\/\/yenhung.com\/index.php?rest_route=\/wp\/v2\/media\/6609"}],"wp:attachment":[{"href":"https:\/\/yenhung.com\/index.php?rest_route=%2Fwp%2Fv2%2Fmedia&parent=6608"}],"wp:term":[{"taxonomy":"product_brand","embeddable":true,"href":"https:\/\/yenhung.com\/index.php?rest_route=%2Fwp%2Fv2%2Fproduct_brand&post=6608"},{"taxonomy":"product_cat","embeddable":true,"href":"https:\/\/yenhung.com\/index.php?rest_route=%2Fwp%2Fv2%2Fproduct_cat&post=6608"},{"taxonomy":"product_tag","embeddable":true,"href":"https:\/\/yenhung.com\/index.php?rest_route=%2Fwp%2Fv2%2Fproduct_tag&post=6608"}],"curies":[{"name":"wp","href":"https:\/\/api.w.org\/{rel}","templated":true}]}}