{"id":6616,"date":"2025-11-10T07:17:53","date_gmt":"2025-11-10T07:17:53","guid":{"rendered":"https:\/\/yenhung.com\/?product=mo-molykote-br-2-plus-xo-5kg"},"modified":"2026-02-24T08:55:04","modified_gmt":"2026-02-24T08:55:04","slug":"mo-molykote-br-2-plus-xo-5kg","status":"publish","type":"product","link":"https:\/\/yenhung.com\/?product=mo-molykote-br-2-plus-xo-5kg","title":{"rendered":"M\u1ee1 Molykote BR-2 plus (x\u00f4 5kg)"},"content":{"rendered":"<div class=\"ba-text-fpt\">\n<h2 data-sourcepos=\"1:1-1:177\"><strong>M\u1ee1 Molykote BR-2 plus (x\u00f4 5kg)<\/strong><\/h2>\n<p data-sourcepos=\"1:1-1:177\">Molykote BR-2 Plus l\u00e0 m\u1ed9t lo\u1ea1i m\u1ee1 b\u00f4i tr\u01a1n \u0111a d\u1ee5ng, hi\u1ec7u su\u1ea5t cao, \u0111\u01b0\u1ee3c s\u1eed d\u1ee5ng r\u1ed9ng r\u00e3i trong nhi\u1ec1u \u1ee9ng d\u1ee5ng c\u00f4ng nghi\u1ec7p. D\u01b0\u1edbi \u0111\u00e2y l\u00e0 m\u1ed9t s\u1ed1 th\u00f4ng tin chi ti\u1ebft v\u1ec1 s\u1ea3n ph\u1ea9m n\u00e0y:<\/p>\n<p data-sourcepos=\"1:1-1:177\"><img decoding=\"async\" title=\"molykote-br-2-plus-2-2\" src=\"https:\/\/yenhung.com\/wp-content\/uploads\/2025\/11\/molykote-br-2-plus-2-2.jpg\" alt=\"Molykote BR-2 plus\" data-thumb=\"large\" \/><\/p>\n<p data-sourcepos=\"3:1-3:21\"><strong>\u0110\u1eb7c \u0111i\u1ec3m n\u1ed5i b\u1eadt:<\/strong><\/p>\n<ul data-sourcepos=\"5:1-17:0\">\n<li data-sourcepos=\"5:1-6:117\"><strong>Kh\u1ea3 n\u0103ng ch\u1ecbu t\u1ea3i cao:<\/strong>\n<ul data-sourcepos=\"6:5-6:117\">\n<li data-sourcepos=\"6:5-6:117\">Molykote BR-2 Plus c\u00f3 kh\u1ea3 n\u0103ng ch\u1ecbu t\u1ea3i n\u1eb7ng v\u00e0 va \u0111\u1eadp t\u1ed1t, b\u1ea3o v\u1ec7 c\u00e1c b\u1ed9 ph\u1eadn m\u00e1y m\u00f3c kh\u1ecfi m\u00e0i m\u00f2n v\u00e0 h\u01b0 h\u1ecfng.<\/li>\n<\/ul>\n<\/li>\n<li data-sourcepos=\"7:1-8:109\"><strong>B\u00f4i tr\u01a1n l\u00e2u d\u00e0i:<\/strong>\n<ul data-sourcepos=\"8:5-8:109\">\n<li data-sourcepos=\"8:5-8:109\">S\u1ea3n ph\u1ea9m c\u00f3 \u0111\u1ed9 \u1ed5n \u0111\u1ecbnh c\u01a1 h\u1ecdc v\u00e0 nhi\u1ec7t \u0111\u1ed9 cao, gi\u00fap k\u00e9o d\u00e0i th\u1eddi gian b\u00f4i tr\u01a1n v\u00e0 gi\u1ea3m chi ph\u00ed b\u1ea3o tr\u00ec.<\/li>\n<\/ul>\n<\/li>\n<li data-sourcepos=\"9:1-10:108\"><strong>Ch\u1ed1ng oxy h\u00f3a v\u00e0 \u0103n m\u00f2n:<\/strong>\n<ul data-sourcepos=\"10:5-10:108\">\n<li data-sourcepos=\"10:5-10:108\">Molykote BR-2 Plus b\u1ea3o v\u1ec7 c\u00e1c b\u1ed9 ph\u1eadn m\u00e1y m\u00f3c kh\u1ecfi r\u1ec9 s\u00e9t v\u00e0 \u0103n m\u00f2n, \u0111\u1eb7c bi\u1ec7t trong m\u00f4i tr\u01b0\u1eddng \u1ea9m \u01b0\u1edbt.<\/li>\n<\/ul>\n<\/li>\n<li data-sourcepos=\"11:1-12:120\"><strong>Ch\u1ed1ng m\u00e0i m\u00f2n t\u1ed1t:<\/strong>\n<ul data-sourcepos=\"12:5-12:120\">\n<li data-sourcepos=\"12:5-12:120\">Trong \u0111i\u1ec1u ki\u1ec7n c\u00f3 ma s\u00e1t h\u1ed7n h\u1ee3p, m\u1ee1 cung c\u1ea5p kh\u1ea3 n\u0103ng b\u1ea3o v\u1ec7 ch\u1ed1ng m\u00e0i m\u00f2n b\u1eb1ng ch\u1ea5t b\u00f4i tr\u01a1n r\u1eafn v\u00e0 ph\u1ee5 gia EP.<\/li>\n<\/ul>\n<\/li>\n<li data-sourcepos=\"13:1-14:65\"><strong>B\u1ea3o v\u1ec7 b\u1ec1 m\u1eb7t ti\u1ebfp x\u00fac t\u1ed1t:<\/strong>\n<ul data-sourcepos=\"14:5-14:65\">\n<li data-sourcepos=\"14:5-14:65\">Tr\u00e1nh g\u00e2y ra tr\u01b0\u1eddng h\u1ee3p l\u00f5m b\u1ec1 m\u1eb7t (gi\u1ea3 Brinelling). \u00a0<button aria-controls=\"sources\" aria-describedby=\"cdk-describedby-message-ng-1-26\" aria-expanded=\"false\"><\/button><\/li>\n<\/ul>\n<\/li>\n<li data-sourcepos=\"15:1-17:0\"><strong>\u1ee8ng d\u1ee5ng \u0111a d\u1ea1ng:<\/strong>\n<ul data-sourcepos=\"16:5-17:0\">\n<li data-sourcepos=\"16:5-17:0\">S\u1ea3n ph\u1ea9m c\u00f3 th\u1ec3 \u0111\u01b0\u1ee3c s\u1eed d\u1ee5ng trong nhi\u1ec1u \u1ee9ng d\u1ee5ng kh\u00e1c nhau, bao g\u1ed3m \u1ed5 bi, \u1ed5 tr\u01b0\u1ee3t, b\u00e1nh r\u0103ng, kh\u1edbp n\u1ed1i v\u00e0 c\u00e1c b\u1ed9 ph\u1eadn m\u00e1y m\u00f3c kh\u00e1c.<\/li>\n<\/ul>\n<\/li>\n<\/ul>\n<p data-sourcepos=\"18:1-18:19\"><img decoding=\"async\" title=\"molykote-br-2-plus-1\" src=\"https:\/\/yenhung.com\/wp-content\/uploads\/2025\/11\/molykote-br-2-plus-1.jpg\" alt=\"Molykote BR-2 plus\" data-thumb=\"large\" \/><\/p>\n<p data-sourcepos=\"18:1-18:19\"><strong>\u1ee8ng d\u1ee5ng:<\/strong><\/p>\n<ul data-sourcepos=\"20:1-26:0\">\n<li data-sourcepos=\"20:1-20:51\">B\u00f4i tr\u01a1n c\u00e1c \u1ed1ng c\u00f4n trung gian, bi v\u00e0 c\u00e1c \u1ed5 \u0111\u0169a.<\/li>\n<li data-sourcepos=\"21:1-21:21\">Khung xe v\u00e0 g\u1ea7m xe.<\/li>\n<li data-sourcepos=\"22:1-22:11\">B\u0103ng t\u1ea3i.<\/li>\n<li data-sourcepos=\"23:1-23:21\">C\u00e1c thi\u1ebft b\u1ecb x\u1eed l\u00ed.<\/li>\n<li data-sourcepos=\"24:1-24:46\">Qu\u1ea1t c\u1ee7a m\u00e1y \u0111i\u1ec1u h\u00f2a kh\u00f4ng kh\u00ed v\u00e0 m\u00e1y s\u01b0\u1edfi.<\/li>\n<li data-sourcepos=\"25:1-26:0\">M\u00e1y x\u1eed l\u00ed r\u00e1c v\u00e0 c\u00e1c thi\u1ebft b\u1ecb nh\u00e0 x\u01b0\u1edfng. \u00a0<button aria-controls=\"sources\" aria-describedby=\"cdk-describedby-message-ng-1-26\" aria-expanded=\"false\"><\/button><\/li>\n<\/ul>\n<p data-sourcepos=\"27:1-27:28\"><strong>Th\u00f4ng s\u1ed1 k\u1ef9 thu\u1eadt ch\u00ednh:<\/strong><\/p>\n<ul data-sourcepos=\"29:1-33:0\">\n<li data-sourcepos=\"29:1-29:67\">Lo\u1ea1i m\u1ee1: M\u1ee1 b\u00f4i tr\u01a1n g\u1ed1c d\u1ea7u kho\u00e1ng v\u00e0 ch\u1ea5t l\u00e0m \u0111\u1eb7c Lithium-soap.<\/li>\n<li data-sourcepos=\"30:1-30:15\">M\u00e0u s\u1eafc: \u0110en.<\/li>\n<li data-sourcepos=\"31:1-31:10\">NLGI: #2<\/li>\n<li data-sourcepos=\"32:1-33:0\">D\u1ea3i nhi\u1ec7t \u0111\u1ed9 l\u00e0m vi\u1ec7c: -30\u00b0C \u0111\u1ebfn +130\u00b0C, 150\u00b0C trong th\u1eddi gian ng\u1eafn.<\/li>\n<\/ul>\n<p data-sourcepos=\"34:1-34:12\"><strong>L\u1ee3i \u00edch:<\/strong><\/p>\n<p data-sourcepos=\"34:1-34:12\"><strong><img decoding=\"async\" title=\"molykote-br-2-plus-1-1\" src=\"https:\/\/yenhung.com\/wp-content\/uploads\/2025\/11\/molykote-br-2-plus-1-1.png\" alt=\"M\u1ee1 Molykote BR-2 plus\" data-thumb=\"large\" \/><\/strong><\/p>\n<ul data-sourcepos=\"36:1-40:0\">\n<li data-sourcepos=\"36:1-36:29\">T\u0103ng tu\u1ed5i th\u1ecd c\u1ee7a thi\u1ebft b\u1ecb.<\/li>\n<li data-sourcepos=\"37:1-37:23\">Gi\u1ea3m chi ph\u00ed b\u1ea3o tr\u00ec.<\/li>\n<li data-sourcepos=\"38:1-38:44\">C\u1ea3i thi\u1ec7n hi\u1ec7u su\u1ea5t ho\u1ea1t \u0111\u1ed9ng c\u1ee7a m\u00e1y m\u00f3c.<\/li>\n<li data-sourcepos=\"39:1-40:0\">B\u1ea3o v\u1ec7 ch\u1ed1ng \u0103n m\u00f2n t\u1ed1t.<\/li>\n<\/ul>\n<p data-sourcepos=\"41:1-41:10\"><strong>L\u01b0u \u00fd:<\/strong><\/p>\n<ul data-sourcepos=\"43:1-45:0\">\n<li data-sourcepos=\"43:1-43:86\">Lu\u00f4n tham kh\u1ea3o h\u01b0\u1edbng d\u1eabn c\u1ee7a nh\u00e0 s\u1ea3n xu\u1ea5t thi\u1ebft b\u1ecb \u0111\u1ec3 ch\u1ecdn lo\u1ea1i m\u1ee1 b\u00f4i tr\u01a1n ph\u00f9 h\u1ee3p.<\/li>\n<li data-sourcepos=\"44:1-45:0\">B\u1ea3o qu\u1ea3n m\u1ee1 \u1edf n\u01a1i kh\u00f4 r\u00e1o, tho\u00e1ng m\u00e1t, tr\u00e1nh \u00e1nh n\u1eafng tr\u1ef1c ti\u1ebfp v\u00e0 nhi\u1ec7t \u0111\u1ed9 cao.<\/li>\n<\/ul>\n<p data-sourcepos=\"46:1-46:115\">Molykote BR-2 Plus l\u00e0 m\u1ed9t l\u1ef1a ch\u1ecdn tuy\u1ec7t v\u1eddi cho c\u00e1c \u1ee9ng d\u1ee5ng b\u00f4i tr\u01a1n c\u00f4ng nghi\u1ec7p \u0111\u00f2i h\u1ecfi hi\u1ec7u su\u1ea5t cao v\u00e0 \u0111\u1ed9 b\u1ec1n.<\/p>\n<p>&nbsp;<\/p>\n<\/div>\n","protected":false},"excerpt":{"rendered":"<p>T\u00ean sa\u0309n ph\u00e2\u0309m:\u00a0Molykote BR-2 plus<\/p>\n<p><b>Li\u00ean h\u1ec7: 0397433258<\/b><\/p>\n","protected":false},"featured_media":6617,"comment_status":"closed","ping_status":"closed","template":"","meta":[],"product_brand":[],"product_cat":[155],"product_tag":[],"class_list":{"0":"post-6616","1":"product","2":"type-product","3":"status-publish","4":"has-post-thumbnail","6":"product_cat-dupont","8":"first","9":"instock","10":"shipping-taxable","11":"product-type-simple"},"_links":{"self":[{"href":"https:\/\/yenhung.com\/index.php?rest_route=\/wp\/v2\/product\/6616","targetHints":{"allow":["GET"]}}],"collection":[{"href":"https:\/\/yenhung.com\/index.php?rest_route=\/wp\/v2\/product"}],"about":[{"href":"https:\/\/yenhung.com\/index.php?rest_route=\/wp\/v2\/types\/product"}],"replies":[{"embeddable":true,"href":"https:\/\/yenhung.com\/index.php?rest_route=%2Fwp%2Fv2%2Fcomments&post=6616"}],"wp:featuredmedia":[{"embeddable":true,"href":"https:\/\/yenhung.com\/index.php?rest_route=\/wp\/v2\/media\/6617"}],"wp:attachment":[{"href":"https:\/\/yenhung.com\/index.php?rest_route=%2Fwp%2Fv2%2Fmedia&parent=6616"}],"wp:term":[{"taxonomy":"product_brand","embeddable":true,"href":"https:\/\/yenhung.com\/index.php?rest_route=%2Fwp%2Fv2%2Fproduct_brand&post=6616"},{"taxonomy":"product_cat","embeddable":true,"href":"https:\/\/yenhung.com\/index.php?rest_route=%2Fwp%2Fv2%2Fproduct_cat&post=6616"},{"taxonomy":"product_tag","embeddable":true,"href":"https:\/\/yenhung.com\/index.php?rest_route=%2Fwp%2Fv2%2Fproduct_tag&post=6616"}],"curies":[{"name":"wp","href":"https:\/\/api.w.org\/{rel}","templated":true}]}}